{"id":10934,"date":"2024-02-14T18:56:09","date_gmt":"2024-02-14T18:56:09","guid":{"rendered":"https:\/\/azzk.me\/?page_id=10934"},"modified":"2025-01-20T12:03:38","modified_gmt":"2025-01-20T12:03:38","slug":"rjesenja-2024-godina-koncentracije","status":"publish","type":"page","link":"https:\/\/azzk.me\/en\/rjesenja-2024-godina-koncentracije\/","title":{"rendered":"Rjesenja 2024.godina &#8211; Koncentracije"},"content":{"rendered":"\t\t<div data-elementor-type=\"wp-page\" data-elementor-id=\"10934\" class=\"elementor elementor-10934\" data-elementor-post-type=\"page\">\n\t\t\t\t        <section class=\"elementor-section elementor-top-section elementor-element elementor-element-70fa025 elementor-section-boxed elementor-section-height-default elementor-section-height-default ct-header-fixed-none ct-row-max-none\" data-id=\"70fa025\" data-element_type=\"section\" data-e-type=\"section\">\n            \n                        <div class=\"elementor-container elementor-column-gap-default \">\n                    <div class=\"elementor-column elementor-col-100 elementor-top-column elementor-element elementor-element-e6063e0\" data-id=\"e6063e0\" data-element_type=\"column\" data-e-type=\"column\">\n        <div class=\"elementor-widget-wrap elementor-element-populated\">\n                    \n        \r\n\t\t<div class=\"elementor-element elementor-element-d3edbf9 elementor-widget elementor-widget-text-editor\" data-id=\"d3edbf9\" data-element_type=\"widget\" data-e-type=\"widget\" data-widget_type=\"text-editor.default\">\n\t\t\t\t\t\t\t\t\t<p style=\"text-align: center;\"><a href=\"https:\/\/azzk.me\/wp-content\/uploads\/2024\/02\/EMSA-Greek-Yellow-Pages-01.02.2024.pdf\">EMSA-Greek Yellow Pages (01.02.2024.)<\/a><\/p><p style=\"text-align: center;\"><a href=\"https:\/\/azzk.me\/wp-content\/uploads\/2024\/02\/GHGT-MAN-ENERGY-01.02.2024.pdf\">GHGT-MAN ENERGY (01.02.2024.)<\/a><\/p><p style=\"text-align: center;\"><a href=\"https:\/\/azzk.me\/wp-content\/uploads\/2024\/03\/NLB-Skladi-Generali-Investments-01.03.2024.pdf\">NLB Skladi-Generali Investments (01.03.2024.)<\/a><\/p><p style=\"text-align: center;\"><a href=\"https:\/\/azzk.me\/wp-content\/uploads\/2024\/04\/AramCo-MidOcean-15.03.2024.pdf\">AramCo-MidOcean (15.03.2024)<\/a><\/p><p style=\"text-align: center;\"><a href=\"https:\/\/azzk.me\/wp-content\/uploads\/2024\/04\/Mercator-15.03.2024.pdf\">Mercator (15.03.2024)<\/a><\/p><p style=\"text-align: center;\"><a href=\"https:\/\/azzk.me\/wp-content\/uploads\/2024\/04\/Messer-Delta-15.03.2024.pdf\">Messer-Delta (15.03.2024)<\/a><\/p><p style=\"text-align: center;\"><a href=\"https:\/\/azzk.me\/wp-content\/uploads\/2024\/04\/United-Group-Bulgaria-25.03.2024-1.pdf\">United Group Bulgaria (25.03.2024)<\/a><\/p><p style=\"text-align: center;\"><a href=\"https:\/\/azzk.me\/wp-content\/uploads\/2024\/04\/RWA-International-Holding-GmbH-25.03.2024-1.pdf\">RWA International Holding GmbH (25.03.2024)<\/a><\/p><p style=\"text-align: center;\"><a href=\"https:\/\/azzk.me\/wp-content\/uploads\/2024\/04\/SMA-MODERNA-02.04.2024.pdf\">SMA-MODERNA (02.04.2024)<\/a><\/p><p style=\"text-align: center;\"><a href=\"https:\/\/azzk.me\/wp-content\/uploads\/2024\/04\/Nova-Ljubljanska-Banka-SLS-HOLDCO-12.04.2024.pdf\">Nova Ljubljanska Banka-SLS HOLDCO (12.04.2024)<\/a><\/p><p style=\"text-align: center;\"><a href=\"https:\/\/azzk.me\/wp-content\/uploads\/2024\/04\/CEE-BIG-NEPI-Project-One-12.04.2024.pdf\">CEE BIG &#8211; NEPI Project One (12.04.2024)<\/a><\/p><p style=\"text-align: center;\"><a href=\"https:\/\/azzk.me\/wp-content\/uploads\/2024\/04\/Menzies-FFS-Podgorica-12.04.2024-1.pdf\">Menzies &#8211; FFS Podgorica (12.04.2024)<\/a><\/p><p style=\"text-align: center;\"><a href=\"https:\/\/azzk.me\/wp-content\/uploads\/2024\/04\/ALFI-Renewables-MK-GREEN-ENERGY-24.04.2024-1.pdf\">ALFI Renewables-MK GREEN ENERGY (24.04.2024)<\/a><\/p><p style=\"text-align: center;\"><a href=\"https:\/\/azzk.me\/wp-content\/uploads\/2024\/04\/Generali-CEE-Holding-B.V.-24.04.2024-1.pdf\">Generali CEE Holding B.V. (24.04.2024)<\/a><\/p><p style=\"text-align: center;\"><a href=\"https:\/\/azzk.me\/wp-content\/uploads\/2024\/05\/Meritus-Evropska-banka-za-rekonstrukciju-i-razvoj-17.05.2024.pdf\">Meritus &#8211; Evropska banka za rekonstrukciju i razvoj (17.05.2024)<\/a><\/p><p style=\"text-align: center;\"><a href=\"https:\/\/azzk.me\/wp-content\/uploads\/2024\/05\/Jugopetrol-A.D.-Marina-Bar-17.05.2024.pdf\">Jugopetrol &#8211; A.D. Marina Bar (17.05.2024)<\/a><\/p><p style=\"text-align: center;\"><a href=\"https:\/\/azzk.me\/wp-content\/uploads\/2024\/05\/Generali-IT-Gruppo-San-Donato-S.p.A-\u201eGK-Holding-Italia-S.r.l-17.05.2024.pdf\">Generali IT &#8211; Gruppo San Donato\u201c S.p.A &#8211; \u201eGK Holding Italia\u201c S.r.l (17.05.2024)<\/a><\/p><p style=\"text-align: center;\"><a href=\"https:\/\/azzk.me\/wp-content\/uploads\/2024\/06\/Assicurazioni-Generali-S.p.A.-Generali-China-Insurance-Company-Limited-04.06.2024.pdf\">Assicurazioni Generali S.p.A. &#8211; Generali China Insurance Company Limited (04.06.2024)<\/a><\/p><p style=\"text-align: center;\"><a href=\"https:\/\/azzk.me\/wp-content\/uploads\/2024\/06\/APS-Credit-Fund-Sicav-B2-KAPITAL-d.o.o.-04.06.2024.pdf\">APS Credit Fund Sicav &#8211; B2 KAPITAL\u201c d.o.o. (04.06.2024)<\/a><\/p><p style=\"text-align: center;\"><a href=\"https:\/\/azzk.me\/wp-content\/uploads\/2024\/06\/Triglav-Zdravlje-Eskulap-04.06.2024.pdf\">Triglav Zdravlje &#8211; Eskulap (04.06.2024)<\/a><\/p><p style=\"text-align: center;\"><a href=\"https:\/\/azzk.me\/wp-content\/uploads\/2024\/06\/Elektromreza-Srbije-Beograd-ELES-d.o.o.-MAVIR-ADEX-SKUPINA-holding-druzba-d.o.o.-04.06.2024.pdf\">Elektromre\u017ea Srbije Beograd &#8211; ELES d.o.o. &#8211; MAVIR &#8211; ADEX SKUPINA holding dru\u017eba d.o.o. (04.06.2024)<\/a><\/p><p style=\"text-align: center;\"><a href=\"https:\/\/azzk.me\/wp-content\/uploads\/2024\/08\/Open-Pass-Limited-Iter-STAK-Stiching-Fortenova-Grupa-MidCo-B.V-20.06.2024.pdf\">Open Pass Limited &#8211; Iter STAK Stiching &#8211; Fortenova Grupa MidCo B.V (20.06.2024)<\/a><\/p><p style=\"text-align: center;\"><a href=\"https:\/\/azzk.me\/wp-content\/uploads\/2024\/08\/Telekom-Srbija-AD-Teledirekt-doo-Beograd-21.06.2024.pdf\">Telekom Srbija AD &#8211; Teledirekt doo Beograd (21.06.2024)<\/a><\/p><p style=\"text-align: center;\"><a href=\"https:\/\/azzk.me\/wp-content\/uploads\/2024\/08\/Melentya-Limited-Reco-Real-Property-AD-Beograd-21.06.2024.pdf\">Melentya Limited &#8211; Reco Real Property AD Beograd (21.06.2024)<\/a><\/p><p style=\"text-align: center;\"><a href=\"https:\/\/azzk.me\/wp-content\/uploads\/2024\/08\/Infranity-Equity-Fund-La-Planchette-Financiere-01.07.2024.pdf\">Infranity Equity Fund &#8211; La Planchette Financi\u00e8re (01.07.2024)<\/a><\/p><p style=\"text-align: center;\"><a href=\"https:\/\/azzk.me\/wp-content\/uploads\/2024\/08\/Infranity-Equity-Fund-Sca-Sicav-Eurazeo-S.E.-Etix-Everywhere-Holding-23.07.2024.pdf\">Infranity Equity Fund Sca Sicav &#8211; Eurazeo S.E. &#8211; Etix Everywhere Holding (23.07.2024)<\/a><\/p><p style=\"text-align: center;\"><a href=\"https:\/\/azzk.me\/wp-content\/uploads\/2024\/08\/Lufthansa-Technik-AG-LG-LHT-Aircraft-Solutions-GmbH-Passenger-Solutions-GmbH-AerQ-GmbH-23.07.2024.pdf\">Lufthansa Technik AG &#8211; LG-LHT Aircraft Solutions GmbH &#8211; Passenger Solutions GmbH &#8211; AerQ GmbH (23.07.2024)<\/a><\/p><p style=\"text-align: center;\"><a href=\"https:\/\/azzk.me\/wp-content\/uploads\/2024\/08\/Corvinus-Nemzetkozi-Befektetesi-Magyar-Vagon-Befektetesi-23.07.2024.pdf\">Corvinus Nemzetk\u00f6zi Befektet\u00e9si &#8211; Magyar Vagon Befektet\u00e9si (23.07.2024)<\/a><\/p><p style=\"text-align: center;\"><a href=\"https:\/\/azzk.me\/wp-content\/uploads\/2024\/08\/Audi-Akttiengesellschaft-Sauber-Holding-AG-23.07.2024.pdf\">Audi Akttiengesellschaft &#8211; Sauber Holding AG (23.07.2024)<\/a><\/p><p style=\"text-align: center;\"><a href=\"https:\/\/azzk.me\/wp-content\/uploads\/2024\/08\/Inpharm-Co-DOO-Casa-Spadijer-Bioclinica-31.07.024.pdf\">Inpharm Co DOO &#8211; Casa \u0160padijer Bioclinica (31.07.024)<\/a><\/p><p style=\"text-align: center;\"><a href=\"https:\/\/azzk.me\/wp-content\/uploads\/2024\/08\/Neregelia-trading-limited-Nelt-LCC-31.07.2024.pdf\">Neregelia trading limited -Nelt LCC (31.07.2024)<\/a><\/p><p style=\"text-align: center;\"><a href=\"https:\/\/azzk.me\/wp-content\/uploads\/2024\/08\/EON-TV-International-LTD-Elemental-TV-31.07.2024.pdf\">EON TV International LTD-Elemental TV (31.07.2024)<\/a><\/p><p style=\"text-align: center;\"><a href=\"https:\/\/azzk.me\/wp-content\/uploads\/2024\/08\/Abu-Dhabi-Future-Energy-Company-First-Sentier-Investors-US-Infrastructure-Terra-Gen-Power-Holdings-II-23.08.2024.pdf\">Abu Dhabi Future Energy Company &#8211; First Sentier Investors (US) Infrastructure &#8211; Terra-Gen Power Holdings II (23.08.2024)<\/a><\/p><p style=\"text-align: center;\"><a href=\"https:\/\/azzk.me\/wp-content\/uploads\/2024\/10\/CEZ-Czech-Gas-Networks-S.a-r.l.-30.08.2024.pdf\">\u010cEZ &#8211; Czech Gas Networks S.\u00e0 r.l. (30.08.2024)<\/a><\/p><p style=\"text-align: center;\"><a href=\"https:\/\/azzk.me\/wp-content\/uploads\/2024\/10\/Assicurazioni-Generali-S.p.A.-Electricite-de-France-S.A.-PARCOLOG-Invest-SPPICAV-06.09.2024.pdf\">Assicurazioni Generali S.p.A. &#8211; Electricit\u00e9 de France S.A. &#8211; PARCOLOG Invest SPPICAV (06.09.2024)<\/a><\/p><p style=\"text-align: center;\"><a href=\"https:\/\/azzk.me\/wp-content\/uploads\/2024\/10\/Dr.-Ing.-h.c.-F.-Porsche-Jardine-Specialist-Cars-Ltd-12.09.2024.pdf\">Dr. Ing. h.c. F. Porsche &#8211; Jardine Specialist Cars Ltd (12.09.2024)<\/a><\/p><p style=\"text-align: center;\"><a href=\"https:\/\/azzk.me\/wp-content\/uploads\/2024\/10\/Milija-Babovic-Madden-Europe-Holding-BV-SM-Fashion-d.o.o-Beograd-25.09.2024.pdf\">Milija Babovi\u0107 &#8211; Madden Europe Holding BV &#8211; SM Fashion d.o.o Beograd (25.09.2024)<\/a><\/p><p style=\"text-align: center;\"><a href=\"https:\/\/azzk.me\/wp-content\/uploads\/2024\/10\/MTEL-Dooel-Lajkamobajl-Dooel-Skoplje-25.09.2024.docx\">MTEL Dooel &#8211; Lajkamobajl Dooel Skoplje (25.09.2024)<\/a><\/p><p style=\"text-align: center;\"><a href=\"https:\/\/azzk.me\/wp-content\/uploads\/2024\/10\/Fashion-Company-Erudita-Balkans-K2-Sport-25.09.2024.pdf\">Fashion Company &#8211; Erudita Balkans &#8211; K2 Sport (25.09.2024)<\/a><\/p><p style=\"text-align: center;\"><a href=\"https:\/\/azzk.me\/wp-content\/uploads\/2024\/10\/Ina-Crna-Gora-d.o.o.-Viva-Sped-d.o.o.-25.09.2024.pdf\">Ina &#8211; Crna Gora d.o.o. &#8211; Viva \u0160ped d.o.o. (25.09.2024)<\/a><\/p><p style=\"text-align: center;\"><a href=\"https:\/\/azzk.me\/wp-content\/uploads\/2024\/10\/ALFI-RE-d.o.o.-ERSTE-27.09.2024.pdf\">ALFI RE d.o.o. &#8211; ERSTE (27.09.2024)<\/a><\/p><p style=\"text-align: center;\"><a href=\"https:\/\/azzk.me\/wp-content\/uploads\/2024\/10\/Ana-Marojevic-Menzies-Aviation-Europe-B.V.-Air-Serbia-a.d.-Beograd-Menzies-Aviation-d.o.o.-Beograd-Surcin-27.09.2024.pdf\">Ana Marojevi\u0107 &#8211; Menzies Aviation (Europe) B.V. &#8211; Air Serbia a.d. Beograd &#8211; Menzies Aviation d.o.o. Beograd-Sur\u010din (27.09.2024)<\/a><\/p><p style=\"text-align: center;\"><a href=\"https:\/\/azzk.me\/wp-content\/uploads\/2024\/10\/United-Media-TOPNEWS.SI-11.10.2024.pdf\">United Media &#8211; TOPNEWS.SI (11.10.2024)<\/a><\/p><p style=\"text-align: center;\"><a href=\"https:\/\/azzk.me\/wp-content\/uploads\/2024\/10\/Mavie-Next-GmbH-Cura-Domo-Holding-GmbH-11.10.2024.pdf\">Mavie Next GmbH &#8211; Cura Domo Holding GmbH (11.10.2024)<\/a><\/p><p style=\"text-align: center;\"><a href=\"https:\/\/azzk.me\/wp-content\/uploads\/2024\/10\/Mesna-idustrija-Braca-Pivac-CM-Invest-GmbH-11.10.2024.pdf\">Mesna idustrija Bra\u0107a Pivac &#8211; CM Invest GmbH (11.10.2024)<\/a><\/p><p style=\"text-align: center;\"><a href=\"https:\/\/azzk.me\/wp-content\/uploads\/2024\/10\/Podravka-Agri-Agri-Grupa-29.10.2024.pdf\">Podravka Agri &#8211; Agri Grupa (29.10.2024)<\/a><\/p><p style=\"text-align: center;\"><a href=\"https:\/\/azzk.me\/wp-content\/uploads\/2024\/10\/Orbico-Hbi-Italy-Acquisition-Co.-29.10.2024.pdf\">Orbico &#8211; Hbi Italy Acquisition Co. (29.10.2024)<\/a><\/p><p style=\"text-align: center;\"><a href=\"https:\/\/azzk.me\/wp-content\/uploads\/2024\/10\/Dr.-Ing.-h.c.-F.-Porsche-V4Drive-Battery-GmbH-29.10.2024.pdf\">Dr. Ing. h.c. F. Porsche &#8211; V4Drive Battery GmbH (29.10.2024)<\/a><\/p><p style=\"text-align: center;\"><a href=\"https:\/\/azzk.me\/wp-content\/uploads\/2024\/11\/Telemach-doo-T-2-doo-15.11.2024.pdf\">Telemach doo &#8211; T-2 doo (15.11.2024)<\/a><\/p><p style=\"text-align: center;\"><a href=\"https:\/\/azzk.me\/wp-content\/uploads\/2024\/11\/Telekom-Srbija-a.d.-MONDO-INC-d.o.o-15.11.2024.pdf\">Telekom Srbija a.d. &#8211; MONDO INC d.o.o (15.11.2024)<\/a><\/p><p style=\"text-align: center;\"><a href=\"https:\/\/azzk.me\/wp-content\/uploads\/2024\/11\/ALFI-RE-LETALISKA-L33-nepremicninska-druzba-d.o.o-15.11.2024.pdf\">ALFI RE &#8211; LETALI\u0160KA &#8211; L33 nepremi\u010dninska dru\u017eba d.o.o (15.11.2024)<\/a><\/p><p style=\"text-align: center;\"><a href=\"https:\/\/azzk.me\/wp-content\/uploads\/2024\/11\/PETROL-CRNA-GORA-MNE-CELEBIC-PETROL-TRADE-ZETA-15.11.2024.pdf\">PETROL CRNA GORA MNE &#8211; \u010cELEBI\u0106 PETROL TRADE ZETA (15.11.2024)<\/a><\/p><p style=\"text-align: center;\"><a href=\"https:\/\/azzk.me\/wp-content\/uploads\/2024\/11\/ALFI-Renewables-IVICOM-Holding-GmbH-SLAVONIJA-POWER-DOO-za-usluge-Biligora-Power-DOO-za-usluge-15.11.2024.pdf\">ALFI Renewables &#8211; IVICOM Holding GmbH &#8211; SLAVONIJA POWER DOO za usluge &#8211; Biligora Power DOO za usluge (15.11.2024)<\/a><\/p><p style=\"text-align: center;\"><a href=\"https:\/\/azzk.me\/wp-content\/uploads\/2024\/11\/Proteini.si-trgovina-storitve-in-proizvodnja-d.o.o.-MSG-Online-GmbH-ATOMBODY-GmbH-15.11.2024.pdf\">Proteini.si, trgovina, storitve in proizvodnja d.o.o. &#8211; MSG Online GmbH &#8211; ATOMBODY GmbH (15.11.2024)<\/a><\/p><p style=\"text-align: center;\"><a href=\"https:\/\/azzk.me\/wp-content\/uploads\/2024\/11\/Erste-Asset-Management-GmbH-Impact-Asset-Management-GmbH-15.11.2024.pdf\">Erste Asset Management GmbH &#8211; Impact Asset Management GmbH (15.11.2024)<\/a><\/p><p style=\"text-align: center;\"><a href=\"https:\/\/azzk.me\/wp-content\/uploads\/2024\/11\/AirStar-DOO-Beograd-Flyus-DOO-Beograd-ELMI-Group-DOO-Beograd-\u2013-Novi-Beograd21.11.2024.pdf\">AirStar DOO Beograd &#8211; Flyus DOO Beograd &#8211; EL&amp;MI Group DOO Beograd \u2013 Novi Beograd (21.11.2024)<\/a><\/p><p style=\"text-align: center;\"><a href=\"https:\/\/azzk.me\/wp-content\/uploads\/2024\/12\/CP-Spruce-Holdings-S.C.Sp-Vantive-Health-LLC-10.12.2024.pdf\">CP Spruce Holdings S.C.Sp &#8211; Vantive Health LLC (10.12.2024)<\/a><\/p><p style=\"text-align: center;\"><a href=\"https:\/\/azzk.me\/wp-content\/uploads\/2024\/12\/Telekom-Srbija-AD-PULSEC-DOO-10.12.2024.pdf\">Telekom Srbija AD &#8211; PULSEC DOO (10.12.2024)<\/a><\/p><p style=\"text-align: center;\"><a href=\"https:\/\/azzk.me\/wp-content\/uploads\/2024\/12\/BB-Global-Investing-Holding-DonDon-10.12.2024.pdf\">BB Global Investing Holding &#8211; DonDon (10.12.2024)<\/a><\/p><p style=\"text-align: center;\"><a href=\"https:\/\/azzk.me\/wp-content\/uploads\/2025\/01\/Diagnosticni-center-Vila-Bogatin-doo-PULMED-ambulanta-za-pljucne-bolezni-in-alergije-doo-24.12.2024.pdf\">Diagnosti\u010dni center Vila Bogatin doo &#8211; PULMED ambulanta za plju\u010dne bolezni in alergije doo (24.12.2024)<\/a><\/p><p style=\"text-align: center;\"><a href=\"https:\/\/azzk.me\/wp-content\/uploads\/2025\/01\/Metso-Finland-Oy-Swiss-Tower-Mills-Minerals-AG-24.12.2024.pdf\">Metso Finland Oy &#8211; Swiss Tower Mills Minerals AG (24.12.2024)<\/a><\/p><p style=\"text-align: center;\"><a href=\"https:\/\/azzk.me\/wp-content\/uploads\/2025\/01\/Flyus-doo-Beograd-Ben-Air-doo-Beograd-24.12.2024.pdf\">Flyus doo Beograd &#8211; Ben Air doo Beograd (24.12.2024)<\/a><\/p><p style=\"text-align: center;\"><a href=\"https:\/\/azzk.me\/wp-content\/uploads\/2025\/01\/DIGI-Tavkozlesi-Canal-Luxembourg-S.a-r.l.-Eviso-Magyarorszag-Korlatolt-Canal-Distribution-Hungary-24.12.2024.pdf\">DIGI T\u00e1vk\u00f6zl\u00e9si &#8211; Canal+ Luxembourg S.\u00e0 r.l. &#8211; Eviso Magyarorsz\u00e1g Korl\u00e1tolt &#8211; Canal+ Distribution Hungary (24.12.2024)<\/a><\/p><p style=\"text-align: center;\"><a href=\"https:\/\/azzk.me\/wp-content\/uploads\/2025\/01\/ANTENNA-HUNGARIA-PR-TELECOM-Tavkozlesi-PR-WORK-Korlatolt-Felel-24.12.2024.pdf\">ANTENNA HUNG\u00c1RIA &#8211; PR-TELECOM T\u00e1vk\u00f6zl\u00e9si &#8211; PR-WORK Korl\u00e1tolt Felel (24.12.2024)<\/a><\/p><p style=\"text-align: center;\"><a href=\"https:\/\/azzk.me\/wp-content\/uploads\/2025\/01\/Generali-Cee-Holding-B.V-United-Health-Insurance-Fund-Doverie-Insurance-AD-30.12.2024.pdf\">Generali Cee Holding B.V &#8211; United Health Insurance Fund Doverie Insurance\u201c AD (30.12.2024)<\/a><\/p><p style=\"text-align: center;\"><a href=\"https:\/\/azzk.me\/wp-content\/uploads\/2025\/01\/ALFI-Renewables-Supernova-Cazma-doo-SN-Dubica-doo-Cazma-energija-doo-Dubica-energija-doo-30.12.2024.pdf\">ALFI Renewables &#8211; Supernova \u010cazma doo &#8211; SN Dubica doo &#8211; \u010cazma energija doo &#8211; Dubica energija doo (30.12.2024)<\/a><\/p><p style=\"text-align: center;\"><a href=\"https:\/\/azzk.me\/wp-content\/uploads\/2025\/01\/Tonnies-International-Management-GmbH-Vion-GmbH-Vion-Beef-B.V.-30.12.2024.pdf\">T\u00f6nnies International Management GmbH &#8211; Vion GmbH &#8211; Vion Beef B.V. (30.12.2024)<\/a><\/p><p style=\"text-align: center;\"><a href=\"https:\/\/azzk.me\/wp-content\/uploads\/2025\/01\/Telekom-Srbija-AD-Team-Net-KDS-doo-30.12.2024.pdf\">Telekom Srbija AD &#8211; Team Net KDS doo (30.12.2024)<\/a><\/p><p style=\"text-align: center;\"><a href=\"https:\/\/azzk.me\/wp-content\/uploads\/2025\/01\/Daimler-Truck-AG-Aktiebolaget-Volvo-30.12.2024.pdf\">Daimler Truck AG &#8211; Aktiebolaget Volvo (30.12.2024)<\/a><\/p>\t\t\t\t\t\t\t\t<\/div>\n\t\t            <\/div>\n        <\/div>\n                    <\/div>\n        <\/section>\n        \t\t<\/div>\n\t\t","protected":false},"excerpt":{"rendered":"<p>EMSA-Greek Yellow Pages (01.02.2024.) GHGT-MAN ENERGY (01.02.2024.) NLB Skladi-Generali Investments (01.03.2024.) AramCo-MidOcean (15.03.2024) Mercator (15.03.2024) Messer-Delta (15.03.2024) United Group Bulgaria (25.03.2024) RWA International Holding GmbH (25.03.2024) SMA-MODERNA (02.04.2024) Nova Ljubljanska Banka-SLS HOLDCO (12.04.2024) CEE BIG &#8211; NEPI Project One (12.04.2024) Menzies &#8211; FFS Podgorica (12.04.2024) ALFI Renewables-MK GREEN ENERGY (24.04.2024) Generali CEE Holding B.V. (24.04.2024) [&hellip;]<\/p>\n","protected":false},"author":1,"featured_media":0,"parent":0,"menu_order":0,"comment_status":"closed","ping_status":"closed","template":"","meta":{"footnotes":""},"class_list":["post-10934","page","type-page","status-publish","hentry"],"_links":{"self":[{"href":"https:\/\/azzk.me\/en\/wp-json\/wp\/v2\/pages\/10934","targetHints":{"allow":["GET"]}}],"collection":[{"href":"https:\/\/azzk.me\/en\/wp-json\/wp\/v2\/pages"}],"about":[{"href":"https:\/\/azzk.me\/en\/wp-json\/wp\/v2\/types\/page"}],"author":[{"embeddable":true,"href":"https:\/\/azzk.me\/en\/wp-json\/wp\/v2\/users\/1"}],"replies":[{"embeddable":true,"href":"https:\/\/azzk.me\/en\/wp-json\/wp\/v2\/comments?post=10934"}],"version-history":[{"count":127,"href":"https:\/\/azzk.me\/en\/wp-json\/wp\/v2\/pages\/10934\/revisions"}],"predecessor-version":[{"id":12387,"href":"https:\/\/azzk.me\/en\/wp-json\/wp\/v2\/pages\/10934\/revisions\/12387"}],"wp:attachment":[{"href":"https:\/\/azzk.me\/en\/wp-json\/wp\/v2\/media?parent=10934"}],"curies":[{"name":"wp","href":"https:\/\/api.w.org\/{rel}","templated":true}]}}