{"id":10948,"date":"2024-02-14T19:10:09","date_gmt":"2024-02-14T19:10:09","guid":{"rendered":"https:\/\/azzk.me\/?page_id=10948"},"modified":"2025-05-12T14:33:34","modified_gmt":"2025-05-12T14:33:34","slug":"rjesenja-drzavna-pomoc-2024","status":"publish","type":"page","link":"https:\/\/azzk.me\/en\/rjesenja-drzavna-pomoc-2024\/","title":{"rendered":"Rjesenja drzavna pomoc 2024"},"content":{"rendered":"\t\t<div data-elementor-type=\"wp-page\" data-elementor-id=\"10948\" class=\"elementor elementor-10948\" data-elementor-post-type=\"page\">\n\t\t\t\t        <section class=\"elementor-section elementor-top-section elementor-element elementor-element-6445572 elementor-section-boxed elementor-section-height-default elementor-section-height-default ct-header-fixed-none ct-row-max-none\" data-id=\"6445572\" data-element_type=\"section\" data-e-type=\"section\">\n            \n                        <div class=\"elementor-container elementor-column-gap-default \">\n                    <div class=\"elementor-column elementor-col-33 elementor-top-column elementor-element elementor-element-08fcfb6\" data-id=\"08fcfb6\" data-element_type=\"column\" data-e-type=\"column\">\n        <div class=\"elementor-widget-wrap elementor-element-populated\">\n                    \n        \r\n\t\t<div class=\"elementor-element elementor-element-92b2d51 elementor-widget elementor-widget-text-editor\" data-id=\"92b2d51\" data-element_type=\"widget\" data-e-type=\"widget\" data-widget_type=\"text-editor.default\">\n\t\t\t\t\t\t\t\t\t<h4 style=\"text-align: center;\"><strong>POKRENUTI POSTUPCI<\/strong><\/h4><hr \/><p><a href=\"https:\/\/azzk.me\/wp-content\/uploads\/2024\/10\/Opstina-Berane-Drustvo-sa-ogranicenom-odgovornoscu-Sportski-centar-Berane-11.10.2024.pdf\">Op\u0161tina Berane &#8211; Dru\u0161tvo sa ograni\u010denom odgovorno\u0161\u0107u Sportski centar Berane (11.10.2024)<\/a><\/p><p><a href=\"https:\/\/azzk.me\/wp-content\/uploads\/2024\/10\/Opstina-Berane-\u201eLOKALNI-JAVNI-EMITER-RADIO-BERANE-DOO-BERANE-11.10.2024.pdf\">Op\u0161tina Berane &#8211; \u201eLOKALNI JAVNI EMITER RADIO BERANE\u201c DOO BERANE (11.10.2024)<\/a><\/p><p style=\"text-align: center;\"><a href=\"https:\/\/azzk.me\/wp-content\/uploads\/2025\/01\/Ministarstvo-finansija-i-Ministarstvo-saobracaja-Drustvo-sa-ogranicenom-odgovornoscu-Monte-put-Podgorica-26.12.2024.pdf\">Ministarstvo finansija i Ministarstvo saobra\u0107aja &#8211; Dru\u0161tvo sa ograni\u010denom odgovorno\u0161\u0107u \u201cMonte put\u201d &#8211; Podgorica (26.12.2024)<\/a><\/p>\t\t\t\t\t\t\t\t<\/div>\n\t\t            <\/div>\n        <\/div>\n                <div class=\"elementor-column elementor-col-33 elementor-top-column elementor-element elementor-element-4574d54\" data-id=\"4574d54\" data-element_type=\"column\" data-e-type=\"column\">\n        <div class=\"elementor-widget-wrap elementor-element-populated\">\n                    \n        \t\t<div class=\"elementor-element elementor-element-d7c51a7 elementor-widget elementor-widget-text-editor\" data-id=\"d7c51a7\" data-element_type=\"widget\" data-e-type=\"widget\" data-widget_type=\"text-editor.default\">\n\t\t\t\t\t\t\t\t\t<h4 style=\"text-align: center;\">\u00a0RJE\u0160ENJA<\/h4><hr \/><p style=\"text-align: center;\"><a href=\"https:\/\/azzk.me\/wp-content\/uploads\/2024\/02\/Opstina-Niksic-COVID-19-01.02.2024.pdf\">Op\u0161tina Nik\u0161i\u0107 COVID-19 (01.02.2024)<\/a><\/p><p style=\"text-align: center;\"><a href=\"https:\/\/azzk.me\/wp-content\/uploads\/2024\/03\/Ministarstvo-prosvjete-nauke-i-inovacija-Digitalna-Evropa-15.03.2024-1.pdf\">Ministarstvo prosvjete, nauke i inovacija &#8211; Digitalna Evropa (15.03.2024)<\/a><\/p><p style=\"text-align: center;\"><a href=\"https:\/\/azzk.me\/wp-content\/uploads\/2024\/03\/Glavni-grad-Podgorica-Vodovod-i-kanalizacija-15.03.2024-1.pdf\">Glavni grad Podgorica &#8211; Vodovod i kanalizacija (15.03.2024)<\/a><\/p><p style=\"text-align: center;\"><a href=\"https:\/\/azzk.me\/wp-content\/uploads\/2024\/03\/CEDIS-Valdanos-15.03.2024-1.pdf\">CEDIS -Valdanos (15.03.2024)<\/a><\/p><p style=\"text-align: center;\"><a href=\"https:\/\/azzk.me\/wp-content\/uploads\/2024\/04\/Eko-Fond-Pravilnik-o-nacinu-pracenja-namjenskog-koriscenja-sredstava-15.03.2024.pdf\">Eko-Fond &#8211; Pravilnik o na\u010dinu pra\u0107enja namjenskog kori\u0161\u0107enja sredstava (15.03.2024)<\/a><\/p><p style=\"text-align: center;\"><a href=\"https:\/\/azzk.me\/wp-content\/uploads\/2024\/04\/Eko-Fond-Pravilnik-o-postupku-objavljivanja-javnog-konkursa-vrednovanju-prijava-i-odabiru-korisnika-sredstava-15.03.2024.pdf\">Eko-Fond &#8211; Pravilnik o postupku objavljivanja javnog konkursa, vrednovanju prijava i odabiru korisnika sredstava (15.03.2024)<\/a><\/p><p style=\"text-align: center;\"><a href=\"https:\/\/azzk.me\/wp-content\/uploads\/2024\/04\/Ministarstvo-finansija-Institut-Dr-Simo-Milosevic-15.03.2024.pdf\">Ministarstvo finansija &#8211; Institut Dr Simo Milo\u0161evi\u0107 (15.03.2024)<\/a><\/p><p style=\"text-align: center;\"><a href=\"https:\/\/azzk.me\/wp-content\/uploads\/2024\/04\/EPCG-Toscelik-15.03.2024.pdf\">EPCG &#8211; To\u0161\u010delik (15.03.2024)<\/a><\/p><p style=\"text-align: center;\"><a href=\"https:\/\/azzk.me\/wp-content\/uploads\/2024\/04\/Ministarstvo-kulture-i-medija-Zakon-o-RTCG-25.03.2024.pdf\">Ministarstvo kulture i medija -Zakon o RTCG (25.03.2024)<\/a><\/p><p style=\"text-align: center;\"><a href=\"https:\/\/azzk.me\/wp-content\/uploads\/2024\/04\/Eko-fond-Pravilnik-o-uslovima-koje-moraju-ispunjavati-korisnici-25.03.2024.pdf\">Eko-fond &#8211; Pravilnik o uslovima koje moraju ispunjavati korisnici (25.03.2024)<\/a><\/p><p style=\"text-align: center;\"><a href=\"https:\/\/azzk.me\/wp-content\/uploads\/2024\/04\/Ministarstvo-kulture-i-medija-Predlog-zakona-o-medijima-02.04.2024.pdf\">Ministarstvo kulture i medija &#8211; Predlog zakona o medijima (02.04.2024)<\/a><\/p><p style=\"text-align: center;\"><a href=\"https:\/\/azzk.me\/wp-content\/uploads\/2024\/04\/JU-Filmski-centar-CG-Program-drzavne-pomoci-za-sufinansiranje-proizvodnje-kinematografskih-djela-za-2024.-godinu-12.04.2024.pdf\">JU Filmski centar CG &#8211; Program dr\u017eavne pomo\u0107i za sufinansiranje proizvodnje kinematografskih djela za 2024. godinu (12.04.2024)<\/a><\/p><p style=\"text-align: center;\"><a href=\"https:\/\/azzk.me\/wp-content\/uploads\/2024\/04\/Ministarstva-ekonomskog-razvoja-Program-konkurentnosti-privrede-12.04.2024.pdf\">Ministarstva ekonomskog razvoja &#8211; Program konkurentnosti privrede (12.04.2024)<\/a><\/p><p style=\"text-align: center;\"><a href=\"https:\/\/azzk.me\/wp-content\/uploads\/2024\/04\/Ministarstvo-prosvjete-nauke-i-inovacija-SZ-Solidarno-24.04.2024.pdf\">Ministarstvo prosvjete, nauke i inovacija &#8211; SZ Solidarno (24.04.2024)<\/a><\/p><p style=\"text-align: center;\"><a href=\"https:\/\/azzk.me\/wp-content\/uploads\/2024\/04\/Ministarstvo-ekonomskog-razvoja-Program-za-razvoj-i-promociju-zanatstva-24.04.2024.pdf\">Ministarstvo ekonomskog razvoja &#8211; Program za razvoj i promociju zanatstva (24.04.2024)<\/a><\/p><p style=\"text-align: center;\"><a href=\"https:\/\/azzk.me\/wp-content\/uploads\/2024\/06\/Crnogorski-elektroprenosni-sistem-AD-Evropska-banka-za-obnovu-i-razvoj-04.06.2024.pdf\">Crnogorski elektroprenosni sistem AD &#8211; Evropska banka za obnovu i razvoj (04.06.2024)<\/a><\/p><p style=\"text-align: center;\"><a href=\"https:\/\/azzk.me\/wp-content\/uploads\/2024\/07\/Fond-za-inovacije-Crne-Gore-Predlog-programa-za-provjeru-inovativnog-koncepta-PoC-23.07.2024.pdf\">Fond za inovacije Crne Gore &#8211; Predlog programa za provjeru inovativnog koncepta PoC (23.07.2024)<\/a><\/p><p style=\"text-align: center;\"><a href=\"https:\/\/azzk.me\/wp-content\/uploads\/2024\/09\/Ministarstvo-pomorstva-The-Ocean-Race-1973-S.L.-16.09.2024.pdf\">Ministarstvo pomorstva &#8211; The Ocean Race 1973 S.L. (16.09.2024)<\/a><\/p><p style=\"text-align: center;\"><a href=\"https:\/\/azzk.me\/wp-content\/uploads\/2024\/10\/Opstina-Tivat-Drustvo-sa-ogranicenom-odgovornoscu-za-usluge-u-pomorskom-saobracaju-i-razvoj-projekata-o-nekretninama-\u201eAdriatic-Marinas-Tivat-25.09.2024.pdf\">Op\u0161tina Tivat &#8211; Dru\u0161tvo sa ograni\u010denom odgovorno\u0161\u0107u za usluge u pomorskom saobra\u0107aju i razvoj projekata o nekretninama \u201eAdriatic Marinas\u201c Tivat (25.09.2024)<\/a><\/p><p style=\"text-align: center;\"><a href=\"https:\/\/azzk.me\/wp-content\/uploads\/2024\/10\/Fond-za-zastitu-zivotne-sredine-\u2013-Javni-poziv-za-podrsku-poljoprivrednim-praksama-25.09.2024.pdf\">Fond za za\u0161titu \u017eivotne sredine \u2013 Javni poziv za podr\u0161ku poljoprivrednim praksama (25.09.2024)<\/a><\/p><p style=\"text-align: center;\"><a href=\"https:\/\/azzk.me\/wp-content\/uploads\/2024\/10\/Ministarstvo-kulture-i-medija-\u2013-Predlog-pravilnika-o-raspodjeli-sredstava-25.09.2024.pdf\">Ministarstvo kulture i medija \u2013 Predlog pravilnika o raspodjeli sredstava (25.09.2024)<\/a><\/p><p style=\"text-align: center;\"><a href=\"https:\/\/azzk.me\/wp-content\/uploads\/2024\/11\/Agencija-za-audiovizuelne-medijske-usluge-Predlog-pravilnika-o-visini-nacinu-utvrdivanja-i-placanja-naknada-29.10.2024.pdf\">Agencija za audiovizuelne medijske usluge &#8211; Predlog pravilnika o visini, na\u010dinu utvr\u0111ivanja i pla\u0107anja naknada (29.10.2024)<\/a><\/p><p style=\"text-align: center;\"><a href=\"https:\/\/azzk.me\/wp-content\/uploads\/2024\/12\/Ministarstvo-turizma-Savin-kuk-10.12.2024.pdf\">Ministarstvo turizma &#8211; Savin kuk (10.12.2024)<\/a><\/p><p style=\"text-align: center;\"><a href=\"https:\/\/azzk.me\/wp-content\/uploads\/2024\/12\/Ministarstvo-turizma-Program-za-podsticanje-razvoja-poslovanja-skijalista-u-Crnoj-Gori-za-20242025.-godinu-10.12.2024.pdf\">Ministarstvo turizma &#8211; Program za podsticanje razvoja poslovanja skijali\u0161ta u Crnoj Gori za 20242025. godinu (10.12.2024)<\/a><\/p><p style=\"text-align: center;\"><a href=\"https:\/\/azzk.me\/wp-content\/uploads\/2025\/01\/Opstina-Berane-Drustvo-sa-ogranicenom-odgovornoscu-\u201eSportski-centar-Berane-26.12.2024.pdf\">Op\u0161tina Berane &#8211; Dru\u0161tvo sa ograni\u010denom odgovorno\u0161\u0107u \u201eSportski centar\u201c Berane (26.12.2024)<\/a><\/p><p style=\"text-align: center;\"><a href=\"https:\/\/azzk.me\/wp-content\/uploads\/2025\/01\/Opstina-Berane-\u201eLOKALNI-JAVNI-EMITER-RADIO-BERANE-DOO-BERANE-26.12.2024.pdf\">Op\u0161tina Berane &#8211; \u201eLOKALNI JAVNI EMITER RADIO BERANE\u201c DOO BERANE (26.12.2024)<\/a><\/p><p style=\"text-align: center;\"><a href=\"https:\/\/azzk.me\/wp-content\/uploads\/2025\/05\/Nacionalna-turisticka-organizacija-Crne-Gore-Drustvo-za-transport-putnika-i-robe-u-vazdusnom-saobracaju-Montenegro-Airlines-26.12.2024.pdf\">Nacionalna turisti\u010dka organizacija Crne Gore &#8211; Dru\u0161tvo za transport putnika i robe u vazdu\u0161nom saobra\u0107aju Montenegro Airlines (26.12.2024)<\/a><\/p><p style=\"text-align: center;\">\u00a0<\/p>\t\t\t\t\t\t\t\t<\/div>\n\t\t            <\/div>\n        <\/div>\n                <div class=\"elementor-column elementor-col-33 elementor-top-column elementor-element elementor-element-65b4de1\" data-id=\"65b4de1\" data-element_type=\"column\" data-e-type=\"column\">\n        <div class=\"elementor-widget-wrap elementor-element-populated\">\n                    \n        \t\t<div class=\"elementor-element elementor-element-c46bbb5 elementor-widget elementor-widget-text-editor\" data-id=\"c46bbb5\" data-element_type=\"widget\" data-e-type=\"widget\" data-widget_type=\"text-editor.default\">\n\t\t\t\t\t\t\t\t\t<h4 style=\"text-align: center;\">MI\u0160LJENJA<\/h4><hr \/><p style=\"text-align: center;\"><a href=\"https:\/\/azzk.me\/wp-content\/uploads\/2024\/03\/Ministarstvo-saobracaja-i-pomorstva-Evropska-investiciona-banka-06.03.2024.pdf\">Ministarstvo saobra\u0107aja i pomorstva &#8211; Evropska investiciona banka (06.03.2024)<\/a><\/p><p style=\"text-align: center;\"><a href=\"https:\/\/azzk.me\/wp-content\/uploads\/2024\/03\/Ministarstvo-saobracaja-i-pomorstva-Montecargo-15.03.2024-1.pdf\">Ministarstvo saobra\u0107aja i pomorstva &#8211; Montecargo (15.03.2024)<\/a><\/p><p style=\"text-align: center;\"><a href=\"https:\/\/azzk.me\/wp-content\/uploads\/2024\/03\/Ministarstvo-kapitalnih-investicija-ZICG-15.03.2024-1.pdf\">Ministarstvo kapitalnih investicija &#8211; \u017dICG (15.03.2024)<\/a><\/p><p style=\"text-align: center;\"><a href=\"https:\/\/azzk.me\/wp-content\/uploads\/2024\/04\/Ministarstvo-kapitalnih-investicija-Odrzavanje-zeljeznickih-voznih-sredstava-AD-25.03.2024.pdf\">Ministarstvo kapitalnih investicija &#8211; Odr\u017eavanje \u017eeljezni\u010dkih voznih sredstava AD (25.03.2024)<\/a><\/p><p style=\"text-align: center;\"><a href=\"https:\/\/azzk.me\/wp-content\/uploads\/2024\/04\/Ministarstvo-kapitalnih-investicija-Montecargo-25.03.2024.pdf\">Ministarstvo kapitalnih investicija &#8211; Montecargo (25.03.2024)<\/a><\/p><p style=\"text-align: center;\"><a href=\"https:\/\/azzk.me\/wp-content\/uploads\/2024\/04\/Ministarstvo-kapitalnih-investicija-Zeljeznicki-prevoz-AD-25.03.2024.pdf\">Ministarstvo kapitalnih investicija &#8211; \u017deljezni\u010dki prevoz AD (25.03.2024)<\/a><\/p><p style=\"text-align: center;\"><a href=\"https:\/\/azzk.me\/wp-content\/uploads\/2024\/04\/Ministarstvo-saobracaja-i-pomorstva-TO-Montenegro-02.04.2024.pdf\">Ministarstvo saobra\u0107aja i pomorstva &#8211; TO Montenegro (02.04.2024)<\/a><\/p><p style=\"text-align: center;\"><a href=\"https:\/\/azzk.me\/wp-content\/uploads\/2024\/04\/Ministarstvo-prosvjete-nauke-i-inovacija-Andre-Navarra-24.04.2024.pdf\">Ministarstvo prosvjete, nauke i inovacija &#8211; Andre Navarra (24.04.2024)<\/a><\/p><p style=\"text-align: center;\"><a href=\"https:\/\/azzk.me\/wp-content\/uploads\/2024\/05\/Eko-fond-Program-za-podsticanje-energetske-efikasnosti-u-domacinstvima-17.05.2024.pdf\">Eko-fond &#8211; Program za podsticanje energetske efikasnosti u doma\u0107instvima (17.05.2024)<\/a><\/p><p style=\"text-align: center;\"><a href=\"https:\/\/azzk.me\/wp-content\/uploads\/2024\/07\/Fond-za-zastitu-zivotne-sredine-Program-za-podsticanje-energetske-efikasnosti-u-objektima-koji-pruzaju-ugostiteljske-usluge-u-domacinstvu-i-seoskom-domacinstvu-23.07.2024.pdf\">Fond za za\u0161titu \u017eivotne sredine &#8211; Program za podsticanje energetske efikasnosti u objektima koji pru\u017eaju ugostiteljske usluge u doma\u0107instvu i seoskom doma\u0107instvu (23.07.2024)<\/a><\/p><p style=\"text-align: center;\"><a href=\"https:\/\/azzk.me\/wp-content\/uploads\/2024\/07\/Fond-za-zastitu-zivotne-sredine-Program-za-podsticanje-energetske-efikasnosti-u-hotelskoj-industriji-23.07.2024.pdf\">Fond za za\u0161titu \u017eivotne sredine &#8211; Program za podsticanje energetske efikasnosti u hotelskoj industriji (23.07.2024)<\/a><\/p><p style=\"text-align: center;\"><a href=\"https:\/\/azzk.me\/wp-content\/uploads\/2024\/08\/Opstina-Pluzine-Nacrt-Odluke-o-osnivanju-biznis-zone-Brezna-23.07.2024.pdf\">Op\u0161tina Plu\u017eine &#8211; Nacrt Odluke o osnivanju biznis zone Brezna (23.07.2024)<\/a><\/p><p style=\"text-align: center;\"><a href=\"https:\/\/azzk.me\/wp-content\/uploads\/2024\/09\/Fond-za-inovacije-Crne-Gore-Predlog-za-podsticanje-inovacija-u-funkciji-energetske-efikasnosti-u-industriji-12.09.2024.pdf\">Fond za inovacije Crne Gore &#8211; Predlog za podsticanje inovacija u funkciji energetske efikasnosti u industriji (12.09.2024)<\/a><\/p>\t\t\t\t\t\t\t\t<\/div>\n\t\t            <\/div>\n        <\/div>\n                    <\/div>\n        <\/section>\n        \t\t<\/div>\n\t\t","protected":false},"excerpt":{"rendered":"<p>POKRENUTI POSTUPCI Op\u0161tina Berane &#8211; Dru\u0161tvo sa ograni\u010denom odgovorno\u0161\u0107u Sportski centar Berane (11.10.2024) Op\u0161tina Berane &#8211; \u201eLOKALNI JAVNI EMITER RADIO BERANE\u201c DOO BERANE (11.10.2024) Ministarstvo finansija i Ministarstvo saobra\u0107aja &#8211; Dru\u0161tvo sa ograni\u010denom odgovorno\u0161\u0107u \u201cMonte put\u201d &#8211; Podgorica (26.12.2024) \u00a0RJE\u0160ENJA Op\u0161tina Nik\u0161i\u0107 COVID-19 (01.02.2024) Ministarstvo prosvjete, nauke i inovacija &#8211; Digitalna Evropa (15.03.2024) Glavni grad [&hellip;]<\/p>\n","protected":false},"author":1,"featured_media":0,"parent":0,"menu_order":0,"comment_status":"closed","ping_status":"closed","template":"","meta":{"footnotes":""},"class_list":["post-10948","page","type-page","status-publish","hentry"],"_links":{"self":[{"href":"https:\/\/azzk.me\/en\/wp-json\/wp\/v2\/pages\/10948","targetHints":{"allow":["GET"]}}],"collection":[{"href":"https:\/\/azzk.me\/en\/wp-json\/wp\/v2\/pages"}],"about":[{"href":"https:\/\/azzk.me\/en\/wp-json\/wp\/v2\/types\/page"}],"author":[{"embeddable":true,"href":"https:\/\/azzk.me\/en\/wp-json\/wp\/v2\/users\/1"}],"replies":[{"embeddable":true,"href":"https:\/\/azzk.me\/en\/wp-json\/wp\/v2\/comments?post=10948"}],"version-history":[{"count":127,"href":"https:\/\/azzk.me\/en\/wp-json\/wp\/v2\/pages\/10948\/revisions"}],"predecessor-version":[{"id":12872,"href":"https:\/\/azzk.me\/en\/wp-json\/wp\/v2\/pages\/10948\/revisions\/12872"}],"wp:attachment":[{"href":"https:\/\/azzk.me\/en\/wp-json\/wp\/v2\/media?parent=10948"}],"curies":[{"name":"wp","href":"https:\/\/api.w.org\/{rel}","templated":true}]}}