{"id":12348,"date":"2025-01-17T08:12:05","date_gmt":"2025-01-17T08:12:05","guid":{"rendered":"https:\/\/azzk.me\/?page_id=12348"},"modified":"2026-01-24T22:26:31","modified_gmt":"2026-01-24T22:26:31","slug":"rjesenja-koncentracije-2025","status":"publish","type":"page","link":"https:\/\/azzk.me\/en\/rjesenja-koncentracije-2025\/","title":{"rendered":"Rjesenja Koncentracije 2025"},"content":{"rendered":"\t\t<div data-elementor-type=\"wp-page\" data-elementor-id=\"12348\" class=\"elementor elementor-12348\" data-elementor-post-type=\"page\">\n\t\t\t\t<div class=\"elementor-element elementor-element-35f4377 e-flex e-con-boxed e-con e-parent\" data-id=\"35f4377\" data-element_type=\"container\" data-e-type=\"container\">\n\t\t\t\t\t<div class=\"e-con-inner\">\n\t\t\r\n\t\t<div class=\"elementor-element elementor-element-f28f390 elementor-widget elementor-widget-text-editor\" data-id=\"f28f390\" data-element_type=\"widget\" data-e-type=\"widget\" data-widget_type=\"text-editor.default\">\n\t\t\t\t\t\t\t\t\t<p style=\"text-align: center;\">\u00a0<\/p><p style=\"text-align: center;\"><a href=\"https:\/\/azzk.me\/wp-content\/uploads\/2025\/02\/NLB-CarGo-Platforma-DoberAvto.si-24.01.2025.pdf\">NLB Car&amp;Go &#8211; Platforma DoberAvto.si (24.01.2025)<\/a><\/p><p style=\"text-align: center;\"><a href=\"https:\/\/azzk.me\/wp-content\/uploads\/2025\/02\/CEZ-Holdings-B.V.-Rolls-Royce-SMR-Limited-24.01.2025.pdf\">\u010cEZ, Holdings B.V. &#8211; Rolls-Royce SMR Limited (24.01.2025)<\/a><\/p><p style=\"text-align: center;\"><a href=\"https:\/\/azzk.me\/wp-content\/uploads\/2025\/02\/Mainstream-informacijske-tehnologije-Ljubljana-HC-Center-doo-Ljubljana-04.02.2025.pdf\">Mainstream informacijske tehnologije Ljubljana &#8211; HC Center doo Ljubljana (04.02.2025)<\/a><\/p><p style=\"text-align: center;\"><a href=\"https:\/\/azzk.me\/wp-content\/uploads\/2025\/02\/Hemofarm-Vrsac-Premium-Pharma-doo-04.02.2025.pdf\">Hemofarm Vr\u0161ac &#8211; Premium Pharma doo (04.02.2025)<\/a><\/p><p style=\"text-align: center;\"><a href=\"https:\/\/azzk.me\/wp-content\/uploads\/2025\/02\/N-Sport-doo-Beograd-Intersport-S-Trgovina-doo-Beograd-13.02.2025.pdf\">N Sport doo Beograd &#8211; Intersport S Trgovina doo Beograd (13.02.2025)<\/a><\/p><p style=\"text-align: center;\"><a href=\"https:\/\/azzk.me\/wp-content\/uploads\/2025\/02\/SAV-92-doo-Orbico-Ukrajina-13.02.2025.pdf\">SAV 92 doo &#8211; Orbico Ukrajina (13.02.2025)<\/a><\/p><p style=\"text-align: center;\"><a href=\"https:\/\/azzk.me\/wp-content\/uploads\/2025\/04\/Ingredion-Germany-GmbH-i-Agrana-Starke-GmbH-AGFD-Tandarei-SRL-12.03.2025.pdf\">Ingredion Germany GmbH i Agrana St\u00e4rke GmbH &#8211; AGFD Tandarei SRL (12.03.2025)<\/a><\/p><p style=\"text-align: center;\"><a href=\"https:\/\/azzk.me\/wp-content\/uploads\/2025\/04\/Agri-Europe-Cyprus-Limited-Hipotekarna-banka-AD-12.03.2025.pdf\">Agri Europe Cyprus Limited &#8211; Hipotekarna banka AD (12.03.2025)<\/a><\/p><p style=\"text-align: center;\"><a href=\"https:\/\/azzk.me\/wp-content\/uploads\/2025\/04\/Audi-Aktiengesellschaft-i-Qatar-Holding-LLC-Sauber-Holding-AG-12.03.2025.pdf\">Audi Aktiengesellschaft i Qatar Holding LLC &#8211; Sauber Holding AG (12.03.2025)<\/a><\/p><p style=\"text-align: center;\"><a href=\"https:\/\/azzk.me\/wp-content\/uploads\/2025\/04\/Betontrade-d.o.o.-Javna-Razsvetljava-d.d-i-JRS-d.d-12.03.2025.pdf\">Betontrade d.o.o. &#8211; Javna Razsvetljava d.d i JRS d.d (12.03.2025)<\/a><\/p><p style=\"text-align: center;\"><a href=\"https:\/\/azzk.me\/wp-content\/uploads\/2025\/04\/Erste-Asset-Management-GmbH-Intercapital-Asset-Management-d.o.o.-12.03.2025.pdf\">Erste Asset Management GmbH &#8211; Intercapital Asset Management d.o.o. (12.03.2025)<\/a><\/p><p style=\"text-align: center;\"><a href=\"https:\/\/azzk.me\/wp-content\/uploads\/2025\/12\/Proteini.si-Sanivita-imovina-drustva-T.H.E.-12.03.2025.pdf\">Proteini.si &#8211; Sanivita, imovina dru\u0161tva T.H.E. (12.03.2025)<\/a><\/p><p style=\"text-align: center;\"><a href=\"https:\/\/azzk.me\/wp-content\/uploads\/2025\/04\/Alpe-Gef-Zob-OrthoDental-12.03.2025.pdf\">Alpe Gef Zob &#8211; OrthoDental (12.03.2025)<\/a><\/p><p style=\"text-align: center;\"><a href=\"https:\/\/azzk.me\/wp-content\/uploads\/2025\/04\/EPCG-Green-Gvozd-31.03.2025.pdf\">EPCG &#8211; Green Gvozd (31.03.2025)<\/a><\/p><p style=\"text-align: center;\"><a href=\"https:\/\/azzk.me\/wp-content\/uploads\/2025\/04\/KF-FINANCE-i-Miroslava-Pirc-ZASVET-i-INSURE-31.03.2025.pdf\">KF FINANCE i Miroslava Pirc &#8211; ZASVET i INSURE (31.03.2025)<\/a><\/p><p style=\"text-align: center;\"><a href=\"https:\/\/azzk.me\/wp-content\/uploads\/2025\/04\/e-PPF-Telecom-Group-SERBIA-BROADBAND-SRPSKE-KABLOVSKE-MREZE-DOO-31.03.2025.pdf\">e&amp; PPF Telecom Group &#8211; SERBIA BROADBAND-SRPSKE KABLOVSKE MRE\u017dE DOO (31.03.2025)<\/a><\/p><p style=\"text-align: center;\"><a href=\"https:\/\/azzk.me\/wp-content\/uploads\/2025\/04\/Tenfore-EKI-PAY-31.03.2025.pdf\">Tenfore &#8211; EKI PAY (31.03.2025)<\/a><\/p><p style=\"text-align: center;\"><a href=\"https:\/\/azzk.me\/wp-content\/uploads\/2025\/04\/Telekom-Srbija-AD-DTH-Net-Tv-i-SK-31.03.2025.pdf\">Telekom Srbija AD &#8211; DTH Net Tv i SK (31.03.2025)<\/a><\/p><p style=\"text-align: center;\"><a href=\"https:\/\/azzk.me\/wp-content\/uploads\/2025\/04\/United-Media-Dasen-31.03.2025.pdf\">United Media &#8211; Dasen (31.03.2025)<\/a><\/p><p style=\"text-align: center;\"><a href=\"https:\/\/azzk.me\/wp-content\/uploads\/2025\/04\/FASHION-COMPANY-AB-Line-31.03.2025.pdf\">FASHION COMPANY &#8211; AB-Line (31.03.2025)<\/a><\/p><p style=\"text-align: center;\"><a href=\"https:\/\/azzk.me\/wp-content\/uploads\/2025\/04\/VW-i-Rivian-JV-16.04.2025.pdf\">VW i Rivian-JV (16.04.2025.)<\/a><\/p><p style=\"text-align: center;\"><a href=\"https:\/\/azzk.me\/wp-content\/uploads\/2025\/04\/ADVANCE-ENERGY-SOLUTIONS-suncane-elektrane-16.04.2025.pdf\">ADVANCE ENERGY SOLUTIONS &#8211; sun\u010dane elektrane (16.04.2025.)<\/a><\/p><p style=\"text-align: center;\"><a href=\"https:\/\/azzk.me\/wp-content\/uploads\/2025\/04\/Telecom-BIH-Telemach-CG-i-Telemach-BH-16.04.2025.pdf\">Telecom BIH-Telemach CG i Telemach BH (16.04.2025.)<\/a><\/p><p style=\"text-align: center;\"><a href=\"https:\/\/azzk.me\/wp-content\/uploads\/2025\/04\/DC-Vila-Bogatin-MDTT-MEDILAB-17.04.2025.pdf\">DC Vila Bogatin-MDT&amp;T -MEDILAB (17.04.2025.)<\/a><\/p><p style=\"text-align: center;\"><a href=\"https:\/\/azzk.me\/wp-content\/uploads\/2025\/04\/ADVANCE-CAPITAL-PARTNERS-UNITUR-25.04.2025.pdf\">ADVANCE CAPITAL PARTNERS &#8211; UNITUR (25.04.2025.)<\/a><\/p><p style=\"text-align: center;\"><a href=\"https:\/\/azzk.me\/wp-content\/uploads\/2025\/04\/Telekom-Srbija-SKYNET-KTV-25.04.2025.pdf\">Telekom Srbija &#8211; SKYNET KTV (25.04.2025.)<\/a><\/p><p style=\"text-align: center;\"><a href=\"https:\/\/azzk.me\/wp-content\/uploads\/2025\/04\/Ardian-France-Akuo-25.04.2025.pdf\">Ardian France-Akuo (25.04.2025.)<\/a><\/p><p style=\"text-align: center;\"><a href=\"https:\/\/azzk.me\/wp-content\/uploads\/2025\/07\/Kone-Balkan-Lift-29.04.2025.pdf\">Kone &#8211; Balkan Lift (29.04.2025)<\/a><\/p><p style=\"text-align: center;\"><a href=\"https:\/\/azzk.me\/wp-content\/uploads\/2025\/07\/Vega-Farmegra-PZU-Apoteka-Benu-29.04.2025.pdf\">Vega-Farmegra, PZU Apoteka Benu (29.04.2025)<\/a><\/p><p style=\"text-align: center;\"><a href=\"https:\/\/azzk.me\/wp-content\/uploads\/2025\/07\/United-Media-Motor-Oil-Marticorio-Nevine-29.04.2025.pdf\">United Media, Motor Oil-Marticorio, Nevine (29.04.2025)<\/a><\/p><p style=\"text-align: center;\"><a href=\"https:\/\/azzk.me\/wp-content\/uploads\/2025\/07\/INA-CRNA-GORA-Senic-Petrol-29.04.2025.pdf\">INA CRNA GORA -Senic Petrol (29.04.2025)<\/a><\/p><p style=\"text-align: center;\"><a href=\"https:\/\/azzk.me\/wp-content\/uploads\/2025\/07\/KJK-III-Holding-Kolpa-29.04.2025.pdf\">KJK III Holding-Kolpa (29.04.2025)<\/a><\/p><p style=\"text-align: center;\"><a href=\"https:\/\/azzk.me\/wp-content\/uploads\/2025\/12\/HELLENiQ-ENERGY-Holdings-ELPEDISON-B.V.-ELPEDISON-POWER-GENERATION-14.05.2025.pdf\">HELLENiQ ENERGY Holdings &#8211; ELPEDISON B.V., ELPEDISON POWER GENERATION (14.05.2025)<\/a><\/p><p style=\"text-align: center;\"><a href=\"https:\/\/azzk.me\/wp-content\/uploads\/2025\/12\/Hemofarm-Vrsac-Goodwill-Pharma-DOO-Subotica-14.05.2025.pdf\">Hemofarm Vr\u0161ac &#8211; Goodwill Pharma DOO Subotica (14.05.2025)<\/a><\/p><p style=\"text-align: center;\"><a href=\"https:\/\/azzk.me\/wp-content\/uploads\/2025\/12\/CONNING-COMPANY-MGG-Investment-Group-14.05.2025.pdf\">CONNING &amp; COMPANY &#8211; MGG Investment Group (14.05.2025)<\/a><\/p><p style=\"text-align: center;\"><a href=\"https:\/\/azzk.me\/wp-content\/uploads\/2025\/12\/MVM-Energetika-E.ON-ENERGIE-ROMANIA-E.ON-ASIST-COMPLET-S.A.-28.05.2025.pdf\">MVM Energetika &#8211; E.ON ENERGIE ROMANIA, E.ON ASIST COMPLET S.A. (28.05.2025)<\/a><\/p><p style=\"text-align: center;\"><a href=\"https:\/\/azzk.me\/wp-content\/uploads\/2025\/12\/Odine-Solution-Teknoloji-Ticaret-Logate-d.o.o.28.05.2025.pdf\">Odine Solution Teknoloji Ticaret-Logate d.o.o.(28.05.2025)<\/a><\/p><p style=\"text-align: center;\"><a href=\"https:\/\/azzk.me\/wp-content\/uploads\/2025\/12\/Valtech-SE-Valtech-Mobility-GmbH-28.05.2025.pdf\">Valtech SE &#8211; Valtech Mobility GmbH (28.05.2025)<\/a><\/p><p style=\"text-align: center;\"><a href=\"https:\/\/azzk.me\/wp-content\/uploads\/2025\/07\/Orvas-Ture-10.06.-2025.pdf\">Orvas-Ture (10.06. 2025)<\/a><\/p><p style=\"text-align: center;\"><a href=\"https:\/\/azzk.me\/wp-content\/uploads\/2025\/07\/Orvas-Kanarija-10.06.2025.pdf\">Orvas-Kanarija (10.06.2025)<\/a><\/p><p style=\"text-align: center;\"><a href=\"https:\/\/azzk.me\/wp-content\/uploads\/2025\/07\/KFP-CONTALL-10.06.2025.pdf\">KFP-CONTALL (10.06.2025)<\/a><\/p><p style=\"text-align: center;\"><a href=\"https:\/\/azzk.me\/wp-content\/uploads\/2025\/07\/MKG-Properties-CVC-10.06.2025.pdf\">MKG Properties &#8211; CVC (10.06.2025)<\/a><\/p><p style=\"text-align: center;\"><a href=\"https:\/\/azzk.me\/wp-content\/uploads\/2025\/07\/PERUTNINA-PTUJ-U.V.E.-10.06.2025.pdf\">PERUTNINA PTUJ- U.V.E. (10.06.2025)<\/a><\/p><p style=\"text-align: center;\"><a href=\"https:\/\/azzk.me\/wp-content\/uploads\/2025\/12\/Alpe-V-Veterinarska-postaja-Smarje-pri-Jelsah-d.o.o.-Sanovet-19.06.2025.pdf\">Alpe V, Veterinarska postaja \u0160marje pri Jel\u0161ah d.o.o. &#8211; Sanovet (19.06.2025)<\/a><\/p><p style=\"text-align: center;\"><a href=\"https:\/\/azzk.me\/wp-content\/uploads\/2025\/07\/Margis-3K-IT-02.07.2025.pdf\">Margis &#8211; 3K IT (02.07.2025)<\/a><\/p><p style=\"text-align: center;\"><a href=\"https:\/\/azzk.me\/wp-content\/uploads\/2025\/07\/Ema-Zeta-Urion-02.07.2025.pdf\">Ema Zeta-Urion (02.07.2025)<\/a><\/p><p style=\"text-align: center;\"><a href=\"https:\/\/azzk.me\/wp-content\/uploads\/2025\/07\/Enna-Solar-PVP-02.07.2025.pdf\">Enna Solar &#8211; PVP (02.07.2025)<\/a><\/p><p style=\"text-align: center;\"><a href=\"https:\/\/azzk.me\/wp-content\/uploads\/2025\/07\/MKG-PROPERTIES-LTD-AGNS-INVEST-DOO-25.07.2025.pdf\">MKG PROPERTIES LTD &#8211; AGNS INVEST DOO (25.07.2025)<\/a><\/p><p style=\"text-align: center;\"><a href=\"https:\/\/azzk.me\/wp-content\/uploads\/2025\/07\/cosnova-Beauty-GmbH-VM2-Cosmetics-25.07.2025.pdf\">cosnova Beauty GmbH-VM2 Cosmetics (25.07.2025)<\/a><\/p><p style=\"text-align: center;\"><a href=\"https:\/\/azzk.me\/wp-content\/uploads\/2025\/09\/Alfi-Panarganix-31.07.2025.pdf\">Alfi-Panarganix (31.07.2025)<\/a><\/p><p style=\"text-align: center;\"><a href=\"https:\/\/azzk.me\/wp-content\/uploads\/2025\/09\/Telekom-Srbija-Intercom-Computers-31.07.2025.pdf\">Telekom Srbija &#8211; Intercom Computers (31.07.2025)<\/a><\/p><p style=\"text-align: center;\"><a href=\"https:\/\/azzk.me\/wp-content\/uploads\/2025\/09\/Xenergy-Dalibor-Markovic-Ivan-Jovanov-i-Nikola-Radulovic-Novitas-31.07.2025.pdf\">Xenergy, Dalibor Markovi\u0107, Ivan Jovanov i Nikola Radulovi\u0107-Novitas (31.07.2025)<\/a><\/p><p style=\"text-align: center;\"><a href=\"https:\/\/azzk.me\/wp-content\/uploads\/2025\/09\/Erste-Group-Bank-AG-Santander-Bank-31.07.2025.pdf\">Erste Group Bank AG- Santander Bank (31.07.2025)<\/a><\/p><p style=\"text-align: center;\"><a href=\"https:\/\/azzk.me\/wp-content\/uploads\/2025\/09\/Tonnies-International-Management-GmbH-IFF-Ventures-GmbH-Co.-KG-08.09.2025.pdf\">T\u00f6nnies International Management GmbH-IFF Ventures GmbH &amp; Co. KG (08.09.2025)<\/a><\/p><p style=\"text-align: center;\"><a href=\"https:\/\/azzk.me\/wp-content\/uploads\/2025\/09\/Yukon-Niebieski-Kapital-B.V-Adam-Goral-Fundacja-Rodzinna-Asseco-Poland-S.A.-08.09.2025.pdf\">Yukon Niebieski Kapital B.V, Adam Goral Fundacja Rodzinna-Asseco Poland S.A. (08.09.2025)<\/a><\/p><p style=\"text-align: center;\"><a href=\"https:\/\/azzk.me\/wp-content\/uploads\/2025\/09\/Gen-energija-Gorenjske-Elektrarne-08.09.2025.pdf\">Gen energija-Gorenjske Elektrarne (08.09.2025)<\/a><\/p><p style=\"text-align: center;\"><a href=\"https:\/\/azzk.me\/wp-content\/uploads\/2025\/09\/AGRANA-Beteiligungs-Aktiengesellschaft-AUSTRIA-JUICE-GmbH-08.09.2025.pdf\">AGRANA Beteiligungs-Aktiengesellschaft-AUSTRIA JUICE GmbH (08.09.2025)<\/a><\/p><p style=\"text-align: center;\"><a href=\"https:\/\/azzk.me\/wp-content\/uploads\/2025\/09\/MVM-Energetika-Energotehnika-Juzna-Backa-Novi-Sad-ELEKTROMONTAZA-D.O.O.-Kraljevo-26.08.2025.pdf\">MVM Energetika &#8211; Energotehnika-Ju\u017ena Ba\u010dka Novi Sad &#8211; ELEKTROMONTA\u017dA D.O.O. Kraljevo (26.08.2025)<\/a><\/p><p style=\"text-align: center;\"><a href=\"https:\/\/azzk.me\/wp-content\/uploads\/2025\/09\/Alpe-Health-Origo-Zdravlje-26.08.2025.pdf\">Alpe Health-Origo Zdravlje (26.08.2025)<\/a><\/p><p style=\"text-align: center;\"><a href=\"https:\/\/azzk.me\/wp-content\/uploads\/2025\/09\/Telekom-Srbija-Orion-26.08.2025.pdf\">Telekom Srbija &#8211; Orion (26.08.2025)<\/a><\/p><p style=\"text-align: center;\"><a href=\"https:\/\/azzk.me\/wp-content\/uploads\/2025\/09\/NLB-Skladi-RESALTA-gradsko-osvetljenje-i-energetska-obnova-zgrada-d.o.o.-Beograd-RESALTA-drustvo-sa-energetske-usluge-d.o.o.-Beograd-Stari-Grad-26.08.2025.pdf\">NLB Skladi &#8211; RESALTA gradsko osvetljenje i energetska obnova zgrada d.o.o. Beograd-RESALTA dru\u0161tvo sa energetske usluge d.o.o. Beograd- Stari Grad (26.08.2025)<\/a><\/p><p style=\"text-align: center;\"><a href=\"https:\/\/azzk.me\/wp-content\/uploads\/2025\/09\/Telekom-Srbija-Beotelnet-26.08.2025.pdf\">Telekom Srbija &#8211; Beotelnet (26.08.2025)<\/a><\/p><p style=\"text-align: center;\"><a href=\"https:\/\/azzk.me\/wp-content\/uploads\/2025\/10\/Advance-Fashion-Group-Sasa-Apostolovski-Ponds-22.09.2025.pdf\">Advance Fashion Group, Sa\u0161a Apostolovski &#8211; Ponds (22.09.2025)<\/a><\/p><p style=\"text-align: center;\"><a href=\"https:\/\/azzk.me\/wp-content\/uploads\/2025\/10\/Elemental.TV-TVizio-BG-\u0415OOD-22.09.2025.pdf\">Elemental.TV &#8211; TVizio BG \u0415OOD (22.09.2025)<\/a><\/p><p style=\"text-align: center;\"><a href=\"https:\/\/azzk.me\/wp-content\/uploads\/2025\/10\/4iG-Tavkozlesi-Holding-Netfone-Telecom-22.09.2025.pdf\">4iG T\u00e1vk\u00f6zl\u00e9si Holding &#8211; Netfone Telecom (22.09.2025)<\/a><\/p><p style=\"text-align: center;\"><a href=\"https:\/\/azzk.me\/wp-content\/uploads\/2025\/10\/Agroglobe-Spuski-mlin-1952-22.09.2025.pdf\">Agroglobe &#8211; Spu\u0161ki mlin 1952 (22.09.2025)<\/a><\/p><p style=\"text-align: center;\"><a href=\"https:\/\/azzk.me\/wp-content\/uploads\/2025\/10\/Jugopetrol-POP-MNE-doo-03.10.2025.pdf\">Jugopetrol-POP MNE doo (03.10.2025)<\/a><\/p><p style=\"text-align: center;\"><a href=\"https:\/\/azzk.me\/wp-content\/uploads\/2025\/10\/Telekom-Srbija-AD-MSAT-Inzenjering-doo-03.10.2025.pdf\">Telekom Srbija AD &#8211; MSAT In\u017eenjering doo (03.10.2025)<\/a><\/p><p style=\"text-align: center;\"><a href=\"https:\/\/azzk.me\/wp-content\/uploads\/2025\/10\/Telekom-Srbija-AD-Link-016-doo-03.10.2025.pdf\">Telekom Srbija AD &#8211; Link 016 doo (03.10.2025)<\/a><\/p><p style=\"text-align: center;\"><a href=\"https:\/\/azzk.me\/wp-content\/uploads\/2025\/12\/Telekom-Srbija-NOVA-TELNET-17.10.2025.pdf\">Telekom Srbija &#8211; NOVA TELNET (17.10.2025)<\/a><\/p><p style=\"text-align: center;\"><a href=\"https:\/\/azzk.me\/wp-content\/uploads\/2025\/12\/Generali-Hellas-Insurance-S.A.-Euroclinic-Athens-S.A.-Euroclinic-Simeio-Euronia-Single-17.10.2025.pdf\">Generali Hellas Insurance S.A. &#8211; Euroclinic Athens S.A., Euroclinic &#8211; Simeio, Euronia Single (17.10.2025)<\/a><\/p><p style=\"text-align: center;\"><a href=\"https:\/\/azzk.me\/wp-content\/uploads\/2025\/11\/Atlantic-Droga-Kolinska-OSEM-podjetje-za-proizvodnjo-29.10.2025.pdf\">Atlantic Droga Kolinska &#8211; OSEM podjetje za proizvodnjo (29.10.2025)<\/a><\/p><p style=\"text-align: center;\"><a href=\"https:\/\/azzk.me\/wp-content\/uploads\/2025\/11\/YUHOR-EXPORT-d.o.o.-FOOD-STAR-PLUS-d.o.o.-29.10.2025.pdf\">YUHOR-EXPORT d.o.o. &#8211; FOOD STAR PLUS d.o.o. (29.10.2025)<\/a><\/p><p style=\"text-align: center;\"><a href=\"https:\/\/azzk.me\/wp-content\/uploads\/2025\/11\/AEON-DIGITAL-GROUP-IT-INVEST-MIKROCOP-29.10.2025.pdf\">AEON DIGITAL GROUP &#8211; IT INVEST, MIKROCOP (29.10.2025)<\/a><\/p><p style=\"text-align: center;\"><a href=\"https:\/\/azzk.me\/wp-content\/uploads\/2025\/11\/Erste-Group-Bank-AG-Global-Payments-Inc.-ERSTE-CARD-CLUB-29.10.2025.pdf\">Erste Group Bank AG, Global Payments Inc. &#8211; ERSTE CARD CLUB (29.10.2025)<\/a><\/p><p style=\"text-align: center;\"><a href=\"https:\/\/azzk.me\/wp-content\/uploads\/2025\/11\/MKG-PROPERTIES-LTD-TERRAMONA-HOLDINGS-LIMITED-BATTING-LIMITED-29.10.2025.pdf\">MKG PROPERTIES LTD, TERRAMONA HOLDINGS LIMITED &#8211; BATTING LIMITED (29.10.2025)<\/a><\/p><p style=\"text-align: center;\"><a href=\"https:\/\/azzk.me\/wp-content\/uploads\/2025\/11\/AGRANA-Beteiligungs-Aktiengesellschaft-Mercator-Emba-29.10.2025.pdf\">AGRANA Beteiligungs-Aktiengesellschaft &#8211; Mercator-Emba (29.10.2025)<\/a><\/p><p style=\"text-align: center;\"><a href=\"https:\/\/azzk.me\/wp-content\/uploads\/2025\/11\/Telekom-Srbija-AD-KDS-NET-29.10.2025.pdf\">Telekom Srbija AD &#8211; KDS-NET (29.10.2025)<\/a><\/p><p style=\"text-align: center;\"><a href=\"https:\/\/azzk.me\/wp-content\/uploads\/2025\/12\/Dragan-Janjevic-i-Zoran-Bulatovic-Balkan-Master-Montenegro-12.11.2025.pdf\">Dragan Janjevi\u0107 i Zoran Bulatovi\u0107 &#8211; Balkan Master Montenegro (12.11.2025)<\/a><\/p><p style=\"text-align: center;\"><a href=\"https:\/\/azzk.me\/wp-content\/uploads\/2025\/12\/HIFA-OIL-CG-Nikola-Mrkic-12.11.2025.pdf\">HIFA OIL CG &#8211; Nikola Mrki\u0107 (12.11.2025)<\/a><\/p><p style=\"text-align: center;\"><a href=\"https:\/\/azzk.me\/wp-content\/uploads\/2025\/12\/UNIJA-HOLDING-INTERNATIONAL-EKONOMIK-ACCOUNTANTS-12.11.2025.pdf\">UNIJA HOLDING INTERNATIONAL &#8211; EKONOMIK ACCOUNTANTS (12.11.2025)<\/a><\/p><p style=\"text-align: center;\"><a href=\"https:\/\/azzk.me\/wp-content\/uploads\/2025\/12\/HTL-Montenegro-Premium-Bussines-Montengro-Five-Assets-Holdings-Filip-Patkovic-JV-12.11.2025.pdf\">HTL Montenegro &#8211; Premium Bussines Montengro, Five Assets Holdings, Filip Patkovi\u0107 (JV) (12.11.2025)<\/a><\/p><p style=\"text-align: center;\"><a href=\"https:\/\/azzk.me\/wp-content\/uploads\/2025\/12\/Telekom-Srbija-AD-TTTV-ELEKTRO-KDS-DOO-12.11.2025.pdf\">Telekom Srbija AD &#8211; TTTV ELEKTRO KDS DOO (12.11.2025)<\/a><\/p><p style=\"text-align: center;\"><a href=\"https:\/\/azzk.me\/wp-content\/uploads\/2025\/12\/Telekom-Srbija-AD-KATV-DOO-12.11.2025.pdf\">Telekom Srbija AD &#8211; KATV DOO (12.11.2025)<\/a><\/p><p style=\"text-align: center;\"><a href=\"https:\/\/azzk.me\/wp-content\/uploads\/2025\/12\/INA-CRNA-GORA-D.O.O.-PETROL-TANK-D.O.O.-12.11.2025.docx\">INA &#8211; CRNA GORA D.O.O. &#8211; PETROL TANK D.O.O. (12.11.2025)<\/a><\/p><p style=\"text-align: center;\"><a href=\"https:\/\/azzk.me\/wp-content\/uploads\/2025\/12\/Bonafarm-Zrt-FrieslandCampina-Romania-Holding-B.V.-27.11.2025.pdf\">Bonafarm Zrt &#8211; FrieslandCampina Romania Holding B.V. (27.11.2025)<\/a><\/p><p style=\"text-align: center;\"><a href=\"https:\/\/azzk.me\/wp-content\/uploads\/2025\/12\/Alfi-Canada-INC-Alfi-M1-Merkur-trgovina-Merkur-energija-27.11.2025.pdf\">Alfi, Canada INC &#8211; Alfi M1, Merkur trgovina, Merkur energija (27.11.2025)<\/a><\/p><p style=\"text-align: center;\"><a href=\"https:\/\/azzk.me\/wp-content\/uploads\/2025\/12\/4iG-SDT-EGY-Raba-Jarmuipari-Holding-27.11.2025.pdf\">4iG SDT EGY &#8211; R\u00e1ba J\u00e1rm\u0171ipari Holding (27.11.2025)<\/a><\/p><p style=\"text-align: center;\"><a href=\"https:\/\/azzk.me\/wp-content\/uploads\/2025\/12\/GALENIKA-A.D.-Beograd-Sanofarm-d.o.o.-27.11.2025.pdf\">GALENIKA A.D. Beograd &#8211; Sanofarm d.o.o. (27.11.2025)<\/a><\/p><p style=\"text-align: center;\"><a href=\"https:\/\/azzk.me\/wp-content\/uploads\/2025\/12\/Fortuna-Entertainment-Group-International-LOB-COMMPANY-27.11.2025.pdf\">Fortuna Entertainment Group International &#8211; LOB COMMPANY (27.11.2025)<\/a><\/p><p style=\"text-align: center;\"><a href=\"https:\/\/azzk.me\/wp-content\/uploads\/2025\/12\/Orbico-Sportstyle-imovina-Dockers-09.12.2025.pdf\">Orbico Sportstyle-imovina Dockers (09.12.2025)<\/a><\/p><p style=\"text-align: center;\"><a href=\"https:\/\/azzk.me\/wp-content\/uploads\/2025\/12\/CEZ-British-Columbia-Investment-Management-Corporation-Gas-Distribution-09.12.2025.pdf\">\u010cEZ, British Columbia Investment Management Corporation &#8211; Gas Distribution (09.12.2025)<\/a><\/p><p style=\"text-align: center;\"><a href=\"https:\/\/azzk.me\/wp-content\/uploads\/2026\/01\/Digital-Infrastructure-Holdings-Ltd-NEW-TOWERS-d.o.o.-Beograd-NEW-TOWERS-d.o.o.-Podgorica-16.12.2025.pdf\">Digital Infrastructure Holdings Ltd &#8211; NEW TOWERS d.o.o. Beograd, NEW TOWERS d.o.o. Podgorica (16.12.2025)<\/a><\/p><p style=\"text-align: center;\"><a href=\"https:\/\/azzk.me\/wp-content\/uploads\/2026\/01\/NLB-Skladi-Zeleni-prehod-I-A-RESALTA-DRUZBA-ZA-UPRAVLJANJE-ENERGETSKIH-STORITEV-RESALTA-drustvo-s-ogranicenom-odgovornoscu-za-savjetovanje-i-usluge-Resalta-Czech-Republic-RES-ERP-16.12.2025.pdf\">NLB Skladi Zeleni prehod I A &#8211; RESALTA DRU\u017dBA ZA UPRAVLJANJE ENERGETSKIH STORITEV, RESALTA dru\u0161tvo s ograni\u010denom odgovorno\u0161\u0107u za savjetovanje i usluge, Resalta Czech Republic, RES ERP (16.12.2025)<\/a><\/p><p style=\"text-align: center;\"><a href=\"https:\/\/azzk.me\/wp-content\/uploads\/2026\/01\/GEN-I-SONCE-FV-PLANT-2-25.12.2025.pdf\">GEN-I SONCE &#8211; FV PLANT 2 (25.12.2025)<\/a><\/p><p style=\"text-align: center;\"><a href=\"https:\/\/azzk.me\/wp-content\/uploads\/2026\/01\/Telekomunikacije-Republike-Srpske-KTV-E-G-E-d.o.o.-Doboj-Jug-25.12.2025.pdf\">Telekomunikacije Republike Srpske &#8211; KTV E-G-E\u201c d.o.o. Doboj Jug (25.12.2025)<\/a><\/p><p style=\"text-align: center;\"><a href=\"https:\/\/azzk.me\/wp-content\/uploads\/2026\/01\/Expo-Commerce-Koti-trgovina-30.12.2025.pdf\">Expo Commerce-Koti trgovina (30.12.2025)<\/a><\/p><p style=\"text-align: center;\"><a href=\"https:\/\/azzk.me\/wp-content\/uploads\/2026\/01\/Zetagradnja-Lovcen-banka-AD-Podgorica-30.12.2025.pdf\">Zetagradnja- Lov\u0107en banka AD Podgorica (30.12.2025)<\/a><\/p>\t\t\t\t\t\t\t\t<\/div>\n\t\t\t\t\t<\/div>\n\t\t\t\t<\/div>\n\t\t\t\t<\/div>\n\t\t","protected":false},"excerpt":{"rendered":"<p>\u00a0 NLB Car&amp;Go &#8211; Platforma DoberAvto.si (24.01.2025) \u010cEZ, Holdings B.V. &#8211; Rolls-Royce SMR Limited (24.01.2025) Mainstream informacijske tehnologije Ljubljana &#8211; HC Center doo Ljubljana (04.02.2025) Hemofarm Vr\u0161ac &#8211; Premium Pharma doo (04.02.2025) N Sport doo Beograd &#8211; Intersport S Trgovina doo Beograd (13.02.2025) SAV 92 doo &#8211; Orbico Ukrajina (13.02.2025) Ingredion Germany GmbH i Agrana [&hellip;]<\/p>\n","protected":false},"author":1,"featured_media":0,"parent":0,"menu_order":0,"comment_status":"closed","ping_status":"closed","template":"","meta":{"footnotes":""},"class_list":["post-12348","page","type-page","status-publish","hentry"],"_links":{"self":[{"href":"https:\/\/azzk.me\/en\/wp-json\/wp\/v2\/pages\/12348","targetHints":{"allow":["GET"]}}],"collection":[{"href":"https:\/\/azzk.me\/en\/wp-json\/wp\/v2\/pages"}],"about":[{"href":"https:\/\/azzk.me\/en\/wp-json\/wp\/v2\/types\/page"}],"author":[{"embeddable":true,"href":"https:\/\/azzk.me\/en\/wp-json\/wp\/v2\/users\/1"}],"replies":[{"embeddable":true,"href":"https:\/\/azzk.me\/en\/wp-json\/wp\/v2\/comments?post=12348"}],"version-history":[{"count":101,"href":"https:\/\/azzk.me\/en\/wp-json\/wp\/v2\/pages\/12348\/revisions"}],"predecessor-version":[{"id":13741,"href":"https:\/\/azzk.me\/en\/wp-json\/wp\/v2\/pages\/12348\/revisions\/13741"}],"wp:attachment":[{"href":"https:\/\/azzk.me\/en\/wp-json\/wp\/v2\/media?parent=12348"}],"curies":[{"name":"wp","href":"https:\/\/api.w.org\/{rel}","templated":true}]}}