{"id":12364,"date":"2025-01-17T08:25:08","date_gmt":"2025-01-17T08:25:08","guid":{"rendered":"https:\/\/azzk.me\/?page_id=12364"},"modified":"2026-01-28T20:23:41","modified_gmt":"2026-01-28T20:23:41","slug":"rjesenja-drzavna-pomoc-2025","status":"publish","type":"page","link":"https:\/\/azzk.me\/en\/rjesenja-drzavna-pomoc-2025\/","title":{"rendered":"Rjesenja drzavna pomoc 2025"},"content":{"rendered":"\t\t<div data-elementor-type=\"wp-page\" data-elementor-id=\"12364\" class=\"elementor elementor-12364\" data-elementor-post-type=\"page\">\n\t\t\t\t<div class=\"elementor-element elementor-element-5344424 e-flex e-con-boxed e-con e-parent\" data-id=\"5344424\" data-element_type=\"container\" data-e-type=\"container\">\n\t\t\t\t\t<div class=\"e-con-inner\">\n\t\t<div class=\"elementor-element elementor-element-e11d534 e-con-full e-flex e-con e-child\" data-id=\"e11d534\" data-element_type=\"container\" data-e-type=\"container\">\n\t\t\r\n\t\t<div class=\"elementor-element elementor-element-600535d elementor-widget__width-initial elementor-widget elementor-widget-text-editor\" data-id=\"600535d\" data-element_type=\"widget\" data-e-type=\"widget\" data-widget_type=\"text-editor.default\">\n\t\t\t\t\t\t\t\t\t<h4 style=\"text-align: center;\"><strong>POKRENUTI POSTUPCI<\/strong><\/h4><p style=\"text-align: center;\"><a href=\"https:\/\/azzk.me\/wp-content\/uploads\/2025\/08\/Ministarstvo-finansija-Montenegro-Works-25.07.2025.pdf\">Ministarstvo finansija-Montenegro Works (25.07.2025)<\/a><\/p><p style=\"text-align: center;\"><a href=\"https:\/\/azzk.me\/wp-content\/uploads\/2025\/10\/Ministarstvo-odbrane-finansiranje-sportskih-organizacija-08.09.2025.pdf\">Ministarstvo odbrane &#8211; finansiranje sportskih organizacija (08.09.2025)<\/a><\/p><h5><strong>\u00a0<\/strong><\/h5>\t\t\t\t\t\t\t\t<\/div>\n\t\t\t\t<\/div>\n\t\t<div class=\"elementor-element elementor-element-6854652 e-con-full e-flex e-con e-child\" data-id=\"6854652\" data-element_type=\"container\" data-e-type=\"container\">\n\t\t\t\t<div class=\"elementor-element elementor-element-a01ffe8 elementor-widget elementor-widget-text-editor\" data-id=\"a01ffe8\" data-element_type=\"widget\" data-e-type=\"widget\" data-widget_type=\"text-editor.default\">\n\t\t\t\t\t\t\t\t\t<h4 style=\"text-align: center;\">RJE\u0160ENJA<\/h4><p style=\"text-align: center;\"><a href=\"https:\/\/azzk.me\/wp-content\/uploads\/2025\/02\/Ministarstvo-turizma-Program-za-podsticanje-razvoja-poslovanja-skijalista-u-Crnoj-Gori-za-2024-2025.-godinu-24.01.2025.pdf\">Ministarstvo turizma &#8211; Program za podsticanje razvoja poslovanja skijali\u0161ta u Crnoj Gori za 2024-2025. godinu (24.01.2025)<\/a><\/p><p style=\"text-align: center;\"><a href=\"https:\/\/azzk.me\/wp-content\/uploads\/2025\/02\/Ministarstvo-prosvjete-nauke-i-inovacija-Predlog-Zakona-o-podsticajnim-mjerama-za-razvoj-istrazivanja-i-inovacija-24.01.2025.pdf\">Ministarstvo prosvjete nauke i inovacija &#8211; Predlog Zakona o podsticajnim mjerama za razvoj istra\u017eivanja i inovacija (24.01.2025)<\/a><\/p><p style=\"text-align: center;\"><a href=\"https:\/\/azzk.me\/wp-content\/uploads\/2025\/02\/Agencija-za-audiovizuelne-medijske-usluge-Predlog-Pravilnika-o-raspodjeli-sredstava-iz-Fonda-za-podsticanje-pluralizma-i-raznovrsnosti-medija-namijenjenih-pruzaocima-linearnih-AVM-usluga-24.01.2025.pdf\">Agencija za audiovizuelne medijske usluge &#8211; Predlog Pravilnika o raspodjeli sredstava iz Fonda za podsticanje pluralizma i raznovrsnosti medija namijenjenih pru\u017eaocima linearnih AVM usluga (24.01.2025)<\/a><\/p><p style=\"text-align: center;\"><a href=\"https:\/\/azzk.me\/wp-content\/uploads\/2025\/02\/Ministarstvo-prosvjete-nauke-i-inovacija-Predlog-zakona-o-izmjenama-i-dopunama-Zakona-o-inovacionoj-djelatnosti-04.02.2025.pdf\">Ministarstvo prosvjete, nauke i inovacija &#8211; Predlog zakona o izmjenama i dopunama Zakona o inovacionoj djelatnosti (04.02.2025)<\/a><\/p><p style=\"text-align: center;\"><a href=\"https:\/\/azzk.me\/wp-content\/uploads\/2025\/02\/Razvojna-banka-Crne-Gore-Poslovna-politika-Razvojne-banke-Crne-Gore-04.02.2025.pdf\">Razvojna banka Crne Gore &#8211; Poslovna politika Razvojne banke Crne Gore (04.02.2025)<\/a><\/p><p style=\"text-align: center;\"><a href=\"https:\/\/azzk.me\/wp-content\/uploads\/2025\/02\/Ministarstvo-prosvjete-nauke-i-inovacija-Predlog-zakona-o-naucnoistrazivackoj-djelatnosti-04.02.2025.pdf\">Ministarstvo prosvjete, nauke i inovacija &#8211; Predlog zakona o nau\u010dnoistra\u017eiva\u010dkoj djelatnosti (04.02.2025)<\/a><\/p><p style=\"text-align: center;\"><a href=\"https:\/\/azzk.me\/wp-content\/uploads\/2025\/03\/Ministarstvo-ekonomskog-razvoja-Predlog-zakona-o-kreditno-garantnom-fondu-Crne-Gore-25.02.2025.pdf\">Ministarstvo ekonomskog razvoja &#8211; Predlog zakona o kreditno-garantnom fondu Crne Gore (25.02.2025)<\/a><\/p><p style=\"text-align: center;\"><a href=\"https:\/\/azzk.me\/wp-content\/uploads\/2025\/03\/Opstina-Mojkovac-12.03.2025-2.pdf\">Op\u0161tina Mojkovac (12.03.2025)<\/a><\/p><p style=\"text-align: center;\"><a href=\"https:\/\/azzk.me\/wp-content\/uploads\/2025\/03\/Sekretarijat-za-preduzetnistvo-opstine-Bijelo-Polje-Lokalni-energetski-plan-opstine-Bijelo-Polje12.03.2025-2.pdf\">Sekretarijat za preduzetni\u0161tvo op\u0161tine Bijelo Polje &#8211; Lokalni energetski plan op\u0161tine Bijelo Polje (12.03.2025)<\/a><\/p><p style=\"text-align: center;\"><a href=\"https:\/\/azzk.me\/wp-content\/uploads\/2025\/03\/Ministarstvo-turizma-HTP-Ulcinjska-rivijera-AD-Ulcinj-12.03.2025-2.pdf\">Ministarstvo turizma-HTP Ulcinjska rivijera AD Ulcinj (12.03.2025)<\/a><\/p><p style=\"text-align: center;\"><a href=\"https:\/\/azzk.me\/wp-content\/uploads\/2025\/03\/Ministarstva-zdravlja-Institut-Simo-Milosevic-12.03.2025-1.pdf\">Ministarstva zdravlja &#8211; Institut Simo Milo\u0161evi\u0107 (12.03.2025)<\/a><\/p><p style=\"text-align: center;\"><a href=\"https:\/\/azzk.me\/wp-content\/uploads\/2025\/04\/JU-Filmski-centar-Crne-Gore-Predlog-programa-drzavne-pomoci-za-sufinansiranje-proizvodnje-kinematografskih-djela-za-2025.-godinu-31.03.2025.pdf\">JU Filmski centar Crne Gore &#8211; Predlog programa dr\u017eavne pomo\u0107i za sufinansiranje proizvodnje kinematografskih djela za 2025. godinu (31.03.2025)<\/a><\/p><p style=\"text-align: center;\"><a href=\"https:\/\/azzk.me\/wp-content\/uploads\/2025\/04\/Ministarstvo-kulture-i-medija-Predlog-zakona-o-izmjenama-i-dopunama-Zakona-o-audiovizuelnim-medijskim-uslugama-16.04.2025.pdf\">Ministarstvo kulture i medija &#8211; Predlog zakona o izmjenama i dopunama Zakona o audiovizuelnim medijskim uslugama (16.04.2025)<\/a><\/p><p style=\"text-align: center;\"><a href=\"https:\/\/azzk.me\/wp-content\/uploads\/2025\/05\/Ministarstvo-zdravlja-Plan-restrukturiranja-instituta-Dr-Simo-Milosevic-14.05.2025.pdf\">Ministarstvo zdravlja &#8211; Plan restrukturiranja instituta Dr Simo Milo\u0161evi\u0107 (14.05.2025)<\/a><\/p><p style=\"text-align: center;\"><a href=\"https:\/\/azzk.me\/wp-content\/uploads\/2025\/06\/Fond-za-zastitu-zivotne-sredine-Javni-konkurs-za-dodjelu-bespovratnih-sredstava-fizickim-licima-za-ulaganje-u-poboljsanje-energetske-efikasnosti-objekata-i-obnovljivih-izvora-energije-28.05.2025-1.pdf\">Fond za za\u0161titu \u017eivotne sredine &#8211; Javni konkurs za dodjelu bespovratnih sredstava fizi\u010dkim licima, za ulaganje u pobolj\u0161anje energetske efikasnosti objekata i obnovljivih izvora energije (28.05.2025)<\/a><\/p><p style=\"text-align: center;\"><a href=\"https:\/\/azzk.me\/wp-content\/uploads\/2025\/12\/Ministarstvo-poljoprivrede-sumarstva-i-vodoprivrede-Predlog-Zakona-o-sprovodenju-mjera-podrske-poljoprivredne-politike-politike-ruralnog-razvoja-i-politike-ribarstva-19.06.2025.pdf\">Ministarstvo poljoprivrede, \u0161umarstva i vodoprivrede &#8211; Predlog Zakona o sprovo\u0111enju mjera podr\u0161ke poljoprivredne politike, politike ruralnog razvoja i politike ribarstva (19.06.2025)<\/a><\/p><p style=\"text-align: center;\"><a href=\"https:\/\/azzk.me\/wp-content\/uploads\/2025\/09\/Ministarstvo-saobracaja-i-Ministarstvo-finansija-Drustvo-sa-ogranicenom-odgovornoscu-\u201eMonte-put-Podgorica-22.09.2025.pdf\">Ministarstvo saobra\u0107aja i Ministarstvo finansija &#8211; Dru\u0161tvo sa ograni\u010denom odgovorno\u0161\u0107u \u201eMonte put\u201c &#8211; Podgorica (22.09.2025)<\/a><\/p><p style=\"text-align: center;\"><a href=\"https:\/\/azzk.me\/wp-content\/uploads\/2025\/10\/Fond-za-zastitu-zivotne-sredine-Javni-konkurs-za-dodjelu-bespovratnih-finansijskih-sredstava-nevladinim-organizacijama-22.09.2025.pdf\">Fond za za\u0161titu \u017eivotne sredine &#8211; Javni konkurs za dodjelu bespovratnih finansijskih sredstava nevladinim organizacijama (22.09.2025)<\/a><\/p><p style=\"text-align: center;\"><a href=\"https:\/\/azzk.me\/wp-content\/uploads\/2025\/11\/Ministarstvo-turizma-VII-Wild-Beauty-Art-festival-2025-22.09.2025.pdf\">Ministarstvo turizma &#8211; VII Wild Beauty Art festival 2025 (22.09.2025)<\/a><\/p><p style=\"text-align: center;\"><a href=\"https:\/\/azzk.me\/wp-content\/uploads\/2025\/10\/Ministarstvo-turizma-Lake-Fest-03.10.2025.pdf\">Ministarstvo turizma &#8211; Lake Fest (03.10.2025)<\/a><\/p><p style=\"text-align: center;\"><a href=\"https:\/\/azzk.me\/wp-content\/uploads\/2025\/11\/Ministarstvo-turizma-Kolasin-1600-17.10.2025.pdf\">Ministarstvo turizma &#8211; Kola\u0161in 1600 (17.10.2025)<\/a><\/p><p style=\"text-align: center;\"><a href=\"https:\/\/azzk.me\/wp-content\/uploads\/2025\/11\/Ministarstvo-prosvjete-nauke-i-inovacija-Program-za-sticanje-statusa-korisnika-podsticajnih-mjera-29.10.2025.pdf\">Ministarstvo prosvjete nauke i inovacija &#8211; Program za sticanje statusa korisnika podsticajnih mjera (29.10.2025)<\/a><\/p><p style=\"text-align: center;\"><a href=\"https:\/\/azzk.me\/wp-content\/uploads\/2025\/12\/Ministarstvo-energetike-i-rudarstva-CGES-09.12.2025.pdf\">Ministarstvo energetike i rudarstva &#8211; CGES (09.12.2025)<\/a><\/p><p style=\"text-align: center;\"><a href=\"https:\/\/azzk.me\/wp-content\/uploads\/2026\/01\/Ministarstvo-finansija-Predlog-zakona-o-reprogramu-poreskog-potrazivanja-09.12.2025-1.pdf\">Ministarstvo finansija &#8211; Predlog zakona o reprogramu poreskog potra\u017eivanja (09.12.2025)<\/a><\/p><p style=\"text-align: center;\"><a href=\"https:\/\/azzk.me\/wp-content\/uploads\/2026\/01\/Opstina-Bar-Luka-Bar-AD-16.12.2025.pdf\">Op\u0161tina Bar &#8211; Luka Bar AD (16.12.2025)<\/a><\/p><p style=\"text-align: center;\"><a href=\"https:\/\/azzk.me\/wp-content\/uploads\/2025\/12\/Ministarstvo-turizma-Skijalista-Crne-Gore-25.12.2025.pdf\">Ministarstvo turizma &#8211; Skijali\u0161ta Crne Gore (25.12.2025)<\/a><\/p><p style=\"text-align: center;\"><a href=\"https:\/\/azzk.me\/wp-content\/uploads\/2025\/12\/Razvojna-banka-Crne-Gore-Poslovna-politika-Razvojne-banke-Crne-Gore-25.12.2025.pdf\">Razvojna banka Crne Gore &#8211; Poslovna politika Razvojne banke Crne Gore (25.12.2025)<\/a><\/p><p style=\"text-align: center;\"><a href=\"https:\/\/azzk.me\/wp-content\/uploads\/2025\/12\/Ministarstvo-prosvjete-nauke-i-inovacija-Predlog-progarama-za-sticanje-statusa-korisnika-podsticajnih-mjera-30.12.2025.pdf\">Ministarstvo prosvjete, nauke i inovacija &#8211; Predlog progarama za sticanje statusa korisnika podsticajnih mjera (30.12.2025)<\/a><\/p><p style=\"text-align: center;\">\u00a0<\/p>\t\t\t\t\t\t\t\t<\/div>\n\t\t\t\t<\/div>\n\t\t<div class=\"elementor-element elementor-element-ce2124b e-con-full e-flex e-con e-child\" data-id=\"ce2124b\" data-element_type=\"container\" data-e-type=\"container\">\n\t\t\t\t<div class=\"elementor-element elementor-element-3cbe2e1 elementor-widget elementor-widget-text-editor\" data-id=\"3cbe2e1\" data-element_type=\"widget\" data-e-type=\"widget\" data-widget_type=\"text-editor.default\">\n\t\t\t\t\t\t\t\t\t<h4 style=\"text-align: center;\">MI\u0160LJENJA<\/h4><p style=\"text-align: center;\"><a href=\"https:\/\/azzk.me\/wp-content\/uploads\/2025\/06\/Fond-za-zastitu-zivotne-sredine-Javni-konkursa-za-dodjelu-bespovratnih-finansijskih-sredstava-za-kupovinu-novih-elektricnih-vozila-28.05.2025.pdf\">Fond za za\u0161titu \u017eivotne sredine &#8211; Javni konkursa za dodjelu bespovratnih finansijskih sredstava za kupovinu novih elektri\u010dnih vozila (28.05.2025)<\/a><\/p><p style=\"text-align: center;\"><a href=\"https:\/\/azzk.me\/wp-content\/uploads\/2025\/11\/Ministarstvo-energetike-i-rudarstva-Predlog-zakona-o-prekogranicnoj-razmjeni-elektricne-energije-i-prirodnog-gasa-19.06.2025.pdf\">Ministarstvo energetike i rudarstva &#8211; Predlog zakona o prekograni\u010dnoj razmjeni elektri\u010dne energije i prirodnog gasa (19.06.2025)<\/a><\/p><p style=\"text-align: center;\"><a href=\"https:\/\/azzk.me\/wp-content\/uploads\/2025\/07\/Ministarstvo-saobracaja-Zeljeznicki-prevoz-Crne-Gore-AD-26.06.2025.pdf\">Ministarstvo saobra\u0107aja &#8211; \u017deljezni\u010dki prevoz Crne Gore AD (26.06.2025)<\/a><\/p><p style=\"text-align: center;\"><a href=\"https:\/\/azzk.me\/wp-content\/uploads\/2025\/12\/Sekretarijat-za-uredenje-prostora-zastitu-zivotne-sredine-i-saobracaja-Opstine-Zeta-Predlog-Lokalnog-energetskog-plana-opstine-Zeta-02.07.2025.pdf\">Sekretarijat za ure\u0111enje prostora, za\u0161titu \u017eivotne sredine i saobra\u0107aja Op\u0161tine Zeta-Predlog Lokalnog energetskog plana op\u0161tine Zeta (02.07.2025)<\/a><\/p><p style=\"text-align: center;\"><a href=\"https:\/\/azzk.me\/wp-content\/uploads\/2025\/12\/Ministarstvo-energetike-i-rudarstva-Ugovor-o-trzisnoj-premiji-02.07.2025.pdf\">Ministarstvo energetike i rudarstva &#8211; Ugovor o tr\u017ei\u0161noj premiji (02.07.2025)<\/a><\/p><p style=\"text-align: center;\"><a href=\"https:\/\/azzk.me\/wp-content\/uploads\/2025\/08\/Ministarstvo-turizma-Skijalista-Crne-Gore-25.07.2025.pdf\">Ministarstvo turizma &#8211; Skijali\u0161ta Crne Gore (25.07.2025)<\/a><\/p><p style=\"text-align: center;\"><a href=\"https:\/\/azzk.me\/wp-content\/uploads\/2025\/08\/Ministarstvo-saobracaja-Autoput-Bar-Boljare-31.07.2025.pdf\">Ministarstvo saobra\u0107aja &#8211; Autoput Bar &#8211; Boljare (31.07.2025)<\/a><\/p><p style=\"text-align: center;\"><a href=\"https:\/\/azzk.me\/wp-content\/uploads\/2025\/11\/Opstina-Bijelo-Polje-Predlog-Odluke-o-izmjenama-i-dopunama-Odluke-o-osnivanju-biznis-zona-29.10.2025.pdf\">Op\u0161tina Bijelo Polje &#8211; Predlog Odluke o izmjenama i dopunama Odluke o osnivanju biznis zona (29.10.2025)<\/a><\/p><p style=\"text-align: center;\"><a href=\"https:\/\/azzk.me\/wp-content\/uploads\/2025\/11\/Ministarstvo-prosvjete-nauke-i-inovacija-Naucno-tehnoloski-park-Crne-Gore-29.10.2025.pdf\">Ministarstvo prosvjete, nauke i inovacija &#8211; Nau\u010dno-tehnolo\u0161ki park Crne Gore (29.10.2025)<\/a><\/p><p style=\"text-align: center;\"><a href=\"https:\/\/azzk.me\/wp-content\/uploads\/2025\/12\/Ministarstvo-sporta-i-mladih-Predlog-zakona-o-izmjenama-i-dopunama-Zakona-o-sportu-12.11.2025.pdf\">Ministarstvo sporta i mladih &#8211; Predlog zakona o izmjenama i dopunama Zakona o sportu (12.11.2025)<\/a><\/p><p style=\"text-align: center;\"><a href=\"https:\/\/azzk.me\/wp-content\/uploads\/2025\/12\/Ministarstvo-energetike-i-rudarstva-Predlog-Zakona-o-prekogranicnim-energetskim-infrastrukturnim-projektima-09.12.2025.pdf\">Ministarstvo energetike i rudarstva &#8211; Predlog Zakona o prekograni\u010dnim energetskim infrastrukturnim projektima (09.12.2025)<\/a><\/p><p style=\"text-align: center;\"><a href=\"https:\/\/azzk.me\/wp-content\/uploads\/2025\/12\/Ministarstvo-energetike-i-rudarstva-Predlog-Nacionalno-klimatsko-energetskog-plana-09.12.2025.pdf\">Ministarstvo energetike i rudarstva &#8211; Predlog Nacionalno klimatsko energetskog plana (09.12.2025)<\/a><\/p><p style=\"text-align: center;\"><a href=\"https:\/\/azzk.me\/wp-content\/uploads\/2025\/12\/Ministarstva-turizma-HTP-Ulcinjska-Rivijera-16.12.2025.pdf\">Ministarstva turizma &#8211; HTP Ulcinjska Rivijera (16.12.2025)<\/a><\/p><p style=\"text-align: center;\"><a href=\"https:\/\/azzk.me\/wp-content\/uploads\/2025\/12\/Ministarstvo-saobracaja-Uredba-o-blizim-uslovima-za-proglasenje-linije-u-javnom-interesu-i-nacinu-obavljanja-prevoza-na-liniji-od-javnog-interesa-16.12.2025.pdf\">Ministarstvo saobra\u0107aja &#8211; Uredba o bli\u017eim uslovima za progla\u0161enje linije u javnom interesu i na\u010dinu obavljanja prevoza na liniji od javnog interesa (16.12.2025)<\/a><\/p><p style=\"text-align: center;\"><a href=\"https:\/\/azzk.me\/wp-content\/uploads\/2025\/12\/Ministarstvo-energetike-i-rudarstva-Nacrt-odluke-o-Trogodisnjem-planu-sistema-podsticaja-za-period-2026-2028-25.12.2025.pdf\">Ministarstvo energetike i rudarstva &#8211; Nacrt odluke o Trogodi\u0161njem planu sistema podsticaja za period 2026-2028 (25.12.2025)<\/a><\/p>\t\t\t\t\t\t\t\t<\/div>\n\t\t\t\t<\/div>\n\t\t\t\t\t<\/div>\n\t\t\t\t<\/div>\n\t\t\t\t<\/div>\n\t\t","protected":false},"excerpt":{"rendered":"<p>POKRENUTI POSTUPCI Ministarstvo finansija-Montenegro Works (25.07.2025) Ministarstvo odbrane &#8211; finansiranje sportskih organizacija (08.09.2025) \u00a0 RJE\u0160ENJA Ministarstvo turizma &#8211; Program za podsticanje razvoja poslovanja skijali\u0161ta u Crnoj Gori za 2024-2025. godinu (24.01.2025) Ministarstvo prosvjete nauke i inovacija &#8211; Predlog Zakona o podsticajnim mjerama za razvoj istra\u017eivanja i inovacija (24.01.2025) Agencija za audiovizuelne medijske usluge &#8211; Predlog [&hellip;]<\/p>\n","protected":false},"author":1,"featured_media":0,"parent":0,"menu_order":0,"comment_status":"closed","ping_status":"closed","template":"","meta":{"footnotes":""},"class_list":["post-12364","page","type-page","status-publish","hentry"],"_links":{"self":[{"href":"https:\/\/azzk.me\/en\/wp-json\/wp\/v2\/pages\/12364","targetHints":{"allow":["GET"]}}],"collection":[{"href":"https:\/\/azzk.me\/en\/wp-json\/wp\/v2\/pages"}],"about":[{"href":"https:\/\/azzk.me\/en\/wp-json\/wp\/v2\/types\/page"}],"author":[{"embeddable":true,"href":"https:\/\/azzk.me\/en\/wp-json\/wp\/v2\/users\/1"}],"replies":[{"embeddable":true,"href":"https:\/\/azzk.me\/en\/wp-json\/wp\/v2\/comments?post=12364"}],"version-history":[{"count":88,"href":"https:\/\/azzk.me\/en\/wp-json\/wp\/v2\/pages\/12364\/revisions"}],"predecessor-version":[{"id":13780,"href":"https:\/\/azzk.me\/en\/wp-json\/wp\/v2\/pages\/12364\/revisions\/13780"}],"wp:attachment":[{"href":"https:\/\/azzk.me\/en\/wp-json\/wp\/v2\/media?parent=12364"}],"curies":[{"name":"wp","href":"https:\/\/api.w.org\/{rel}","templated":true}]}}