{"id":12733,"date":"2025-05-08T10:42:30","date_gmt":"2025-05-08T10:42:30","guid":{"rendered":"https:\/\/azzk.me\/?page_id=12733"},"modified":"2025-05-08T11:00:17","modified_gmt":"2025-05-08T11:00:17","slug":"2024-godina-slobodan-pristup-informacijama","status":"publish","type":"page","link":"https:\/\/azzk.me\/en\/2024-godina-slobodan-pristup-informacijama\/","title":{"rendered":"2024.godina slobodan pristup informacijama"},"content":{"rendered":"\t\t<div data-elementor-type=\"wp-page\" data-elementor-id=\"12733\" class=\"elementor elementor-12733\" data-elementor-post-type=\"page\">\n\t\t\t\t<div class=\"elementor-element elementor-element-25552b2 e-flex e-con-boxed e-con e-parent\" data-id=\"25552b2\" data-element_type=\"container\" data-e-type=\"container\">\n\t\t\t\t\t<div class=\"e-con-inner\">\n\t\t\r\n\t\t<div class=\"elementor-element elementor-element-3e716ee elementor-widget elementor-widget-text-editor\" data-id=\"3e716ee\" data-element_type=\"widget\" data-e-type=\"widget\" data-widget_type=\"text-editor.default\">\n\t\t\t\t\t\t\t\t\t<p><a href=\"https:\/\/azzk.me\/wp-content\/uploads\/2025\/05\/Rjesenje-br.UPI-01-037-24-81-3.pdf\">Rje\u0161enje br.UPI-01-037-24-81-3<\/a><\/p><p><a href=\"https:\/\/azzk.me\/wp-content\/uploads\/2025\/05\/Informacija5.pdf\">Informacija<\/a><\/p><p><a href=\"https:\/\/azzk.me\/wp-content\/uploads\/2025\/05\/Rjesenje-br.UPI-01-037-24-55-3.pdf\">Rje\u0161enje br.UPI-01-037-24-55-3<\/a><\/p><p><a href=\"https:\/\/azzk.me\/wp-content\/uploads\/2025\/05\/Informacija4.pdf\">Informacija<\/a><\/p><p><a href=\"https:\/\/azzk.me\/wp-content\/uploads\/2025\/05\/Rjesenje-br.UPI-01-037-24-40-3.pdf\">Rje\u0161enje br.UPI-01-037-24-40-3<\/a><\/p><p><a href=\"https:\/\/azzk.me\/wp-content\/uploads\/2025\/05\/Informacija3.pdf\">Informacija<\/a><\/p><p><a href=\"https:\/\/azzk.me\/wp-content\/uploads\/2025\/05\/Rjesenje-br.UPI-01-037-24-17-3.pdf\">Rje\u0161enje br.UPI-01-037-24-17-3<\/a><\/p><p><a href=\"https:\/\/azzk.me\/wp-content\/uploads\/2025\/05\/Informacija.pdf\">Informacija<\/a><\/p><p><a href=\"https:\/\/azzk.me\/wp-content\/uploads\/2025\/05\/Rjesenje-br.-UPI-01-037-24-18-5.pdf\">Rje\u0161enje br. UPI-01-037-24-18-5<\/a><\/p><hr \/><p>\u00a0<\/p><p>\u00a0<\/p><p>\u00a0<\/p>\t\t\t\t\t\t\t\t<\/div>\n\t\t\t\t\t<\/div>\n\t\t\t\t<\/div>\n\t\t\t\t<\/div>\n\t\t","protected":false},"excerpt":{"rendered":"<p>Rje\u0161enje br.UPI-01-037-24-81-3 Informacija Rje\u0161enje br.UPI-01-037-24-55-3 Informacija Rje\u0161enje br.UPI-01-037-24-40-3 Informacija Rje\u0161enje br.UPI-01-037-24-17-3 Informacija Rje\u0161enje br. UPI-01-037-24-18-5 \u00a0 \u00a0 \u00a0<\/p>\n","protected":false},"author":1,"featured_media":0,"parent":0,"menu_order":0,"comment_status":"closed","ping_status":"closed","template":"","meta":{"footnotes":""},"class_list":["post-12733","page","type-page","status-publish","hentry"],"_links":{"self":[{"href":"https:\/\/azzk.me\/en\/wp-json\/wp\/v2\/pages\/12733","targetHints":{"allow":["GET"]}}],"collection":[{"href":"https:\/\/azzk.me\/en\/wp-json\/wp\/v2\/pages"}],"about":[{"href":"https:\/\/azzk.me\/en\/wp-json\/wp\/v2\/types\/page"}],"author":[{"embeddable":true,"href":"https:\/\/azzk.me\/en\/wp-json\/wp\/v2\/users\/1"}],"replies":[{"embeddable":true,"href":"https:\/\/azzk.me\/en\/wp-json\/wp\/v2\/comments?post=12733"}],"version-history":[{"count":20,"href":"https:\/\/azzk.me\/en\/wp-json\/wp\/v2\/pages\/12733\/revisions"}],"predecessor-version":[{"id":13166,"href":"https:\/\/azzk.me\/en\/wp-json\/wp\/v2\/pages\/12733\/revisions\/13166"}],"wp:attachment":[{"href":"https:\/\/azzk.me\/en\/wp-json\/wp\/v2\/media?parent=12733"}],"curies":[{"name":"wp","href":"https:\/\/api.w.org\/{rel}","templated":true}]}}