{"id":13691,"date":"2026-01-21T16:31:06","date_gmt":"2026-01-21T16:31:06","guid":{"rendered":"https:\/\/azzk.me\/?page_id=13691"},"modified":"2026-05-06T08:06:23","modified_gmt":"2026-05-06T08:06:23","slug":"rjesenja-drzavna-pomoc-2026","status":"publish","type":"page","link":"https:\/\/azzk.me\/en\/rjesenja-drzavna-pomoc-2026\/","title":{"rendered":"Rje\u0161enja dr\u017eavna pomo\u0107 2026.godina"},"content":{"rendered":"\t\t<div data-elementor-type=\"wp-page\" data-elementor-id=\"13691\" class=\"elementor elementor-13691\" data-elementor-post-type=\"page\">\n\t\t\t\t<div class=\"elementor-element elementor-element-3c0a550 e-grid e-con-boxed e-con e-parent\" data-id=\"3c0a550\" data-element_type=\"container\" data-e-type=\"container\">\n\t\t\t\t\t<div class=\"e-con-inner\">\n\t\t\r\n\t\t<div class=\"elementor-element elementor-element-ca3cded elementor-widget elementor-widget-text-editor\" data-id=\"ca3cded\" data-element_type=\"widget\" data-e-type=\"widget\" data-widget_type=\"text-editor.default\">\n\t\t\t\t\t\t\t\t\t<h4 style=\"text-align: center;\"><strong>POKRENUTI POSTUPCI<\/strong><\/h4>\t\t\t\t\t\t\t\t<\/div>\n\t\t\t\t<div class=\"elementor-element elementor-element-dafd5b1 elementor-widget elementor-widget-text-editor\" data-id=\"dafd5b1\" data-element_type=\"widget\" data-e-type=\"widget\" data-widget_type=\"text-editor.default\">\n\t\t\t\t\t\t\t\t\t<h4 style=\"text-align: center;\">RJE\u0160ENJA<\/h4><p style=\"text-align: center;\"><a href=\"https:\/\/azzk.me\/wp-content\/uploads\/2026\/03\/Zavod-za-zaposljavanje-Program-Radna-praksa-05.03.2026.pdf\">Zavod za zapo\u0161ljavanje -Program Radna praksa (05.03.2026)<\/a><\/p><p style=\"text-align: center;\"><a href=\"https:\/\/azzk.me\/wp-content\/uploads\/2026\/03\/Zavod-za-zaposljavanje-Crne-Gore-Start-20-program-podrske-za-samostalan-zivot-i-rad-05.03.2026.pdf\">Zavod za zapo\u0161ljavanje Crne Gore &#8211; Start 20 program podr\u0161ke za samostalan \u017eivot i rad (05.03.2026)<\/a><\/p><p style=\"text-align: center;\"><a href=\"https:\/\/azzk.me\/wp-content\/uploads\/2026\/05\/Ministarstvo-turizma-MYEXIT-ADVENTURE-d.o.o.-03.04.2026.pdf\">Ministarstvo turizma &#8211; MYEXIT ADVENTURE d.o.o. (03.04.2026)<\/a><\/p>\t\t\t\t\t\t\t\t<\/div>\n\t\t\t\t<div class=\"elementor-element elementor-element-c5e22ba elementor-widget elementor-widget-text-editor\" data-id=\"c5e22ba\" data-element_type=\"widget\" data-e-type=\"widget\" data-widget_type=\"text-editor.default\">\n\t\t\t\t\t\t\t\t\t<h3 style=\"text-align: center;\">MI\u0160LJENJA<\/h3><p style=\"text-align: center;\"><a href=\"https:\/\/azzk.me\/wp-content\/uploads\/2026\/01\/Ministarstvo-finansija-Predlog-uredbe-o-osiguranju-izvoza-od-netrzisnih-rizika-22.01.2026.pdf\">Ministarstvo finansija &#8211; Predlog uredbe o osiguranju izvoza od netr\u017ei\u0161nih rizika (22.01.2026)<\/a><\/p><p style=\"text-align: center;\"><a href=\"https:\/\/azzk.me\/wp-content\/uploads\/2026\/03\/Ministarstvo-finansija-Predlog-Zakona-o-upravljanju-privrednim-drustvima-u-vlasnistvu-drzave-05.03.2026.pdf\">Ministarstvo finansija &#8211; Predlog Zakona o upravljanju privrednim dru\u0161tvima u vlasni\u0161tvu dr\u017eave (05.03.2026)<\/a><\/p>\t\t\t\t\t\t\t\t<\/div>\n\t\t\t\t\t<\/div>\n\t\t\t\t<\/div>\n\t\t\t\t<\/div>\n\t\t","protected":false},"excerpt":{"rendered":"<p>POKRENUTI POSTUPCI RJE\u0160ENJA Zavod za zapo\u0161ljavanje -Program Radna praksa (05.03.2026) Zavod za zapo\u0161ljavanje Crne Gore &#8211; Start 20 program podr\u0161ke za samostalan \u017eivot i rad (05.03.2026) Ministarstvo turizma &#8211; MYEXIT ADVENTURE d.o.o. (03.04.2026) MI\u0160LJENJA Ministarstvo finansija &#8211; Predlog uredbe o osiguranju izvoza od netr\u017ei\u0161nih rizika (22.01.2026) Ministarstvo finansija &#8211; Predlog Zakona o upravljanju privrednim dru\u0161tvima [&hellip;]<\/p>\n","protected":false},"author":1,"featured_media":0,"parent":0,"menu_order":0,"comment_status":"closed","ping_status":"closed","template":"","meta":{"footnotes":""},"class_list":["post-13691","page","type-page","status-publish","hentry"],"_links":{"self":[{"href":"https:\/\/azzk.me\/en\/wp-json\/wp\/v2\/pages\/13691","targetHints":{"allow":["GET"]}}],"collection":[{"href":"https:\/\/azzk.me\/en\/wp-json\/wp\/v2\/pages"}],"about":[{"href":"https:\/\/azzk.me\/en\/wp-json\/wp\/v2\/types\/page"}],"author":[{"embeddable":true,"href":"https:\/\/azzk.me\/en\/wp-json\/wp\/v2\/users\/1"}],"replies":[{"embeddable":true,"href":"https:\/\/azzk.me\/en\/wp-json\/wp\/v2\/comments?post=13691"}],"version-history":[{"count":18,"href":"https:\/\/azzk.me\/en\/wp-json\/wp\/v2\/pages\/13691\/revisions"}],"predecessor-version":[{"id":14473,"href":"https:\/\/azzk.me\/en\/wp-json\/wp\/v2\/pages\/13691\/revisions\/14473"}],"wp:attachment":[{"href":"https:\/\/azzk.me\/en\/wp-json\/wp\/v2\/media?parent=13691"}],"curies":[{"name":"wp","href":"https:\/\/api.w.org\/{rel}","templated":true}]}}