{"id":13812,"date":"2026-02-10T09:47:01","date_gmt":"2026-02-10T09:47:01","guid":{"rendered":"https:\/\/azzk.me\/?page_id=13812"},"modified":"2026-02-10T09:48:14","modified_gmt":"2026-02-10T09:48:14","slug":"vodic-za-pristup-informacijama-u-posjedu-agencije-za-zastitu-konkurencije","status":"publish","type":"page","link":"https:\/\/azzk.me\/en\/vodic-za-pristup-informacijama-u-posjedu-agencije-za-zastitu-konkurencije\/","title":{"rendered":"Vodi\u010d za pristup informacijama u posjedu Agencije za za\u0161titu konkurencije"},"content":{"rendered":"\t\t<div data-elementor-type=\"wp-page\" data-elementor-id=\"13812\" class=\"elementor elementor-13812\" data-elementor-post-type=\"page\">\n\t\t\t\t<div class=\"elementor-element elementor-element-34e06f5 e-flex e-con-boxed e-con e-parent\" data-id=\"34e06f5\" data-element_type=\"container\" data-e-type=\"container\">\n\t\t\t\t\t<div class=\"e-con-inner\">\n\t\t\r\n\t\t<div class=\"elementor-element elementor-element-db6d009 elementor-widget elementor-widget-text-editor\" data-id=\"db6d009\" data-element_type=\"widget\" data-e-type=\"widget\" data-widget_type=\"text-editor.default\">\n\t\t\t\t\t\t\t\t\t<p><a href=\"https:\/\/azzk.me\/wp-content\/uploads\/2026\/02\/Vodic-za-SPI-2026godina.pdf\">Vodi\u010d za pristup informacijama u posjedu Agencije za za\u0161titu konkurencije 2026.godina<\/a><\/p><p><a href=\"https:\/\/azzk.me\/wp-content\/uploads\/2025\/05\/Vodic-za-pristup-informacijama-u-posjedu-Agencije-za-zastitu-konkurencije.pdf\">Vodi\u010d za pristup informacijama u posjedu Agencije za za\u0161titu konkurencije 2025.godina<\/a><\/p>\t\t\t\t\t\t\t\t<\/div>\n\t\t\t\t\t<\/div>\n\t\t\t\t<\/div>\n\t\t\t\t<\/div>\n\t\t","protected":false},"excerpt":{"rendered":"<p>Vodi\u010d za pristup informacijama u posjedu Agencije za za\u0161titu konkurencije 2026.godina Vodi\u010d za pristup informacijama u posjedu Agencije za za\u0161titu konkurencije 2025.godina<\/p>\n","protected":false},"author":1,"featured_media":0,"parent":0,"menu_order":0,"comment_status":"closed","ping_status":"closed","template":"","meta":{"footnotes":""},"class_list":["post-13812","page","type-page","status-publish","hentry"],"_links":{"self":[{"href":"https:\/\/azzk.me\/en\/wp-json\/wp\/v2\/pages\/13812","targetHints":{"allow":["GET"]}}],"collection":[{"href":"https:\/\/azzk.me\/en\/wp-json\/wp\/v2\/pages"}],"about":[{"href":"https:\/\/azzk.me\/en\/wp-json\/wp\/v2\/types\/page"}],"author":[{"embeddable":true,"href":"https:\/\/azzk.me\/en\/wp-json\/wp\/v2\/users\/1"}],"replies":[{"embeddable":true,"href":"https:\/\/azzk.me\/en\/wp-json\/wp\/v2\/comments?post=13812"}],"version-history":[{"count":3,"href":"https:\/\/azzk.me\/en\/wp-json\/wp\/v2\/pages\/13812\/revisions"}],"predecessor-version":[{"id":13816,"href":"https:\/\/azzk.me\/en\/wp-json\/wp\/v2\/pages\/13812\/revisions\/13816"}],"wp:attachment":[{"href":"https:\/\/azzk.me\/en\/wp-json\/wp\/v2\/media?parent=13812"}],"curies":[{"name":"wp","href":"https:\/\/api.w.org\/{rel}","templated":true}]}}