{"id":13860,"date":"2026-02-26T15:04:45","date_gmt":"2026-02-26T15:04:45","guid":{"rendered":"https:\/\/azzk.me\/?page_id=13860"},"modified":"2026-02-26T15:05:32","modified_gmt":"2026-02-26T15:05:32","slug":"uputstva-2","status":"publish","type":"page","link":"https:\/\/azzk.me\/en\/uputstva-2\/","title":{"rendered":"Uputstva"},"content":{"rendered":"\t\t<div data-elementor-type=\"wp-page\" data-elementor-id=\"13860\" class=\"elementor elementor-13860\" data-elementor-post-type=\"page\">\n\t\t\t\t<div class=\"elementor-element elementor-element-408851f e-flex e-con-boxed e-con e-parent\" data-id=\"408851f\" data-element_type=\"container\" data-e-type=\"container\">\n\t\t\t\t\t<div class=\"e-con-inner\">\n\t\t\r\n\t\t<div class=\"elementor-element elementor-element-f58c642 elementor-widget elementor-widget-text-editor\" data-id=\"f58c642\" data-element_type=\"widget\" data-e-type=\"widget\" data-widget_type=\"text-editor.default\">\n\t\t\t\t\t\t\t\t\t<p><a href=\"https:\/\/azzk.me\/wp-content\/uploads\/2026\/02\/Uputstvo-o-nacinu-i-metodu-utvrdivanja-i-izracunavanja-ekvivalenta.pdf\"><i>Uputstvo o na\u010dinu i metodu utvr\u0111ivanja i izra\u010dunavanja ekvivalenta subvencije (&#8220;Slu\u017ebeni list CG&#8221;, br. 1\/2026)<\/i><\/a><\/p>\t\t\t\t\t\t\t\t<\/div>\n\t\t\t\t\t<\/div>\n\t\t\t\t<\/div>\n\t\t\t\t<\/div>\n\t\t","protected":false},"excerpt":{"rendered":"<p>Uputstvo o na\u010dinu i metodu utvr\u0111ivanja i izra\u010dunavanja ekvivalenta subvencije (&#8220;Slu\u017ebeni list CG&#8221;, br. 1\/2026)<\/p>\n","protected":false},"author":1,"featured_media":0,"parent":0,"menu_order":0,"comment_status":"closed","ping_status":"closed","template":"","meta":{"footnotes":""},"class_list":["post-13860","page","type-page","status-publish","hentry"],"_links":{"self":[{"href":"https:\/\/azzk.me\/en\/wp-json\/wp\/v2\/pages\/13860","targetHints":{"allow":["GET"]}}],"collection":[{"href":"https:\/\/azzk.me\/en\/wp-json\/wp\/v2\/pages"}],"about":[{"href":"https:\/\/azzk.me\/en\/wp-json\/wp\/v2\/types\/page"}],"author":[{"embeddable":true,"href":"https:\/\/azzk.me\/en\/wp-json\/wp\/v2\/users\/1"}],"replies":[{"embeddable":true,"href":"https:\/\/azzk.me\/en\/wp-json\/wp\/v2\/comments?post=13860"}],"version-history":[{"count":4,"href":"https:\/\/azzk.me\/en\/wp-json\/wp\/v2\/pages\/13860\/revisions"}],"predecessor-version":[{"id":13866,"href":"https:\/\/azzk.me\/en\/wp-json\/wp\/v2\/pages\/13860\/revisions\/13866"}],"wp:attachment":[{"href":"https:\/\/azzk.me\/en\/wp-json\/wp\/v2\/media?parent=13860"}],"curies":[{"name":"wp","href":"https:\/\/api.w.org\/{rel}","templated":true}]}}