{"id":14070,"date":"2026-04-15T18:37:54","date_gmt":"2026-04-15T18:37:54","guid":{"rendered":"https:\/\/azzk.me\/?page_id=14070"},"modified":"2026-04-19T19:56:42","modified_gmt":"2026-04-19T19:56:42","slug":"pravilnik-o-listi-pravila-drzavne-pomoci","status":"publish","type":"page","link":"https:\/\/azzk.me\/en\/pravilnik-o-listi-pravila-drzavne-pomoci\/","title":{"rendered":"Pravilnik o listi pravila dr\u017eavne pomo\u0107i"},"content":{"rendered":"\t\t<div data-elementor-type=\"wp-page\" data-elementor-id=\"14070\" class=\"elementor elementor-14070\" data-elementor-post-type=\"page\">\n\t\t\t\t<div class=\"elementor-element elementor-element-d90f98b e-flex e-con-boxed e-con e-parent\" data-id=\"d90f98b\" data-element_type=\"container\" data-e-type=\"container\">\n\t\t\t\t\t<div class=\"e-con-inner\">\n\t\t\r\n\t\t<div class=\"elementor-element elementor-element-19a5726 elementor-widget elementor-widget-text-editor\" data-id=\"19a5726\" data-element_type=\"widget\" data-e-type=\"widget\" data-widget_type=\"text-editor.default\">\n\t\t\t\t\t\t\t\t\t<p><strong><a href=\"https:\/\/azzk.me\/wp-content\/uploads\/2026\/04\/Pravilnik-o-Listi-pravila-drzavne-pomoci-2026.pdf\">Pravilnik o listi pravila dr\u017eavne pomo\u0107i<span data-olk-copy-source=\"MessageBody\">(\u201eSl. list CG\u201c, br. 34\/2026)<\/span><\/a><\/strong><\/p><p><a href=\"https:\/\/azzk.me\/wp-content\/uploads\/2026\/04\/Prilog-1.1-DP-2026.pdf\">Prilog 1.1. Konsolidovani tekst: Regulativa Komisije (EU) br. 651\/2014 od 17. juna 2014. godine o progla\u0161enju odre\u0111enih kategorija pomo\u0107i uskla\u0111enih sa unutra\u0161njim tr\u017ei\u0161tem u primjeni \u010dl. 107 i 108 Ugovora o funkcionisanju Evropske unije (0201480651-20230701);<\/a><\/p><p><a href=\"https:\/\/azzk.me\/wp-content\/uploads\/2026\/04\/Prilog-1.2.pdf\">Prilog 1.2. Saop\u0161tenje Komisije Okvir za dr\u017eavnu pomo\u0107 za istra\u017eivanje i razvoj i inovacije ((2022\/C 414\/01), SL C 414,28.10.2022, str. 1-38)<\/a><\/p><p><a href=\"https:\/\/azzk.me\/wp-content\/uploads\/2026\/04\/Prilog-1.3.pdf\">Prilog 1.3. Saop\u0161tenje Komisije Smjernice za odre\u0111ene mjere dr\u017eavne pomo\u0107i povezane sa sistemom trgovanja emisije gasova sa efektom staklene ba\u0161te nakon 2021. godine, ((2020\/C 317\/04), SL C 317, 25.9.2020, str. 5-19)<\/a><\/p><p><a href=\"https:\/\/azzk.me\/wp-content\/uploads\/2026\/04\/Prilog-1.4.pdf\">Prilog 1.4. Saop\u0161tenje Komisije Okvir za mjere dr\u017eavne pomo\u0107i za podr\u0161ku \u010distom industrijskom dogovoru (CISAF), (SL C C\/2025\/3602, 4.7.2025)<\/a><\/p><p><a href=\"https:\/\/azzk.me\/wp-content\/uploads\/2026\/04\/Prilog-1.5.pdf\">Prilog 1.5. Saop\u0161tenje komisije Smjernice o dr\u017eavnoj pomo\u0107i za klimu, za\u0161titu \u017eivotne sredine i energiju za 2022, ((2022\/C 80\/01), SL C 80\/01, 18.2.2022, str. 1)<\/a><\/p><p><a href=\"https:\/\/azzk.me\/wp-content\/uploads\/2026\/04\/Prilog-1.6.pdf\">Prilog 1.6. Preporuka Komisije od 6. maja 2003. godine o definiciji MSP (prijavljeno pod brojem dokumenta C (2003) 1422; (SL L 124, 20.5.2003, str. 36-41)<\/a><\/p><p><a href=\"https:\/\/azzk.me\/wp-content\/uploads\/2026\/04\/Prilog-1.7.pdf\">Prilog 1.7. Saop\u0161tenje Komisije Kriterijumi za ocjenu uskla\u0111enosti dr\u017eavne pomo\u0107i za zapo\u0161ljavanje radnika u nepovoljnom polo\u017eaju i radnika sa invaliditetom koja podlije\u017ee individualnoj prijavi, (SL C 188, 11.8.2009, str. 6-10)<\/a><\/p><p><a href=\"https:\/\/azzk.me\/wp-content\/uploads\/2026\/04\/Prilog-1.8.pdf\">Prilog 1.8. Saop\u0161tenje Komisije Kriterijumi za ocjenu uskla\u0111enosti dr\u017eavne pomo\u0107i za obuku koja podlije\u017ee individualnoj prijavi, (SL C 188, 11.8.2009, str. 1-5)<\/a><\/p><p><a href=\"https:\/\/azzk.me\/wp-content\/uploads\/2026\/04\/Prilog-1.9.pdf\">Prilog 1.9. Saop\u0161tenje Komisije Smjernice o dr\u017eavnoj pomo\u0107i za spa\u0161avanje i restrukturiranje nefinansijskih privrednih dru\u0161tava u pote\u0161ko\u0107ama, ((2014\/C 249\/01), SL C 249, 31.7.2014, str. 1-28)<\/a><\/p><p><a href=\"https:\/\/azzk.me\/wp-content\/uploads\/2026\/04\/Prilog-1.10.pdf\">Prilog 1.10. Odluka Komisije od 20. decembra 2011. godine o primjeni \u010dlana 106 stav 2 Ugovora o funkcionisanju Evropske unije na dr\u017eavne pomo\u0107i u obliku naknade za pru\u017eanje javnih usluga koje se dodjeljuju odre\u0111enim privrednim dru\u0161tvima kojima je povjereno obavljanje usluga od ekonomskog interesa, ((2012\/21\/EU), SL L 7, 11.1.2012. str. 3-10)<\/a><\/p><p><a href=\"https:\/\/azzk.me\/wp-content\/uploads\/2026\/04\/Prilog-1.11.pdf\">Prilog 1.11. Saop\u0161tenje Komisije Okvir Evropske unije za dr\u017eavnu pomo\u0107 u obliku naknada za javne usluge, ((2012\/C8\/03), SL C 8, 11.1.2012, str. 15-22)<\/a><\/p><p><a href=\"https:\/\/azzk.me\/wp-content\/uploads\/2026\/04\/Prilog-2.1.pdf\">Prilog 2.1. Smjernice za regionalnu dr\u017eavnu pomo\u0107 2022-2027, ((52021XC0429(01) SL C 153, 29.4.2021, str. 1-46)<\/a><\/p><p><a href=\"https:\/\/azzk.me\/wp-content\/uploads\/2026\/04\/Prilog-3.1.pdf\">Prilog 3.1. Saop\u0161tenje Komisije (EU) o primjeni pravila dr\u017eavne pomo\u0107i od 1. avgusta 2013. godine za podr\u0161ku mjerama u korist banaka u kontekstu finansijske krize (Bankarska saop\u0161tenja&#8221;), ((2013\/C 216\/01), SL C 216, 30.7.2013, str.1-15)<\/a><\/p><p><a href=\"https:\/\/azzk.me\/wp-content\/uploads\/2026\/04\/Prilog-3.2.pdf\">Prilog 3.2. Saop\u0161tenje Komisije o postupanju sa umanjenom imovinom u bankarskom sektoru Zajednice, ((2009\/C72\/01), SL C 72, 26.3.2009, str. 1-22)<\/a><\/p><p><a href=\"https:\/\/azzk.me\/wp-content\/uploads\/2026\/04\/Prilog-3.3.pdf\">Prilog 3.3. Saop\u0161tenje Komisije o povratku odr\u017eivosti i ocjeni mjera restrukturiranja u finansijskom sektoru u aktuelnoj krizi u skladu sa pravilima o dr\u017eavnoj pomo\u0107i, ((2009\/C 195\/04), SL C 195, 19.8.2009, str. 9-20)<\/a><\/p><p><a href=\"https:\/\/azzk.me\/wp-content\/uploads\/2026\/04\/Prilog-3.4.pdf\">Prilog 3.4. Saop\u0161tenje Komisije dokapitalizacija finansijskih institucija u aktuelnoj finansijskoj krizi: ograni\u010davanje pomo\u0107i na neophodni minimum i za\u0161titne mjere protiv nepotrebnog naru\u0161avanja konkurencije, ((2009\/C 10\/03), SL C 10, 15.1.2009, str. 2-10)<\/a><\/p><p><a href=\"https:\/\/azzk.me\/wp-content\/uploads\/2026\/04\/Prilog-3.5.pdf\">Prilog 3.5. Regulativa (EU) br. 1370\/2007 Evropskog parlamenta i Savjeta od 23. oktobra 2007, \u03bf uslugama javnog \u017eeljezni\u010dkog i drumskog prevoza putnika i stavljanju van snage Regulativa Savjeta (EEZ) br. 1191\/69 i (EEZ) br. 1107\/70), (SL L 315, 3.12.2007, str. 1-13)<\/a><\/p><p><a href=\"https:\/\/azzk.me\/wp-content\/uploads\/2026\/04\/Prilog-3.6.pdf\">Prilog 3.6. Regulativa Savjeta (EU) 2022\/2586 od 19. decembra 2022. godine o primjeni \u010dl. 93, 107 i 108 Ugovora o funkcioniranju Evropske unije na odre\u0111ene kategorije dr\u017eavne pomo\u0107i u sektoru \u017eeljezni\u010dkog, unutra\u0161njeg pomorskog i multimodalnog saobra\u0107aja, (SL L 338, 30.12.2022, str. 35-39)<\/a><\/p><p><a href=\"https:\/\/azzk.me\/wp-content\/uploads\/2026\/04\/Prilog-3.7.pdf\">Prilog 3.7. Saop\u0161tenje Komisije Smjernice Komisije o dr\u017eavnoj pomo\u0107i za privredna dru\u0161tva iz oblasti \u017eeljezni\u010dkog saobra\u0107aja, (((2008\/C 184\/07), SL C 184, 22.7.2008, str. 13-31)<\/a><\/p><p><a href=\"https:\/\/azzk.me\/wp-content\/uploads\/2026\/04\/Prilog-3.8.pdf\">Prilog 3.8. Saop\u0161tenje Komisije o interpretativnim smjernicama u pogledu Regulative (EZ) br 1370\/2007 o uslugama javnog \u017eeljezni\u010dkog i drumskog prevoza, ((2014\/C 92\/01), SL C 92, 29.3.2014, str. 1-21)<\/a><\/p><p><a href=\"https:\/\/azzk.me\/wp-content\/uploads\/2026\/04\/Prilog-3.9.pdf\">Prilog 3.9. Saop\u0161tenje Komisije C (2004)43 Smjernice Evropske zajednice za dr\u017eavnu pomo\u0107 pomorskom saobra\u0107aju, ((2004\/C 13\/03), OJ C 13, 17.1.2004, str. 3-12; (C\/2017\/2328), SL C 120, 13.4.2017, str. 10-11)<\/a><\/p><p><a href=\"https:\/\/azzk.me\/wp-content\/uploads\/2026\/04\/Prilog-3.10.pdf\">Prilog 3.10. Saop\u0161tenje Komisije o pru\u017eanju smjernica za dr\u017eavnu pomo\u0107 u skladu sa finansiranjem Zajednice za pokretanja autoputeva mora, ((2008\/C 317\/08), SL C 317, 12.12.2008, str. 10-12)<\/a><\/p><p><a href=\"https:\/\/azzk.me\/wp-content\/uploads\/2026\/04\/Prilog-3.11.pdf\">Prilog 3.11. Saop\u0161tenje Komisije kojim se daje uputstvo u vezi sa primjenom pravila dr\u017eavne pomo\u0107i kompanijama za upravljanje brodovima, ((2009\/C 132\/06), SL C 132, 11.6.2009, str. 6-9)<\/a><\/p><p><a href=\"https:\/\/azzk.me\/wp-content\/uploads\/2026\/04\/Prilog-3.12.pdf\">Prilog 3.12. Saop\u0161tenje Komisije Smjernice za dr\u017eavnu pomo\u0107 aerodromima i avio prevoznicima, ((2014\/C 99\/03), SL C 99, 4.4.2014, str. 3-34)<\/a><\/p><p><a href=\"https:\/\/azzk.me\/wp-content\/uploads\/2026\/04\/Prilog-3.13-1.pdf\">Prilog 3.13. Saop\u0161tenje Komisije o dr\u017eavnoj pomo\u0107i za filmove i drugim audiovizuelnim djelima, ((2013\/C 332\/01), SL C 332, 15.11.2013, str. 1-11)<\/a><\/p><p><a href=\"https:\/\/azzk.me\/wp-content\/uploads\/2026\/04\/Prilog-3.14.pdf\">Prilog 3.14. Odluka Savjeta od 10. decembra 2010. godine o dr\u017eavnoj pomo\u0107i za olak\u0161avanje zatvaranja nekonkurentnih rudnika uglja, ((2010\/787\/EU), SL L 336, 21.12.2010, str. 24-29)<\/a><\/p><p><a href=\"https:\/\/azzk.me\/wp-content\/uploads\/2026\/04\/Prilog-3.15.pdf\">Prilog 3.15. Saop\u0161tenje Komisije o primjeni pravila o dr\u017eavnoj pomo\u0107i za javne radiodifuzne usluge, ((2009\/C257\/01), SL C 257, 27.10.2009, str. 1-14)<\/a><\/p><p><a href=\"https:\/\/azzk.me\/wp-content\/uploads\/2026\/04\/Prilog-3.16.pdf\">Prilog 3.16. Saop\u0161tenje Komisije o primjeni pravila konkurencije na po\u0161tanski sektor i procjeni odre\u0111enih dr\u017eavnih mjera koje se odnose na po\u0161tanske usluge, ((98\/C 39\/02), SL C 39, 6.2.1998, str. 2-18)<\/a><\/p><p><a href=\"https:\/\/azzk.me\/wp-content\/uploads\/2026\/04\/Prilog-4.1.pdf\">Prilog 4.1. Saop\u0161tenje Komisije o primjeni \u010dl. 87 i 88 Ugovora o Evropskoj zajednici na podru\u010dju dr\u017eavnih pomo\u0107i u obliku garancija ((2008\/C 155\/02), SL C 155, 20.6.2008, str. 10-22)<\/a><\/p><p><a href=\"https:\/\/azzk.me\/wp-content\/uploads\/2026\/04\/Prilog-4.2.pdf\">Prilog 4.2.- Saop\u0161tenje Komisije o elementima dr\u017eavne pomo\u0107i kod prodaje zemlji\u0161ta i zgrada od strane organa dr\u017eavne uprave, ((97\/C 209\/03), SL C 209, 10.7.1997, str. 3-5)<\/a><\/p><p><a href=\"https:\/\/azzk.me\/wp-content\/uploads\/2026\/04\/Prilog-4.3.pdf\">Prilog 4.3. Saop\u0161tenje Komisije dr\u017eavama \u010dlanicama o primjeni \u010dl 107 i 108 Ugovora o funkcionisanju Evropske unije na kratkoro\u010dno osiguranje izvoznih kredita<\/a><\/p><p><a href=\"https:\/\/azzk.me\/wp-content\/uploads\/2026\/04\/Prilog-4.4.pdf\">Prilog 4.4. Saop\u0161tenje Komisije Smjernice o dr\u017eavnoj pomo\u0107i za podsticanje ulaganja za finansiranje rizika ((2021\/C508\/01), SL C 508, 16.12.2021, str. 1-36)<\/a><\/p><p><a href=\"https:\/\/azzk.me\/wp-content\/uploads\/2026\/04\/Prilog-4.5.pdf\">Prilog 4.5. Saop\u0161tenje Komisije o reviziji metode za odre\u0111ivanje referentnih i diskontnih stopa, ((2008\/C 14\/02), SL C14, 19.1.2008, str. 6-9)<\/a><\/p><p><a href=\"https:\/\/azzk.me\/wp-content\/uploads\/2026\/04\/Prilog-5.1.pdf\">Prilog 5.1. Saop\u0161tenje Komisije (EU) o pojmu dr\u017eavne pomo\u0107i iz \u010dlana 107 stav 1 Ugovora o funkcionisanju Evropske unije &#8211; ((2016\/C 262\/01); SL C 262, 19.7.2016, pp. 1-50)<\/a><\/p><p><a href=\"https:\/\/azzk.me\/wp-content\/uploads\/2026\/04\/Prilog-5.2.pdf\">Prilog 5.2. Saop\u0161tenje Komisije C (2003) 4582 od 1. decembra 2003. godine o profesionalnoj tajni u odlukama o dr\u017eavnoj pomo\u0107i (SL C 297, 09.12.2003, str. 6-9)<\/a><\/p><p><a href=\"https:\/\/azzk.me\/wp-content\/uploads\/2026\/04\/Prilog-5.3.pdf\">Prilog 5.3. Saop\u0161tenje Komisije o odre\u0111ivanju primjenjivih pravila za procjenu nezakonite dr\u017eavne pomo\u0107i (SL C 119, 22.5.2002, str. 22-22)<\/a><\/p><p><a href=\"https:\/\/azzk.me\/wp-content\/uploads\/2026\/04\/Prilog-5.4.pdf\">Prilog 5.4. Saop\u0161tenje Komisije o sprovo\u0111enju pravila o dr\u017eavnoj pomo\u0107i od strane nacionalnih sudova ((2021\/C305\/01), SL C 305, 30.7.2021, str. 1-28)<\/a><\/p><p><a href=\"https:\/\/azzk.me\/wp-content\/uploads\/2026\/04\/Prilog-5.5.pdf\">Prilog 5.5. Saop\u0161tenje Komisije kriterijumi za analizu uskla\u0111enosti dr\u017eavne pomo\u0107i za podsticanje realizacije va\u017enih projekata od zajedni\u010dkog evropskog interesa sa unutra\u0161njim tr\u017ei\u0161tem ((2021\/C 528\/02), SL C 528, 30.12.2021, str. 10-18)<\/a><\/p><p><a href=\"https:\/\/azzk.me\/wp-content\/uploads\/2026\/04\/Prilog-5.6.pdf\">Prilog 5.6. Saop\u0161tenje Komisije Kodeks najboljih praksi za sprovo\u0111enje postupaka kontrole dr\u017eavne pomo\u0107i ((C\/2025\/2810), SL C, 13.6.2025)<\/a><\/p><p><a href=\"https:\/\/azzk.me\/wp-content\/uploads\/2026\/04\/Prilog-5.7.pdf\">Prilog 5.7. Saop\u0161tenje Komisije o smjernicama EU za primjenu pravila o dr\u017eavnoj pomo\u0107i u odnosu na brzi razvoj \u0161irokopojasnih mre\u017ea, ((2013\/C 25\/01), SL C 25, 26.1.2013, str. 1-26)<\/a><\/p>\t\t\t\t\t\t\t\t<\/div>\n\t\t\t\t\t<\/div>\n\t\t\t\t<\/div>\n\t\t\t\t<\/div>\n\t\t","protected":false},"excerpt":{"rendered":"<p>Pravilnik o listi pravila dr\u017eavne pomo\u0107i(\u201eSl. list CG\u201c, br. 34\/2026) Prilog 1.1. Konsolidovani tekst: Regulativa Komisije (EU) br. 651\/2014 od 17. juna 2014. godine o progla\u0161enju odre\u0111enih kategorija pomo\u0107i uskla\u0111enih sa unutra\u0161njim tr\u017ei\u0161tem u primjeni \u010dl. 107 i 108 Ugovora o funkcionisanju Evropske unije (0201480651-20230701); Prilog 1.2. Saop\u0161tenje Komisije Okvir za dr\u017eavnu pomo\u0107 za istra\u017eivanje [&hellip;]<\/p>\n","protected":false},"author":1,"featured_media":0,"parent":0,"menu_order":0,"comment_status":"closed","ping_status":"closed","template":"","meta":{"footnotes":""},"class_list":["post-14070","page","type-page","status-publish","hentry"],"_links":{"self":[{"href":"https:\/\/azzk.me\/en\/wp-json\/wp\/v2\/pages\/14070","targetHints":{"allow":["GET"]}}],"collection":[{"href":"https:\/\/azzk.me\/en\/wp-json\/wp\/v2\/pages"}],"about":[{"href":"https:\/\/azzk.me\/en\/wp-json\/wp\/v2\/types\/page"}],"author":[{"embeddable":true,"href":"https:\/\/azzk.me\/en\/wp-json\/wp\/v2\/users\/1"}],"replies":[{"embeddable":true,"href":"https:\/\/azzk.me\/en\/wp-json\/wp\/v2\/comments?post=14070"}],"version-history":[{"count":85,"href":"https:\/\/azzk.me\/en\/wp-json\/wp\/v2\/pages\/14070\/revisions"}],"predecessor-version":[{"id":14348,"href":"https:\/\/azzk.me\/en\/wp-json\/wp\/v2\/pages\/14070\/revisions\/14348"}],"wp:attachment":[{"href":"https:\/\/azzk.me\/en\/wp-json\/wp\/v2\/media?parent=14070"}],"curies":[{"name":"wp","href":"https:\/\/api.w.org\/{rel}","templated":true}]}}