{"id":14349,"date":"2026-04-22T11:10:46","date_gmt":"2026-04-22T11:10:46","guid":{"rendered":"https:\/\/azzk.me\/?page_id=14349"},"modified":"2026-04-29T06:11:37","modified_gmt":"2026-04-29T06:11:37","slug":"obrasci-prijave-drzavne-pomoci","status":"publish","type":"page","link":"https:\/\/azzk.me\/en\/obrasci-prijave-drzavne-pomoci\/","title":{"rendered":"Obrasci prijave dr\u017eavne pomo\u0107i"},"content":{"rendered":"\t\t<div data-elementor-type=\"wp-page\" data-elementor-id=\"14349\" class=\"elementor elementor-14349\" data-elementor-post-type=\"page\">\n\t\t\t\t<div class=\"elementor-element elementor-element-9103d3c e-flex e-con-boxed e-con e-parent\" data-id=\"9103d3c\" data-element_type=\"container\" data-e-type=\"container\">\n\t\t\t\t\t<div class=\"e-con-inner\">\n\t\t\r\n\t\t<div class=\"elementor-element elementor-element-e6453d0 elementor-widget elementor-widget-text-editor\" data-id=\"e6453d0\" data-element_type=\"widget\" data-e-type=\"widget\" data-widget_type=\"text-editor.default\">\n\t\t\t\t\t\t\t\t\t<p><a href=\"https:\/\/azzk.me\/wp-content\/uploads\/2026\/04\/Obrazac-1-Opsti-obrazac-za-prijavu-drzavne-pomoci.docx\">Obrazac 1 &#8211; Op\u0161ti obrazac za prijavu dr\u017eavne pomo\u0107i<\/a><\/p><p><a href=\"https:\/\/azzk.me\/wp-content\/uploads\/2026\/04\/Obrazac-2a-Obrazac-o-dodatnim-podacima-o-individualnoj-regionalnoj-pomoci-za-ulaganje.docx\">Obrazac 2a &#8211; Obrazac o dodatnim podacima o individualnoj regionalnoj pomo\u0107i za ulaganje<\/a><\/p><p><a href=\"https:\/\/azzk.me\/wp-content\/uploads\/2026\/04\/Obrazac-2b-Obrazac-o-dodatnim-podacima-o-semama-regionalne-pomoci-za-ulaganja.docx\">Obrazac 2b &#8211; Obrazac o dodatnim podacima o \u0161emama regionalne pomo\u0107i za ulaganja<\/a><\/p><p><a href=\"https:\/\/azzk.me\/wp-content\/uploads\/2026\/04\/Obrazac-2c-Obrazac-o-dodatnim-podacima-o-semema-regionalne-operativne-pomoci.docx\">Obrazac 2c &#8211; Obrazac o dodatnim podacima o \u0161emema regionalne operativne pomo\u0107i<\/a><\/p><p><a href=\"https:\/\/azzk.me\/wp-content\/uploads\/2026\/04\/Obrazac-3-\u2013-Obrazac-o-dodatnim-podacima-za-pomoc-za-istrazivanje-razvoj-i-inovacije.docx\">Obrazac 3 \u2013 Obrazac o dodatnim podacima za pomo\u0107 za istra\u017eivanje, razvoj i inovacije<\/a><\/p><p><a href=\"https:\/\/azzk.me\/wp-content\/uploads\/2026\/04\/Obrazac-4a-Obrazac-o-dodatnim-podacima-o-pomoci-za-sanaciju-nefinansijskih-privrednih-drustava-u-poteskocama-individualna-pomoc.docx\">Obrazac 4a &#8211; Obrazac o dodatnim podacima o pomo\u0107i za sanaciju nefinansijskih privrednih dru\u0161tava u pote\u0161ko\u0107ama; individualna pomo\u0107<\/a><\/p><p><a href=\"https:\/\/azzk.me\/wp-content\/uploads\/2026\/04\/Obrazac-4b-Obrazac-o-dodatnim-podacima-o-pomoci-za-restrukturiranje-nefinansijskih-privrednih-drustava-u-poteskocama-individualna-pomoc.docx\">Obrazac 4b &#8211; Obrazac o dodatnim podacima o pomo\u0107i za restrukturiranje nefinansijskih privrednih dru\u0161tava u pote\u0161ko\u0107ama individualna pomo\u0107<\/a><\/p><p><a href=\"https:\/\/azzk.me\/wp-content\/uploads\/2026\/04\/Obrazac-4c-Obrazac-o-dodatnim-podacima-o-pomoci-za-sanaciju-restrukturiranje-iili-privremenoj-pomoci-za-restrukturiranje-seme-pomoci.docx\">Obrazac 4c &#8211; Obrazac o dodatnim podacima o pomo\u0107i za sanaciju, restrukturiranje iili privremenoj pomo\u0107i za restrukturiranje \u0161eme pomo\u0107i<\/a><\/p><p><a href=\"https:\/\/azzk.me\/wp-content\/uploads\/2026\/04\/Obrazac-5-\u2013-Obrazac-o-dodatnim-podacima-za-pomoc-za-filmove-i-druga-audiovizuelna-djela.docx\">Obrazac 5 \u2013 Obrazac o dodatnim podacima za pomo\u0107 za filmove i druga audiovizuelna djela<\/a><\/p><p><a href=\"https:\/\/azzk.me\/wp-content\/uploads\/2026\/04\/Obrazac-6a-\u2013-Obrazac-o-dodatnim-podacima-o-drzavnoj-pomoci-za-mjere-podsticanja-koriscenja.docx\">Obrazac 6a \u2013 Obrazac o dodatnim podacima o dr\u017eavnoj pomo\u0107i za mjere podsticanja kori\u0161\u0107enja<\/a><\/p><p><a href=\"https:\/\/azzk.me\/wp-content\/uploads\/2026\/04\/Obrazac-6b-Obrazac-o-dodatnim-podacima-o-drzavnoj-pomoci-za-uvodenje-sirokopojasnih-mreza.docx\">Obrazac 6b &#8211; Obrazac o dodatnim podacima o dr\u017eavnoj pomo\u0107i za uvo\u0111enje \u0161irokopojasnih mre\u017ea<\/a><\/p><p><a href=\"https:\/\/azzk.me\/wp-content\/uploads\/2026\/04\/Obrazac-7a-\u2013-Obrazac-o-dodatnim-podacima-za-drzavnu-pomoc-dodijeljenu-na-osnovu-Smjernica-o-drzavnoj-pomoci-za-klimu-zastitu-zivotne-sredine-i-.rtf\">Obrazac 7a \u2013 Obrazac o dodatnim podacima za dr\u017eavnu pomo\u0107 dodijeljenu na osnovu Smjernica o dr\u017eavnoj pomo\u0107i za klimu, za\u0161titu \u017eivotne sredine i energiju za 2022. godinu<\/a><\/p><p><a href=\"https:\/\/azzk.me\/wp-content\/uploads\/2026\/04\/Obrazac-7b-Obrazac-o-dodatnim-podacima-za-drzavnu-pomoc-dodijeljenu-na-osnovu-Smjernica-o-drzavnoj-pomoci-za-klimu-zastitu-zivotne-sredine-i.docx\">Obrazac 7b &#8211; Pomo\u0107 za unapre\u0111enje energetske i ekolo\u0161ke efikasnosti zgrada <\/a><\/p><p><a href=\"https:\/\/azzk.me\/wp-content\/uploads\/2026\/04\/Obrazac-7c-\u2013-Obrazac-o-dodatnim-podacima-za-drzavnu-pomoc-dodijeljenu-na-osnovu-Smjernica-o-drzavnoj-pomoci-za-klimu-zastitu-zivotne-sredine-i.docx\">Obrazac 7c \u2013 Pomoc\u0301 za nabavku i zakup \u010distih vozila i \u010diste mobilne servisne opreme kao i za modernizaciju vozila i mobilne servisne opreme<\/a><\/p><p><a href=\"https:\/\/azzk.me\/wp-content\/uploads\/2026\/04\/Obrazac-7d-\u2013-Obrazac-o-dodatnim-podacima-za-drzavnu-pomoc-dodijeljenu-na-osnovu-Smjernica-o-drzavnoj-pomoci-za-klimu-zastitu-zivotne-sredine-i.docx\">Obrazac 7d \u2013 Pomoc\u0301 za uvo\u0111enje infrastrukture za punjenje ili dopunu goriva <\/a><\/p><p><a href=\"https:\/\/azzk.me\/wp-content\/uploads\/2026\/04\/Obrazac-7e-\u2013-Obrazac-o-dodatnim-podacima-za-drzavnu-pomoc-dodijeljenu-na-osnovu-Smjernica-o-drzavnoj-pomoci-za-klimu-zastitu-zivotne-sredine-i.docx\">Obrazac 7e \u2013 Pomo\u0107 za efikasno kori\u0161\u0107enje resursa i za podr\u0161ku tranziciji ka cirkularnoj ekonomiji<\/a><\/p><p><a href=\"https:\/\/azzk.me\/wp-content\/uploads\/2026\/04\/Obrazac-7f-\u2013-Obrazac-o-dodatnim-podacima-za-drzavnu-pomoc-dodijeljenu-na-osnovu-Smjernica-o-drzavnoj-pomoci-za-klimu-zastitu-zivotne-sredine-i.docx\">Obrazac 7f \u2013 Pomo\u0107 za spre\u010davanje ili smanjenje zaga\u0111enja koje nije uzrokovano gasovima sa efektom staklene baste<\/a><\/p><p><a href=\"https:\/\/azzk.me\/wp-content\/uploads\/2026\/04\/Obrazac-7g-\u2013-Obrazac-o-dodatnim-podacima-za-drzavnu-pomoc-dodijeljenu-na-osnovu-Smjernica-o-drzavnoj-pomoci-za-klimu-zastitu-zivotne-sredine-i.docx\">Obrazac 7g \u2013Pomo\u0107 za sanaciju kontaminiranih lokacija, opravak prirodnih stani\u0161ta i ekosistema, kao i za biodiverzitet (biolo\u0161ka raznovrsnost) i za sprovo\u0111enje prirodnih rje\u0161enja<\/a><\/p><p><a href=\"https:\/\/azzk.me\/wp-content\/uploads\/2026\/04\/Obrazac-7h-\u2013-Obrazac-o-dodatnim-podacima-za-drzavnu-pomoc-dodijeljenu-na-osnovu-Smjernica-o-drzavnoj-pomoci-za-klimu-zastitu-zivotne-sredine-i.docx\">Obrazac 7h \u2013Pomo\u0107 u obliku smanjenja poreza ili parfiskalnih nameta za za\u0161titu \u017eivotne sredine<\/a><\/p><p><a href=\"https:\/\/azzk.me\/wp-content\/uploads\/2026\/04\/Obrazac-7i-\u2013-Obrazac-o-dodatnim-podacima-za-drzavnu-pomoc-dodijeljenu-na-osnovu-Smjernica-o-drzavnoj-pomoci-za-klimu-zastitu-zivotne-sredine-i.docx\">Obrazac 7i \u2013 Pomo\u0107 u obliku smanjenja poreza ili parfiskalnih nameta za za\u0161titu \u017eivotne sredine<\/a><\/p><p><a href=\"https:\/\/azzk.me\/wp-content\/uploads\/2026\/04\/Obrazac-7j-\u2013-Obrazac-o-dodatnim-podacima-za-drzavnu-pomoc-dodijeljenu-na-osnovu-Smjernica-o-drzavnoj-pomoci-za-klimu-zastitu-zivotne-sredine-i.docx\">Obrazac 7j \u2013 Pomoc\u0301 za sigurnost snabdijevanja elektri\u010dnom energijom<\/a><\/p><p><a href=\"https:\/\/azzk.me\/wp-content\/uploads\/2026\/04\/Obrazac-7k-\u2013-Obrazac-o-dodatnim-podacima-za-drzavnu-pomoc-dodijeljenu-na-osnovu-Smjernica-o-drzavnoj-pomoci-za-klimu-zastitu-zivotne-sredine-i.docx\">Obrazac 7k \u2013 Pomo\u0107 za energetsku infrastrukturu<\/a><\/p><p><a href=\"https:\/\/azzk.me\/wp-content\/uploads\/2026\/04\/Obrazac-7l-Obrazac-o-dodatnim-podacima-za-drzavnu-pomoc-dodijeljenu-na-osnovu-Smjernica-o-drzavnoj-pomoci-za-klimu-zastitu-zivotne-sredine-i.docx\">Obrazac 7l -Pomoc\u0301 za centralno grijanje i hla\u0111enje<\/a><\/p><p><a href=\"https:\/\/azzk.me\/wp-content\/uploads\/2026\/04\/Obrazac-7m-Obrazac-o-dodatnim-podacima-za-drzavnu-pomoc-dodijeljenu-na-osnovu-Smjernica-o-drzavnoj-pomoci-za-klimu-zastitu-zivotne-sredine-i.docx\">Obrazac 7m &#8211; Pomoc\u0301 u obliku smanjenja nameta za elektri\u010dnu energiju za velike potro\u0161a\u010de energije<\/a><\/p><p><a href=\"https:\/\/azzk.me\/wp-content\/uploads\/2026\/04\/Obrazac-8-Obrazac-o-dodatnim-podacima-za-pomoc-za-rizicno-finansiranje.docx\">Obrazac 8 &#8211; Obrazac o dodatnim podacima za pomo\u0107 za rizi\u010dno finansiranje<\/a><\/p><p><a href=\"https:\/\/azzk.me\/wp-content\/uploads\/2026\/04\/Obrazac-9a-Obrazac-o-dodatnim-podacima-za-pomoc-za-aerodrome-i-avio-kompanije.docx\">Obrazac 9a &#8211; Obrazac o dodatnim podacima za pomo\u0107 za aerodrome i avio &#8211; kompanije<\/a><\/p><p><a href=\"https:\/\/azzk.me\/wp-content\/uploads\/2026\/04\/Obrazac-9b-\u2013-Obrazac-o-dodatnim-podacima-o-operativnoj-pomoci-za-aerodrome.docx\">Obrazac 9b \u2013 Obrazac o dodatnim podacima o operativnoj pomo\u0107i za aerodrome<\/a><\/p><p><a href=\"https:\/\/azzk.me\/wp-content\/uploads\/2026\/04\/Obrazac-9c-\u2013-Obrazac-o-dodatnim-podacima-o-pomoci-za-pokretanje-poslovanja-avio-kompanijama.docx\">Obrazac 9c \u2013 Obrazac o dodatnim podacima o pomo\u0107i za pokretanje poslovanja avio-kompanijama<\/a><\/p><p><a href=\"https:\/\/azzk.me\/wp-content\/uploads\/2026\/04\/Obrazac-9d-Obrazac-o-dodatnim-podacima-o-pomoci-socijalnog-karaktera-u-skladu-sa-clanom-107-stav-2-tacka-a-Ugovora-za-usluge-vazdusnog-sa.docx\">Obrazac 9d &#8211; Obrazac o dodatnim podacima o pomo\u0107i socijalnog karaktera, u skladu sa \u010dlanom 107 stav 2 ta\u010dka (a) Ugovora, za usluge vazdu\u0161nog sa<\/a><\/p><p><a href=\"https:\/\/azzk.me\/wp-content\/uploads\/2026\/04\/Obrazac-9e-Obrazac-o-dodatnim-podacima-o-pomoci-za-pomorski-saobracaj.docx\">Obrazac 9e &#8211; Obrazac o dodatnim podacima o pomo\u0107i za pomorski saobra\u0107aj<\/a><\/p><p><a href=\"https:\/\/azzk.me\/wp-content\/uploads\/2026\/04\/Obrazac-10-\u2013-Obrazac-za-prijavu-plana-evaluacije.docx\">Obrazac 10 \u2013 Obrazac za prijavu plana evaluacije<\/a><\/p><p><a href=\"https:\/\/azzk.me\/wp-content\/uploads\/2026\/04\/Obrazac-11-\u2013-Obrazac-za-pojednostavljenu-prijavu-drzavne-pomoci.docx\">Obrazac 11 \u2013 Obrazac za pojednostavljenu prijavu dr\u017eavne pomo\u0107i<\/a><\/p>\t\t\t\t\t\t\t\t<\/div>\n\t\t\t\t\t<\/div>\n\t\t\t\t<\/div>\n\t\t\t\t<\/div>\n\t\t","protected":false},"excerpt":{"rendered":"<p>Obrazac 1 &#8211; Op\u0161ti obrazac za prijavu dr\u017eavne pomo\u0107i Obrazac 2a &#8211; Obrazac o dodatnim podacima o individualnoj regionalnoj pomo\u0107i za ulaganje Obrazac 2b &#8211; Obrazac o dodatnim podacima o \u0161emama regionalne pomo\u0107i za ulaganja Obrazac 2c &#8211; Obrazac o dodatnim podacima o \u0161emema regionalne operativne pomo\u0107i Obrazac 3 \u2013 Obrazac o dodatnim podacima za [&hellip;]<\/p>\n","protected":false},"author":1,"featured_media":0,"parent":0,"menu_order":0,"comment_status":"closed","ping_status":"closed","template":"","meta":{"footnotes":""},"class_list":["post-14349","page","type-page","status-publish","hentry"],"_links":{"self":[{"href":"https:\/\/azzk.me\/en\/wp-json\/wp\/v2\/pages\/14349","targetHints":{"allow":["GET"]}}],"collection":[{"href":"https:\/\/azzk.me\/en\/wp-json\/wp\/v2\/pages"}],"about":[{"href":"https:\/\/azzk.me\/en\/wp-json\/wp\/v2\/types\/page"}],"author":[{"embeddable":true,"href":"https:\/\/azzk.me\/en\/wp-json\/wp\/v2\/users\/1"}],"replies":[{"embeddable":true,"href":"https:\/\/azzk.me\/en\/wp-json\/wp\/v2\/comments?post=14349"}],"version-history":[{"count":34,"href":"https:\/\/azzk.me\/en\/wp-json\/wp\/v2\/pages\/14349\/revisions"}],"predecessor-version":[{"id":14467,"href":"https:\/\/azzk.me\/en\/wp-json\/wp\/v2\/pages\/14349\/revisions\/14467"}],"wp:attachment":[{"href":"https:\/\/azzk.me\/en\/wp-json\/wp\/v2\/media?parent=14349"}],"curies":[{"name":"wp","href":"https:\/\/api.w.org\/{rel}","templated":true}]}}