{"id":6147,"date":"2022-08-31T16:17:03","date_gmt":"2022-08-31T16:17:03","guid":{"rendered":"https:\/\/mawebdesign.me\/?page_id=6147"},"modified":"2022-11-04T11:29:42","modified_gmt":"2022-11-04T11:29:42","slug":"rjesenja-2013-2016-godina","status":"publish","type":"page","link":"https:\/\/azzk.me\/en\/rjesenja-2013-2016-godina\/","title":{"rendered":"Rje\u0161enja 2013-2016.godina"},"content":{"rendered":"\t\t<div data-elementor-type=\"wp-page\" data-elementor-id=\"6147\" class=\"elementor elementor-6147\" data-elementor-post-type=\"page\">\n\t\t\t\t        <section class=\"elementor-section elementor-top-section elementor-element elementor-element-fa5173c elementor-section-boxed elementor-section-height-default elementor-section-height-default ct-header-fixed-none ct-row-max-none\" data-id=\"fa5173c\" data-element_type=\"section\" data-e-type=\"section\">\n            \n                        <div class=\"elementor-container elementor-column-gap-default \">\n                    <div class=\"elementor-column elementor-col-100 elementor-top-column elementor-element elementor-element-fe83de3\" data-id=\"fe83de3\" data-element_type=\"column\" data-e-type=\"column\">\n        <div class=\"elementor-widget-wrap elementor-element-populated\">\n                    \n        \r\n\t\t<div class=\"elementor-element elementor-element-383ed8a elementor-widget elementor-widget-text-editor\" data-id=\"383ed8a\" data-element_type=\"widget\" data-e-type=\"widget\" data-widget_type=\"text-editor.default\">\n\t\t\t\t\t\t\t\t\t<p><strong>2016.g.<\/strong><\/p><p><a href=\"\/docs\/koncentracije\/2016\/2016-11-24_Rjesenje%20Sigur%20Retail%20Group%20-%20Intersport%20ISI.pdf\" target=\"_blank\" rel=\"noopener noreferrer\">Sigur Retail Group &#8211; Intersport ISI (24.11.2016.)<\/a><\/p><p><a href=\"\/docs\/koncentracije\/2016\/2016-11-23_Rjesenje%20Bayer%20AG%20-%20Monsanto%20Company.pdf\" target=\"_blank\" rel=\"noopener noreferrer\">Bayer AG &#8211; Monsanto Company (23.11.2016.)<\/a><\/p><p><a href=\"\/docs\/koncentracije\/2016\/2016-11-16_Rjesenje%20Telenor%20Norge%20AS%20-%20Banzai%204G%20AS.pdf\" target=\"_blank\" rel=\"noopener noreferrer\">Telenor Norge AS &#8211; Banzai 4G AS (16.11.2016.)<\/a><\/p><p><a href=\"\/docs\/koncentracije\/2016\/2016-11-15_Rjesenje%20SBB%20-%20IKOM.pdf\" target=\"_blank\" rel=\"noopener noreferrer\">SBB &#8211; IKOM (15.11.2016.)<\/a><\/p><p><a href=\"\/docs\/koncentracije\/2016\/2016-11-01_Rjesenje%20Telenor%20Norge%20AS%20-%20Hello%20AS.pdf\" target=\"_blank\" rel=\"noopener noreferrer\">Telenor Norge AS &#8211; Hello AS (01.11.2016.)<\/a><\/p><p><a href=\"\/docs\/koncentracije\/2016\/2016-10-19_Rjesenje%20Telenor%20Maritame-SatPoint.pdf\" target=\"_blank\" rel=\"noopener noreferrer\">&#8220;Telenor Maritime&#8221; AS &#8211; &#8220;SatPoint&#8221; AB (19.10.2016.)<\/a><\/p><p><a href=\"\/docs\/koncentracije\/2016\/2016-10-14_Rjesenje%20Grawe-Merkur%20osiguranje.pdf\" target=\"_blank\" rel=\"noopener noreferrer\">&#8220;Grawe osiguranje&#8221; a.d. Podgorica &#8211; &#8220;Merkur osiguranje&#8221; Podgorica (14.10.2016.)<\/a><\/p><p><a href=\"\/docs\/koncentracije\/2016\/2016-10-14_Rjesenje%20%20Eco%20Invest-Paloma.pdf\" target=\"_blank\" rel=\"noopener noreferrer\">&#8220;ECO-INVEST&#8221; a.s. &#8211; &#8220;Paloma, higienski papirji&#8221; d.d. (14.10.2016.)<\/a><\/p><p><a href=\"\/docs\/koncentracije\/2016\/2016-10-10_Rjesenje%20Evropa%20Lek%20Pharma.pdf\" target=\"_blank\" rel=\"noopener noreferrer\">&#8220;Evropa Lek Pharma&#8221; doo Beograd &#8211; Farmegra Podgorica &#8211; Lijek Podgorica (10.10.2016.)<\/a><\/p><p><a href=\"\/docs\/koncentracije\/2016\/2016-08-01_Rjesenje-Hemofarm-dio%20poslovanja%20Ivancic%20i%20sinovi.pdf\" target=\"_blank\" rel=\"noopener noreferrer\">&#8220;Hemofarm&#8221; a.d. Vr\u0161ac &#8211; &#8220;Ivan\u010di\u0107 i sinovi&#8221; d.o.o. Beograd (01.08.2016.)<\/a><\/p><p><a href=\"\/docs\/koncentracije\/2016\/2016-07-29_Resenje%20Telemach-Global.pdf\" target=\"_blank\" rel=\"noopener noreferrer\">Telemach &#8211; Global (29.07.2016.)<\/a><\/p><p><a href=\"\/docs\/koncentracije\/2016\/2016-07-25_Rjesenje%20Dogus-Marina.pdf\" target=\"_blank\" rel=\"noopener noreferrer\">Dogus &#8211; Marina (25.07.2016.)<\/a><\/p><p><a href=\"\/docs\/koncentracije\/2016\/2016-06-14_Rjesenje%20Savana%20-%20Gintas.pdf\" target=\"_blank\" rel=\"noopener noreferrer\">Savana &#8211; Gintas (14.06.2016.)<\/a><\/p><p><a href=\"\/docs\/koncentracije\/2016\/2016-06-14_Rjesenje%20OTP-Szallas.pdf\" target=\"_blank\" rel=\"noopener noreferrer\">OTP &#8211; Szallas (14.06.2016.)<\/a><\/p><p><a href=\"\/docs\/koncentracije\/2016\/2016-05-31_Rjesenje%20Nestle-PAI%20Partners%20SAS-RR%20Ice%20Cream%20plc.pdf\" target=\"_blank\" rel=\"noopener noreferrer\">Nestle &#8211; PAI Partners SAS-RR Ice Cream plc (31.05.2016.)<\/a><\/p><p><a href=\"\/docs\/koncentracije\/2016\/2016-05-27_Rjesenje%20Telenor%20Norge-Nordix%20Data.pdf\" target=\"_blank\" rel=\"noopener noreferrer\">Telenor Norge &#8211; Nordix Data (27.05.2016.)<\/a><\/p><p><a href=\"\/docs\/koncentracije\/2016\/2016-05-27_Rjesenje%20Sunoko-Star%20Secer.pdf\" target=\"_blank\" rel=\"noopener noreferrer\">Sunoko &#8211; Star \u0160e\u0107er (27.05.2016.)<\/a><\/p><p><a title=\"Rje\u0161enje Telemach-Mkabl\" href=\"\/docs\/koncentracije\/2016\/2016-05-18_Rjesenje_Telemach-Mkabl.pdf\" target=\"_blank\" rel=\"noopener noreferrer\">Telemach AD &#8211; Mkabl (18.05.2016.)<\/a><\/p><p><a href=\"\/docs\/koncentracije\/2016\/2016-04-25_Rjesenje%20Investment%20Corporation%20of%20Dubai%20-%20Adriatic%20Marinas.pdf\" target=\"_blank\" rel=\"noopener noreferrer\">Investment Corporation of Dubai &#8211; Adriatic Marinas (25.04.2016.)<\/a><\/p><p><a href=\"\/docs\/koncentracije\/2016\/2016-04-14_Rjesenje%20New%20Frontier%20-%20Ditras.pdf\" target=\"_blank\" rel=\"noopener noreferrer\">New Frontier &#8211; Ditras (14.04.2016.)<\/a><\/p><p><a href=\"\/docs\/koncentracije\/2016\/2016-04-06_Rjesenje%20Ingram%20Micro%20Inc%20-%20RRC%20Poland.pdf\" target=\"_blank\" rel=\"noopener noreferrer\">Ingram Micro Inc &#8211; RRC Poland (06.04.2016.)<\/a><\/p><p><a href=\"\/docs\/koncentracije\/2016\/2016-04-04_Rjesenje%20Telenor%20-%20Tapad.pdf\" target=\"_blank\" rel=\"noopener noreferrer\">Telenor &#8211; TapAd (04.04.2016.)<\/a><\/p><p><a href=\"\/docs\/koncentracije\/2016\/2016-04-01_Rjesenje%20OTP-AXA%20Bank.pdf\" target=\"_blank\" rel=\"noopener noreferrer\">OTP Bank Nyrt &#8211; AXA Bank Hungary (01.04.2016.)<\/a><\/p><p><a href=\"\/docs\/koncentracije\/2016\/Rjesenje%20EBRD-Voli.pdf\" target=\"_blank\" rel=\"noopener noreferrer\">EBRD &#8211; Voli (24.03.2016.)<\/a><\/p><p><a href=\"\/docs\/koncentracije\/2016\/Rjesenje%20Figaro%20BidCo-LGC%20Science.pdf\" target=\"_blank\" rel=\"noopener noreferrer\">Figaro BidCo &#8211; LGC Science Group Limited (02.02.2016.)<\/a><\/p><p><a href=\"\/docs\/koncentracije\/2016\/Rjesenje%20Petrol-Geoplin.pdf\" target=\"_blank\" rel=\"noopener noreferrer\">Petrol &#8211; Geoplin (26.01.2016.)<\/a><\/p><p><a href=\"\/docs\/koncentracije\/2016\/Rjesenje%20Telenor%20Finance.pdf\" target=\"_blank\" rel=\"noopener noreferrer\">Telenor &#8211; Prabhu (25.01.2016.)<br \/><\/a><\/p><hr \/><p><strong>2015.g.<\/strong><\/p><p><a href=\"\/docs\/koncentracije\/2015\/Telemach%20M%20kabl%20izreka%20za%20sajt.pdf\" target=\"_blank\" rel=\"noopener noreferrer\">Telemach &#8211; Mkabl (29.12.2015.)<\/a><\/p><p><a href=\"\/docs\/koncentracije\/2015\/Rjesenje%20Imlek%20-%20Niska%20mlekara.pdf\" target=\"_blank\" rel=\"noopener noreferrer\">Imlek &#8211; Ni\u0161ka mlekara (25.12.2015.)<\/a><\/p><p><a href=\"\/docs\/koncentracije\/2015\/Rjesenje%20Messer%20-%20Air%20Liquide.pdf\" target=\"_blank\" rel=\"noopener noreferrer\">Messer &#8211; Air Liquide (24.11.2015.)<\/a><\/p><p><a href=\"\/docs\/koncentracije\/2015\/Rjesenje%20Duna-Dr%C3%A1va%20Cement%20Kft%20-%20CEMEX%20Hrvatska%20dd.pdf\" target=\"_blank\" rel=\"noopener noreferrer\">Duna-Drava Cement Kft &#8211; CEMEX Hrvatska dd (23.11.2015.)<\/a><\/p><p><a href=\"\/docs\/koncentracije\/2015\/Rjesenje%20Delta%20M.pdf\" target=\"_blank\" rel=\"noopener noreferrer\">Hyprop Investments Limited &#8211; Delta M (16.11.2015.)<\/a><\/p><p><a href=\"\/docs\/koncentracije\/2015\/Rjesenje%20Nelt%20Co-Tako%20Lako%20Shop.pdf\" target=\"_blank\" rel=\"noopener noreferrer\">Nelt Co d.o.o. &#8211; Tako Lako Shop d.o.o. (02.11.2015.)<\/a><\/p><p><a href=\"\/docs\/koncentracije\/2015\/Rjesenje%20Exor-PartnerRe.pdf\" target=\"_blank\" rel=\"noopener noreferrer\">Exor SpA &#8211; PartnerRe Ltd\u00a0<\/a><a href=\"\/docs\/koncentracije\/2015\/Rjesenje%20Nelt%20Co-Tako%20Lako%20Shop.pdf\" target=\"_blank\" rel=\"noopener noreferrer\">(02.11.2015.)<\/a><\/p><p><a href=\"\/docs\/koncentracije\/2015\/Rjesenje-SIJ-Perutnina%20-Ptuj.pdf\" target=\"_blank\" rel=\"noopener noreferrer\">Slovenska industrija jekla &#8211; Perutnina Ptuj (26.10.2015.)<\/a><\/p><p><a href=\"\/docs\/koncentracije\/2015\/Rjesenje_Delhaize%20group-Ahold.pdf\" target=\"_blank\" rel=\"noopener noreferrer\">Delhaize Group NV\/SA &#8211; Koninklijke Ahold N.V. (07.09.2015.)<\/a><\/p><p><a href=\"\/docs\/koncentracije\/2015\/RjesenjeOTP-Findomestic.pdf\" target=\"_blank\" rel=\"noopener noreferrer\">OTP Banka Srbija a.d. &#8211; Findomestik Banka a.d. Beograd (04.09.2015.)<\/a><\/p><p><a href=\"\/docs\/koncentracije\/2015\/Rjesenje%20Monte-Rock-Mestral.pdf\" target=\"_blank\" rel=\"noopener noreferrer\">Monte-Rock d.o.o. &#8211; Hit Montenegro hoteli, casina, turizam\u00a0d.o.o. (03.08.2015.)<\/a><\/p><p><a href=\"\/docs\/koncentracije\/2015\/Rjesenje%20Amdocs%20Limited-Comverse%20Inc.pdf\" target=\"_blank\" rel=\"noopener noreferrer\">Amdocs Limited &#8211; Comverse, Inc. (23.07.2015.)<\/a><\/p><p><a href=\"\/docs\/koncentracije\/2015\/Rjesenje%20KKR-URSA%20-final.pdf\" target=\"_blank\" rel=\"noopener noreferrer\">KKR &amp; Co.L.P. &#8211; Ursa Insulation Holding B.V. (16.07.2015.)<\/a><\/p><p><a href=\"\/docs\/koncentracije\/2015\/Rjesenje_Agrokor-Adriatic%20Net.pdf\" target=\"_blank\" rel=\"noopener noreferrer\">Agrokor d.d. Zagreb &#8211; Adriatic.Net d.o.o. (03.07.2015.)<\/a><\/p><p><a href=\"\/docs\/koncentracije\/2015\/Rjesenje-Podravka.pdf\" target=\"_blank\" rel=\"noopener noreferrer\">PODRAVKA prehrambena industrija d.d. &#8211; \u017dITO prehrambena industrija d.d. (26.06.2015.)<\/a><\/p><p><a href=\"\/docs\/koncentracije\/2015\/Rjesenje%20Magyar%20Telekom.pdf\" target=\"_blank\" rel=\"noopener noreferrer\">Magyar Telekom Tavkozlesi Nyilvanosan Mukodo Reszvenytarsasag &#8211; MET Holding AG (10.06.2015.)<\/a><\/p><p><a href=\"\/docs\/koncentracije\/2015\/Rjesenje%20Mtel-Elta%20Mont.pdf\" target=\"_blank\" rel=\"noopener noreferrer\">MTEL d.o.o. Podgorica &#8211; Elta Mont d.o.o. Nik\u0161i\u0107 (10.06.2015.)<\/a><\/p><p><a href=\"\/docs\/koncentracije\/2015\/Rjesenje%20Heineken-Pivovarna%20Lasko.pdf\" target=\"_blank\" rel=\"noopener noreferrer\">Heineken International B.V. &#8211; Pivovarna La\u0161ko (09.06.2015.)<\/a><\/p><p><a href=\"\/docs\/koncentracije\/2015\/Rjesenje%20Mtel-Media%20Net.pdf\" target=\"_blank\" rel=\"noopener noreferrer\">MTEL d.o.o. Podgorica &#8211; Media Net d.o.o. Podgorica (08.06.2015.)<\/a><\/p><p><a href=\"\/docs\/koncentracije\/2015\/Rjesenje_Mercator-Kaca.pdf\" target=\"_blank\" rel=\"noopener noreferrer\">Mercator CG d.o.o. Podgorica &#8211; Ka\u0107a d.o.o. Bar (08.06.2015.)<\/a><\/p><p><a href=\"\/docs\/koncentracije\/2015\/Telemach%20d.o.o.%20Sarajevo-%20HS%20d.o.o.%20Sarajevo,%20HKB%20net%20d.o.o.%20Sarajevo,%20M&amp;H%20Company%20d.o.o.%20Sarajevo,Vrbaska%20Kablovska%20Televizija-Network%20d.o.o.%20Bugojno,%20Velnet%20d.o.o.%20Mostar.pdf\" target=\"_blank\" rel=\"noopener noreferrer\">Telemach d.o.o. Sarajevo &#8211; HS d.o.o. Sarajevo, HKB net d.o.o. Sarajevo, M&amp;H Company d.o.o. Sarajevo, Vrbaska Kablovska Televizija-Network d.o.o. Bugojno, Velnet d.o.o. Mostar (29.05.2015.)<\/a><\/p><p><a href=\"\/docs\/koncentracije\/2015\/Rjesenje_Mercator-Solaris%20Final.pdf\" target=\"_blank\" rel=\"noopener noreferrer\">Mercator-CG d.o.o. Podgorica &#8211; Solaris &amp; Co d.o.o. Ulcinj (07.05.2015.)<\/a><\/p><p><a href=\"\/docs\/koncentracije\/2015\/Rjesenje%20bambi-zvakace%20gume.pdf\" target=\"_blank\" rel=\"noopener noreferrer\">Bambi a.d. &#8211; United Food, MGUM (04.05.2015.)<\/a><\/p><p><a href=\"\/docs\/koncentracije\/2015\/Rjesenje-TelenorTelia%20Sonera-konacno.pdf\" target=\"_blank\" rel=\"noopener noreferrer\">Telenor ASA &#8211; TeliaSonera AB (03.04.2015.)<\/a><\/p><p><a href=\"\/docs\/koncentracije\/2015\/Mtel%20Bih-%20Cabling.pdf\" target=\"_blank\" rel=\"noopener noreferrer\">Telekomunikacije Republike Srpske a.d. Banja Luka &#8211; Cabling d.o.o. Budva (06.03.2015.)<\/a><\/p><p><a href=\"\/docs\/koncentracije\/2015\/Adriatic%20BidCo-DF%20i%20CH.pdf\" target=\"_blank\" rel=\"noopener noreferrer\">Adriatic Bidco &#8211; Danube Foods Group B.V, Clates Holding B.V.\u00a0<\/a><a href=\"\/docs\/koncentracije\/2015\/Mtel%20Bih-%20Cabling.pdf\" target=\"_blank\" rel=\"noopener noreferrer\">(06.03.2015.)<\/a><\/p><p><a href=\"\/docs\/koncentracije\/2015\/Gebr.Heinemann-Regal%20GH%20Ljubljana.pdf\" target=\"_blank\" rel=\"noopener noreferrer\">Gebr. Heinemann &#8211; Regal GH\u00a0Ljubljana (29.01.2015.)<\/a><\/p><p><a href=\"\/docs\/koncentracije\/2015\/SBB-EUnet\" target=\"_blank\" rel=\"noopener noreferrer\">Serbia Broadband d.o.o. Beograd &#8211; EUnet d.o.o. Beograd (10.02.2015.)<\/a><\/p><p><a href=\"\/docs\/koncentracije\/2015\/Telenor-SoBazar.pdf\" target=\"_blank\" rel=\"noopener noreferrer\">SoBazaar ANS &#8211; Telenor Digital, Schibsted Vekst AS (10.02.2015.)<\/a><\/p><p><a href=\"\/docs\/koncentracije\/2015\/Telenor%20project%20silver.pdf\" target=\"_blank\" rel=\"noopener noreferrer\">Telenor procjet silver (Telenor ASA, Schibsted ASA, Naspers Limited, Singapore Press \u00a0HL, Snt Classifieds ANS, 701Search Pte.Ltd (06.02.2015.)<\/a><\/p><p><a href=\"\/docs\/koncentracije\/2015\/Telemach%20Sarajevo-BHB%20Cable.pdf\" target=\"_blank\" rel=\"noopener noreferrer\">Telemach Sarajevo &#8211; BHB Cable TV d.o.o. Lukavac (04.02.2015.)<\/a><\/p><p><a href=\"\/docs\/koncentracije\/2015\/Telemach-Tusmobile.pdf\" target=\"_blank\" rel=\"noopener noreferrer\">Telemach \u0161irokopasovna komunikacija d.o.o. Ljubljana &#8211; Tu\u0161mobil d.o.o. Ljubljana (02.02.2015.)<\/a><\/p><hr \/><p><strong>2014.g.<\/strong><\/p><p><a href=\"\/docs\/koncentracije\/2014\/Rjesenje%20Bosch%20Final%20%2810%29.pdf\" target=\"_blank\" rel=\"noopener noreferrer\">Robert Bosch &#8211; BSH Bosh und Siemens Hausgerate, Siemens Elektrogerate<\/a><\/p><p><a href=\"\/docs\/koncentracije\/2014\/Rjesenje%20NLB-Tara-Final.pdf\" target=\"_blank\" rel=\"noopener noreferrer\">NLB Interfinanz AG, NLB Montenegrobanka a.d., Nova Ljubljanska banka d.d.- Hotel Tara<\/a><\/p><p><a href=\"\/docs\/koncentracije\/2014\/Rjesenje%20OTP%20Final.pdf\" target=\"_blank\" rel=\"noopener noreferrer\">OTP Bank Romania &#8211; Banca Millenium S.A.<\/a><\/p><p><a href=\"\/docs\/koncentracije\/2014\/Rjesenje%20Hemofarm-Pharmanova%20FINAL.pdf\" target=\"_blank\" rel=\"noopener noreferrer\">Hemofarm A.D. &#8211; Pharmanova d.o.o.<\/a><\/p><p>E<a href=\"\/docs\/koncentracije\/2014\/Rjesenje_Etihad-Alitalia.pdf\" target=\"_blank\" rel=\"noopener noreferrer\">tihad Airways P.J.S.C. i Alitalia Compagnia Aerea Italiana S.p.A. &#8211; Nova Alitalia, Alitalia Loyalty S.p.A.<\/a><\/p><p><a href=\"\/docs\/koncentracije\/2014\/Rjesenje%20United%20Media-Orlando%20Klinc.pdf\" target=\"_blank\" rel=\"noopener noreferrer\">United Media S.a.r.l.- Orlando Klinci d.o.o. Zagreb<\/a><\/p><p><a href=\"\/docs\/koncentracije\/2014\/Rjesenje%20Generali_fin.pdf\" target=\"_blank\" rel=\"noopener noreferrer\">Generali PPF Holding B.V., Delta Generali Osiguranje a.d.o. Beograd- Delta Generali Holding d.o.o. Podgorica<\/a><\/p><p><a href=\"\/docs\/koncentracije\/2014\/KONACNO%20FIN%20Rjesenje%20Telenor-%20MNews-konacno%2030.09.2014.pdf\" target=\"_blank\" rel=\"noopener noreferrer\">Telenor d.o.o. Podgorica &#8211; MNNEWS d.o.o. Podgorica<\/a><\/p><p><a href=\"\/docs\/koncentracije\/2014\/Rjesenje%20Mondelez%20i%20Acorn-konacno.pdf\" target=\"_blank\" rel=\"noopener noreferrer\">Mondelez International, Inc. i Acorn Holdings B.V.- Charger Top Holdco B.V.<\/a><\/p><p><a href=\"\/docs\/koncentracije\/2014\/Konacno%20Rjesenje%20Grand%20Production.pdf\" target=\"_blank\" rel=\"noopener noreferrer\">United Media S.a.r.l.- Grand Production d.o.o., International Health Products Co. d.o.o.<\/a><\/p><p><a href=\"\/docs\/koncentracije\/2014\/Konacno%20Rjesenja%20HP.pdf\" target=\"_blank\" rel=\"noopener noreferrer\">Hewlett Packard d.o.o. Beograd &#8211; IT poslovanje<\/a><\/p><p><a href=\"\/docs\/koncentracije\/2014\/Rjesenje%20Philip%20Morris%20i%20Tutunski%20kombinat%20KONACNO.pdf\" target=\"_blank\" rel=\"noopener noreferrer\">Philip Morris International Management SA &#8211; Tutunski kombinat A.D. Prilep<\/a><\/p><p><a href=\"\/docs\/koncentracije\/2014\/Rjesenje%20Mtel-Logosoft.pdf\" target=\"_blank\" rel=\"noopener noreferrer\">Telekomunikacije Republike Srpske a.d. Banja Luka &#8211; Logosoft d.o.o. Sarajevo<\/a><\/p><p><a href=\"\/docs\/koncentracije\/2014\/Rjesenje%20SBB-BBM.pdf\" target=\"_blank\" rel=\"noopener noreferrer\">Slovenia Broadband S.a.r.l. &#8211; Broadband Montenegro a.d. Podgorica<\/a><\/p><p><a href=\"\/docs\/koncentracije\/2014\/Rjesenje%20%20Voli%20Plodovi%20CG.pdf\" target=\"_blank\" rel=\"noopener noreferrer\">Voli trade d.o.o. Podgorica &#8211; Plodovi Crne Gore<\/a><\/p><p><a href=\"\/docs\/koncentracije\/2014\/Rjesenje%20%20Nestle%20konacno.pdf\" target=\"_blank\" rel=\"noopener noreferrer\">Nestle S.A. &#8211; Galderma Pharma S.A. i Galderma International<\/a><\/p><p><a href=\"\/docs\/koncentracije\/2014\/Fater%20S.p.A-%20ciljno%20poslovanje%20%28robna%20marka%20Ace%29.pdf\" target=\"_blank\" rel=\"noopener noreferrer\">Fater S.p.A- ciljno poslovanje (robna marka Ace)<\/a><\/p><p><a href=\"\/docs\/koncentracije\/2014\/Rjesenje%20OTP%20banka%20Hrvatska%20d.d.-%20Banco%20Popolare%20Croatia%20d.d..pdf\" target=\"_blank\" rel=\"noopener noreferrer\">OTP banka Hrvatska d.d.- Banco Popolare Croatia d.d.<\/a><\/p><p><a href=\"\/docs\/koncentracije\/2014\/Telenor%20Sverige%20Aktiebolag-Goldcup%20100243%20AB%20%28pod%20promijenjenim%20imenom%20u%20Sladd%20AB%29.pdf\" target=\"_blank\" rel=\"noopener noreferrer\">Telenor Sverige Aktiebolag &#8211; Goldcup 100243 AB (pod promijenjenim imenom u Sladd AB)<\/a><\/p><p><a href=\"\/docs\/koncentracije\/2014\/Rjesenje%20Gergov-Direct%20Media.pdf\" target=\"_blank\" rel=\"noopener noreferrer\">G-din Krassimir Guergov-Direct Media d.o.o. Beograd<\/a><\/p><p><a href=\"\/docs\/koncentracije\/2014\/Rjesenje_Adria_Media_Ltd-Iko_Balkan-konacno_21022014.pdf\" target=\"_blank\" rel=\"noopener noreferrer\">Adria Media Ltd-Iko Balkan<\/a><\/p><p><a href=\"\/docs\/koncentracije\/2014\/Rjesenje%20Slovenia%20Boradband-Solford.pdf\" target=\"_blank\" rel=\"noopener noreferrer\">Slovenia Broadband S.a.r.l. &#8211; Solford Trading Limited<\/a><\/p><p><a href=\"\/docs\/koncentracije\/2014\/Rjesenje%20Adria%20BidCo-%20SBB.pdf\" target=\"_blank\" rel=\"noopener noreferrer\">Adria BidCo B.V., Adria BidCo d.o.o. &#8211; Slovenia Broadband, SBB<\/a><\/p><p><a href=\"\/docs\/koncentracije\/2014\/Rjesenje%20Telenor%20doo%20Beograd-%20Telenor%20Direct%20Beograd.pdf\" target=\"_blank\" rel=\"noopener noreferrer\">Telenor d.o.o. Beograd &#8211; Telenor Direct d.o.o. Beograd<\/a><\/p><hr \/><p><strong>2013.g.<\/strong><\/p><p><a href=\"\/docs\/koncentracije\/2013\/ALHOKAIR.Rjesenje_12122013.pdf\" target=\"_blank\" rel=\"noopener noreferrer\">Fawaz Abdulaziz Alhokair &amp; Co.- Delta Coffee d.o.o., Delta Fashion d.o.o.<\/a><\/p><p><a href=\"\/docs\/koncentracije\/2013\/Finalno%20Rjesenje_Kontejnerski%20terminal_konacno.pdf\" target=\"_blank\" rel=\"noopener noreferrer\">Global Liman Isletmeleri A.S.-Kontejnerski terminal i generalni tereti A.D.<\/a><\/p><p><a href=\"\/docs\/koncentracije\/2013\/Wheat_Corn_rjesenje.pdf\" target=\"_blank\" rel=\"noopener noreferrer\">Wheat Corn Holding B.V.-Brook Development Inc.<\/a><\/p><p><a href=\"\/docs\/koncentracije\/2013\/Rjesenje%20Telenor-Schibsted-Singapurs%20Press%20Holding.pdf\" target=\"_blank\" rel=\"noopener noreferrer\">Telenor ASA, Schibsted ASA, Singapore Press Holdings Limited-SnT Classifieds ANS, 701 Search Pte. Ltd<\/a><\/p><p><a href=\"\/docs\/koncentracije\/2013\/Rjesenje_Agrokor-Mercator.pdf\" target=\"_blank\" rel=\"noopener noreferrer\">Agrokor d.d.-Poslovni sistem Mercator d.d.<\/a><\/p><p><a href=\"\/docs\/koncentracije\/2013\/Rjesenje%20Expo-Delhaize.pdf\" target=\"_blank\" rel=\"noopener noreferrer\">Expo Commerce d.o.o.-Delhaize Montenegro d.o.o. i Ela d.o.o.<\/a><\/p><p><a href=\"\/docs\/koncentracije\/2013\/Etihad-Jat.pdf\" target=\"_blank\" rel=\"noopener noreferrer\">Etihad Airways P.J.S.C.-JAT Airways A.D. Beograd<\/a><\/p><p><a href=\"\/docs\/koncentracije\/2013\/Telenor%20Norway-fransiza%20Kjedehuset.pdf\" target=\"_blank\" rel=\"noopener noreferrer\">Telenor Norway AG-fransiza Kjedehuset<\/a><\/p><p><a href=\"\/docs\/koncentracije\/2013\/Walter%20Frey-Mercedes%20Benz%20Srbija%20i%20Crna%20Gora%20d.o.o..pdf\" target=\"_blank\" rel=\"noopener noreferrer\">Walter Frey Holding AG-Mercedes Benz Srbija i Crna Gora d.o.o.<\/a><\/p><p><a href=\"\/docs\/koncentracije\/2013\/Trebjesa%20AD%20Niksic,%20Coca-cola%20HBCC%20Crna%20Gora,%20Knjaz%20Milos%20Montenegro-Recomont.pdf\" target=\"_blank\" rel=\"noopener noreferrer\">Trebjesa AD Nik\u0161i\u0107, Coca-cola HBCC Crna Gora, Knjaz Milo\u0161 Montenegro-Recomont<\/a><\/p><p><a href=\"\/docs\/koncentracije\/2013\/Telenor%20Danmark%20Holdong%20AS-KBC%20Banka%20Beograd.pdf\" target=\"_blank\" rel=\"noopener noreferrer\">Telenor Danmark Holdong AS-KBC Banka Beograd<\/a><\/p><p><a href=\"\/docs\/koncentracije\/2013\/Telenor%20Mobile%20Comunication%20AS-Cosmo%20Bulgaria%20Mobile%20EAD,%20Germanos%20Telecom%20Bulgaria%20EAD.pdf\" target=\"_blank\" rel=\"noopener noreferrer\">Telenor Mobile Comunication AS-Cosmo Bulgaria Mobile EAD, Germanos Telecom Bulgaria EAD<\/a><\/p><p><a href=\"\/docs\/koncentracije\/2013\/Societe%20Generale%20Banka%20Srbije-KBC%20Banka%20Beograd.pdf\" target=\"_blank\" rel=\"noopener noreferrer\">Societe Generale Banka Srbije-KBC Banka Beograd<\/a><\/p><p><a href=\"\/docs\/koncentracije\/2013\/Nestle%20Health%20Science%20S.A.,Hutchison%20MediPharma-Nutrition%20Science%20Partners%20Limited.pdf\" target=\"_blank\" rel=\"noopener noreferrer\">Nestle Health Science S.A.,Hutchison MediPharma-Nutrition Science Partners Limited<\/a><\/p>\t\t\t\t\t\t\t\t<\/div>\n\t\t            <\/div>\n        <\/div>\n                    <\/div>\n        <\/section>\n        \t\t<\/div>\n\t\t","protected":false},"excerpt":{"rendered":"<p>2016.g. Sigur Retail Group &#8211; Intersport ISI (24.11.2016.) Bayer AG &#8211; Monsanto Company (23.11.2016.) Telenor Norge AS &#8211; Banzai 4G AS (16.11.2016.) SBB &#8211; IKOM (15.11.2016.) Telenor Norge AS &#8211; Hello AS (01.11.2016.) &#8220;Telenor Maritime&#8221; AS &#8211; &#8220;SatPoint&#8221; AB (19.10.2016.) &#8220;Grawe osiguranje&#8221; a.d. Podgorica &#8211; &#8220;Merkur osiguranje&#8221; Podgorica (14.10.2016.) &#8220;ECO-INVEST&#8221; a.s. &#8211; &#8220;Paloma, higienski papirji&#8221; [&hellip;]<\/p>\n","protected":false},"author":1,"featured_media":0,"parent":0,"menu_order":0,"comment_status":"closed","ping_status":"closed","template":"","meta":{"footnotes":""},"class_list":["post-6147","page","type-page","status-publish","hentry"],"_links":{"self":[{"href":"https:\/\/azzk.me\/en\/wp-json\/wp\/v2\/pages\/6147","targetHints":{"allow":["GET"]}}],"collection":[{"href":"https:\/\/azzk.me\/en\/wp-json\/wp\/v2\/pages"}],"about":[{"href":"https:\/\/azzk.me\/en\/wp-json\/wp\/v2\/types\/page"}],"author":[{"embeddable":true,"href":"https:\/\/azzk.me\/en\/wp-json\/wp\/v2\/users\/1"}],"replies":[{"embeddable":true,"href":"https:\/\/azzk.me\/en\/wp-json\/wp\/v2\/comments?post=6147"}],"version-history":[{"count":8,"href":"https:\/\/azzk.me\/en\/wp-json\/wp\/v2\/pages\/6147\/revisions"}],"predecessor-version":[{"id":7672,"href":"https:\/\/azzk.me\/en\/wp-json\/wp\/v2\/pages\/6147\/revisions\/7672"}],"wp:attachment":[{"href":"https:\/\/azzk.me\/en\/wp-json\/wp\/v2\/media?parent=6147"}],"curies":[{"name":"wp","href":"https:\/\/api.w.org\/{rel}","templated":true}]}}