{"id":6933,"date":"2022-08-30T18:02:29","date_gmt":"2022-08-30T18:02:29","guid":{"rendered":"https:\/\/mawebdesign.me\/clan-savjeta\/"},"modified":"2022-11-07T10:31:01","modified_gmt":"2022-11-07T10:31:01","slug":"member-of-the-council","status":"publish","type":"page","link":"https:\/\/azzk.me\/en\/member-of-the-council\/","title":{"rendered":"Member of the Council"},"content":{"rendered":"\t\t<div data-elementor-type=\"wp-page\" data-elementor-id=\"6933\" class=\"elementor elementor-6933\" data-elementor-post-type=\"page\">\n\t\t\t\t        <section class=\"elementor-section elementor-top-section elementor-element elementor-element-2f838da elementor-section-boxed elementor-section-height-default elementor-section-height-default ct-header-fixed-none ct-row-max-none\" data-id=\"2f838da\" data-element_type=\"section\" data-e-type=\"section\">\n            \n                        <div class=\"elementor-container elementor-column-gap-default \">\n                    <div class=\"elementor-column elementor-col-50 elementor-top-column elementor-element elementor-element-500f90d\" data-id=\"500f90d\" data-element_type=\"column\" data-e-type=\"column\">\n        <div class=\"elementor-widget-wrap elementor-element-populated\">\n                    \n        \t\t<div class=\"elementor-element elementor-element-1279500 elementor-widget elementor-widget-image\" data-id=\"1279500\" data-element_type=\"widget\" data-e-type=\"widget\" data-widget_type=\"image.default\">\n\t\t\t\t\t\t\t\t\t\t\t\t\t\t\t<img fetchpriority=\"high\" decoding=\"async\" width=\"640\" height=\"426\" src=\"https:\/\/azzk.me\/wp-content\/uploads\/2022\/08\/planaa-1024x682.jpg\" class=\"attachment-large size-large wp-image-6751\" alt=\"\" srcset=\"https:\/\/azzk.me\/wp-content\/uploads\/2022\/08\/planaa-1024x682.jpg 1024w, https:\/\/azzk.me\/wp-content\/uploads\/2022\/08\/planaa-300x200.jpg 300w, https:\/\/azzk.me\/wp-content\/uploads\/2022\/08\/planaa-768x512.jpg 768w, https:\/\/azzk.me\/wp-content\/uploads\/2022\/08\/planaa.jpg 1280w\" sizes=\"(max-width: 640px) 100vw, 640px\" \/>\t\t\t\t\t\t\t\t\t\t\t\t\t\t\t<\/div>\n\t\t\t\t<div class=\"elementor-element elementor-element-e7fa719 elementor-widget elementor-widget-heading\" data-id=\"e7fa719\" data-element_type=\"widget\" data-e-type=\"widget\" data-widget_type=\"heading.default\">\n\t\t\t\t\t<h2 class=\"elementor-heading-title elementor-size-default\">Plana Karad\u017ei\u0107\n\n<\/h2>\t\t\t\t<\/div>\n\t\t\t\t<div class=\"elementor-element elementor-element-702b359 elementor-widget-divider--view-line elementor-widget elementor-widget-divider\" data-id=\"702b359\" data-element_type=\"widget\" data-e-type=\"widget\" data-widget_type=\"divider.default\">\n\t\t\t\t\t\t\t<div class=\"elementor-divider\">\n\t\t\t<span class=\"elementor-divider-separator\">\n\t\t\t\t\t\t<\/span>\n\t\t<\/div>\n\t\t\t\t\t\t<\/div>\n\t\t\r\n\t\t<div class=\"elementor-element elementor-element-f45780e elementor-widget elementor-widget-text-editor\" data-id=\"f45780e\" data-element_type=\"widget\" data-e-type=\"widget\" data-widget_type=\"text-editor.default\">\n\t\t\t\t\t\t\t\t\t<p>She was born in 1987 in Biha\u0107.<\/p><p><strong>Education<\/strong><\/p><p>She completed elementary and high school in Podgorica. At the Faculty of Law in Podgorica, in 2010, she completed the Basic Academic Studies, as well as the Postgraduate Specialist Academic Studies &#8211; Constitutional Legal \u2013 Political Program.<\/p><p>Before the Examination Commission of the Ministry of Justice, on 29 November 2013, she passed the Bar Exam, after which, before the Commission of the Bar Association of Montenegro, she passed the bar exam.<\/p><p><strong>Work experience<\/strong><\/p><p>She started her work engagement in the law office &#8220;Dragoljub \u0110ukanovi\u0107&#8221; in Podgorica, as an intern, after which she practiced law independently, until she was elected as a member of the Council of the Agency for Protection of Competition.<\/p><p>At the session of the Government of Montenegro, on 20 April 2022, Plana Karad\u017ei\u0107 was appointed as a member of the Council of the Agency for Protection of Competition.<\/p><p>She is married. Mother of one child.<\/p>\t\t\t\t\t\t\t\t<\/div>\n\t\t            <\/div>\n        <\/div>\n                <div class=\"elementor-column elementor-col-50 elementor-top-column elementor-element elementor-element-3092248\" data-id=\"3092248\" data-element_type=\"column\" data-e-type=\"column\">\n        <div class=\"elementor-widget-wrap elementor-element-populated\">\n                    \n        \t\t<div class=\"elementor-element elementor-element-6263989 elementor-widget elementor-widget-image\" data-id=\"6263989\" data-element_type=\"widget\" data-e-type=\"widget\" data-widget_type=\"image.default\">\n\t\t\t\t\t\t\t\t\t\t\t\t\t\t\t<img decoding=\"async\" width=\"640\" height=\"426\" src=\"https:\/\/azzk.me\/wp-content\/uploads\/2022\/08\/lepaaa-1024x682.jpg\" class=\"attachment-large size-large wp-image-6753\" alt=\"\" srcset=\"https:\/\/azzk.me\/wp-content\/uploads\/2022\/08\/lepaaa-1024x682.jpg 1024w, https:\/\/azzk.me\/wp-content\/uploads\/2022\/08\/lepaaa-300x200.jpg 300w, https:\/\/azzk.me\/wp-content\/uploads\/2022\/08\/lepaaa-768x512.jpg 768w, https:\/\/azzk.me\/wp-content\/uploads\/2022\/08\/lepaaa.jpg 1280w\" sizes=\"(max-width: 640px) 100vw, 640px\" \/>\t\t\t\t\t\t\t\t\t\t\t\t\t\t\t<\/div>\n\t\t\t\t<div class=\"elementor-element elementor-element-95cb45d elementor-widget elementor-widget-heading\" data-id=\"95cb45d\" data-element_type=\"widget\" data-e-type=\"widget\" data-widget_type=\"heading.default\">\n\t\t\t\t\t<h2 class=\"elementor-heading-title elementor-size-default\">Lepa Aleksi\u0107\n\n\n<\/h2>\t\t\t\t<\/div>\n\t\t\t\t<div class=\"elementor-element elementor-element-d5d2f92 elementor-widget-divider--view-line elementor-widget elementor-widget-divider\" data-id=\"d5d2f92\" data-element_type=\"widget\" data-e-type=\"widget\" data-widget_type=\"divider.default\">\n\t\t\t\t\t\t\t<div class=\"elementor-divider\">\n\t\t\t<span class=\"elementor-divider-separator\">\n\t\t\t\t\t\t<\/span>\n\t\t<\/div>\n\t\t\t\t\t\t<\/div>\n\t\t\t\t<div class=\"elementor-element elementor-element-ddf790b elementor-widget elementor-widget-text-editor\" data-id=\"ddf790b\" data-element_type=\"widget\" data-e-type=\"widget\" data-widget_type=\"text-editor.default\">\n\t\t\t\t\t\t\t\t\t<p>She was born in \u017dabljak.<\/p><p>She graduated from the Faculty of Law in Titograd in 1982.<\/p><p>She started working in the Republic Secretariat for Finance in 1985, Department for Normative Legal and General Affairs. From 1989 to 2011, she worked in the Ministry of Finance (Real Estate Administration) in the Department of Property Legal Affairs &#8211; second instance procedure.<\/p><p>She joined the Directorate for Protection of Competition in 2011. Since April 2016, she has been assigned to the position of Head of the Department for Protection of Competition in Regulated Markets in the Electronic Communications Sector, Information Technology and Media Market.<\/p><p>Member of the Negotiating Team for Chapter 8 &#8211; Competition, since the formation of the group.<\/p><p>Acting Director of the Agency for Protection of Competition from 2018 to 2022.<\/p><p>By nationality Montenegrin.<\/p><p>Mother of two children.<\/p>\t\t\t\t\t\t\t\t<\/div>\n\t\t            <\/div>\n        <\/div>\n                    <\/div>\n        <\/section>\n        \t\t<\/div>\n\t\t","protected":false},"excerpt":{"rendered":"<p>Plana Karad\u017ei\u0107 She was born in 1987 in Biha\u0107. Education She completed elementary and high school in Podgorica. At the Faculty of Law in Podgorica, in 2010, she completed the Basic Academic Studies, as well as the Postgraduate Specialist Academic Studies &#8211; Constitutional Legal \u2013 Political Program. Before the Examination Commission of the Ministry of [&hellip;]<\/p>\n","protected":false},"author":1,"featured_media":0,"parent":0,"menu_order":0,"comment_status":"closed","ping_status":"closed","template":"","meta":{"footnotes":""},"class_list":["post-6933","page","type-page","status-publish","hentry"],"_links":{"self":[{"href":"https:\/\/azzk.me\/en\/wp-json\/wp\/v2\/pages\/6933","targetHints":{"allow":["GET"]}}],"collection":[{"href":"https:\/\/azzk.me\/en\/wp-json\/wp\/v2\/pages"}],"about":[{"href":"https:\/\/azzk.me\/en\/wp-json\/wp\/v2\/types\/page"}],"author":[{"embeddable":true,"href":"https:\/\/azzk.me\/en\/wp-json\/wp\/v2\/users\/1"}],"replies":[{"embeddable":true,"href":"https:\/\/azzk.me\/en\/wp-json\/wp\/v2\/comments?post=6933"}],"version-history":[{"count":6,"href":"https:\/\/azzk.me\/en\/wp-json\/wp\/v2\/pages\/6933\/revisions"}],"predecessor-version":[{"id":8175,"href":"https:\/\/azzk.me\/en\/wp-json\/wp\/v2\/pages\/6933\/revisions\/8175"}],"wp:attachment":[{"href":"https:\/\/azzk.me\/en\/wp-json\/wp\/v2\/media?parent=6933"}],"curies":[{"name":"wp","href":"https:\/\/api.w.org\/{rel}","templated":true}]}}