{"id":6939,"date":"2022-08-30T17:39:45","date_gmt":"2022-08-30T17:39:45","guid":{"rendered":"https:\/\/mawebdesign.me\/direktor\/"},"modified":"2022-11-12T16:51:21","modified_gmt":"2022-11-12T16:51:21","slug":"director","status":"publish","type":"page","link":"https:\/\/azzk.me\/en\/director\/","title":{"rendered":"Director"},"content":{"rendered":"\t\t<div data-elementor-type=\"wp-page\" data-elementor-id=\"6939\" class=\"elementor elementor-6939\" data-elementor-post-type=\"page\">\n\t\t\t\t        <section class=\"elementor-section elementor-top-section elementor-element elementor-element-06d1fd0 elementor-section-boxed elementor-section-height-default elementor-section-height-default ct-header-fixed-none ct-row-max-none\" data-id=\"06d1fd0\" data-element_type=\"section\" data-e-type=\"section\">\n            \n                        <div class=\"elementor-container elementor-column-gap-default \">\n                    <div class=\"elementor-column elementor-col-50 elementor-top-column elementor-element elementor-element-b601cb4\" data-id=\"b601cb4\" data-element_type=\"column\" data-e-type=\"column\">\n        <div class=\"elementor-widget-wrap elementor-element-populated\">\n                    \n        \t\t<div class=\"elementor-element elementor-element-c0204e4 elementor-widget elementor-widget-image\" data-id=\"c0204e4\" data-element_type=\"widget\" data-e-type=\"widget\" data-widget_type=\"image.default\">\n\t\t\t\t\t\t\t\t\t\t\t\t\t\t\t<img fetchpriority=\"high\" decoding=\"async\" width=\"640\" height=\"960\" src=\"https:\/\/azzk.me\/wp-content\/uploads\/2022\/08\/1653630770781_1-1-683x1024.jpg\" class=\"attachment-large size-large wp-image-6747\" alt=\"\" srcset=\"https:\/\/azzk.me\/wp-content\/uploads\/2022\/08\/1653630770781_1-1-683x1024.jpg 683w, https:\/\/azzk.me\/wp-content\/uploads\/2022\/08\/1653630770781_1-1-200x300.jpg 200w, https:\/\/azzk.me\/wp-content\/uploads\/2022\/08\/1653630770781_1-1-768x1152.jpg 768w, https:\/\/azzk.me\/wp-content\/uploads\/2022\/08\/1653630770781_1-1.jpg 1000w\" sizes=\"(max-width: 640px) 100vw, 640px\" \/>\t\t\t\t\t\t\t\t\t\t\t\t\t\t\t<\/div>\n\t\t\r\n\t\t<div class=\"elementor-element elementor-element-0f6e599 elementor-widget elementor-widget-ct_heading\" data-id=\"0f6e599\" data-element_type=\"widget\" data-e-type=\"widget\" data-widget_type=\"ct_heading.default\">\n\t\t\t\t<div class=\"elementor-widget-container\">\n\t\t\t\t\t<div id=\"ct_heading-0f6e599\" class=\"ct-heading h-align-center sub-style1 ct-heading-left item-st-default\">\r\n    <div class=\"ct-item--inner\">\r\n        <div class=\"ct-inline-css\" data-css=\"\r\n            \">\r\n        <\/div>\r\n                <h5 class=\"item--title st-default case-animate-time\" data-wow-delay=\"ms\">\r\n                        <span class=\"sp-main\">\r\n                \r\n                 Director dr Neboj\u0161a Jovovi\u0107\n\n\r\n                \r\n                            <\/span>\r\n                    <\/h5>\r\n    <\/div>\r\n<\/div>\t\t\t\t<\/div>\n\t\t\t\t<\/div>\n\t\t\t\t<div class=\"elementor-element elementor-element-de1fc88 elementor-widget-divider--view-line elementor-widget elementor-widget-divider\" data-id=\"de1fc88\" data-element_type=\"widget\" data-e-type=\"widget\" data-widget_type=\"divider.default\">\n\t\t\t\t\t\t\t<div class=\"elementor-divider\">\n\t\t\t<span class=\"elementor-divider-separator\">\n\t\t\t\t\t\t<\/span>\n\t\t<\/div>\n\t\t\t\t\t\t<\/div>\n\t\t\t\t<div class=\"elementor-element elementor-element-5898607 elementor-widget elementor-widget-heading\" data-id=\"5898607\" data-element_type=\"widget\" data-e-type=\"widget\" data-widget_type=\"heading.default\">\n\t\t\t\t\t<h2 class=\"elementor-heading-title elementor-size-default\">USEFUL LINKS<\/h2>\t\t\t\t<\/div>\n\t\t\t\t<div class=\"elementor-element elementor-element-80b322d elementor-widget elementor-widget-ct_navigation_menu\" data-id=\"80b322d\" data-element_type=\"widget\" data-e-type=\"widget\" data-widget_type=\"ct_navigation_menu.default\">\n\t\t\t\t<div class=\"elementor-widget-container\">\n\t\t\t\t\t    <div id=\"ct_navigation_menu-80b322d\" class=\"ct-navigation-menu1 one-col-light\">\r\n        <div class=\"menu-english-menu-container\"><ul id=\"menu-english-menu\" class=\"menu\"><li id=\"menu-item-8093\" class=\"menu-item menu-item-type-post_type menu-item-object-page menu-item-home menu-item-8093\"><a href=\"https:\/\/azzk.me\/en\/\">HOME<\/a><\/li>\n<li id=\"menu-item-8595\" class=\"menu-item menu-item-type-post_type menu-item-object-page menu-item-8595\"><a href=\"https:\/\/azzk.me\/en\/protection-of-competition\/\">Protection of competition<\/a><\/li>\n<li id=\"menu-item-8156\" class=\"menu-item menu-item-type-post_type menu-item-object-page menu-item-8156\"><a href=\"https:\/\/azzk.me\/en\/state-aid\/\">State Aid<\/a><\/li>\n<li id=\"menu-item-8150\" class=\"menu-item menu-item-type-post_type menu-item-object-page menu-item-8150\"><a href=\"https:\/\/azzk.me\/en\/internal-acts\/\">Internal acts<\/a><\/li>\n<li id=\"menu-item-8153\" class=\"menu-item menu-item-type-post_type menu-item-object-page menu-item-8153\"><a href=\"https:\/\/azzk.me\/en\/other-documents\/\">Other documents<\/a><\/li>\n<li id=\"menu-item-8159\" class=\"menu-item menu-item-type-post_type menu-item-object-page menu-item-8159\"><a href=\"https:\/\/azzk.me\/en\/international-cooperation-and-eu-integration\/\">International cooperation and EU integration<\/a><\/li>\n<\/ul><\/div>    <\/div>\r\n\t\t\t\t<\/div>\n\t\t\t\t<\/div>\n\t\t            <\/div>\n        <\/div>\n                <div class=\"elementor-column elementor-col-50 elementor-top-column elementor-element elementor-element-cebd79a\" data-id=\"cebd79a\" data-element_type=\"column\" data-e-type=\"column\">\n        <div class=\"elementor-widget-wrap elementor-element-populated\">\n                    \n        \t\t<div class=\"elementor-element elementor-element-e7dfe92 elementor-widget elementor-widget-text-editor\" data-id=\"e7dfe92\" data-element_type=\"widget\" data-e-type=\"widget\" data-widget_type=\"text-editor.default\">\n\t\t\t\t\t\t\t\t\t<p>Dr Neboj\u0161a Jovovi\u0107 ro\u0111en je 1989. godine u Nik\u0161i\u0107u.<\/p><p>Osnovne i specijalisti\u010dke akademske studije zavr\u0161io je na Univerzitetu Mediteran u Podgorici. Zvanje magistra ekonomskih nauka stekao je 2014. godine na Ekonomskom fakultetu Univerziteta Crne Gore u Podgorici. Doktorske akademske studije zavr\u0161io je na Beogradskoj bankarskoj akademiji \u2013 Fakultetu za bankarstvo, osiguranje i finansije, gdje je odbranio doktorsku disertaciju 2022. godine na temu \u201eOgrani\u010denja tr\u017ei\u0161ne konkurencije u dr\u017eavama jugoisto\u010dne Evrope\u201c. Po zavr\u0161etku osnovnih akademskih studija zapo\u010deo je radni anga\u017eman kao ekonomsko-finansijski analiti\u010dar i konsultant na vi\u0161e projekata iz oblasti ekonomsko-finansijskih analiza. Od 2017. godine zaposlen je u Agenciji za za\u0161titu konkurencije u Sektoru za utvr\u0111ivanje zabranjenih sporazuma, zloupotrebe dominantnog polo\u017eaja, procjenu koncentracija, pojedina\u010dnih izuze\u0107a i sektorskih analiza. U periodu od 2019 \u2013 2020 radio je na poslovima u Sektoru za kontrolu dr\u017eavne pomo\u0107i \u2013 Odsjeku za neposrednu kontrolu, nakon \u010dega je bio anga\u017eovan u Odsjeku za analizu uslova konkurencije na tr\u017ei\u0161tu u Agenciji sve do izbora za v.d. direktora u aprilu 2022. godine. Paralelno sa profesionalnom karijerom razvijao je i akademsku karijeru. Od 2018. godine je Asistent u nastavi.<\/p><p>Ste\u010dena znanja iz oblasti konkurencije i dr\u017eavne pomo\u0107i sticao je mnogobrojnim me\u0111unarodnim i doma\u0107im projektima, seminarima i obukama.<\/p><p>Autor je vi\u0161e nau\u010dnih i stru\u010dnih radova od kojih se neki nalaze u SSCI, SCOPUS i drugim bazama.<\/p><p>O\u017eenjen je. Govori engleski jezik.<\/p>\t\t\t\t\t\t\t\t<\/div>\n\t\t            <\/div>\n        <\/div>\n                    <\/div>\n        <\/section>\n        \t\t<\/div>\n\t\t","protected":false},"excerpt":{"rendered":"<p>Director dr Neboj\u0161a Jovovi\u0107 USEFUL LINKS HOME Decisions Legal Framework Internal acts Other documents State Aid International cooperation and EU integration Dr Neboj\u0161a Jovovi\u0107 ro\u0111en je 1989. godine u Nik\u0161i\u0107u. Osnovne i specijalisti\u010dke akademske studije zavr\u0161io je na Univerzitetu Mediteran u Podgorici. Zvanje magistra ekonomskih nauka stekao je 2014. godine na Ekonomskom fakultetu Univerziteta Crne [&hellip;]<\/p>\n","protected":false},"author":1,"featured_media":0,"parent":0,"menu_order":0,"comment_status":"closed","ping_status":"closed","template":"","meta":{"footnotes":""},"class_list":["post-6939","page","type-page","status-publish","hentry"],"_links":{"self":[{"href":"https:\/\/azzk.me\/en\/wp-json\/wp\/v2\/pages\/6939","targetHints":{"allow":["GET"]}}],"collection":[{"href":"https:\/\/azzk.me\/en\/wp-json\/wp\/v2\/pages"}],"about":[{"href":"https:\/\/azzk.me\/en\/wp-json\/wp\/v2\/types\/page"}],"author":[{"embeddable":true,"href":"https:\/\/azzk.me\/en\/wp-json\/wp\/v2\/users\/1"}],"replies":[{"embeddable":true,"href":"https:\/\/azzk.me\/en\/wp-json\/wp\/v2\/comments?post=6939"}],"version-history":[{"count":12,"href":"https:\/\/azzk.me\/en\/wp-json\/wp\/v2\/pages\/6939\/revisions"}],"predecessor-version":[{"id":8311,"href":"https:\/\/azzk.me\/en\/wp-json\/wp\/v2\/pages\/6939\/revisions\/8311"}],"wp:attachment":[{"href":"https:\/\/azzk.me\/en\/wp-json\/wp\/v2\/media?parent=6939"}],"curies":[{"name":"wp","href":"https:\/\/api.w.org\/{rel}","templated":true}]}}