{"id":6974,"date":"2020-02-07T02:19:20","date_gmt":"2020-02-07T02:19:20","guid":{"rendered":"https:\/\/mawebdesign.me\/kontakt\/"},"modified":"2022-11-07T10:27:45","modified_gmt":"2022-11-07T10:27:45","slug":"contact","status":"publish","type":"page","link":"https:\/\/azzk.me\/en\/contact\/","title":{"rendered":"Contact"},"content":{"rendered":"\t\t<div data-elementor-type=\"wp-page\" data-elementor-id=\"6974\" class=\"elementor elementor-6974\" data-elementor-post-type=\"page\">\n\t\t\t\t        <section class=\"elementor-section elementor-top-section elementor-element elementor-element-bf20efa elementor-section-boxed elementor-section-height-default elementor-section-height-default ct-header-fixed-none ct-row-max-none\" data-id=\"bf20efa\" data-element_type=\"section\" data-e-type=\"section\">\n            \n                        <div class=\"elementor-container elementor-column-gap-default \">\n                    <div class=\"elementor-column elementor-col-100 elementor-top-column elementor-element elementor-element-185c198\" data-id=\"185c198\" data-element_type=\"column\" data-e-type=\"column\">\n        <div class=\"elementor-widget-wrap elementor-element-populated\">\n                    \n        \r\n\t\t<div class=\"elementor-element elementor-element-2df05f23 elementor-widget elementor-widget-ct_heading\" data-id=\"2df05f23\" data-element_type=\"widget\" data-e-type=\"widget\" data-widget_type=\"ct_heading.default\">\n\t\t\t\t<div class=\"elementor-widget-container\">\n\t\t\t\t\t<div id=\"ct_heading-2df05f23\" class=\"ct-heading h-align- sub- ct-heading-left item-st-line-left1\">\r\n    <div class=\"ct-item--inner\">\r\n        <div class=\"ct-inline-css\" data-css=\"\r\n            \">\r\n        <\/div>\r\n                <h3 class=\"item--title st-line-left1 wow wow fadeInLeft\" data-wow-delay=\"ms\">\r\n                        <span class=\"sp-main\">\r\n                                    <i><\/i>\r\n                \r\n                Let&#8217;s be\nin touch\r\n                \r\n                            <\/span>\r\n                    <\/h3>\r\n    <\/div>\r\n<\/div>\t\t\t\t<\/div>\n\t\t\t\t<\/div>\n\t\t\t\t<div class=\"elementor-element elementor-element-f3be1e2 elementor-widget elementor-widget-text-editor\" data-id=\"f3be1e2\" data-element_type=\"widget\" data-e-type=\"widget\" data-widget_type=\"text-editor.default\">\n\t\t\t\t\t\t\t\t\t<p>Whether you have a question, comment, suggestion or any problem that is within the competence of the Agency, send us your message and we will do our best to answer you as soon as possible.<\/p>\t\t\t\t\t\t\t\t<\/div>\n\t\t            <\/div>\n        <\/div>\n                    <\/div>\n        <\/section>\n                <section class=\"elementor-section elementor-top-section elementor-element elementor-element-1ef182c3 elementor-section-stretched elementor-section-boxed elementor-section-height-default elementor-section-height-default ct-header-fixed-none ct-row-max-none\" data-id=\"1ef182c3\" data-element_type=\"section\" data-e-type=\"section\" data-settings=\"{&quot;stretch_section&quot;:&quot;section-stretched&quot;,&quot;background_background&quot;:&quot;classic&quot;}\">\n                            <div class=\"elementor-background-overlay\"><\/div>\n                \n                        <div class=\"elementor-container elementor-column-gap-extended \">\n                    <div class=\"elementor-column elementor-col-100 elementor-top-column elementor-element elementor-element-566b9921\" data-id=\"566b9921\" data-element_type=\"column\" data-e-type=\"column\">\n        <div class=\"elementor-widget-wrap elementor-element-populated\">\n                    \n                <section class=\"elementor-section elementor-inner-section elementor-element elementor-element-2fc27fd7 elementor-section-boxed elementor-section-height-default elementor-section-height-default ct-header-fixed-none ct-row-max-none\" data-id=\"2fc27fd7\" data-element_type=\"section\" data-e-type=\"section\">\n            \n                        <div class=\"elementor-container elementor-column-gap-extended \">\n                    <div class=\"elementor-column elementor-col-50 elementor-inner-column elementor-element elementor-element-37ecd392\" data-id=\"37ecd392\" data-element_type=\"column\" data-e-type=\"column\">\n        <div class=\"elementor-widget-wrap elementor-element-populated\">\n                    \n        \t\t<div class=\"elementor-element elementor-element-60636a70 elementor-widget elementor-widget-ct_fancy_box\" data-id=\"60636a70\" data-element_type=\"widget\" data-e-type=\"widget\" data-widget_type=\"ct_fancy_box.default\">\n\t\t\t\t<div class=\"elementor-widget-container\">\n\t\t\t\t\t<div class=\"ct-fancy-box ct-fancy-box-layout3 style1 wow fadeInUp\" data-wow-delay=\"ms\">\r\n            <div class=\"item--icon\">\r\n            <i aria-hidden=\"true\" class=\"fas fa-map-marker-alt\"><\/i>        <\/div>\r\n            <div class=\"item--holder\">\r\n        <h3 class=\"item--title\">\r\n            ADDRESS        <\/h3>\r\n        <div class=\"item--description\">St. Svetlane Kane Radevi\u0107 br. 3, 81 000 Podgorica, Crna Gora       <\/div>\r\n    <\/div>\r\n<\/div>\t\t\t\t<\/div>\n\t\t\t\t<\/div>\n\t\t\t\t<div class=\"elementor-element elementor-element-18b7ca15 elementor-widget elementor-widget-ct_fancy_box\" data-id=\"18b7ca15\" data-element_type=\"widget\" data-e-type=\"widget\" data-widget_type=\"ct_fancy_box.default\">\n\t\t\t\t<div class=\"elementor-widget-container\">\n\t\t\t\t\t<div class=\"ct-fancy-box ct-fancy-box-layout3 style1 wow fadeInUp\" data-wow-delay=\"ms\">\r\n            <div class=\"item--icon\">\r\n            <i aria-hidden=\"true\" class=\"fas fa-phone-alt\"><\/i>        <\/div>\r\n            <div class=\"item--holder\">\r\n        <h3 class=\"item--title\">\r\n            PHONE NUMBER        <\/h3>\r\n        <div class=\"item--description\">020 239-010, 239-024 <br> fax: 020 239-015   <\/div>\r\n    <\/div>\r\n<\/div>\t\t\t\t<\/div>\n\t\t\t\t<\/div>\n\t\t\t\t<div class=\"elementor-element elementor-element-1b301a3e elementor-widget elementor-widget-ct_fancy_box\" data-id=\"1b301a3e\" data-element_type=\"widget\" data-e-type=\"widget\" data-widget_type=\"ct_fancy_box.default\">\n\t\t\t\t<div class=\"elementor-widget-container\">\n\t\t\t\t\t<div class=\"ct-fancy-box ct-fancy-box-layout3 style1 wow fadeInUp\" data-wow-delay=\"ms\">\r\n            <div class=\"item--icon\">\r\n            <i aria-hidden=\"true\" class=\"fas fa-envelope\"><\/i>        <\/div>\r\n            <div class=\"item--holder\">\r\n        <h3 class=\"item--title\">\r\n            WORKING HOURS        <\/h3>\r\n        <div class=\"item--description\">from  7.00h to15.00h <br>\nPause: od 11.00h do 11.30h <br>\nWork with customers: od 12.00h do 14.00h\n\n<\/div>\r\n    <\/div>\r\n<\/div>\t\t\t\t<\/div>\n\t\t\t\t<\/div>\n\t\t            <\/div>\n        <\/div>\n                <div class=\"elementor-column elementor-col-50 elementor-inner-column elementor-element elementor-element-2c6b7216\" data-id=\"2c6b7216\" data-element_type=\"column\" data-e-type=\"column\">\n        <div class=\"elementor-widget-wrap elementor-element-populated\">\n                    \n        \t\t<div class=\"elementor-element elementor-element-13694b3f elementor-widget elementor-widget-ct_ctf7\" data-id=\"13694b3f\" data-element_type=\"widget\" data-e-type=\"widget\" data-widget_type=\"ct_ctf7.default\">\n\t\t\t\t<div class=\"elementor-widget-container\">\n\t\t\t\t\t    <div class=\"ct-contact-form-layout1 style10 wow fadeInRight\">\r\n                <div class=\"ct-contact-form-inner\">\r\n        \t            <div class=\"ct-contact-form\">\r\n                \n<div class=\"wpcf7 no-js\" id=\"wpcf7-f5003-o1\" lang=\"en-US\" dir=\"ltr\" data-wpcf7-id=\"5003\">\n<div class=\"screen-reader-response\"><p role=\"status\" aria-live=\"polite\" aria-atomic=\"true\"><\/p> <ul><\/ul><\/div>\n<form action=\"\/en\/wp-json\/wp\/v2\/pages\/6974#wpcf7-f5003-o1\" method=\"post\" class=\"wpcf7-form init cf7mls-no-scroll cf7mls-no-moving-animation\" aria-label=\"Contact form\" novalidate=\"novalidate\" data-status=\"init\">\n<fieldset class=\"hidden-fields-container\"><input type=\"hidden\" name=\"_wpcf7\" value=\"5003\" \/><input type=\"hidden\" name=\"_wpcf7_version\" value=\"6.1.5\" \/><input type=\"hidden\" name=\"_wpcf7_locale\" value=\"en_US\" \/><input type=\"hidden\" name=\"_wpcf7_unit_tag\" value=\"wpcf7-f5003-o1\" \/><input type=\"hidden\" name=\"_wpcf7_container_post\" value=\"0\" \/><input type=\"hidden\" name=\"_wpcf7_posted_data_hash\" value=\"\" \/>\n<\/fieldset>\n<div class=\"row\">\n\t<div class=\"input-filled col-lg-6 col-md-6\">\n\t\t<p><span class=\"wpcf7-form-control-wrap\" data-name=\"first-name\"><input size=\"40\" maxlength=\"400\" class=\"wpcf7-form-control wpcf7-text wpcf7-validates-as-required\" aria-required=\"true\" aria-invalid=\"false\" placeholder=\"Ime *\" value=\"\" type=\"text\" name=\"first-name\" \/><\/span>\n\t\t<\/p>\n\t<\/div>\n\t<div class=\"input-filled col-lg-6 col-md-6\">\n\t\t<p><span class=\"wpcf7-form-control-wrap\" data-name=\"last-name\"><input size=\"40\" maxlength=\"400\" class=\"wpcf7-form-control wpcf7-text wpcf7-validates-as-required\" aria-required=\"true\" aria-invalid=\"false\" placeholder=\"Prezime *\" value=\"\" type=\"text\" name=\"last-name\" \/><\/span>\n\t\t<\/p>\n\t<\/div>\n<\/div>\n<div class=\"row\">\n\t<div class=\"input-filled col-lg-6 col-md-6\">\n\t\t<p><span class=\"wpcf7-form-control-wrap\" data-name=\"your-email\"><input size=\"40\" maxlength=\"400\" class=\"wpcf7-form-control wpcf7-email wpcf7-validates-as-required wpcf7-text wpcf7-validates-as-email\" aria-required=\"true\" aria-invalid=\"false\" placeholder=\"Email *\" value=\"\" type=\"email\" name=\"your-email\" \/><\/span>\n\t\t<\/p>\n\t<\/div>\n\t<div class=\"input-filled col-lg-6 col-md-6\">\n\t\t<p><span class=\"wpcf7-form-control-wrap\" data-name=\"your-phone\"><input size=\"40\" maxlength=\"400\" class=\"wpcf7-form-control wpcf7-text wpcf7-validates-as-required\" aria-required=\"true\" aria-invalid=\"false\" placeholder=\"Broj telefona *\" value=\"\" type=\"text\" name=\"your-phone\" \/><\/span>\n\t\t<\/p>\n\t<\/div>\n<\/div>\n<div class=\"row\">\n\t<div class=\"input-filled col-12\">\n\t\t<p><span class=\"wpcf7-form-control-wrap\" data-name=\"your-message\"><textarea cols=\"40\" rows=\"10\" maxlength=\"2000\" class=\"wpcf7-form-control wpcf7-textarea wpcf7-validates-as-required\" aria-required=\"true\" aria-invalid=\"false\" placeholder=\"Poruka...\" name=\"your-message\"><\/textarea><\/span>\n\t\t<\/p>\n\t<\/div>\n\t<div class=\"input-filled col-12\">\n\t\t<p><button type=\"submit\" class=\"wpcf7-submit btn btn-block hover-white\"><i class=\"fac fac-arrow-circle-right space-right\"><\/i>Po\u0161aljite poruku<\/button>\n\t\t<\/p>\n\t<\/div>\n<\/div><div class=\"wpcf7-response-output\" aria-hidden=\"true\"><\/div>\n<\/form>\n<\/div>\n            <\/div>\r\n        <\/div>\r\n            <\/div>\r\n\t\t\t\t<\/div>\n\t\t\t\t<\/div>\n\t\t            <\/div>\n        <\/div>\n                    <\/div>\n        <\/section>\n                    <\/div>\n        <\/div>\n                    <\/div>\n        <\/section>\n                <section class=\"elementor-section elementor-top-section elementor-element elementor-element-fd99b99 elementor-section-boxed elementor-section-height-default elementor-section-height-default ct-header-fixed-none ct-row-max-none\" data-id=\"fd99b99\" data-element_type=\"section\" data-e-type=\"section\">\n            \n                        <div class=\"elementor-container elementor-column-gap-default \">\n                    <div class=\"elementor-column elementor-col-100 elementor-top-column elementor-element elementor-element-7e4eb07\" data-id=\"7e4eb07\" data-element_type=\"column\" data-e-type=\"column\">\n        <div class=\"elementor-widget-wrap elementor-element-populated\">\n                    \n        \t\t<div class=\"elementor-element elementor-element-0e2acd1 elementor-widget elementor-widget-heading\" data-id=\"0e2acd1\" data-element_type=\"widget\" data-e-type=\"widget\" data-widget_type=\"heading.default\">\n\t\t\t\t\t<h6 class=\"elementor-heading-title elementor-size-default\">SECTOR FOR DETERMINATION OF PROHIBITED AGREEMENTS, ABUSE OF DOMINANT POSITION, ASSESSMENT OF CONCENTRATIONS, INDIVIDUAL EXEMPTIONS AND SECTORAL ANALYSIS:<\/h6>\t\t\t\t<\/div>\n\t\t\t\t<div class=\"elementor-element elementor-element-5fe3713 elementor-widget-divider--view-line elementor-widget elementor-widget-divider\" data-id=\"5fe3713\" data-element_type=\"widget\" data-e-type=\"widget\" data-widget_type=\"divider.default\">\n\t\t\t\t\t\t\t<div class=\"elementor-divider\">\n\t\t\t<span class=\"elementor-divider-separator\">\n\t\t\t\t\t\t<\/span>\n\t\t<\/div>\n\t\t\t\t\t\t<\/div>\n\t\t\t\t<div class=\"elementor-element elementor-element-3496f33 elementor-widget elementor-widget-text-editor\" data-id=\"3496f33\" data-element_type=\"widget\" data-e-type=\"widget\" data-widget_type=\"text-editor.default\">\n\t\t\t\t\t\t\t\t\t<p><strong>Tel:<\/strong> 020 239-010, 239-024,<br \/><strong>E-mail:<\/strong> <a href=\"mailto:zastita.konkurencije@azzk.me\">zastita.konkurencije@azzk.me<\/a><\/p><p><strong>SECTOR FOR STATE AID CONTROL:<\/strong><br \/><strong>Tel:<\/strong> 020 215-005, 215-006<br \/><strong>E-mail:<\/strong> <a href=\"mailto:drzavna.pomoc@azzk.me\">drzavna.pomoc@azzk.me<\/a><\/p>\t\t\t\t\t\t\t\t<\/div>\n\t\t\t\t<div class=\"elementor-element elementor-element-a812b97 elementor-widget-divider--view-line elementor-widget elementor-widget-divider\" data-id=\"a812b97\" data-element_type=\"widget\" data-e-type=\"widget\" data-widget_type=\"divider.default\">\n\t\t\t\t\t\t\t<div class=\"elementor-divider\">\n\t\t\t<span class=\"elementor-divider-separator\">\n\t\t\t\t\t\t<\/span>\n\t\t<\/div>\n\t\t\t\t\t\t<\/div>\n\t\t\t\t<div class=\"elementor-element elementor-element-e9fdac3 elementor-widget elementor-widget-text-editor\" data-id=\"e9fdac3\" data-element_type=\"widget\" data-e-type=\"widget\" data-widget_type=\"text-editor.default\">\n\t\t\t\t\t\t\t\t\t<p><strong>Department for determination of prohibited agreements<\/strong><\/p><p>Sanja Ve\u0161ovi\u0107, na\u010delnik <br \/><strong>E-mail:<\/strong> <a href=\"mailto:sanja.vesovic@azzk.me\">sanja.vesovic@azzk.me<\/a><\/p>\t\t\t\t\t\t\t\t<\/div>\n\t\t\t\t<div class=\"elementor-element elementor-element-e3480c0 elementor-widget-divider--view-line elementor-widget elementor-widget-divider\" data-id=\"e3480c0\" data-element_type=\"widget\" data-e-type=\"widget\" data-widget_type=\"divider.default\">\n\t\t\t\t\t\t\t<div class=\"elementor-divider\">\n\t\t\t<span class=\"elementor-divider-separator\">\n\t\t\t\t\t\t<\/span>\n\t\t<\/div>\n\t\t\t\t\t\t<\/div>\n\t\t\t\t<div class=\"elementor-element elementor-element-b3a5baf elementor-widget elementor-widget-text-editor\" data-id=\"b3a5baf\" data-element_type=\"widget\" data-e-type=\"widget\" data-widget_type=\"text-editor.default\">\n\t\t\t\t\t\t\t\t\t<p><strong>Department for Assessment of Concentrations and Individual Exemptions<\/strong><\/p><p>Bo\u017eenka Nikoli\u0107, na\u010delnik<br \/><strong>E-mail:<\/strong> <a href=\"mailto:bozenka.nikolic@azzk.me\">bozenka.nikolic@azzk.me<\/a><\/p>\t\t\t\t\t\t\t\t<\/div>\n\t\t\t\t<div class=\"elementor-element elementor-element-838e844 elementor-widget-divider--view-line elementor-widget elementor-widget-divider\" data-id=\"838e844\" data-element_type=\"widget\" data-e-type=\"widget\" data-widget_type=\"divider.default\">\n\t\t\t\t\t\t\t<div class=\"elementor-divider\">\n\t\t\t<span class=\"elementor-divider-separator\">\n\t\t\t\t\t\t<\/span>\n\t\t<\/div>\n\t\t\t\t\t\t<\/div>\n\t\t\t\t<div class=\"elementor-element elementor-element-d4be1ee elementor-widget elementor-widget-text-editor\" data-id=\"d4be1ee\" data-element_type=\"widget\" data-e-type=\"widget\" data-widget_type=\"text-editor.default\">\n\t\t\t\t\t\t\t\t\t<p><strong>Department for analysis of competition conditions on the market<\/strong><\/p><p>Radojka \u0106irkovi\u0107, na\u010delnik<br \/><strong>E-mail:<\/strong> <a href=\"mailto:radojka.cirkovic@azzk.me\">radojka.cirkovic@azzk.me<\/a><\/p>\t\t\t\t\t\t\t\t<\/div>\n\t\t\t\t<div class=\"elementor-element elementor-element-6857dbe elementor-widget-divider--view-line elementor-widget elementor-widget-divider\" data-id=\"6857dbe\" data-element_type=\"widget\" data-e-type=\"widget\" data-widget_type=\"divider.default\">\n\t\t\t\t\t\t\t<div class=\"elementor-divider\">\n\t\t\t<span class=\"elementor-divider-separator\">\n\t\t\t\t\t\t<\/span>\n\t\t<\/div>\n\t\t\t\t\t\t<\/div>\n\t\t\t\t<div class=\"elementor-element elementor-element-e28abc4 elementor-widget elementor-widget-text-editor\" data-id=\"e28abc4\" data-element_type=\"widget\" data-e-type=\"widget\" data-widget_type=\"text-editor.default\">\n\t\t\t\t\t\t\t\t\t<p><strong>SERVICE FOR GENERAL AFFAIRS AND FINANCES<\/strong><\/p><p>Vladan \u010cvorovi\u0107, na\u010delnik<br \/><strong>E-mail:<\/strong> <a href=\"mailto:vladan.cvorovic@azzk.me\">vladan.cvorovic@azzk.me<\/a><\/p>\t\t\t\t\t\t\t\t<\/div>\n\t\t\t\t<div class=\"elementor-element elementor-element-f021834 elementor-widget-divider--view-line elementor-widget elementor-widget-divider\" data-id=\"f021834\" data-element_type=\"widget\" data-e-type=\"widget\" data-widget_type=\"divider.default\">\n\t\t\t\t\t\t\t<div class=\"elementor-divider\">\n\t\t\t<span class=\"elementor-divider-separator\">\n\t\t\t\t\t\t<\/span>\n\t\t<\/div>\n\t\t\t\t\t\t<\/div>\n\t\t\t\t<div class=\"elementor-element elementor-element-fd8349c elementor-widget elementor-widget-text-editor\" data-id=\"fd8349c\" data-element_type=\"widget\" data-e-type=\"widget\" data-widget_type=\"text-editor.default\">\n\t\t\t\t\t\t\t\t\t<p><strong>SECTOR FOR STATE AID CONTROL<\/strong><br \/><strong>Department for prior control and reporting<\/strong><\/p><p>Mirko Rajkovi\u0107, na\u010delnik<br \/><strong>E-mail:<\/strong> <a href=\"mailto:mirko.rajkovic@azzk.me\">mirko.rajkovic@azzk.me<\/a><\/p>\t\t\t\t\t\t\t\t<\/div>\n\t\t\t\t<div class=\"elementor-element elementor-element-da63c3b elementor-widget-divider--view-line elementor-widget elementor-widget-divider\" data-id=\"da63c3b\" data-element_type=\"widget\" data-e-type=\"widget\" data-widget_type=\"divider.default\">\n\t\t\t\t\t\t\t<div class=\"elementor-divider\">\n\t\t\t<span class=\"elementor-divider-separator\">\n\t\t\t\t\t\t<\/span>\n\t\t<\/div>\n\t\t\t\t\t\t<\/div>\n\t\t\t\t<div class=\"elementor-element elementor-element-a06fd36 elementor-widget elementor-widget-text-editor\" data-id=\"a06fd36\" data-element_type=\"widget\" data-e-type=\"widget\" data-widget_type=\"text-editor.default\">\n\t\t\t\t\t\t\t\t\t<p><strong>Department for immediate control<\/strong><\/p><p>Sandra Kojadinovi\u0107, na\u010delnik<br \/><strong>E-mail:<\/strong> <a href=\"mailto:sandra.kojadinovic@azzk.me\">sandra.kojadinovic@azzk.me<\/a><\/p>\t\t\t\t\t\t\t\t<\/div>\n\t\t            <\/div>\n        <\/div>\n                    <\/div>\n        <\/section>\n                <section class=\"elementor-section elementor-top-section elementor-element elementor-element-dd756b3 elementor-section-stretched elementor-section-full_width elementor-section-height-default elementor-section-height-default ct-header-fixed-none ct-row-max-none\" data-id=\"dd756b3\" data-element_type=\"section\" data-e-type=\"section\" data-settings=\"{&quot;stretch_section&quot;:&quot;section-stretched&quot;}\">\n            \n                        <div class=\"elementor-container elementor-column-gap-no \">\n                    <div class=\"elementor-column elementor-col-100 elementor-top-column elementor-element elementor-element-eda45db\" data-id=\"eda45db\" data-element_type=\"column\" data-e-type=\"column\">\n        <div class=\"elementor-widget-wrap elementor-element-populated\">\n                    \n        \t\t<div class=\"elementor-element elementor-element-2d29b35 elementor-widget elementor-widget-google_maps\" data-id=\"2d29b35\" data-element_type=\"widget\" data-e-type=\"widget\" data-widget_type=\"google_maps.default\">\n\t\t\t\t\t\t\t<div class=\"elementor-custom-embed\">\n\t\t\t<iframe loading=\"lazy\"\n\t\t\t\t\tsrc=\"https:\/\/maps.google.com\/maps?q=Ul.%20Svetlane%20Kane%20Radevi%C4%87%20br.%203%2C%2081%20000%20Podgorica%2C%20Crna%20Gora%20%20%20%20%20%20%20%20%20%20%20%20&#038;t=m&#038;z=16&#038;output=embed&#038;iwloc=near\"\n\t\t\t\t\ttitle=\"Ul. Svetlane Kane Radevi\u0107 br. 3, 81 000 Podgorica, Crna Gora            \"\n\t\t\t\t\taria-label=\"Ul. Svetlane Kane Radevi\u0107 br. 3, 81 000 Podgorica, Crna Gora            \"\n\t\t\t><\/iframe>\n\t\t<\/div>\n\t\t\t\t\t\t<\/div>\n\t\t            <\/div>\n        <\/div>\n                    <\/div>\n        <\/section>\n        \t\t<\/div>\n\t\t","protected":false},"excerpt":{"rendered":"<p>Let\u2019s be in touch Whether you have a question, comment, suggestion or any problem that is within the competence of the Agency, send us your message and we will do our best to answer you as soon as possible. ADDRESS St. Svetlane Kane Radevi\u0107 br. 3, 81 000 Podgorica, Crna Gora PHONE NUMBER 020 239-010, [&hellip;]<\/p>\n","protected":false},"author":1,"featured_media":0,"parent":0,"menu_order":0,"comment_status":"closed","ping_status":"closed","template":"","meta":{"footnotes":""},"class_list":["post-6974","page","type-page","status-publish","hentry"],"_links":{"self":[{"href":"https:\/\/azzk.me\/en\/wp-json\/wp\/v2\/pages\/6974","targetHints":{"allow":["GET"]}}],"collection":[{"href":"https:\/\/azzk.me\/en\/wp-json\/wp\/v2\/pages"}],"about":[{"href":"https:\/\/azzk.me\/en\/wp-json\/wp\/v2\/types\/page"}],"author":[{"embeddable":true,"href":"https:\/\/azzk.me\/en\/wp-json\/wp\/v2\/users\/1"}],"replies":[{"embeddable":true,"href":"https:\/\/azzk.me\/en\/wp-json\/wp\/v2\/comments?post=6974"}],"version-history":[{"count":8,"href":"https:\/\/azzk.me\/en\/wp-json\/wp\/v2\/pages\/6974\/revisions"}],"predecessor-version":[{"id":8162,"href":"https:\/\/azzk.me\/en\/wp-json\/wp\/v2\/pages\/6974\/revisions\/8162"}],"wp:attachment":[{"href":"https:\/\/azzk.me\/en\/wp-json\/wp\/v2\/media?parent=6974"}],"curies":[{"name":"wp","href":"https:\/\/api.w.org\/{rel}","templated":true}]}}