{"id":7006,"date":"2022-08-31T15:50:48","date_gmt":"2022-08-31T15:50:48","guid":{"rendered":"https:\/\/mawebdesign.me\/izvori-prava-eu\/"},"modified":"2022-11-07T10:28:10","modified_gmt":"2022-11-07T10:28:10","slug":"izvori-prava-eu","status":"publish","type":"page","link":"https:\/\/azzk.me\/en\/izvori-prava-eu\/","title":{"rendered":"EU rules"},"content":{"rendered":"\t\t<div data-elementor-type=\"wp-page\" data-elementor-id=\"7006\" class=\"elementor elementor-7006\" data-elementor-post-type=\"page\">\n\t\t\t\t        <section class=\"elementor-section elementor-top-section elementor-element elementor-element-3e36b48 elementor-section-boxed elementor-section-height-default elementor-section-height-default ct-header-fixed-none ct-row-max-none\" data-id=\"3e36b48\" data-element_type=\"section\" data-e-type=\"section\">\n            \n                        <div class=\"elementor-container elementor-column-gap-default \">\n                    <div class=\"elementor-column elementor-col-100 elementor-top-column elementor-element elementor-element-8cd2448\" data-id=\"8cd2448\" data-element_type=\"column\" data-e-type=\"column\">\n        <div class=\"elementor-widget-wrap elementor-element-populated\">\n                    \n        \r\n\t\t<div class=\"elementor-element elementor-element-47ed05a elementor-widget elementor-widget-text-editor\" data-id=\"47ed05a\" data-element_type=\"widget\" data-e-type=\"widget\" data-widget_type=\"text-editor.default\">\n\t\t\t\t\t\t\t\t\t<p><a title=\"Ugovor o funkcionisanju EU\" href=\"\/docs\/Ugovor_o_funkcionisanju_EU.pdf\" target=\"_blank\" rel=\"noopener noreferrer\">Treaty on the Functioning of the European Union<\/a><br \/><a title=\"Sporazum o stabilizaciji i pridru\u017eivanju\" href=\"\/docs\/Sporazum%20o%20stabilizaciji%20i%20pridruzivanju.pdf\" target=\"_blank\" rel=\"noopener noreferrer\">Sporazum o stabilizaciji i pridru\u017eivanju<\/a><\/p><p><a href=\"http:\/\/jml.test\/images\/docs\/Odluka_o_obrazovanju_strukture_za_sprovoenje_sporazuma_o_stabilizaciji_i_pridruivanju.pdf\">Odluka o obrazovanju strukture za sprovo\u0111enje sporazuma o stabilizaciji i pridru\u017eivanju<\/a><\/p>\t\t\t\t\t\t\t\t<\/div>\n\t\t\t\t<div class=\"elementor-element elementor-element-673ffb1 elementor-widget-divider--view-line elementor-widget elementor-widget-divider\" data-id=\"673ffb1\" data-element_type=\"widget\" data-e-type=\"widget\" data-widget_type=\"divider.default\">\n\t\t\t\t\t\t\t<div class=\"elementor-divider\">\n\t\t\t<span class=\"elementor-divider-separator\">\n\t\t\t\t\t\t<\/span>\n\t\t<\/div>\n\t\t\t\t\t\t<\/div>\n\t\t\t\t<div class=\"elementor-element elementor-element-58fcbb0 elementor-widget elementor-widget-heading\" data-id=\"58fcbb0\" data-element_type=\"widget\" data-e-type=\"widget\" data-widget_type=\"heading.default\">\n\t\t\t\t\t<h2 class=\"elementor-heading-title elementor-size-default\">REGULATIVE:\n\n<\/h2>\t\t\t\t<\/div>\n\t\t\t\t<div class=\"elementor-element elementor-element-f6fd4b6 elementor-widget elementor-widget-text-editor\" data-id=\"f6fd4b6\" data-element_type=\"widget\" data-e-type=\"widget\" data-widget_type=\"text-editor.default\">\n\t\t\t\t\t\t\t\t\t<p><strong>REGULATIONS:<\/strong><br \/><a href=\"http:\/\/eur-lex.europa.eu\/legal-content\/EN\/TXT\/PDF\/?uri=CELEX:32003R0001&amp;qid=1457511609824&amp;from=EN\" target=\"_blank\" rel=\"noopener noreferrer\">32003R0001<\/a>\u00a0&#8211; Council Regulation (EC) No 1\/2003 of 16 December 2002\u00a0<span lang=\"sr-Cyrl\">on the implementation of the rules on competition laid down in Articles 81 and 82 of the Treaty<\/span>\u00a0<span lang=\"sr-Cyrl\">(Text with EEA relevance)<\/span><br \/><a href=\"http:\/\/eur-lex.europa.eu\/LexUriServ\/LexUriServ.do?uri=OJ:L:2004:123:0018:0024:EN:PDF\" target=\"_blank\" rel=\"noopener noreferrer\">32004R0773<\/a>\u00a0&#8211; Council Regulation (EC) No 1\/2003 of 16 December 2002\u00a0<span lang=\"sr-Cyrl\">on the implementation of the rules on competition laid down in Articles 81 and 82 of the Treaty<\/span>\u00a0<span lang=\"sr-Cyrl\">(Text with EEA relevance)<\/span><br \/><a href=\"http:\/\/eur-lex.europa.eu\/LexUriServ\/LexUriServ.do?uri=OJ:L:2004:024:0001:0022:EN:PDF\" target=\"_blank\" rel=\"noopener noreferrer\">32004R0139<\/a>\u00a0&#8211; Council Regulation (EC) No 139\/2004 of 20 January 2004\u00a0<span lang=\"sr-Cyrl\">on the control of concentrations between undertakings (the EC Merger Regulation) (Text with EEA relevance<\/span><span lang=\"SR-LATN-ME\">)<\/span><br \/><a href=\"http:\/\/eur-lex.europa.eu\/LexUriServ\/LexUriServ.do?uri=OJ:L:2010:102:0001:0007:EN:PDF\" target=\"_blank\" rel=\"noopener noreferrer\">32010R0330<\/a>\u00a0&#8211;\u00a0<span lang=\"sr-Cyrl\">COMMISSION REGULATION (EU) No 330\/2010<\/span>\u00a0<span lang=\"sr-Cyrl\">of 20 April 2010<\/span>\u00a0<span lang=\"sr-Cyrl\">on the application of Article 101(3) of the Treaty on the Functioning of the European Union to<\/span>\u00a0<span lang=\"sr-Cyrl\">categories of vertical agreements and concerted practices<\/span><br \/><a href=\"http:\/\/eur-lex.europa.eu\/LexUriServ\/LexUriServ.do?uri=OJ:L:2010:129:0052:0057:EN:PDF\" target=\"_blank\" rel=\"noopener noreferrer\">32010R0461<\/a>\u00a0&#8211;\u00a0<span lang=\"sr-Cyrl\">COMMISSION REGULATION (EU) No 461\/2010<\/span>\u00a0<span lang=\"sr-Cyrl\">of 27 May 2010<\/span>\u00a0<span lang=\"sr-Cyrl\">on the application of Article 101(3) of the Treaty on the Functioning of the European Union to<\/span>\u00a0<span lang=\"sr-Cyrl\">categories of vertical agreements and concerted practices in the motor vehicle sector<\/span>\u00a0<span lang=\"sr-Cyrl\">(Text with EEA relevance)<\/span><br \/><a href=\"http:\/\/eur-lex.europa.eu\/LexUriServ\/LexUriServ.do?uri=OJ:L:2004:123:0011:0017:EN:PDF\" target=\"_blank\" rel=\"noopener noreferrer\">32004R0772<\/a>\u00a0&#8211;\u00a0<span lang=\"sr-Cyrl\">COMMISSION REGULATION (EC) No 772\/2004<\/span>\u00a0<span lang=\"sr-Cyrl\">of 27 April 2004<\/span>\u00a0<span lang=\"sr-Cyrl\">on the application of Article 81(3) of the Treaty to categories of technology transfer agreements<\/span>\u00a0<span lang=\"sr-Cyrl\">(Text with EEA relevance)<\/span><br \/><a href=\"http:\/\/eur-lex.europa.eu\/LexUriServ\/LexUriServ.do?uri=OJ:L:2009:061:0001:0005:EN:PDF\" target=\"_blank\" rel=\"noopener noreferrer\">32009R0169<\/a>\u00a0&#8211;\u00a0<span lang=\"sr-Cyrl\">COUNCIL REGULATION (EC) No 169\/2009\u00a0<\/span><span lang=\"sr-Cyrl\">of 26 February 2009<\/span>\u00a0<span lang=\"sr-Cyrl\">applying rules of competition to transport by rail, road and inland waterway\u00a0<\/span><span lang=\"sr-Cyrl\">(Codified version)<\/span>\u00a0<span lang=\"sr-Cyrl\">(Text with EEA relevance<\/span><span lang=\"HR\">)<\/span><br \/><a href=\"http:\/\/eur-lex.europa.eu\/LexUriServ\/LexUriServ.do?uri=OJ:L:2010:083:0001:0007:EN:PDF\" target=\"_blank\" rel=\"noopener noreferrer\">32010R0267<\/a>\u00a0&#8211;\u00a0<span lang=\"sr-Cyrl\">COMMISSION REGULATION (EU) No 267\/2010\u00a0<\/span><span lang=\"sr-Cyrl\">of 24 March 2010<\/span>\u00a0<span lang=\"sr-Cyrl\">on the application of Article 101(3) of the Treaty on the Functioning of the European Union to<\/span>\u00a0<span lang=\"sr-Cyrl\">certain categories of agreements, decisions and concerted practices in the insurance sector<\/span>\u00a0<span lang=\"sr-Cyrl\">(Text with EEA relevance<\/span><span lang=\"HR\">)<\/span><br \/><a href=\"http:\/\/eur-lex.europa.eu\/LexUriServ\/LexUriServ.do?uri=OJ:L:2010:335:0036:0042:EN:PDF\" target=\"_blank\" rel=\"noopener noreferrer\">32010R1217<\/a>\u00a0&#8211;\u00a0<span lang=\"sr-Cyrl\">COMMISSION REGULATION (EU) No 1217\/2010\u00a0<\/span><span lang=\"sr-Cyrl\">of 14 December 2010<\/span>\u00a0<span lang=\"sr-Cyrl\">on the application of Article 101(3) of the Treaty on the Functioning of the European Union to<\/span>\u00a0<span lang=\"sr-Cyrl\">certain categories of research and development agreements<\/span>\u00a0<span lang=\"sr-Cyrl\">(Text with EEA relevance)<\/span><br \/><a href=\"http:\/\/eur-lex.europa.eu\/LexUriServ\/LexUriServ.do?uri=OJ:L:2010:335:0043:0047:EN:PDF\" target=\"_blank\" rel=\"noopener noreferrer\">32010R1218<\/a>\u00a0&#8211;\u00a0<span lang=\"sr-Cyrl\">COMMISSION REGULATION (EU) No 1218\/2010<\/span>\u00a0<span lang=\"sr-Cyrl\">o<\/span><span lang=\"sr-Cyrl\">f 14 December 2010<\/span>\u00a0<span lang=\"sr-Cyrl\">on the application of Article 101(3) of the Treaty on the Functioning of the European Union to<\/span>\u00a0<span lang=\"sr-Cyrl\">certain categories of specialisation agreements<\/span>\u00a0<span lang=\"sr-Cyrl\">(Text with EEA relevance<\/span><span lang=\"HR\">)<\/span><br \/><a href=\"http:\/\/eur-lex.europa.eu\/legal-content\/EN\/TXT\/PDF\/?uri=CELEX:32004R0802&amp;from=EN\" target=\"_blank\" rel=\"noopener noreferrer\">32004R0802<\/a>\u00a0&#8211;\u00a0<span lang=\"sr-Cyrl\">COMMISSION REGULATION (EC) No 802\/2004<\/span>\u00a0<span lang=\"sr-Cyrl\">of 7 April 2004<\/span>\u00a0<span lang=\"sr-Cyrl\">implementing Council Regulation (EC) No 139\/2004 on the control of concentrations between<\/span>\u00a0<span lang=\"sr-Cyrl\">undertakings<\/span>\u00a0<span lang=\"sr-Cyrl\">(Text with EEA relevance)<\/span><\/p><hr \/><p><strong>OJC (Official Journal of the European Communities)<\/strong><br \/><a href=\"http:\/\/eur-lex.europa.eu\/LexUriServ\/LexUriServ.do?uri=OJ:C:2001:368:0010:0010:EN:PDF\" target=\"_blank\" rel=\"noopener noreferrer\">368\/2001<\/a>\u00a0&#8211;\u00a0<span lang=\"sr-Cyrl\">COMMUNICATION OF THE COMMISSION TO MEMBER STATES\u00a0<\/span><span lang=\"sr-Cyrl\">Multisectoral framework on regional aid for large investment projects<\/span>\u00a0<span lang=\"sr-Cyrl\">Code on aid to the synthetic fibres industry<\/span><span lang=\"SR-LATN-ME\">,\u00a0<\/span><span lang=\"sr-Cyrl\">Community framework for State aid to the motor vehicle industry<\/span>\u00a0<span lang=\"sr-Cyrl\">(2001\/C 368\/03)<\/span>\u00a0<span lang=\"sr-Cyrl\">(Text with EEA relevance)<\/span><br \/><a href=\"http:\/\/eur-lex.europa.eu\/LexUriServ\/LexUriServ.do?uri=OJ:C:2005:325:0007:0015:EN:PDF\" target=\"_blank\" rel=\"noopener noreferrer\">325\/2005<\/a>\u00a0&#8211;\u00a0<span lang=\"sr-Cyrl\">Commission Notice on the rules for access to the Commission file in cases pursuant to Articles 81<\/span>\u00a0<span lang=\"sr-Cyrl\">and 82 of the EC Treaty, Articles 53, 54 and 57 of the EEA Agreement and Council Regulation<\/span>\u00a0<span lang=\"sr-Cyrl\">(EC) No 139\/2004<\/span>\u00a0<span lang=\"sr-Cyrl\">(2005\/C 325\/07)<\/span>\u00a0<span lang=\"sr-Cyrl\">(Text with EEA relevance<\/span><span lang=\"HR\">)<\/span><br \/><a href=\"http:\/\/eur-lex.europa.eu\/LexUriServ\/LexUriServ.do?uri=OJ:C:2006:298:0017:0022:EN:PDF\" target=\"_blank\" rel=\"noopener noreferrer\">298\/2006 \u2013 52006XC1208(04)<\/a>\u00a0&#8211;\u00a0<span lang=\"sr-Cyrl\">Commission Notice on Immunity from fines and reduction of fines in cartel cases<\/span>\u00a0<span lang=\"sr-Cyrl\">(Text with EEA relevance)<\/span>\u00a0<span lang=\"sr-Cyrl\">(2006\/C 298\/11)<\/span><br \/><a href=\"http:\/\/eur-lex.europa.eu\/LexUriServ\/LexUriServ.do?uri=OJ:C:2006:210:0002:0005:EN:PDF\" target=\"_blank\" rel=\"noopener noreferrer\">210\/2006<\/a>\u00a0&#8211;\u00a0<span lang=\"sr-Cyrl\">Guidelines on the method of setting fines imposed pursuant to Article 23(2)(a) of Regulation<\/span>\u00a0<span lang=\"sr-Cyrl\">No 1\/2003<\/span>\u00a0<span lang=\"sr-Cyrl\">(2006\/C 210\/02)<\/span>\u00a0<span lang=\"sr-Cyrl\">(Text with EEA relevanc<\/span><span lang=\"HR\">e<\/span><span lang=\"SR-LATN-ME\">)<\/span><br \/><a href=\"http:\/\/eur-lex.europa.eu\/LexUriServ\/LexUriServ.do?uri=OJ:C:2004:101:0097:0118:EN:PDF\" target=\"_blank\" rel=\"noopener noreferrer\">52004XC0427(07)<\/a>\u00a0&#8211;\u00a0<span lang=\"sr-Cyrl\">COMMUNICATION FROM THE COMMISSION Notice<\/span>\u00a0<span lang=\"sr-Cyrl\">Guidelines on the application of Article 81(3) of the Treaty<\/span>\u00a0<span lang=\"sr-Cyrl\">(2004\/C 101\/08)<\/span>\u00a0<span lang=\"sr-Cyrl\">(Text with EEA relevance)<\/span><br \/><a href=\"http:\/\/eur-lex.europa.eu\/LexUriServ\/LexUriServ.do?uri=OJ:C:1997:372:0005:0013:EN:PDF\" target=\"_blank\" rel=\"noopener noreferrer\">31997Y1209(01)<\/a>\u00a0&#8211;\u00a0<span lang=\"sr-Cyrl\">COMMISSION NOTICE<\/span>\u00a0<span lang=\"sr-Cyrl\">on the definition of relevant market for the purposes of Community competition law<\/span>\u00a0<span lang=\"sr-Cyrl\">(97\/C 372 \/03)<\/span>\u00a0<span lang=\"sr-Cyrl\">(Text with EEA relevance)<\/span><\/p>\t\t\t\t\t\t\t\t<\/div>\n\t\t\t\t<div class=\"elementor-element elementor-element-7720da1 elementor-widget-divider--view-line elementor-widget elementor-widget-divider\" data-id=\"7720da1\" data-element_type=\"widget\" data-e-type=\"widget\" data-widget_type=\"divider.default\">\n\t\t\t\t\t\t\t<div class=\"elementor-divider\">\n\t\t\t<span class=\"elementor-divider-separator\">\n\t\t\t\t\t\t<\/span>\n\t\t<\/div>\n\t\t\t\t\t\t<\/div>\n\t\t            <\/div>\n        <\/div>\n                    <\/div>\n        <\/section>\n        \t\t<\/div>\n\t\t","protected":false},"excerpt":{"rendered":"<p>Treaty on the Functioning of the European Union Sporazum o stabilizaciji i pridru\u017eivanju Odluka o obrazovanju strukture za sprovo\u0111enje sporazuma o stabilizaciji i pridru\u017eivanju REGULATIVE: REGULATIONS: 32003R0001\u00a0&#8211; Council Regulation (EC) No 1\/2003 of 16 December 2002\u00a0on the implementation of the rules on competition laid down in Articles 81 and 82 of the Treaty\u00a0(Text with EEA [&hellip;]<\/p>\n","protected":false},"author":1,"featured_media":0,"parent":0,"menu_order":0,"comment_status":"closed","ping_status":"closed","template":"","meta":{"footnotes":""},"class_list":["post-7006","page","type-page","status-publish","hentry"],"_links":{"self":[{"href":"https:\/\/azzk.me\/en\/wp-json\/wp\/v2\/pages\/7006","targetHints":{"allow":["GET"]}}],"collection":[{"href":"https:\/\/azzk.me\/en\/wp-json\/wp\/v2\/pages"}],"about":[{"href":"https:\/\/azzk.me\/en\/wp-json\/wp\/v2\/types\/page"}],"author":[{"embeddable":true,"href":"https:\/\/azzk.me\/en\/wp-json\/wp\/v2\/users\/1"}],"replies":[{"embeddable":true,"href":"https:\/\/azzk.me\/en\/wp-json\/wp\/v2\/comments?post=7006"}],"version-history":[{"count":5,"href":"https:\/\/azzk.me\/en\/wp-json\/wp\/v2\/pages\/7006\/revisions"}],"predecessor-version":[{"id":8167,"href":"https:\/\/azzk.me\/en\/wp-json\/wp\/v2\/pages\/7006\/revisions\/8167"}],"wp:attachment":[{"href":"https:\/\/azzk.me\/en\/wp-json\/wp\/v2\/media?parent=7006"}],"curies":[{"name":"wp","href":"https:\/\/api.w.org\/{rel}","templated":true}]}}