{"id":7043,"date":"2022-08-31T16:41:07","date_gmt":"2022-08-31T16:41:07","guid":{"rendered":"https:\/\/mawebdesign.me\/misljenja\/"},"modified":"2022-11-08T11:30:44","modified_gmt":"2022-11-08T11:30:44","slug":"opinions","status":"publish","type":"page","link":"https:\/\/azzk.me\/en\/opinions\/","title":{"rendered":"Opinions"},"content":{"rendered":"\t\t<div data-elementor-type=\"wp-page\" data-elementor-id=\"7043\" class=\"elementor elementor-7043\" data-elementor-post-type=\"page\">\n\t\t\t\t        <section class=\"elementor-section elementor-top-section elementor-element elementor-element-7bb9140 elementor-section-boxed elementor-section-height-default elementor-section-height-default ct-header-fixed-none ct-row-max-none\" data-id=\"7bb9140\" data-element_type=\"section\" data-e-type=\"section\">\n            \n                        <div class=\"elementor-container elementor-column-gap-default \">\n                    <div class=\"elementor-column elementor-col-100 elementor-top-column elementor-element elementor-element-98f5efe\" data-id=\"98f5efe\" data-element_type=\"column\" data-e-type=\"column\">\n        <div class=\"elementor-widget-wrap elementor-element-populated\">\n                    \n        \r\n\t\t<div class=\"elementor-element elementor-element-8bc367f elementor-widget elementor-widget-text-editor\" data-id=\"8bc367f\" data-element_type=\"widget\" data-e-type=\"widget\" data-widget_type=\"text-editor.default\">\n\t\t\t\t\t\t\t\t\t<p><strong>2015<\/strong><\/p><p><a href=\"https:\/\/azzk.me\/docs\/misljenja\/2015-09-01_Misljenje%20AZZK%20na%20analize%20AEKIP.pdf\" target=\"_blank\" rel=\"noopener noreferrer\">Mi\u0161ljenje AZZK na nacrt analiza AEKIP (od 01.09.2015.)<\/a><\/p><p><a href=\"https:\/\/azzk.me\/docs\/misljenja\/2015-06-10_Misljenje%20AZZK%20na%20Nacrt%20analiza%20testa%20tri%20kriterijuma%20na%20definisanih%205%20trzista.pdf\" target=\"_blank\" rel=\"noopener noreferrer\">Mi\u0161ljenje na dostavljeni Nacrt analiza testa tri kriterijuma na definisanih 5 tr\u017ei\u0161ta \u2013 AEKIP (od 10.06.2015.)<\/a><\/p><hr \/><p><strong>2014<\/strong><\/p><p><a href=\"https:\/\/azzk.me\/docs\/misljenja\/2014-01-20_Misljenje%20AZZK%20na%20Nacrt%20analize%20trzista%20usluga%20sirokopojasnog%20pristupa%20internetu%20za%20AEKIP.pdf\" target=\"_blank\" rel=\"noopener noreferrer\">Mi\u0161ljenje AZZK na Nacrt analize tr\u017ei\u0161ta usluga \u0161irokopojasnog pristupa internetu za AEKIP (od 20.01.2014.)<\/a><\/p><hr \/><p><strong>2013<\/strong><\/p><p><a href=\"https:\/\/azzk.me\/docs\/misljenja\/2013-11-13_Misljenje%20AZZK%20na%20dostavljene%20analize%20trzista%20za%20AEKIP.pdf\" target=\"_blank\" rel=\"noopener noreferrer\">Mi\u0161ljenje AZZK na dostavljene analize tr\u017ei\u0161ta u nadle\u017enosti AEKIP-a (od 13.11.2013.)<\/a><\/p><p><a href=\"https:\/\/azzk.me\/docs\/misljenja\/2013-10-18_Misljenje%20AZZK%20utvrdjivanje%20zloupotrebe%20polozaja%20na%20zahtjev%20RAE.pdf\" target=\"_blank\" rel=\"noopener noreferrer\">Mi\u0161ljenje AZZK na zahtjev RAE za utvr\u0111ivanje zloupotreba na tr\u017ei\u0161tu (od 21.10.2013.)<\/a><\/p><p><a href=\"https:\/\/azzk.me\/docs\/misljenja\/2013-05-24_Misljenje%20AZZK%20na%20sprovedeni%20test%20tri%20kriterijuma%20EKIP.pdf\">Mi\u0161ljenje AZZK na sprovedeni test tri kriterijuma AEKIP (od 24.05.2013.)<\/a><\/p><hr \/><p><strong>2012<\/strong><\/p><p><a href=\"https:\/\/azzk.me\/docs\/misljenja\/2012-09-07_Misljenje%20AZZK%20na%20nacrt%20Odluke%20o%20relevantim%20trzistima%20usluga%20EKIP.pdf\">Mi\u0161ljenje AZZK na nacrt Odluke o relevantim tr\u017ei\u0161tima usluga AEKIP (od\u00a007.09.2012.)<\/a><\/p><hr \/><p><strong>2011<\/strong><\/p><p><a href=\"https:\/\/azzk.me\/docs\/misljenja\/2011-11-23_Misljenje%20AZZK%20na%20analize%20trzista%20za%20AEKIP.pdf\">Mi\u0161ljenje AZZK na analize za EKIP (od\u00a023.11.2011.)<\/a><\/p><p><a href=\"https:\/\/azzk.me\/docs\/misljenja\/2011-03-30_Misljenje%20AZZK%20na%20nacrt%20odluke%20o%20relevantnim%20trzistima%20EKIP.pdf\" target=\"_blank\" rel=\"noopener noreferrer\">Mi\u0161ljenje AZZK na nacrt odluke o relevantnim tr\u017ei\u0161tima AEKIP (od\u00a030.03.2011.)<\/a><\/p><hr \/><p><strong>2010<\/strong><\/p><p><a href=\"https:\/\/azzk.me\/docs\/misljenja\/2010-05-14_Misljenje%20AZZK%20o%20analizama%20relevantnih%20trzista%20AEKIP.pdf\">Mi\u0161ljenje AZZK o analizama relevantnih tr\u017ei\u0161ta AEKIP (od\u00a014.05.2010.)<\/a><\/p>\t\t\t\t\t\t\t\t<\/div>\n\t\t            <\/div>\n        <\/div>\n                    <\/div>\n        <\/section>\n        \t\t<\/div>\n\t\t","protected":false},"excerpt":{"rendered":"<p>2015 Mi\u0161ljenje AZZK na nacrt analiza AEKIP (od 01.09.2015.) Mi\u0161ljenje na dostavljeni Nacrt analiza testa tri kriterijuma na definisanih 5 tr\u017ei\u0161ta \u2013 AEKIP (od 10.06.2015.) 2014 Mi\u0161ljenje AZZK na Nacrt analize tr\u017ei\u0161ta usluga \u0161irokopojasnog pristupa internetu za AEKIP (od 20.01.2014.) 2013 Mi\u0161ljenje AZZK na dostavljene analize tr\u017ei\u0161ta u nadle\u017enosti AEKIP-a (od 13.11.2013.) Mi\u0161ljenje AZZK na [&hellip;]<\/p>\n","protected":false},"author":1,"featured_media":0,"parent":0,"menu_order":0,"comment_status":"closed","ping_status":"closed","template":"","meta":{"footnotes":""},"class_list":["post-7043","page","type-page","status-publish","hentry"],"_links":{"self":[{"href":"https:\/\/azzk.me\/en\/wp-json\/wp\/v2\/pages\/7043","targetHints":{"allow":["GET"]}}],"collection":[{"href":"https:\/\/azzk.me\/en\/wp-json\/wp\/v2\/pages"}],"about":[{"href":"https:\/\/azzk.me\/en\/wp-json\/wp\/v2\/types\/page"}],"author":[{"embeddable":true,"href":"https:\/\/azzk.me\/en\/wp-json\/wp\/v2\/users\/1"}],"replies":[{"embeddable":true,"href":"https:\/\/azzk.me\/en\/wp-json\/wp\/v2\/comments?post=7043"}],"version-history":[{"count":4,"href":"https:\/\/azzk.me\/en\/wp-json\/wp\/v2\/pages\/7043\/revisions"}],"predecessor-version":[{"id":8272,"href":"https:\/\/azzk.me\/en\/wp-json\/wp\/v2\/pages\/7043\/revisions\/8272"}],"wp:attachment":[{"href":"https:\/\/azzk.me\/en\/wp-json\/wp\/v2\/media?parent=7043"}],"curies":[{"name":"wp","href":"https:\/\/api.w.org\/{rel}","templated":true}]}}