{"id":7070,"date":"2022-08-30T17:45:56","date_gmt":"2022-08-30T17:45:56","guid":{"rendered":"https:\/\/mawebdesign.me\/predsjednik-savjeta\/"},"modified":"2022-11-07T10:32:17","modified_gmt":"2022-11-07T10:32:17","slug":"president-of-the-council","status":"publish","type":"page","link":"https:\/\/azzk.me\/en\/president-of-the-council\/","title":{"rendered":"President of the Council"},"content":{"rendered":"\t\t<div data-elementor-type=\"wp-page\" data-elementor-id=\"7070\" class=\"elementor elementor-7070\" data-elementor-post-type=\"page\">\n\t\t\t\t        <section class=\"elementor-section elementor-top-section elementor-element elementor-element-b476040 elementor-section-boxed elementor-section-height-default elementor-section-height-default ct-header-fixed-none ct-row-max-none\" data-id=\"b476040\" data-element_type=\"section\" data-e-type=\"section\">\n            \n                        <div class=\"elementor-container elementor-column-gap-default \">\n                    <div class=\"elementor-column elementor-col-50 elementor-top-column elementor-element elementor-element-ab053f8\" data-id=\"ab053f8\" data-element_type=\"column\" data-e-type=\"column\">\n        <div class=\"elementor-widget-wrap elementor-element-populated\">\n                    \n        \t\t<div class=\"elementor-element elementor-element-08d3a76 elementor-widget elementor-widget-image\" data-id=\"08d3a76\" data-element_type=\"widget\" data-e-type=\"widget\" data-widget_type=\"image.default\">\n\t\t\t\t\t\t\t\t\t\t\t\t\t\t\t<img fetchpriority=\"high\" decoding=\"async\" width=\"640\" height=\"624\" src=\"https:\/\/azzk.me\/wp-content\/uploads\/2022\/08\/download-1024x998.jpg\" class=\"attachment-large size-large wp-image-6749\" alt=\"\" srcset=\"https:\/\/azzk.me\/wp-content\/uploads\/2022\/08\/download-1024x998.jpg 1024w, https:\/\/azzk.me\/wp-content\/uploads\/2022\/08\/download-300x292.jpg 300w, https:\/\/azzk.me\/wp-content\/uploads\/2022\/08\/download-768x748.jpg 768w, https:\/\/azzk.me\/wp-content\/uploads\/2022\/08\/download.jpg 1094w\" sizes=\"(max-width: 640px) 100vw, 640px\" \/>\t\t\t\t\t\t\t\t\t\t\t\t\t\t\t<\/div>\n\t\t\t\t<div class=\"elementor-element elementor-element-4c15591 elementor-widget elementor-widget-heading\" data-id=\"4c15591\" data-element_type=\"widget\" data-e-type=\"widget\" data-widget_type=\"heading.default\">\n\t\t\t\t\t<h2 class=\"elementor-heading-title elementor-size-default\">Dragan Damjanovi\u0107\n<\/h2>\t\t\t\t<\/div>\n\t\t\t\t<div class=\"elementor-element elementor-element-ce3dbdf elementor-widget-divider--view-line elementor-widget elementor-widget-divider\" data-id=\"ce3dbdf\" data-element_type=\"widget\" data-e-type=\"widget\" data-widget_type=\"divider.default\">\n\t\t\t\t\t\t\t<div class=\"elementor-divider\">\n\t\t\t<span class=\"elementor-divider-separator\">\n\t\t\t\t\t\t<\/span>\n\t\t<\/div>\n\t\t\t\t\t\t<\/div>\n\t\t\r\n\t\t<div class=\"elementor-element elementor-element-afa2dd9 elementor-widget elementor-widget-text-editor\" data-id=\"afa2dd9\" data-element_type=\"widget\" data-e-type=\"widget\" data-widget_type=\"text-editor.default\">\n\t\t\t\t\t\t\t\t\t<p><strong>Address:<\/strong> Svetlane Kane Radevi\u0107 br. 3<br \/><strong>Phone:<\/strong> 020 239-010, 020 239-024<br \/><strong>Email:<\/strong> dragan.damjanovic@azzk.me<\/p>\t\t\t\t\t\t\t\t<\/div>\n\t\t\t\t<div class=\"elementor-element elementor-element-72b872c elementor-widget-divider--view-line elementor-widget elementor-widget-divider\" data-id=\"72b872c\" data-element_type=\"widget\" data-e-type=\"widget\" data-widget_type=\"divider.default\">\n\t\t\t\t\t\t\t<div class=\"elementor-divider\">\n\t\t\t<span class=\"elementor-divider-separator\">\n\t\t\t\t\t\t<\/span>\n\t\t<\/div>\n\t\t\t\t\t\t<\/div>\n\t\t\t\t<div class=\"elementor-element elementor-element-976d2f7 elementor-widget elementor-widget-heading\" data-id=\"976d2f7\" data-element_type=\"widget\" data-e-type=\"widget\" data-widget_type=\"heading.default\">\n\t\t\t\t\t<h2 class=\"elementor-heading-title elementor-size-default\">USEFUL LINKS<\/h2>\t\t\t\t<\/div>\n\t\t\t\t<div class=\"elementor-element elementor-element-4a44a4e elementor-widget elementor-widget-ct_navigation_menu\" data-id=\"4a44a4e\" data-element_type=\"widget\" data-e-type=\"widget\" data-widget_type=\"ct_navigation_menu.default\">\n\t\t\t\t<div class=\"elementor-widget-container\">\n\t\t\t\t\t    <div id=\"ct_navigation_menu-4a44a4e\" class=\"ct-navigation-menu1 one-col-light\">\r\n        <div class=\"menu-english-menu-container\"><ul id=\"menu-english-menu\" class=\"menu\"><li id=\"menu-item-8093\" class=\"menu-item menu-item-type-post_type menu-item-object-page menu-item-home menu-item-8093\"><a href=\"https:\/\/azzk.me\/en\/\">HOME<\/a><\/li>\n<li id=\"menu-item-8595\" class=\"menu-item menu-item-type-post_type menu-item-object-page menu-item-8595\"><a href=\"https:\/\/azzk.me\/en\/protection-of-competition\/\">Protection of competition<\/a><\/li>\n<li id=\"menu-item-8156\" class=\"menu-item menu-item-type-post_type menu-item-object-page menu-item-8156\"><a href=\"https:\/\/azzk.me\/en\/state-aid\/\">State Aid<\/a><\/li>\n<li id=\"menu-item-8150\" class=\"menu-item menu-item-type-post_type menu-item-object-page menu-item-8150\"><a href=\"https:\/\/azzk.me\/en\/internal-acts\/\">Internal acts<\/a><\/li>\n<li id=\"menu-item-8153\" class=\"menu-item menu-item-type-post_type menu-item-object-page menu-item-8153\"><a href=\"https:\/\/azzk.me\/en\/other-documents\/\">Other documents<\/a><\/li>\n<li id=\"menu-item-8159\" class=\"menu-item menu-item-type-post_type menu-item-object-page menu-item-8159\"><a href=\"https:\/\/azzk.me\/en\/international-cooperation-and-eu-integration\/\">International cooperation and EU integration<\/a><\/li>\n<\/ul><\/div>    <\/div>\r\n\t\t\t\t<\/div>\n\t\t\t\t<\/div>\n\t\t            <\/div>\n        <\/div>\n                <div class=\"elementor-column elementor-col-50 elementor-top-column elementor-element elementor-element-6a494ca\" data-id=\"6a494ca\" data-element_type=\"column\" data-e-type=\"column\">\n        <div class=\"elementor-widget-wrap elementor-element-populated\">\n                    \n        \t\t<div class=\"elementor-element elementor-element-08487fd elementor-widget elementor-widget-text-editor\" data-id=\"08487fd\" data-element_type=\"widget\" data-e-type=\"widget\" data-widget_type=\"text-editor.default\">\n\t\t\t\t\t\t\t\t\t<p>He was born in Mojkovac on 18 September 1988.<\/p><p><strong>EDUCATION<\/strong><\/p><p>He completed elementary and secondary school in Podgorica.<\/p><p>He graduated from Faculty of Business Management in Bar, where he acquired the title of Bachelor of Financial Management.<\/p><p>He completed specialist postgraduate studies at the Faculty of Economics, University of Montenegro in Podgorica, where he acquired the title of Management &#8211; the degree of specialist (spec.App).<\/p><p><strong>WORK EXPERIENCE<\/strong><\/p><p><em>NGO sector<\/em><\/p><p>During his studies, he had a notable engagement in the NGO sector, where he participated in the implementation of several projects in the management structure at the national level as well as in cross-border cooperation projects in the role of coordinator and project assistant.<\/p><p><em>Tax Administration<\/em><\/p><p>He started his career in the state administration in 2014 in the Tax Administration, in 2015 he was assigned to the position of advisor in the Tax Administration &#8211; Central Register of Business Entities (CRPS).<\/p><p><em>Ministry of Finance<\/em><\/p><p>Since January 2017, he has been employed as an independent advisor in the Ministry of Finance in the State Aid Control Department.<\/p><p><em>Agency for Protection of Competition<\/em><\/p><p>With the transfer of state aid control activities on 1 January 2019 from the Ministry of Finance to the Agency for Protection of Competition, he continued his work engagement in the Agency for Protection of Competition in the Sector for State Aid Control. From 2021, he has been assigned to the position of Head of the Department for Prior State Aid Control and Reporting.<\/p><p>Prior to joining the state administration, he worked in several private companies at short intervals.<\/p><p><strong>OTHER ACTIVITIES<\/strong><\/p><p>He is actively involved in real estate appraisal and has a certificate from the Institute of Certified Appraisers of Montenegro (IOPCG) &#8211; Associate Appraiser (PS).<\/p><p>During his engagement in state aid control, he participated in numerous conferences and trainings in the field of state aid and competition. A seminar organized by the Government of Japan and the Japan Fair Trade Commission (JFTC), entitled &#8220;Competition Law and Policy &#8211; laying the foundation for promotion competition&#8221;, as well as a seminar in Luxembourg organized by the European Commission entitled \u201cState Aid Rules, Monitoring, Implementation and Procedures\u201d.<\/p><p>By the decision of the Government of Montenegro from 2018, he is a member of the negotiating group number 8, chapter &#8211; Competition.<\/p><p>He is Montenegrin by nationality.<\/p><p>He is married, the father of one child. Speaks English.<\/p>\t\t\t\t\t\t\t\t<\/div>\n\t\t            <\/div>\n        <\/div>\n                    <\/div>\n        <\/section>\n        \t\t<\/div>\n\t\t","protected":false},"excerpt":{"rendered":"<p>Dragan Damjanovi\u0107 Address: Svetlane Kane Radevi\u0107 br. 3 Phone: 020 239-010, 020 239-024 Email: dragan.damjanovic@azzk.me USEFUL LINKS NASLOVNA ODLUKE PRAVNI OKVIR UNUTRA\u0160NJI AKTI ME\u0110UNARODNA SARADNJA I EU INTEGRACIJE REGISTRI OSTALA DOKUMENTA He was born in Mojkovac on 18 September 1988. EDUCATION He completed elementary and secondary school in Podgorica. He graduated from Faculty of Business [&hellip;]<\/p>\n","protected":false},"author":1,"featured_media":0,"parent":0,"menu_order":0,"comment_status":"closed","ping_status":"closed","template":"","meta":{"footnotes":""},"class_list":["post-7070","page","type-page","status-publish","hentry"],"_links":{"self":[{"href":"https:\/\/azzk.me\/en\/wp-json\/wp\/v2\/pages\/7070","targetHints":{"allow":["GET"]}}],"collection":[{"href":"https:\/\/azzk.me\/en\/wp-json\/wp\/v2\/pages"}],"about":[{"href":"https:\/\/azzk.me\/en\/wp-json\/wp\/v2\/types\/page"}],"author":[{"embeddable":true,"href":"https:\/\/azzk.me\/en\/wp-json\/wp\/v2\/users\/1"}],"replies":[{"embeddable":true,"href":"https:\/\/azzk.me\/en\/wp-json\/wp\/v2\/comments?post=7070"}],"version-history":[{"count":5,"href":"https:\/\/azzk.me\/en\/wp-json\/wp\/v2\/pages\/7070\/revisions"}],"predecessor-version":[{"id":8183,"href":"https:\/\/azzk.me\/en\/wp-json\/wp\/v2\/pages\/7070\/revisions\/8183"}],"wp:attachment":[{"href":"https:\/\/azzk.me\/en\/wp-json\/wp\/v2\/media?parent=7070"}],"curies":[{"name":"wp","href":"https:\/\/api.w.org\/{rel}","templated":true}]}}