{"id":7075,"date":"2022-08-31T16:20:59","date_gmt":"2022-08-31T16:20:59","guid":{"rendered":"https:\/\/mawebdesign.me\/pojedinacna-izuzeca\/"},"modified":"2022-11-08T11:26:15","modified_gmt":"2022-11-08T11:26:15","slug":"individual-exemptions","status":"publish","type":"page","link":"https:\/\/azzk.me\/en\/individual-exemptions\/","title":{"rendered":"Individual exemptions"},"content":{"rendered":"\t\t<div data-elementor-type=\"wp-page\" data-elementor-id=\"7075\" class=\"elementor elementor-7075\" data-elementor-post-type=\"page\">\n\t\t\t\t        <section class=\"elementor-section elementor-top-section elementor-element elementor-element-2005c47 elementor-section-boxed elementor-section-height-default elementor-section-height-default ct-header-fixed-none ct-row-max-none\" data-id=\"2005c47\" data-element_type=\"section\" data-e-type=\"section\">\n            \n                        <div class=\"elementor-container elementor-column-gap-default \">\n                    <div class=\"elementor-column elementor-col-100 elementor-top-column elementor-element elementor-element-e33c107\" data-id=\"e33c107\" data-element_type=\"column\" data-e-type=\"column\">\n        <div class=\"elementor-widget-wrap elementor-element-populated\">\n                    \n        \r\n\t\t<div class=\"elementor-element elementor-element-b5a9d80 elementor-widget elementor-widget-text-editor\" data-id=\"b5a9d80\" data-element_type=\"widget\" data-e-type=\"widget\" data-widget_type=\"text-editor.default\">\n\t\t\t\t\t\t\t\t\t<p><strong>2022.<\/strong><\/p><p><a href=\"https:\/\/azzk.me\/docs\/Loven_i_Generali_31012022.pdf\">Lov\u0107en i Generali (31.01.2022)<\/a><\/p><p><a href=\"https:\/\/azzk.me\/docs\/STADA_-Opella_04022022.pdf\">STADA -Opella (04.02.2022.)<\/a><\/p><p><a href=\"https:\/\/azzk.me\/docs\/PHILIP_MORRIS-_KTG_02032022.pdf\">PHILIP MORRIS- KTG (02.03.2022)<\/a><\/p><p><a href=\"https:\/\/azzk.me\/docs\/Trebjesa-Diageo_Ireland_07042022.pdf\">Trebjesa &#8211; Diageo Ireland (07.04.2022)<\/a><\/p><p><a href=\"https:\/\/azzk.me\/docs\/ONE_Mtel_i_Crnogorski_Telekom_17062022.pdf\">ONE, Mtel i Crnogorski Telekom (17.06.2022)<\/a><\/p><p><a href=\"https:\/\/azzk.me\/docs\/Swinkels_Family_Brewers_i_Trebjesa_27072022.pdf\">Swinkels Family Brewers i Trebjesa (27.07.2022)<\/a><\/p><p><a href=\"https:\/\/azzk.me\/docs\/Rjeenje_Savjeta_-_Sanofi_i_Swixx_-_Copy.pdf\">Sanofi i Swixx (05.08.2022)<\/a><\/p><p><a href=\"https:\/\/azzk.me\/wp-content\/uploads\/2022\/11\/PepsiCo-i-Knjaz-Milos-AD-Arandelovac-29.09.2022.pdf\">PepsiCo i Knjaz Milo\u0161 AD Aran\u0111elovac (29.09.2022)<\/a><\/p><hr \/><p><strong>2021<\/strong><\/p><p><a href=\"https:\/\/azzk.me\/docs\/TELEKOM_i_VOLI.pdf\">Telekom i Voli (29.01.2021)<\/a><\/p><p><a href=\"https:\/\/azzk.me\/docs\/Loven_i_Generali.pdf\">Lov\u0107en i Generali (19.03.2021)<\/a><\/p><p><a href=\"https:\/\/azzk.me\/docs\/Hemofarm_i_Farmegra_09122021.pdf\">Hemofarm i Farmegra (09.12.2021)<\/a><\/p><p><a href=\"https:\/\/azzk.me\/docs\/Loven_i_Generali_osiguranje_Montenegro_17122021.pdf\">Lov\u0107en i Generali osiguranje Montenegro (17.12.2021)<\/a><\/p><p><a href=\"https:\/\/azzk.me\/docs\/Glosarij_CD_i_Merck_Sharp__Dohme_17122021.pdf\">Glosarij CD i Merck Sharp\u00a0 Dohme (17.12.2021)<\/a><\/p><hr \/><p><strong>2020.g.<\/strong><\/p><p><a href=\"https:\/\/azzk.me\/docs\/HEMOFARM_i_FARMEGRA.pdf\">Hemofarm \u2013 Farmegra (10.12.2020)<\/a><\/p><hr \/><p><strong>2019<\/strong><\/p><p><a href=\"https:\/\/azzk.me\/docs\/Hemofarm-Farmegra.pdf\">Hemofarm \u2013 Famegra (29.11.2019)<\/a><\/p><hr \/><p><strong>2018<br \/><\/strong><\/p><p><a title=\"Glosarij CD - Merck, Sharp and Dohme\" href=\"https:\/\/azzk.me\/docs\/pojedinacna%20izuzeca\/2018-12-18_Glosarij%20CD-MSD.pdf\" target=\"_blank\" rel=\"noopener noreferrer\">Glosarij CD \u2013 Merck, Sharp and Dohme (18.12.2018.)<\/a><\/p><p><a title=\"Sava osiguranje - Uniqa ne\u017eivotno osiguranje - Swiss osiguranje\" href=\"https:\/\/azzk.me\/docs\/pojedinacna%20izuzeca\/2018-11-12_Sava-Uniqa-Swiss.pdf\" target=\"_blank\" rel=\"noopener noreferrer\">Sava osiguranje \u2013 Uniqa ne\u017eivotno osiguranje \u2013 Swiss osiguranje (12.11.2018.)<\/a><\/p><hr \/><p><strong>2017.g.<\/strong><\/p><p><a href=\"https:\/\/azzk.me\/docs\/pojedinacna%20izuzeca\/2017-06-30_Phillip%20Morris%20Operations-Neregelia.pdf\" target=\"_blank\" rel=\"noopener noreferrer\">Phillip Morris Operations \u2013 Neregelia (30.06.2017.)<\/a><\/p><hr \/><p><strong>2016<\/strong><\/p><p><a title=\"Rje\u0161enje o ukidanju (06.10.2016.)\" href=\"https:\/\/azzk.me\/docs\/pojedinacna%20izuzeca\/2016-10-06_Rjesenje%20o%20ukid.pdf\" target=\"_blank\" rel=\"noopener noreferrer\">Rje\u0161enje o ukidanju (06.10.2016.)<\/a><\/p><hr \/><p><strong>2015<\/strong><\/p><p><a href=\"https:\/\/azzk.me\/docs\/pojedinacna%20izuzeca\/2015-03-12_pojedinacno%20izuzece%20VUJACIC_MICHELIN.pdf\" target=\"_blank\" rel=\"noopener noreferrer\">Michelin Romania SA \u2013 Vuja\u010di\u0107 ID d.o.o. (12.03.2015.)<\/a><\/p><p><a href=\"https:\/\/azzk.me\/docs\/pojedinacna%20izuzeca\/2015-03-12_pojedinacno%20izuzece%20EFEL%20MOTORS_MICHELIN.pdf\" target=\"_blank\" rel=\"noopener noreferrer\">Efel Motors d.o.o. \u2013 Michelin Romania SA (12.03.2015.)<\/a><\/p><hr \/><p><strong>2014<\/strong><\/p><p><a href=\"https:\/\/azzk.me\/docs\/pojedinacna%20izuzeca\/2014-12-19_pojedinacno%20izuzece%20Hemofarm%20Farmegra.pdf\" target=\"_blank\" rel=\"noopener noreferrer\">Hemofarm a.d. \u2013 Farmegra d.o.o. (19.12.2014.)<\/a><\/p><p><a href=\"https:\/\/azzk.me\/docs\/pojedinacna%20izuzeca\/2014-09-12_pojedinacno%20izuzece%20CG%20Telekom%20-%20Voli.pdf\" target=\"_blank\" rel=\"noopener noreferrer\">CG Telekom a.d. \u2013 VOLI TRADE d.o.o. (12.09.2014.)<\/a><\/p><p><a href=\"https:\/\/azzk.me\/docs\/pojedinacna%20izuzeca\/2014-02-12_pojedinacno%20izuzece%20Hemofarm%20-%20Farmegra.pdf\" target=\"_blank\" rel=\"noopener noreferrer\">Hemofarm a.d. \u2013 Farmegra d.o.o. (12.02.2014.)<\/a><\/p><hr \/><p><strong>2013<\/strong><\/p><p><a href=\"https:\/\/azzk.me\/docs\/pojedinacna%20izuzeca\/2013-09-27_pojedinacno_izuzece%20Glosarij%20d.o.o.%20-%20GlaxoSmithKline%20Eport%20Limited.pdf\" target=\"_blank\" rel=\"noopener noreferrer\">Glosarij d.o.o. \u2013 GlaxoSmithKline Export Limited (27.09.2013.)<\/a><\/p><p><a href=\"https:\/\/azzk.me\/docs\/pojedinacna%20izuzeca\/2013-04-22_pojedinacno%20izuzece%20Actavis%20-%20Evropa%20lek.pdf\" target=\"_blank\" rel=\"noopener noreferrer\">Actavis d.o.o. \u2013 Evropa Lek d.o.o. (31.03.2013.)<\/a><\/p><p><a href=\"https:\/\/azzk.me\/docs\/pojedinacna%20izuzeca\/2013-02-07_Glosarij%20CD%20doo-Merck%2C%20Sharp%20and%20Dohme%20B.V.pdf\" target=\"_blank\" rel=\"noopener noreferrer\">Glosarij CD d.o.o. \u2013 Merck, Sharp and Dohme B.V. (07.02.2013.)<\/a><\/p><p><a href=\"https:\/\/azzk.me\/docs\/pojedinacna%20izuzeca\/2013-02-07_Glosarij%20CD%20doo-Schering%20Plough%20Central%20East%20AG.pdf\" target=\"_blank\" rel=\"noopener noreferrer\">Glosarij CD d.o.o. \u2013 Schering Plough Central East AG (07.02.2013.)<\/a><\/p><p><a href=\"https:\/\/azzk.me\/docs\/pojedinacna%20izuzeca\/2013-01-14_Telenor-Blogmusik%20ltd.pdf\" target=\"_blank\" rel=\"noopener noreferrer\">Telenor d.o.o. \u2013 Blogmusik LTD (14.01.2013.)<\/a><\/p><hr \/><p><strong>2012<\/strong><\/p><p><a title=\"Phillip Morris Montenegro d.o.o. - Neregelie d.o.o.\" href=\"https:\/\/azzk.me\/docs\/pojedinacna%20izuzeca\/2012-12-18_Phillip%20Morris%20Montenegro%20-Neregelia.pdf\" target=\"_blank\" rel=\"noopener noreferrer\">Phillip Morris Montenegro d.o.o. Podgorica \u2013 Neregelia d.o.o. Podgorica (18.12.2012.)<\/a><\/p><hr \/><p><strong>2011<\/strong><\/p><p><a href=\"https:\/\/azzk.me\/docs\/pojedinacna%20izuzeca\/2011-01-17_Mercator%20CG%20-%20Pantomarket.pdf\" target=\"_blank\" rel=\"noopener noreferrer\">Mercator CG \u2013 Pantomarket (17.01.2011.)<\/a><\/p><hr \/><p><strong>2010<\/strong><\/p><p><a href=\"https:\/\/azzk.me\/docs\/pojedinacna%20izuzeca\/2010-07-30_pojedinacno_izuzece%20Mercator%20S%20-%20Pantomarket.pdf\" target=\"_blank\" rel=\"noopener noreferrer\">Mercator S \u2013 Pantomarket (30.07.2010.)<\/a><\/p>\t\t\t\t\t\t\t\t<\/div>\n\t\t            <\/div>\n        <\/div>\n                    <\/div>\n        <\/section>\n        \t\t<\/div>\n\t\t","protected":false},"excerpt":{"rendered":"<p>2022. Lov\u0107en i Generali (31.01.2022) STADA -Opella (04.02.2022.) PHILIP MORRIS- KTG (02.03.2022) Trebjesa &#8211; Diageo Ireland (07.04.2022) ONE, Mtel i Crnogorski Telekom (17.06.2022) Swinkels Family Brewers i Trebjesa (27.07.2022) Sanofi i Swixx (05.08.2022) PepsiCo i Knjaz Milo\u0161 AD Aran\u0111elovac (29.09.2022) 2021 Telekom i Voli (29.01.2021) Lov\u0107en i Generali (19.03.2021) Hemofarm i Farmegra (09.12.2021) Lov\u0107en i [&hellip;]<\/p>\n","protected":false},"author":1,"featured_media":0,"parent":0,"menu_order":0,"comment_status":"closed","ping_status":"closed","template":"","meta":{"footnotes":""},"class_list":["post-7075","page","type-page","status-publish","hentry"],"_links":{"self":[{"href":"https:\/\/azzk.me\/en\/wp-json\/wp\/v2\/pages\/7075","targetHints":{"allow":["GET"]}}],"collection":[{"href":"https:\/\/azzk.me\/en\/wp-json\/wp\/v2\/pages"}],"about":[{"href":"https:\/\/azzk.me\/en\/wp-json\/wp\/v2\/types\/page"}],"author":[{"embeddable":true,"href":"https:\/\/azzk.me\/en\/wp-json\/wp\/v2\/users\/1"}],"replies":[{"embeddable":true,"href":"https:\/\/azzk.me\/en\/wp-json\/wp\/v2\/comments?post=7075"}],"version-history":[{"count":8,"href":"https:\/\/azzk.me\/en\/wp-json\/wp\/v2\/pages\/7075\/revisions"}],"predecessor-version":[{"id":8263,"href":"https:\/\/azzk.me\/en\/wp-json\/wp\/v2\/pages\/7075\/revisions\/8263"}],"wp:attachment":[{"href":"https:\/\/azzk.me\/en\/wp-json\/wp\/v2\/media?parent=7075"}],"curies":[{"name":"wp","href":"https:\/\/api.w.org\/{rel}","templated":true}]}}