{"id":7096,"date":"2022-08-30T18:57:39","date_gmt":"2022-08-30T18:57:39","guid":{"rendered":"https:\/\/mawebdesign.me\/javne-nabavke\/"},"modified":"2022-11-07T10:32:33","modified_gmt":"2022-11-07T10:32:33","slug":"public-procurement","status":"publish","type":"page","link":"https:\/\/azzk.me\/en\/public-procurement\/","title":{"rendered":"Public procurement"},"content":{"rendered":"\t\t<div data-elementor-type=\"wp-page\" data-elementor-id=\"7096\" class=\"elementor elementor-7096\" data-elementor-post-type=\"page\">\n\t\t\t\t        <section class=\"elementor-section elementor-top-section elementor-element elementor-element-31ef6cb elementor-section-boxed elementor-section-height-default elementor-section-height-default ct-header-fixed-none ct-row-max-none\" data-id=\"31ef6cb\" data-element_type=\"section\" data-e-type=\"section\">\n            \n                        <div class=\"elementor-container elementor-column-gap-default \">\n                    <div class=\"elementor-column elementor-col-100 elementor-top-column elementor-element elementor-element-5b8e48f\" data-id=\"5b8e48f\" data-element_type=\"column\" data-e-type=\"column\">\n        <div class=\"elementor-widget-wrap elementor-element-populated\">\n                    \n        \r\n\t\t<div class=\"elementor-element elementor-element-d225134 elementor-widget elementor-widget-text-editor\" data-id=\"d225134\" data-element_type=\"widget\" data-e-type=\"widget\" data-widget_type=\"text-editor.default\">\n\t\t\t\t\t\t\t\t\t<div><b>Contact person for public procurement:<\/b><\/div><div>\u00a0<\/div><div><p>Marija Prelevi\u0107,\u00a0<i>Senior Advisor III<\/i><\/p><p><strong>Mail:<\/strong> <span id=\"cloakbedc956963e2f89b6d0973120aab77f0\"><span id=\"cloak144ab52d27676b723eba48bdac9eb993\"><a title=\"mailto:marija.prelevic@azzk.me\" href=\"mailto:marija.prelevic@azzk.me\" target=\"_blank\" rel=\"noopener noreferrer\">marija.prelevic@azzk.me<\/a><br \/><\/span><\/span><strong>Phone:<\/strong> 020\/239-010, fax: 020\/239-015<\/p><\/div>\t\t\t\t\t\t\t\t<\/div>\n\t\t\t\t<div class=\"elementor-element elementor-element-784575a elementor-widget-divider--view-line elementor-widget elementor-widget-divider\" data-id=\"784575a\" data-element_type=\"widget\" data-e-type=\"widget\" data-widget_type=\"divider.default\">\n\t\t\t\t\t\t\t<div class=\"elementor-divider\">\n\t\t\t<span class=\"elementor-divider-separator\">\n\t\t\t\t\t\t<\/span>\n\t\t<\/div>\n\t\t\t\t\t\t<\/div>\n\t\t\t\t<div class=\"elementor-element elementor-element-d94f871 elementor-widget elementor-widget-text-editor\" data-id=\"d94f871\" data-element_type=\"widget\" data-e-type=\"widget\" data-widget_type=\"text-editor.default\">\n\t\t\t\t\t\t\t\t\t<p><strong><a href=\"\/docs\/pravni%20okvir\/uputstva\/FINAL%20Interno%20uputstvo%20za%20sprovodjenje%20javnih%20nabavki%20Sneza%20sredjeno%202017.pdf\" target=\"_blank\" rel=\"noopener noreferrer\">Internal instructions for implementation of public procurement<\/a><\/strong><\/p><p><strong><a href=\"\/docs\/pravni%20okvir\/pravilnici\/2017-07-28_Pravilnik%20javne%20nabavke%20male%20vrijednosti.pdf\" target=\"_blank\" rel=\"noopener noreferrer\">Rules for the implementation of the low value procurements<\/a><\/strong><\/p><p><strong><a title=\"Pravilnik za postupanje prilikom sprovo\u0111enja postupka hitnih nabavki\" href=\"\/docs\/ostala%20dokumenta\/javne%20nabavke\/pravilnik%20hitne%20nabavke.pdf\" target=\"_blank\" rel=\"noopener noreferrer\">Rules for the implementation of the emergency procurement procedure<\/a><\/strong><\/p><hr \/><p><strong>2020.<\/strong><\/p><p><strong><a href=\"\/docs\/ugovor_posl_prost_dp_2020.pdf\">&#8220;Savana Commercial Retail&#8221; d.o.o. (01.04.2020)<\/a><\/strong><\/p><p><a href=\"\/docs\/Ugovor_softver_covid_19.pdf\">&#8220;Coreit&#8221; d.o.o. (20.05.2020)<\/a><\/p><p><a href=\"\/docs\/Ugovor_softver_de_minimis_2020.pdf\">&#8220;Coreit* d.o.o. (08.10.2020)<\/a><\/p><hr \/><p><strong>2019.<\/strong><\/p><p><a href=\"\/docs\/Inter_travel_club_2019.pdf\">&#8220;Inter Travel Club&#8221; d.o.o. (01.03.2019)<\/a><\/p><p><a href=\"\/docs\/Kastex_2019.pdf\">&#8220;Kastex&#8221; d.o.o. (11.03.2019)<\/a><\/p><p><a href=\"\/docs\/Energomont_2019.pdf\">&#8220;Energomont&#8221; d.o.o (19.03.2019)<\/a><\/p><p><a href=\"\/docs\/Tekom_Promet_2019.pdf\">&#8220;Tekom &#8211; PROMET&#8221; d.o.o. (20.03.2019)<\/a><\/p><p><a href=\"\/docs\/Info_S_2019.pdf\">&#8220;Info &#8211; S&#8221; d.o.o. (25.03.2019)<\/a><\/p><p><a href=\"\/docs\/Jugopetrol_2019.pdf\">&#8220;Jugopertol AD&#8221; (06.06.2019)<\/a><\/p><p><strong><a href=\"\/docs\/Plan_javnih_nabavki_2019_izmjena_I.pdf\">Plan javnih nabavki za 2019.g.<\/a><\/strong><\/p><hr \/><p><strong>2018.<\/strong><\/p><p><a title=\"Public procurement plan for 2018\" href=\"\/docs\/ostala%20dokumenta\/javne%20nabavke\/javne%20nabavke%202018\/Plan%20javnih%20nabavki%202018.pdf\" target=\"_blank\" rel=\"noopener noreferrer\"><strong>Public procurement plan for 2018<\/strong><\/a><\/p><p><a href=\"\/docs\/Tekom_promet_2018.pdf\">&#8220;Tekom &#8211; PROMET&#8221; d.o.o. (26.01.2018)<\/a><\/p><p><a href=\"\/docs\/S_press_plus_2018.pdf\">&#8220;S press+&#8221; d.o.o. (20.02.2018)<\/a><\/p><p><a href=\"\/docs\/Osmanagic_co_2018.pdf\">&#8220;Osmanagi\u0107 CO&#8221; d.o.o. (26.02.2018)<\/a><\/p><p><a href=\"\/docs\/Smart_consulting_2018_raunari_azzk.pdf\">&#8220;Smart consulting&#8221; d.o.o. (14.03.2018)<\/a><\/p><p><a href=\"\/docs\/Inter_travel_club_2018.pdf\">&#8220;Inter Travel Club&#8221; d.o.o. (22.03.2018)<\/a><\/p><p><a href=\"\/docs\/Kastex_2018.pdf\">&#8220;Kastex&#8221; d.o.o. (26.03.2018)<\/a><\/p><p><a href=\"\/docs\/Dr_Trade_2018.pdf\">&#8220;Dr Trade&#8221; d.o.o. (27.06.2018)<\/a><\/p><p><a href=\"\/docs\/Energomont_2018.pdf\">&#8220;Energomont&#8221; d.o.o. (27.06.2018)<\/a><\/p><p><a href=\"\/docs\/Smart_consulting_2018_raunari_savjet.pdf\">&#8220;Smart consulting&#8221; d.o.o. (27.06.2018)<\/a><\/p><p><a href=\"\/docs\/Smart_consulting_2018_tampai.pdf\">&#8220;Smart consulting&#8221; d.o.o.(27.06.2018)<\/a><\/p><p><a href=\"\/docs\/Osmanagic_co_auto_2018.pdf\">&#8220;Osmanagi\u0107 CO&#8221; d.o.o. (12.11.2018)<\/a><\/p><hr \/><p><strong>2017.<\/strong><\/p><p><a href=\"\/docs\/ostala%20dokumenta\/javne%20nabavke\/javne%20nabavke%202017\/2017-09-01_Ugovor%20zakup%20poslovnog%20prostora.pdf\" target=\"_blank\" rel=\"noopener noreferrer\">&#8220;Proinvest&#8221; (01.09.2017.)<\/a><\/p><p><a href=\"\/docs\/ostala%20dokumenta\/javne%20nabavke\/javne%20nabavke%202017\/2017-07-12_Ugovor%20konsult%20usluge.pdf\" target=\"_blank\" rel=\"noopener noreferrer\">&#8220;NSTLAW&#8221; (12.07.2017.)<\/a><\/p><p><a href=\"\/docs\/ostala%20dokumenta\/javne%20nabavke\/javne%20nabavke%202017\/2017-06-20_Ugovor%20TronyNetwork.pdf\" target=\"_blank\" rel=\"noopener noreferrer\">&#8220;Trony Network&#8221; (20.06.2017.)<\/a><\/p><p><a href=\"\/docs\/ostala%20dokumenta\/javne%20nabavke\/javne%20nabavke%202017\/2017-04-06_Ugovor%20Raster%20Office%20doo.pdf\" target=\"_blank\" rel=\"noopener noreferrer\">&#8220;Raster Office&#8221; (06.04.2017.)<\/a><\/p><p><a href=\"\/docs\/ostala%20dokumenta\/javne%20nabavke\/javne%20nabavke%202017\/2017-04-06_Ugovor%20Marco%20Polo%20Travel%20Agency.pdf\" target=\"_blank\" rel=\"noopener noreferrer\">&#8220;Marco Polo Travel Agency&#8221;(06.04.2017.)<\/a><\/p><p><a href=\"\/docs\/ostala%20dokumenta\/javne%20nabavke\/javne%20nabavke%202017\/2017-04-03_Ugovor%20Jugopetrol%20AD.pdf\" target=\"_blank\" rel=\"noopener noreferrer\">&#8220;Jugopetrol AD&#8221; (03.04.2017.)<\/a><\/p><p><a href=\"\/docs\/ostala%20dokumenta\/javne%20nabavke\/javne%20nabavke%202017\/2017-03-31_Ugovor%20Sava%20osiguranje%20ad%20-%20registracija.pdf\" target=\"_blank\" rel=\"noopener noreferrer\">&#8220;Sava insurance&#8221; &#8211; car registration (31.03.2017.)<\/a><\/p><p><a href=\"\/docs\/ostala%20dokumenta\/javne%20nabavke\/javne%20nabavke%202017\/2017-03-31_Ugovor%20Sava%20osiguranje%20ad.pdf\" target=\"_blank\" rel=\"noopener noreferrer\">&#8220;Sava insurance&#8221; (31.03.2017.)<\/a><\/p><p><a href=\"\/docs\/ostala%20dokumenta\/javne%20nabavke\/javne%20nabavke%202017\/2017-03-31_Ugovor%20Alliance%20doo.pdf\" target=\"_blank\" rel=\"noopener noreferrer\">&#8220;Alliance&#8221; (31.03.2017.)<\/a><\/p><p><a href=\"\/docs\/ostala%20dokumenta\/javne%20nabavke\/javne%20nabavke%202017\/2017-03-29_Ugovor%20Tekom%20Promet%20doo.pdf\" target=\"_blank\" rel=\"noopener noreferrer\">&#8220;Tekom promet&#8221; (29.03.2017.)<\/a><\/p><p><a href=\"\/docs\/ostala%20dokumenta\/javne%20nabavke\/javne%20nabavke%202017\/2017-03-29_Ugovor%20Osmanagic%20CO%20doo.pdf\" target=\"_blank\" rel=\"noopener noreferrer\">&#8220;Osmanagi\u0107 CO&#8221; (29.03.2017.)<\/a><\/p><p><a href=\"\/docs\/ostala%20dokumenta\/javne%20nabavke\/javne%20nabavke%202017\/2017-03-29_Ugovor%20Omnioil%20doo.pdf\" target=\"_blank\" rel=\"noopener noreferrer\">&#8220;Omnioil&#8221; (29.03.2017.)<\/a><\/p><p><a href=\"\/docs\/ostala%20dokumenta\/javne%20nabavke\/javne%20nabavke%202017\/2017-03-24_Ugovor%20Tabacco%20shop%20doo.pdf\" target=\"_blank\" rel=\"noopener noreferrer\">&#8220;Tabacco Shop&#8221; (24.03.2017.)<\/a><\/p><p><a href=\"\/docs\/ostala%20dokumenta\/javne%20nabavke\/javne%20nabavke%202017\/2017-03-24_Ugovor%20S%20press.pdf\" target=\"_blank\" rel=\"noopener noreferrer\">&#8220;S Press +&#8221; (24.03.2017.)<\/a><\/p><p><a href=\"\/docs\/ostala%20dokumenta\/javne%20nabavke\/javne%20nabavke%202017\/2017-03-21_Ugovor%20HLB%20Mont%20Audit%20doo.pdf\" target=\"_blank\" rel=\"noopener noreferrer\">&#8220;HLB Mont Audit&#8221; (21.03.2017.)<\/a><\/p><p><strong><a href=\"\/docs\/ostala%20dokumenta\/javne%20nabavke\/javne%20nabavke%202017\/2017-07-28_Plan%20javnih%20nabavki%202017.pdf\" target=\"_blank\" rel=\"noopener noreferrer\">Public procurement plan for 2017<\/a><\/strong><\/p><hr \/><p><strong>2016.<\/strong><\/p><p><a href=\"\/docs\/ostala%20dokumenta\/javne%20nabavke%202016\/2016-10-20_Ugovor%20Kastex_racunari.pdf\" target=\"_blank\" rel=\"noopener noreferrer\">&#8220;Kastex&#8221; &#8211; computer equipment (20.10.2016.)<\/a><\/p><p><a href=\"\/docs\/ostala%20dokumenta\/javne%20nabavke%202016\/2016-07-29%20Ugovor%20zakup%20RZUP.pdf\" target=\"_blank\" rel=\"noopener noreferrer\">&#8220;RZUP&#8221; &#8211; lease of business premises<\/a><\/p><p><a href=\"\/docs\/ostala%20dokumenta\/javne%20nabavke%202016\/2016-07-26%20Ugovor%20Tekom%20promet.pdf\" target=\"_blank\" rel=\"noopener noreferrer\">&#8220;Tekom promet&#8221; d.o.o. &#8211; nabavka toaletnog programa i plastike<\/a><\/p><p><a href=\"\/docs\/ostala%20dokumenta\/javne%20nabavke%202016\/2016-06-27_Ugovor%20odrzavanje%20vozila%20Kalezic.pdf\" target=\"_blank\" rel=\"noopener noreferrer\">&#8220;Kalezi\u0107 d.o.o.&#8221; &#8211; odr\u017eavanje vozila<\/a><\/p><p><a href=\"\/docs\/ostala%20dokumenta\/javne%20nabavke%202016\/2016-05-25%20Ugovor%20Kasko%20Swiss.pdf\" target=\"_blank\" rel=\"noopener noreferrer\">&#8220;Swiss Osiguranje&#8221; &#8211; Kasko osiguranje vozila<\/a><\/p><p><a href=\"\/docs\/ostala%20dokumenta\/javne%20nabavke%202016\/2016-05-24_Ugovor%20kanc%20materijal%20-%20Raster.pdf\" target=\"_blank\" rel=\"noopener noreferrer\">&#8220;Raster&#8221; &#8211; nabavka kancelarijskog materijala<\/a><\/p><p><a href=\"\/docs\/ostala%20dokumenta\/javne%20nabavke%202016\/2016-05-20_Ugovor%20odrzavanje%20vozila%20-%20Alliance.pdf\" target=\"_blank\" rel=\"noopener noreferrer\">&#8220;Alliance&#8221; &#8211; odr\u017eavanje vozila<\/a><\/p><p><a href=\"\/docs\/ostala%20dokumenta\/javne%20nabavke%202016\/2016-05-05_Ugovor%20avio%20karte%20-%20Marco%20Polo%20Agencija.pdf\" target=\"_blank\" rel=\"noopener noreferrer\">&#8220;Marco Polo Travel Agency&#8221; &#8211; avio karte<\/a><\/p><p><a href=\"\/docs\/ostala%20dokumenta\/javne%20nabavke%202016\/2016-04-18_Ugovor%20dnevna%20stampa%20-%20Spress.pdf\" target=\"_blank\" rel=\"noopener noreferrer\">&#8220;S Press&#8221; &#8211; dnevna \u0161tampa<\/a><\/p><p><a href=\"\/docs\/ostala%20dokumenta\/javne%20nabavke%202016\/2016-04-13_Ugovor%20vauceri%20-%20Spress.pdf\" target=\"_blank\" rel=\"noopener noreferrer\">&#8220;S Press&#8221; &#8211; vau\u010deri<\/a><\/p><p><a href=\"\/docs\/ostala%20dokumenta\/javne%20nabavke%202016\/2016-04-15_Ugovor%20laptopovi%20-%20Trony%20Network%20doo.pdf\" target=\"_blank\" rel=\"noopener noreferrer\">&#8220;Trony Network d.o.o.&#8221; &#8211; laptopovi<\/a><\/p><p><a href=\"\/docs\/ostala%20dokumenta\/javne%20nabavke%202016\/2016-04-26_Ugovor%20registracija%20-%20Smokva.pdf\" target=\"_blank\" rel=\"noopener noreferrer\">&#8220;Smokva&#8221; &#8211; registracija motornih vozila<\/a><\/p><p><a href=\"\/docs\/ostala%20dokumenta\/javne%20nabavke%202016\/2016-04-12_Ugovor%20Jugopetrol.pdf\" target=\"_blank\" rel=\"noopener noreferrer\">&#8220;Jugopetrol&#8221;<\/a><\/p><p><a href=\"\/docs\/ostala%20dokumenta\/javne%20nabavke%202016\/2016-04-04_Ugovor%20o%20isporuci%20putnickog%20automobila.pdf\" target=\"_blank\" rel=\"noopener noreferrer\">Ugovor o isporuci putni\u010dkog automobila<\/a><\/p><p><a href=\"\/docs\/ostala%20dokumenta\/javne%20nabavke%202016\/2016-03-10_Ugovor%20revizija%20HLB%20Mont%20Audit%20doo.pdf\" target=\"_blank\" rel=\"noopener noreferrer\">&#8220;HLB Mont Audit d.o.o.&#8221; &#8211; poslovi revizije<\/a><\/p><p><strong><a title=\"Public procurement plan for 2016\" href=\"\/docs\/ostala%20dokumenta\/javne%20nabavke%202016\/plan%20javnih%20nabavki%202016.pdf\" target=\"_blank\" rel=\"noopener noreferrer\">Public procurement plan for 2016<\/a><\/strong><\/p><hr \/><p><strong>2015.<\/strong><\/p><p><a href=\"\/docs\/ostala%20dokumenta\/javne%20nabavke%202015\/2015-12-02_Ugovor%20Chip%20doo%20-%20memorije.pdf\" target=\"_blank\" rel=\"noopener noreferrer\">&#8220;Chip d.o.o.&#8221; &#8211; nabavka i ugradnja memorijskih modula<\/a><\/p><p><a href=\"\/docs\/ostala%20dokumenta\/javne%20nabavke%202015\/2015-11-19_Ugovor%20Chip%20doo%20-%20racunarska%20oprema.pdf\" target=\"_blank\" rel=\"noopener noreferrer\">&#8220;Chip d.o.o.&#8221; &#8211; nabavka ra\u010dunarske opreme<\/a><\/p><p><a href=\"\/docs\/ostala%20dokumenta\/javne%20nabavke%202015\/2015-10-30_Ugovor%20Tekom%20-%20toaletni%20progr%20i%20plastika.pdf\" target=\"_blank\" rel=\"noopener noreferrer\">&#8220;Tekom&#8221; &#8211; nabavka toaletnog programa i plastike<\/a><\/p><p><a href=\"\/docs\/ostala%20dokumenta\/javne%20nabavke%202015\/2015-07-24_Ugovor%20Musovic%20-%20nabavka%20namjestaja.pdf\" target=\"_blank\" rel=\"noopener noreferrer\">&#8220;Mu\u0161ovi\u0107&#8221; &#8211; nabavka namje\u0161taja<\/a><\/p><p><a href=\"\/docs\/ostala%20dokumenta\/javne%20nabavke%202015\/2015-04-15_Ugovor%20Smokva%20doo%20-%20registracija%20vozila.pdf\" target=\"_blank\" rel=\"noopener noreferrer\">&#8220;Smokva&#8221; &#8211; usluge registracije motornih vozila<\/a><\/p><p><a href=\"\/docs\/ostala%20dokumenta\/javne%20nabavke%202015\/2015-04-23_Ugovor%20HLB%20Mont%20audit%20-%20revizija.pdf\" target=\"_blank\" rel=\"noopener noreferrer\">&#8220;HLB Mont audit&#8221;<\/a><\/p><p><a href=\"\/docs\/ostala%20dokumenta\/javne%20nabavke%202015\/2015-04-24_Ugovor%20Kastex%20-%20kanc%20materijal.pdf\" target=\"_blank\" rel=\"noopener noreferrer\">&#8220;Kastex&#8221;<\/a><\/p><p><a href=\"\/docs\/ostala%20dokumenta\/javne%20nabavke%202015\/2015-04-24_Ugovor%20Jugopetrol%20-%20benzin.pdf\" target=\"_blank\" rel=\"noopener noreferrer\">&#8220;Jugopetrol&#8221;<\/a><\/p><p><a href=\"\/docs\/ostala%20dokumenta\/javne%20nabavke%202015\/2015-04-20_Ugovor%20Efel%20-%20usluge%20popravke%20i%20odrzavanja%20vozila.pdf\" target=\"_blank\" rel=\"noopener noreferrer\">&#8220;Efel&#8221; &#8211; usluge popravke i odr\u017eavanja vozila<\/a><\/p><p><a href=\"\/docs\/ostala%20dokumenta\/javne%20nabavke%202015\/2015-04-20_Ugovor%20Alliance%20-%20popravka%20i%20odrzavanje%20vozila.pdf\" target=\"_blank\" rel=\"noopener noreferrer\">&#8220;Alliance&#8221;<\/a><\/p><p><a href=\"\/docs\/ostala%20dokumenta\/javne%20nabavke%202015\/2015-04-20_Ugovor%202R%20Travel-usluge%20nabavke%20avio%20karata.pdf\" target=\"_blank\" rel=\"noopener noreferrer\">&#8220;2R Travel&#8221; &#8211; usluge nabavke avio karata<\/a><\/p><p><em><strong><a title=\"Public procurement plan for 2015\" href=\"\/docs\/ostala%20dokumenta\/javne%20nabavke%202015\/Plan%20javnih%20nabavki%202015.pdf\" target=\"_blank\" rel=\"noopener noreferrer\">Public procurement plan for 2015<\/a><\/strong><\/em><\/p><hr \/><p><strong>2014.<\/strong><\/p><p><a href=\"\/docs\/ostala%20dokumenta\/javne%20nabavke%202014\/2014-11-14_Ugovor%20Musovic%20BP%20-%20kanc%20namjestaj.pdf\" target=\"_blank\" rel=\"noopener noreferrer\">Mu\u0161ovi\u0107 &#8211; kanc. namje\u0161taj<\/a><\/p><p><a href=\"\/docs\/ostala%20dokumenta\/javne%20nabavke%202014\/2014-11-13_Odluka%20kanc%20namjestaj.pdf\" target=\"_blank\" rel=\"noopener noreferrer\">Odluka o izboru najpovoljnije ponude &#8211; kanc. namje\u0161taj<\/a><\/p><p><a href=\"\/docs\/ostala%20dokumenta\/javne%20nabavke%202014\/2014-10-01_Zapisnik%20javno%20otvaranje%20ponuda%20-%20kanc%20namjestaj.pdf\" target=\"_blank\" rel=\"noopener noreferrer\">Zapisnik o javnom otvaranju ponuda &#8211; kanc. namje\u0161taj<\/a><\/p><p><a href=\"\/docs\/ostala%20dokumenta\/javne%20nabavke%202014\/2014-07-07_Ugovor%20o%20zakupu%20RZUP.pdf\" target=\"_blank\" rel=\"noopener noreferrer\">RZUP &#8211; zakup poslovnog prostora<\/a><\/p><p><a href=\"\/docs\/ostala%20dokumenta\/javne%20nabavke%202014\/2014-06-17_Ugovor%20Voli%20-%20nabavka%20robe.pdf\" target=\"_blank\" rel=\"noopener noreferrer\">Voli trade d.o.o.<\/a><\/p><p><a href=\"\/docs\/ostala%20dokumenta\/javne%20nabavke%202014\/2014-05-26_Odluka%20Voli%20-%20roba.pdf\" target=\"_blank\" rel=\"noopener noreferrer\">Odluka o izboru najpovoljnije ponude<\/a><\/p><p><a href=\"\/docs\/ostala%20dokumenta\/javne%20nabavke%202014\/2014-05-20_Zapisnik%20javno%20otvaranje%20ponuda%20-%20Voli.pdf\" target=\"_blank\" rel=\"noopener noreferrer\">Zapisnik o javnom otvaranju ponuda br. 02-125\/5<\/a><\/p><p><a href=\"http:\/\/jml.test\/doc\/ostala%20dokumenta\/javne%20nabavke%202014\/2014-06-17_Ugovor%20Cikom%20-%20racunarska%20oprema.pdf\" target=\"_blank\" rel=\"noopener noreferrer\">\u010cikom d.o.o.<\/a><\/p><p><a href=\"\/docs\/ostala%20dokumenta\/javne%20nabavke%202014\/2014-05-19_Odluka%20Cikom%20racunarska%20oprema.pdf\" target=\"_blank\" rel=\"noopener noreferrer\">\u010cikom<\/a><\/p><p><a href=\"\/docs\/ostala%20dokumenta\/javne%20nabavke%202014\/2014-04-12_Zapisnik%20javno%20otvaranje%20ponuda%20-%20racunarska%20oprema.pdf\" target=\"_blank\" rel=\"noopener noreferrer\">Zapisnik o javnom otvaranju ponuda &#8211; nabavka ra\u010dunarske opreme<\/a><\/p><p><a href=\"\/docs\/ostala%20dokumenta\/javne%20nabavke%202014\/2014-05-13_Ugovor%20Alliance%20-%20registracija%20vozila.pdf\" target=\"_blank\" rel=\"noopener noreferrer\">Alliance d.o.o. Podgorica<\/a><\/p><p><a href=\"\/docs\/ostala%20dokumenta\/javne%20nabavke%202014\/2014-05-13_Ugovor%20Alliance%20-%20servis%20i%20odrzavanje%20vozila.pdf\" target=\"_blank\" rel=\"noopener noreferrer\">Alliance d.o.o. Podgorica<\/a><\/p><p><a href=\"\/docs\/ostala%20dokumenta\/javne%20nabavke%202014\/2014-04-14_Odluka%20Alliance%20-%20servis%20i%20odrzavanje%20vozila.pdf\" target=\"_blank\" rel=\"noopener noreferrer\">Alliance<\/a><\/p><p><a href=\"\/docs\/ostala%20dokumenta\/javne%20nabavke%202014\/2014-04-10_Zapisnik%20javno%20otvaranje%20ponuda%20-%20remont%20i%20odrzavanje%20vozila.pdf\" target=\"_blank\" rel=\"noopener noreferrer\">Zapisnik o javnom otvaranju ponuda &#8211; remont i odr\u017eavanje vozila<\/a><\/p><p><a href=\"\/docs\/ostala%20dokumenta\/javne%20nabavke%202014\/2014-03-26_Ugovor%20Kastex%20-%20kanc%20materijal.pdf\" target=\"_blank\" rel=\"noopener noreferrer\">Kastex d.o.o.<\/a><\/p><p><a href=\"\/docs\/ostala%20dokumenta\/javne%20nabavke%202014\/2014-03-13_Odluka%20Kastex%20kanc%20materijal.pdf\" target=\"_blank\" rel=\"noopener noreferrer\">Odluka o izboru najpovoljnije ponude nabavke kanc. materijal<\/a><\/p><p><a href=\"\/docs\/ostala%20dokumenta\/javne%20nabavke%202014\/2014-03-11_Zapisnik%20javno%20otvaranje%20ponuda%20-%20kanc%20materijal.pdf\" target=\"_blank\" rel=\"noopener noreferrer\">Zapisnik o javnom otvaranju ponuda nabavke kanc.\u00a0<\/a><a href=\"\/docs\/ostala%20dokumenta\/javne%20nabavke%202014\/2014-03-13_Odluka%20Kastex%20kanc%20materijal.pdf\" target=\"_blank\" rel=\"noopener noreferrer\">materijal<\/a><\/p><p><a href=\"\/docs\/ostala%20dokumenta\/javne%20nabavke%202014\/2014-02-26_Odluka%20o%20pokretanju%20postupka%20JN%20kanc%20materijal.pdf\" target=\"_blank\" rel=\"noopener noreferrer\">Odluka o pokretanju postupka nabavke kanc.\u00a0<\/a><a href=\"\/docs\/ostala%20dokumenta\/javne%20nabavke%202014\/2014-03-13_Odluka%20Kastex%20kanc%20materijal.pdf\" target=\"_blank\" rel=\"noopener noreferrer\">materijal<\/a><\/p><p><a href=\"\/docs\/ostala%20dokumenta\/javne%20nabavke%202014\/2014-03-24_Ugovor%20VM%20Kod%20-%20revizija.pdf\" target=\"_blank\" rel=\"noopener noreferrer\">VM kod &#8211; revizija<\/a><\/p><p><a href=\"\/docs\/ostala%20dokumenta\/javne%20nabavke%202014\/2014-03-12_Odluka%20Revizija%20zavrsnog%20racuna.pdf\" target=\"_blank\" rel=\"noopener noreferrer\">Odluka o izboru najpovoljnije ponude &#8211; revizija<\/a><\/p><p><a href=\"\/docs\/ostala%20dokumenta\/javne%20nabavke%202014\/2014-03-05_Zapisnik%20javno%20otvaranje%20ponuda%20-%20revizija.pdf\" target=\"_blank\" rel=\"noopener noreferrer\">Zapisnik o javnom otvaranju ponuda &#8211; revizija<\/a><\/p><p><a href=\"\/docs\/ostala%20dokumenta\/2014-02-20_Odluka%20o%20pokretanju%20postupka%20revizije\" target=\"_blank\" rel=\"noopener noreferrer\">Odluka o pokretanju postupka &#8211; revizija<\/a><\/p><p><a href=\"\/docs\/ostala%20dokumenta\/javne%20nabavke%202014\/2014-03-18_Ugovor%20Lukoil%20-%20benzin.pdf\" target=\"_blank\" rel=\"noopener noreferrer\">Lukoil Montenegro d.o.o.<\/a><\/p><p><a href=\"\/docs\/ostala%20dokumenta\/javne%20nabavke%202014\/2014-03-06_Odluka%20Lukoil%20-%20nabavka%20benzina.pdf\" target=\"_blank\" rel=\"noopener noreferrer\">Odluka o izboru najpovoljnije ponude &#8211; nabavka benzina<\/a><\/p><p><a href=\"\/docs\/ostala%20dokumenta\/2014-03-03_Zapisnik%20javno%20otvaranje%20ponuda%20-%20benzin.pdf\" target=\"_blank\" rel=\"noopener noreferrer\">Zapisnik o javnom otvaranju ponuda &#8211; nabavka benzina<\/a><\/p><p><a href=\"\/docs\/ostala%20dokumenta\/javne%20nabavke%202014\/2014-02-18_Odluka%20o%20pokretanju%20postupka%20JN%20benzina.pdf\" target=\"_blank\" rel=\"noopener noreferrer\">Odluka o pokretanju postupka JN benzina<\/a><\/p><p><em><strong><a title=\"Amendment to the public procurement plan for 2014\" href=\"\/docs\/ostala%20dokumenta\/amandman%20JN%202014.pdf\" target=\"_blank\" rel=\"noopener noreferrer\">Amendment to the public procurement plan for 2014<\/a><\/strong><\/em><\/p><p><em><strong><a title=\"Public procurement plan for 2014\" href=\"\/docs\/ostala%20dokumenta\/javne%20nabavke%202014\/plan%20javnih%20nabavki%202014.pdf\" target=\"_blank\" rel=\"noopener noreferrer\">Public procurement plan for 2014<\/a><\/strong><\/em><\/p><hr \/><p><strong>2013.<\/strong><\/p><p><a href=\"\/docs\/2013-08-01_Ugovor%20RZUP%20-%20zakup%20poslovnog%20prostora.pdf\" target=\"_blank\" rel=\"noopener noreferrer\">RZUP &#8211; zakup poslovnog prostora<\/a><\/p><p><a href=\"\/docs\/ostala%20dokumenta\/javne%20nabavke%202013\/2013-07-31_Okvirni%20sporazum%20AZZK%20i%20RZUP%20-%20zakup%20poslovnog%20prostora\" target=\"_blank\" rel=\"noopener noreferrer\">APC i RZUP &#8211; zakup poslovnog prostora<\/a><\/p><p><a href=\"\/docs\/ostala%20dokumenta\/2013-07-29_Odluka%20-%20Iznajmljivanje%20prostora.pdf\" target=\"_blank\" rel=\"noopener noreferrer\">Odluka o izboru najpovoljnije ponude &#8211; iznajmljivanje prostora<\/a><\/p><p><a href=\"\/docs\/ostala%20dokumenta\/javne%20nabavke%202013\/POZIV%202-2013%20za%20otvoreni%20postupak%20javne%20nabavke.pdf\" target=\"_blank\" rel=\"noopener noreferrer\">POZIV 2-2013 za otvoreni postupak javne nabavke<\/a><\/p><p><em><strong><a title=\"Amendment I to the public procurement plan for 2013\" href=\"\/docs\/ostala%20dokumenta\/Amandman%20I%20na%20plan%20javnih%20nabavki%20za%202013.pdf\" target=\"_blank\" rel=\"noopener noreferrer\">Amendment I to the public procurement plan for 2013<\/a><\/strong><\/em><\/p><p><em><strong><a title=\"Public procurement plan for 2013\" href=\"\/docs\/ostala%20dokumenta\/Plan%20javnih%20nabavki%202013.pdf\" target=\"_blank\" rel=\"noopener noreferrer\">Public procurement plan for 2013<\/a><\/strong><\/em><\/p>\t\t\t\t\t\t\t\t<\/div>\n\t\t            <\/div>\n        <\/div>\n                    <\/div>\n        <\/section>\n        \t\t<\/div>\n\t\t","protected":false},"excerpt":{"rendered":"<p>Contact person for public procurement: Marija Prelevi\u0107,\u00a0Senior Advisor III Mail: marija.prelevic@azzk.me Phone: 020\/239-010, fax: 020\/239-015 Internal instructions for implementation of public procurement Rules for the implementation of the low value procurements Rules for the implementation of the emergency procurement procedure 2020. &#8220;Savana Commercial Retail&#8221; d.o.o. (01.04.2020) &#8220;Coreit&#8221; d.o.o. (20.05.2020) &#8220;Coreit* d.o.o. (08.10.2020) 2019. &#8220;Inter Travel [&hellip;]<\/p>\n","protected":false},"author":1,"featured_media":0,"parent":0,"menu_order":0,"comment_status":"closed","ping_status":"closed","template":"","meta":{"footnotes":""},"class_list":["post-7096","page","type-page","status-publish","hentry"],"_links":{"self":[{"href":"https:\/\/azzk.me\/en\/wp-json\/wp\/v2\/pages\/7096","targetHints":{"allow":["GET"]}}],"collection":[{"href":"https:\/\/azzk.me\/en\/wp-json\/wp\/v2\/pages"}],"about":[{"href":"https:\/\/azzk.me\/en\/wp-json\/wp\/v2\/types\/page"}],"author":[{"embeddable":true,"href":"https:\/\/azzk.me\/en\/wp-json\/wp\/v2\/users\/1"}],"replies":[{"embeddable":true,"href":"https:\/\/azzk.me\/en\/wp-json\/wp\/v2\/comments?post=7096"}],"version-history":[{"count":11,"href":"https:\/\/azzk.me\/en\/wp-json\/wp\/v2\/pages\/7096\/revisions"}],"predecessor-version":[{"id":8185,"href":"https:\/\/azzk.me\/en\/wp-json\/wp\/v2\/pages\/7096\/revisions\/8185"}],"wp:attachment":[{"href":"https:\/\/azzk.me\/en\/wp-json\/wp\/v2\/media?parent=7096"}],"curies":[{"name":"wp","href":"https:\/\/api.w.org\/{rel}","templated":true}]}}