{"id":7121,"date":"2022-08-31T17:38:38","date_gmt":"2022-08-31T17:38:38","guid":{"rendered":"https:\/\/mawebdesign.me\/sektorske-analize\/"},"modified":"2022-11-07T10:33:12","modified_gmt":"2022-11-07T10:33:12","slug":"sectoral-analyses","status":"publish","type":"page","link":"https:\/\/azzk.me\/en\/sectoral-analyses\/","title":{"rendered":"Sectoral analyses"},"content":{"rendered":"\t\t<div data-elementor-type=\"wp-page\" data-elementor-id=\"7121\" class=\"elementor elementor-7121\" data-elementor-post-type=\"page\">\n\t\t\t\t        <section class=\"elementor-section elementor-top-section elementor-element elementor-element-96b5270 elementor-section-boxed elementor-section-height-default elementor-section-height-default ct-header-fixed-none ct-row-max-none\" data-id=\"96b5270\" data-element_type=\"section\" data-e-type=\"section\">\n            \n                        <div class=\"elementor-container elementor-column-gap-default \">\n                    <div class=\"elementor-column elementor-col-100 elementor-top-column elementor-element elementor-element-6272d27\" data-id=\"6272d27\" data-element_type=\"column\" data-e-type=\"column\">\n        <div class=\"elementor-widget-wrap elementor-element-populated\">\n                    \n        \r\n\t\t<div class=\"elementor-element elementor-element-0ab2c65 elementor-widget elementor-widget-text-editor\" data-id=\"0ab2c65\" data-element_type=\"widget\" data-e-type=\"widget\" data-widget_type=\"text-editor.default\">\n\t\t\t\t\t\t\t\t\t<p><span lang=\"HR\">Analize koje su okon\u010dane, isklju\u010divo su internog karaktera, a ura\u0111ene su u sklopu ispitnog postupka pokrenutog od strane Agencije, te u cilju daljeg kontinuiranog ispitivanja u skladu sa Zakonom.<\/span><\/p>\t\t\t\t\t\t\t\t<\/div>\n\t\t\t\t<div class=\"elementor-element elementor-element-bdbde49 elementor-widget-divider--view-line elementor-widget elementor-widget-divider\" data-id=\"bdbde49\" data-element_type=\"widget\" data-e-type=\"widget\" data-widget_type=\"divider.default\">\n\t\t\t\t\t\t\t<div class=\"elementor-divider\">\n\t\t\t<span class=\"elementor-divider-separator\">\n\t\t\t\t\t\t<\/span>\n\t\t<\/div>\n\t\t\t\t\t\t<\/div>\n\t\t\t\t<div class=\"elementor-element elementor-element-0e06639 elementor-widget elementor-widget-text-editor\" data-id=\"0e06639\" data-element_type=\"widget\" data-e-type=\"widget\" data-widget_type=\"text-editor.default\">\n\t\t\t\t\t\t\t\t\t<p><strong>2017.-2018.g.<\/strong><\/p><p>&#8211; Analiza tr\u017ei\u0161ta veleprodaje i maloprodaje \u0161e\u0107era i jestivog suncokretovog ulja;<\/p><p>&#8211; Analiza tr\u017ei\u0161ta pru\u017eanja usluga obuke kandidata za sve kategorije vozila od strane auto \u0161kola na teritoriji Op\u0161tine Nik\u0161i\u0107;<\/p><p>&#8211; Analiza tr\u017ei\u0161ta pru\u017eanja usluga odvo\u017eenja i deponovanja komunalnog otpada na teritoriji Crne Gore;<\/p><p>\u00a0<\/p><p>\u00a0<strong>2016.g.<\/strong><\/p><p>&#8211;\u00a0<span lang=\"SR-LATN-RS\">Analiza poslovanja i usluga privrednih dru\u0161tava vodovodi i kanalizacija primorskih op\u0161tina<\/span>;<\/p><p>\u00a0<\/p><p>\u00a0<strong>2012.g.<\/strong><\/p><p>&#8211; Analiza tr\u017ei\u0161ta usluga postavljanja reklamnih panoa na dijelu teritorije Crne Gore;<\/p><p>&#8211; Analiza tr\u017ei\u0161ta pru\u017eanja usluga pogrebne djelatnosti na dijelu teritorije Crne Gore;<\/p><p>&#8211; Analiza tr\u017ei\u0161ta mlijeka i mlije\u010dnih proizvoda na teritoriji Crne Gore;<\/p><p>\u00a0<\/p><p><strong>2011.g.<\/strong><\/p><p>&#8211; Analiza proizvo\u0111a\u010da farmaceutskih proizvoda koji posluju na teritoriji Crne Gore;<\/p><p>&#8211; Analiza\u00a0 tr\u017ei\u0161ta pru\u017eanja\u00a0 usluga skladi\u0161tenja nafte i naftnih derivata na teritoriji Crne Gore;<\/p><p>&#8211; Analiza tr\u017ei\u0161ta usluga autobuskog prevoza u me\u0111umjesnom prevozu putnika i prevozu u me\u0111unarodnom drumskom saobra\u0107aju na teritoriji Crne Gore;<\/p><p>&#8211; Analiza tr\u017ei\u0161ta trgovine na malo prehrambenom robom i robama \u0161iroke potro\u0161nje na teritoriji Op\u0161tina Podgorica i Kotor;<\/p><p>\u00a0<\/p><p><strong>2010.g.<\/strong><\/p><p>&#8211; Analiza tr\u017ei\u0161ta trgovine na veliko farmaceutskih proizvoda na teritoriji Crne Gore;<\/p><p>&#8211; Analiza tr\u017ei\u0161ta maloprodaje dobara \u0161iroke potro\u0161nje, prehrambenih i neprehrambenih proizvoda u tri op\u0161tine Crne Gore: Herceg Novi, Nik\u0161i\u0107 i Podgorica;<\/p>\t\t\t\t\t\t\t\t<\/div>\n\t\t            <\/div>\n        <\/div>\n                    <\/div>\n        <\/section>\n        \t\t<\/div>\n\t\t","protected":false},"excerpt":{"rendered":"<p>Analize koje su okon\u010dane, isklju\u010divo su internog karaktera, a ura\u0111ene su u sklopu ispitnog postupka pokrenutog od strane Agencije, te u cilju daljeg kontinuiranog ispitivanja u skladu sa Zakonom. 2017.-2018.g. &#8211; Analiza tr\u017ei\u0161ta veleprodaje i maloprodaje \u0161e\u0107era i jestivog suncokretovog ulja; &#8211; Analiza tr\u017ei\u0161ta pru\u017eanja usluga obuke kandidata za sve kategorije vozila od strane auto [&hellip;]<\/p>\n","protected":false},"author":1,"featured_media":0,"parent":0,"menu_order":0,"comment_status":"closed","ping_status":"closed","template":"","meta":{"footnotes":""},"class_list":["post-7121","page","type-page","status-publish","hentry"],"_links":{"self":[{"href":"https:\/\/azzk.me\/en\/wp-json\/wp\/v2\/pages\/7121","targetHints":{"allow":["GET"]}}],"collection":[{"href":"https:\/\/azzk.me\/en\/wp-json\/wp\/v2\/pages"}],"about":[{"href":"https:\/\/azzk.me\/en\/wp-json\/wp\/v2\/types\/page"}],"author":[{"embeddable":true,"href":"https:\/\/azzk.me\/en\/wp-json\/wp\/v2\/users\/1"}],"replies":[{"embeddable":true,"href":"https:\/\/azzk.me\/en\/wp-json\/wp\/v2\/comments?post=7121"}],"version-history":[{"count":3,"href":"https:\/\/azzk.me\/en\/wp-json\/wp\/v2\/pages\/7121\/revisions"}],"predecessor-version":[{"id":8192,"href":"https:\/\/azzk.me\/en\/wp-json\/wp\/v2\/pages\/7121\/revisions\/8192"}],"wp:attachment":[{"href":"https:\/\/azzk.me\/en\/wp-json\/wp\/v2\/media?parent=7121"}],"curies":[{"name":"wp","href":"https:\/\/api.w.org\/{rel}","templated":true}]}}