{"id":7135,"date":"2022-08-30T18:07:23","date_gmt":"2022-08-30T18:07:23","guid":{"rendered":"https:\/\/mawebdesign.me\/sirenje-svijesti-o-konkurenciji\/"},"modified":"2022-11-07T10:34:02","modified_gmt":"2022-11-07T10:34:02","slug":"spreading-awareness-about-competition","status":"publish","type":"page","link":"https:\/\/azzk.me\/en\/spreading-awareness-about-competition\/","title":{"rendered":"Spreading awareness about competition"},"content":{"rendered":"\t\t<div data-elementor-type=\"wp-page\" data-elementor-id=\"7135\" class=\"elementor elementor-7135\" data-elementor-post-type=\"page\">\n\t\t\t\t        <section class=\"elementor-section elementor-top-section elementor-element elementor-element-f8366f0 elementor-section-boxed elementor-section-height-default elementor-section-height-default ct-header-fixed-none ct-row-max-none\" data-id=\"f8366f0\" data-element_type=\"section\" data-e-type=\"section\">\n            \n                        <div class=\"elementor-container elementor-column-gap-default \">\n                    <div class=\"elementor-column elementor-col-16 elementor-top-column elementor-element elementor-element-b38cece\" data-id=\"b38cece\" data-element_type=\"column\" data-e-type=\"column\">\n        <div class=\"elementor-widget-wrap elementor-element-populated\">\n                    \n        \t\t<div class=\"elementor-element elementor-element-cc477d7 elementor-widget elementor-widget-image\" data-id=\"cc477d7\" data-element_type=\"widget\" data-e-type=\"widget\" data-widget_type=\"image.default\">\n\t\t\t\t\t\t\t\t\t\t\t\t\t\t\t\t<a href=\"\/wp-content\/uploads\/2022\/08\/Competition_advocacy_Lucka_uprava.pdf\">\n\t\t\t\t\t\t\t<img decoding=\"async\" width=\"150\" height=\"150\" src=\"https:\/\/azzk.me\/wp-content\/uploads\/2022\/08\/pdf-150x150.png\" class=\"attachment-thumbnail size-thumbnail wp-image-6759\" alt=\"\" srcset=\"https:\/\/azzk.me\/wp-content\/uploads\/2022\/08\/pdf-150x150.png 150w, https:\/\/azzk.me\/wp-content\/uploads\/2022\/08\/pdf-300x300.png 300w, https:\/\/azzk.me\/wp-content\/uploads\/2022\/08\/pdf.png 512w\" sizes=\"(max-width: 150px) 100vw, 150px\" \/>\t\t\t\t\t\t\t\t<\/a>\n\t\t\t\t\t\t\t\t\t\t\t\t\t\t\t<\/div>\n\t\t\t\t<div class=\"elementor-element elementor-element-a039506 elementor-widget elementor-widget-heading\" data-id=\"a039506\" data-element_type=\"widget\" data-e-type=\"widget\" data-widget_type=\"heading.default\">\n\t\t\t\t\t<div class=\"elementor-heading-title elementor-size-default\"><a href=\"\/wp-content\/uploads\/2022\/08\/Competition_advocacy_Lucka_uprava.pdf\">Competition advocacy Lu\u010dka uprava Crne Gore(18.09.2019)\n\n<\/a><\/div>\t\t\t\t<\/div>\n\t\t            <\/div>\n        <\/div>\n                <div class=\"elementor-column elementor-col-16 elementor-top-column elementor-element elementor-element-ad0e4c1\" data-id=\"ad0e4c1\" data-element_type=\"column\" data-e-type=\"column\">\n        <div class=\"elementor-widget-wrap elementor-element-populated\">\n                    \n        \t\t<div class=\"elementor-element elementor-element-77cb185 elementor-widget elementor-widget-image\" data-id=\"77cb185\" data-element_type=\"widget\" data-e-type=\"widget\" data-widget_type=\"image.default\">\n\t\t\t\t\t\t\t\t\t\t\t\t\t\t\t\t<a href=\"\/wp-content\/uploads\/2022\/08\/Competition_advocacy_Ministarstvo_saobracaja.pdf\">\n\t\t\t\t\t\t\t<img decoding=\"async\" width=\"150\" height=\"150\" src=\"https:\/\/azzk.me\/wp-content\/uploads\/2022\/08\/pdf-150x150.png\" class=\"attachment-thumbnail size-thumbnail wp-image-6759\" alt=\"\" srcset=\"https:\/\/azzk.me\/wp-content\/uploads\/2022\/08\/pdf-150x150.png 150w, https:\/\/azzk.me\/wp-content\/uploads\/2022\/08\/pdf-300x300.png 300w, https:\/\/azzk.me\/wp-content\/uploads\/2022\/08\/pdf.png 512w\" sizes=\"(max-width: 150px) 100vw, 150px\" \/>\t\t\t\t\t\t\t\t<\/a>\n\t\t\t\t\t\t\t\t\t\t\t\t\t\t\t<\/div>\n\t\t\t\t<div class=\"elementor-element elementor-element-32fba8f elementor-widget elementor-widget-heading\" data-id=\"32fba8f\" data-element_type=\"widget\" data-e-type=\"widget\" data-widget_type=\"heading.default\">\n\t\t\t\t\t<div class=\"elementor-heading-title elementor-size-default\"><a href=\"\/wp-content\/uploads\/2022\/08\/Competition_advocacy_Ministarstvo_saobracaja.pdf\">Competition advocacy Ministarstvo saobra\u0107aja i pomorstva(18.09.2019)\n\n\n\n<\/a><\/div>\t\t\t\t<\/div>\n\t\t            <\/div>\n        <\/div>\n                <div class=\"elementor-column elementor-col-16 elementor-top-column elementor-element elementor-element-9f2d591\" data-id=\"9f2d591\" data-element_type=\"column\" data-e-type=\"column\">\n        <div class=\"elementor-widget-wrap elementor-element-populated\">\n                    \n        \t\t<div class=\"elementor-element elementor-element-7c1038a elementor-widget elementor-widget-image\" data-id=\"7c1038a\" data-element_type=\"widget\" data-e-type=\"widget\" data-widget_type=\"image.default\">\n\t\t\t\t\t\t\t\t\t\t\t\t\t\t\t\t<a href=\"\/wp-content\/uploads\/2022\/08\/Competition_advocacy_Opstina_Budva.pdf\">\n\t\t\t\t\t\t\t<img decoding=\"async\" width=\"150\" height=\"150\" src=\"https:\/\/azzk.me\/wp-content\/uploads\/2022\/08\/pdf-150x150.png\" class=\"attachment-thumbnail size-thumbnail wp-image-6759\" alt=\"\" srcset=\"https:\/\/azzk.me\/wp-content\/uploads\/2022\/08\/pdf-150x150.png 150w, https:\/\/azzk.me\/wp-content\/uploads\/2022\/08\/pdf-300x300.png 300w, https:\/\/azzk.me\/wp-content\/uploads\/2022\/08\/pdf.png 512w\" sizes=\"(max-width: 150px) 100vw, 150px\" \/>\t\t\t\t\t\t\t\t<\/a>\n\t\t\t\t\t\t\t\t\t\t\t\t\t\t\t<\/div>\n\t\t\t\t<div class=\"elementor-element elementor-element-cbbdfc6 elementor-widget elementor-widget-heading\" data-id=\"cbbdfc6\" data-element_type=\"widget\" data-e-type=\"widget\" data-widget_type=\"heading.default\">\n\t\t\t\t\t<div class=\"elementor-heading-title elementor-size-default\"><a href=\"\/wp-content\/uploads\/2022\/08\/Competition_advocacy_Opstina_Budva.pdf\">Competition advocacy Op\u0161tina Budva(04.04.2019)\n\n\n\n\n<\/a><\/div>\t\t\t\t<\/div>\n\t\t            <\/div>\n        <\/div>\n                <div class=\"elementor-column elementor-col-16 elementor-top-column elementor-element elementor-element-4d14f9f\" data-id=\"4d14f9f\" data-element_type=\"column\" data-e-type=\"column\">\n        <div class=\"elementor-widget-wrap elementor-element-populated\">\n                    \n        \t\t<div class=\"elementor-element elementor-element-c9e5ac1 elementor-widget elementor-widget-image\" data-id=\"c9e5ac1\" data-element_type=\"widget\" data-e-type=\"widget\" data-widget_type=\"image.default\">\n\t\t\t\t\t\t\t\t\t\t\t\t\t\t\t\t<a href=\"\/wp-content\/uploads\/2022\/08\/Competition_advocacy_Javno_preduzee_za_upravljanjem_morskim_dobrom.pdf\">\n\t\t\t\t\t\t\t<img decoding=\"async\" width=\"150\" height=\"150\" src=\"https:\/\/azzk.me\/wp-content\/uploads\/2022\/08\/pdf-150x150.png\" class=\"attachment-thumbnail size-thumbnail wp-image-6759\" alt=\"\" srcset=\"https:\/\/azzk.me\/wp-content\/uploads\/2022\/08\/pdf-150x150.png 150w, https:\/\/azzk.me\/wp-content\/uploads\/2022\/08\/pdf-300x300.png 300w, https:\/\/azzk.me\/wp-content\/uploads\/2022\/08\/pdf.png 512w\" sizes=\"(max-width: 150px) 100vw, 150px\" \/>\t\t\t\t\t\t\t\t<\/a>\n\t\t\t\t\t\t\t\t\t\t\t\t\t\t\t<\/div>\n\t\t\t\t<div class=\"elementor-element elementor-element-56b1d26 elementor-widget elementor-widget-heading\" data-id=\"56b1d26\" data-element_type=\"widget\" data-e-type=\"widget\" data-widget_type=\"heading.default\">\n\t\t\t\t\t<div class=\"elementor-heading-title elementor-size-default\"><a href=\"\/wp-content\/uploads\/2022\/08\/Competition_advocacy_Javno_preduzee_za_upravljanjem_morskim_dobrom.pdf\">Competition advocacy JPMD(04.04.2019)\n\n\n\n\n\n<\/a><\/div>\t\t\t\t<\/div>\n\t\t            <\/div>\n        <\/div>\n                <div class=\"elementor-column elementor-col-16 elementor-top-column elementor-element elementor-element-82dc5fa\" data-id=\"82dc5fa\" data-element_type=\"column\" data-e-type=\"column\">\n        <div class=\"elementor-widget-wrap elementor-element-populated\">\n                    \n        \t\t<div class=\"elementor-element elementor-element-b8fc5e7 elementor-widget elementor-widget-image\" data-id=\"b8fc5e7\" data-element_type=\"widget\" data-e-type=\"widget\" data-widget_type=\"image.default\">\n\t\t\t\t\t\t\t\t\t\t\t\t\t\t\t\t<a href=\"\/wp-content\/uploads\/2022\/08\/Competition_advocacy_Ministarstvo_odrivog_razvoja_i_turizma.pdf\">\n\t\t\t\t\t\t\t<img decoding=\"async\" width=\"150\" height=\"150\" src=\"https:\/\/azzk.me\/wp-content\/uploads\/2022\/08\/pdf-150x150.png\" class=\"attachment-thumbnail size-thumbnail wp-image-6759\" alt=\"\" srcset=\"https:\/\/azzk.me\/wp-content\/uploads\/2022\/08\/pdf-150x150.png 150w, https:\/\/azzk.me\/wp-content\/uploads\/2022\/08\/pdf-300x300.png 300w, https:\/\/azzk.me\/wp-content\/uploads\/2022\/08\/pdf.png 512w\" sizes=\"(max-width: 150px) 100vw, 150px\" \/>\t\t\t\t\t\t\t\t<\/a>\n\t\t\t\t\t\t\t\t\t\t\t\t\t\t\t<\/div>\n\t\t\t\t<div class=\"elementor-element elementor-element-f775194 elementor-widget elementor-widget-heading\" data-id=\"f775194\" data-element_type=\"widget\" data-e-type=\"widget\" data-widget_type=\"heading.default\">\n\t\t\t\t\t<div class=\"elementor-heading-title elementor-size-default\"><a href=\"\/wp-content\/uploads\/2022\/08\/Competition_advocacy_Ministarstvo_odrivog_razvoja_i_turizma.pdf\">Competition advocacy MORT(04.04.2019)\n\n\n\n\n\n\n<\/a><\/div>\t\t\t\t<\/div>\n\t\t            <\/div>\n        <\/div>\n                <div class=\"elementor-column elementor-col-16 elementor-top-column elementor-element elementor-element-62e2b60\" data-id=\"62e2b60\" data-element_type=\"column\" data-e-type=\"column\">\n        <div class=\"elementor-widget-wrap elementor-element-populated\">\n                    \n        \t\t<div class=\"elementor-element elementor-element-bdb9773 elementor-widget elementor-widget-image\" data-id=\"bdb9773\" data-element_type=\"widget\" data-e-type=\"widget\" data-widget_type=\"image.default\">\n\t\t\t\t\t\t\t\t\t\t\t\t\t\t\t\t<a href=\"https:\/\/mawebdesign.me\/wp-content\/uploads\/2022\/08\/Competition_advocacy_SO_Budva260718.pdf\/wp-content\/uploads\/2022\/08\/Competition_advocacy_Lucka_uprava.pdf\">\n\t\t\t\t\t\t\t<img decoding=\"async\" width=\"150\" height=\"150\" src=\"https:\/\/azzk.me\/wp-content\/uploads\/2022\/08\/pdf-150x150.png\" class=\"attachment-thumbnail size-thumbnail wp-image-6759\" alt=\"\" srcset=\"https:\/\/azzk.me\/wp-content\/uploads\/2022\/08\/pdf-150x150.png 150w, https:\/\/azzk.me\/wp-content\/uploads\/2022\/08\/pdf-300x300.png 300w, https:\/\/azzk.me\/wp-content\/uploads\/2022\/08\/pdf.png 512w\" sizes=\"(max-width: 150px) 100vw, 150px\" \/>\t\t\t\t\t\t\t\t<\/a>\n\t\t\t\t\t\t\t\t\t\t\t\t\t\t\t<\/div>\n\t\t\t\t<div class=\"elementor-element elementor-element-eca4225 elementor-widget elementor-widget-heading\" data-id=\"eca4225\" data-element_type=\"widget\" data-e-type=\"widget\" data-widget_type=\"heading.default\">\n\t\t\t\t\t<div class=\"elementor-heading-title elementor-size-default\"><a href=\"\/wp-content\/uploads\/2022\/08\/Competition_advocacy_SO_Budva260718.pdf\">Competition advocacy SO Budva(26.07.2018)\n\n\n\n\n\n\n<\/a><\/div>\t\t\t\t<\/div>\n\t\t            <\/div>\n        <\/div>\n                    <\/div>\n        <\/section>\n                <section class=\"elementor-section elementor-top-section elementor-element elementor-element-9cfd3f2 elementor-section-boxed elementor-section-height-default elementor-section-height-default ct-header-fixed-none ct-row-max-none\" data-id=\"9cfd3f2\" data-element_type=\"section\" data-e-type=\"section\">\n            \n                        <div class=\"elementor-container elementor-column-gap-default \">\n                    <div class=\"elementor-column elementor-col-100 elementor-top-column elementor-element elementor-element-d5b6bd0\" data-id=\"d5b6bd0\" data-element_type=\"column\" data-e-type=\"column\">\n        <div class=\"elementor-widget-wrap elementor-element-populated\">\n                    \n        \r\n\t\t<div class=\"elementor-element elementor-element-7655f89 elementor-widget elementor-widget-text-editor\" data-id=\"7655f89\" data-element_type=\"widget\" data-e-type=\"widget\" data-widget_type=\"text-editor.default\">\n\t\t\t\t\t\t\t\t\t<p>*kliknite na ikonicu da preuzmete dokument u PDF formatu<\/p>\t\t\t\t\t\t\t\t<\/div>\n\t\t            <\/div>\n        <\/div>\n                    <\/div>\n        <\/section>\n        \t\t<\/div>\n\t\t","protected":false},"excerpt":{"rendered":"<p>Competition advocacy Lu\u010dka uprava Crne Gore(18.09.2019) Competition advocacy Ministarstvo saobra\u0107aja i pomorstva(18.09.2019) Competition advocacy Op\u0161tina Budva(04.04.2019) Competition advocacy JPMD(04.04.2019) Competition advocacy MORT(04.04.2019) Competition advocacy SO Budva(26.07.2018) *kliknite na ikonicu da preuzmete dokument u PDF formatu<\/p>\n","protected":false},"author":1,"featured_media":0,"parent":0,"menu_order":0,"comment_status":"closed","ping_status":"closed","template":"","meta":{"footnotes":""},"class_list":["post-7135","page","type-page","status-publish","hentry"],"_links":{"self":[{"href":"https:\/\/azzk.me\/en\/wp-json\/wp\/v2\/pages\/7135","targetHints":{"allow":["GET"]}}],"collection":[{"href":"https:\/\/azzk.me\/en\/wp-json\/wp\/v2\/pages"}],"about":[{"href":"https:\/\/azzk.me\/en\/wp-json\/wp\/v2\/types\/page"}],"author":[{"embeddable":true,"href":"https:\/\/azzk.me\/en\/wp-json\/wp\/v2\/users\/1"}],"replies":[{"embeddable":true,"href":"https:\/\/azzk.me\/en\/wp-json\/wp\/v2\/comments?post=7135"}],"version-history":[{"count":2,"href":"https:\/\/azzk.me\/en\/wp-json\/wp\/v2\/pages\/7135\/revisions"}],"predecessor-version":[{"id":8194,"href":"https:\/\/azzk.me\/en\/wp-json\/wp\/v2\/pages\/7135\/revisions\/8194"}],"wp:attachment":[{"href":"https:\/\/azzk.me\/en\/wp-json\/wp\/v2\/media?parent=7135"}],"curies":[{"name":"wp","href":"https:\/\/api.w.org\/{rel}","templated":true}]}}