{"id":7173,"date":"2022-08-31T16:25:12","date_gmt":"2022-08-31T16:25:12","guid":{"rendered":"https:\/\/mawebdesign.me\/pokrenuti-postupci\/"},"modified":"2022-11-08T11:29:39","modified_gmt":"2022-11-08T11:29:39","slug":"initiated-procedures","status":"publish","type":"page","link":"https:\/\/azzk.me\/en\/initiated-procedures\/","title":{"rendered":"Initiated procedures"},"content":{"rendered":"\t\t<div data-elementor-type=\"wp-page\" data-elementor-id=\"7173\" class=\"elementor elementor-7173\" data-elementor-post-type=\"page\">\n\t\t\t\t\r\n        <section class=\"elementor-section elementor-top-section elementor-element elementor-element-9b7ca6d elementor-section-boxed elementor-section-height-default elementor-section-height-default ct-header-fixed-none ct-row-max-none\" data-id=\"9b7ca6d\" data-element_type=\"section\" data-e-type=\"section\">\n            \n                        <div class=\"elementor-container elementor-column-gap-default \">\n                    <div class=\"elementor-column elementor-col-100 elementor-top-column elementor-element elementor-element-4cebd8d\" data-id=\"4cebd8d\" data-element_type=\"column\" data-e-type=\"column\">\n        <div class=\"elementor-widget-wrap elementor-element-populated\">\n                    \n        \t\t<div class=\"elementor-element elementor-element-9f6a1c0 elementor-widget elementor-widget-text-editor\" data-id=\"9f6a1c0\" data-element_type=\"widget\" data-e-type=\"widget\" data-widget_type=\"text-editor.default\">\n\t\t\t\t\t\t\t\t\t<p><strong>2022<\/strong><\/p><p><a href=\"https:\/\/azzk.me\/docs\/Rjeenje_o_pokretanju_postupka_-_Veterinarska_komora_CG.pdf\">Rje\u0161enje o pokretanju ispitnog postupka Veterinarska komora CG<\/a><\/p><p><a href=\"https:\/\/azzk.me\/docs\/Rjeenje_o_pokretanju_postupka_Ina-_Jugopetrol.pdf\">Rje\u0161enje o pokretanju ispitnog postupka \u201cIna Crna Gora\u201d doo i \u201cJugopetrol\u201dAd<\/a><\/p><hr \/><p><strong>2021<\/strong><\/p><p><a href=\"https:\/\/azzk.me\/docs\/objava_dispozitiva_rjesenja-2.pdf\">Rje\u0161enja o pokretanju ispitnog postupka d.o.o \u201eDMD DELTA\u201c<\/a><\/p><hr \/><p><strong>2020<\/strong><\/p><p><a href=\"https:\/\/azzk.me\/docs\/Rjeenje_o_pokretanju_ispitnog_postupka-converted.pdf\">Rje\u0161enje o pokretanju ispitnog postupka<\/a><\/p><hr \/><p><strong>2019<\/strong><\/p><p><a href=\"https:\/\/azzk.me\/docs\/Rjesenje_o_pokretanju_postupka_Prokom_i_Denarius.pdf\">Rje\u0161enje o pokretanju postupka d.o.o. Prokom i d.o.o. Denarius<\/a><\/p><p><a href=\"https:\/\/azzk.me\/docs\/zakljucci%20pokretanje%20postupka\/2019-04-17_Rjesenje%20o%20pokretanju%20postupka%20PIN%20MNE.pdf\" target=\"_blank\" rel=\"noopener noreferrer\">Rje\u0161enje o pokretanju postupka PIN MNE<\/a><\/p><hr \/><p><strong>2018<\/strong><\/p><p><a href=\"https:\/\/azzk.me\/docs\/zakljucci%20pokretanje%20postupka\/2018-03-19_Rjesenje%20o%20pokretanju%20postupka-Auto%20skole.pdf\" target=\"_blank\" rel=\"noopener noreferrer\">Rje\u0161enje o pokretanju postupka Auto-\u0161kole<\/a><\/p><hr \/><p><strong>2016<\/strong><\/p><p><a href=\"https:\/\/azzk.me\/docs\/zakljucci%20pokretanje%20postupka\/2016-03-21_Zakljucak%20o%20pokretanju%20postupka%20Urion-Montemedicom.pdf\" target=\"_blank\" rel=\"noopener noreferrer\">Zaklju\u010dak o pokretanju postupka protiv \u201cUrion\u201d i \u201cMontemedicom\u201d<\/a><\/p><hr \/><p><strong>2015<\/strong><\/p><p><a href=\"https:\/\/azzk.me\/docs\/zakljucci%20pokretanje%20postupka\/2015-09-21_Zakljucak%20o%20pokretanju%20postupka%20protiv%20Luke%20Kotor.pdf\" target=\"_blank\" rel=\"noopener noreferrer\">Zaklju\u010dak o pokretanju postupka protiv \u201cLuke Kotor<\/a>\u201c<\/p><p><a href=\"https:\/\/azzk.me\/docs\/zakljucci%20pokretanje%20postupka\/2015-08-26_Zakljucak%20prosirenje%20pok.%20postupka%20Vodovod%20i%20kanalizacija%20Budva.pdf\" target=\"_blank\" rel=\"noopener noreferrer\">Zaklju\u010dak o pro\u0161irenju pokrenutog postupka protiv \u201cVodovod i kanalizacija d.o.o.\u201d Budva<\/a><\/p><p><a href=\"https:\/\/azzk.me\/docs\/zakljucci%20pokretanje%20postupka\/2015-04-06_Zakljucak%20o%20pokretanju%20postupka%20doo%20Vodovod%20i%20kanalizacija%20Budva.pdf\" target=\"_blank\" rel=\"noopener noreferrer\">Zaklju\u010dak o pokretanju postupka protiv \u201cVodovod i kanalizacija d.o.o.\u201d Budva<\/a><\/p><p><a href=\"https:\/\/azzk.me\/docs\/zakljucci%20pokretanje%20postupka\/2015-03-03_Zakljucak%20o%20pokretanju%20postupka%20Lovcen%20Osiguranje%20AD.pdf\" target=\"_blank\" rel=\"noopener noreferrer\">Zaklju\u010dak o pokretanju postupka protiv \u201cLov\u0107en Osiguranja\u201d<\/a><\/p><hr \/><p><strong>2014<\/strong><\/p><p><a href=\"https:\/\/azzk.me\/docs\/zakljucci%20pokretanje%20postupka\/2014-12-31_Zakljucak%20o%20pokretanju%20postupka%20Ledo%20doo%20Podgorica.pdf\" target=\"_blank\" rel=\"noopener noreferrer\">Zaklju\u010dak o pokretanju postupka protiv Dru\u0161tva za proizvodnju, promet roba i usluga \u201cLedo d.o.o.\u201d Podgorica<\/a><\/p><p><a href=\"https:\/\/azzk.me\/docs\/zakljucci%20pokretanje%20postupka\/2014-07-17_Zakljucak%20o%20pokretanju%20postupka%20Safran%20doo%20i%20Obuca%20Minja%20doo.pdf\" target=\"_blank\" rel=\"noopener noreferrer\">Zaklju\u010dak o pokretanju postupka protiv \u201cSafran d.o.o.\u201d i \u201cObu\u0107a Minja d.o.o.\u201d<\/a><\/p><p><a href=\"https:\/\/azzk.me\/docs\/zakljucci%20pokretanje%20postupka\/2014-03-25_Zakljucak%20o%20pokretanju%20postupka%20Kontejnerski%20Terminal%20AD%20i%20Ocean%20Montenegro.pdf\" target=\"_blank\" rel=\"noopener noreferrer\">Zaklju\u010dak o pokretanju postupka protiv \u201cAD Kontejnerski Terminal i Generalni Tereti\u201d Bar i \u201cOcean Montenegro d.o.o.\u201d Bar<\/a><\/p><hr \/><p><strong>2013<\/strong><\/p><p><a href=\"https:\/\/azzk.me\/docs\/zakljucci%20pokretanje%20postupka\/2013-08-02_Zakljucak%20o%20pokretanju%20postupka%20protiv%20Radio%20Difuznog%20Centra%20doo.pdf\" target=\"_blank\" rel=\"noopener noreferrer\">Zaklju\u010dak o pokretanju postupka protiv Radio Difuznog Centra<\/a><\/p><p><a href=\"https:\/\/azzk.me\/docs\/zakljucci%20pokretanje%20postupka\/2013-08-02_Zakljucak%20o%20pokretanju%20postpka%20protiv%20Radio%20Difuznog%20Centra%20i%20Telenor%20d.o.o.pdf\" target=\"_blank\" rel=\"noopener noreferrer\">Zaklju\u010dak o pokretanju postupka protiv Radio Difuznog Centra i Telenor d.o.o.<\/a><\/p><p><a href=\"https:\/\/azzk.me\/docs\/zakljucci%20pokretanje%20postupka\/2013-06-18_Zakljucak%20o%20pokretanju%20postupka%20Daily%20Press,%20Jumedia%20Mont,%20Pobjeda.pdf\" target=\"_blank\" rel=\"noopener noreferrer\">Zaklju\u010dak o pokretanju postupka \u2013 \u0160tampani mediji<\/a><\/p><p><a href=\"https:\/\/azzk.me\/docs\/zakljucci%20pokretanje%20postupka\/2013-07-24_Zakljucak%20o%20prosirenju%20pokrenutog%20%20postupka%20Novosti%20Press,%20Media%20Nea,%20Ringier%20Axel%20Springer.pdf\" target=\"_blank\" rel=\"noopener noreferrer\">Zaklju\u010dak o pro\u0161irenju pokrenutog postupka \u2013 \u0160tampani mediji<\/a><\/p>\t\t\t\t\t\t\t\t<\/div>\n\t\t            <\/div>\n        <\/div>\n                    <\/div>\n        <\/section>\n        \t\t<\/div>\n\t\t","protected":false},"excerpt":{"rendered":"<p>2022 Rje\u0161enje o pokretanju ispitnog postupka Veterinarska komora CG Rje\u0161enje o pokretanju ispitnog postupka \u201cIna Crna Gora\u201d doo i \u201cJugopetrol\u201dAd 2021 Rje\u0161enja o pokretanju ispitnog postupka d.o.o \u201eDMD DELTA\u201c 2020 Rje\u0161enje o pokretanju ispitnog postupka 2019 Rje\u0161enje o pokretanju postupka d.o.o. Prokom i d.o.o. Denarius Rje\u0161enje o pokretanju postupka PIN MNE 2018 Rje\u0161enje o pokretanju [&hellip;]<\/p>\n","protected":false},"author":1,"featured_media":0,"parent":0,"menu_order":0,"comment_status":"closed","ping_status":"closed","template":"","meta":{"footnotes":""},"class_list":["post-7173","page","type-page","status-publish","hentry"],"_links":{"self":[{"href":"https:\/\/azzk.me\/en\/wp-json\/wp\/v2\/pages\/7173","targetHints":{"allow":["GET"]}}],"collection":[{"href":"https:\/\/azzk.me\/en\/wp-json\/wp\/v2\/pages"}],"about":[{"href":"https:\/\/azzk.me\/en\/wp-json\/wp\/v2\/types\/page"}],"author":[{"embeddable":true,"href":"https:\/\/azzk.me\/en\/wp-json\/wp\/v2\/users\/1"}],"replies":[{"embeddable":true,"href":"https:\/\/azzk.me\/en\/wp-json\/wp\/v2\/comments?post=7173"}],"version-history":[{"count":8,"href":"https:\/\/azzk.me\/en\/wp-json\/wp\/v2\/pages\/7173\/revisions"}],"predecessor-version":[{"id":8269,"href":"https:\/\/azzk.me\/en\/wp-json\/wp\/v2\/pages\/7173\/revisions\/8269"}],"wp:attachment":[{"href":"https:\/\/azzk.me\/en\/wp-json\/wp\/v2\/media?parent=7173"}],"curies":[{"name":"wp","href":"https:\/\/api.w.org\/{rel}","templated":true}]}}