{"id":7213,"date":"2022-08-31T16:18:20","date_gmt":"2022-08-31T16:18:20","guid":{"rendered":"https:\/\/mawebdesign.me\/rjesenja-2010-2012-godina\/"},"modified":"2022-11-07T10:33:44","modified_gmt":"2022-11-07T10:33:44","slug":"solutions-for-2010-2012","status":"publish","type":"page","link":"https:\/\/azzk.me\/en\/solutions-for-2010-2012\/","title":{"rendered":"Solutions for 2010-2012"},"content":{"rendered":"\t\t<div data-elementor-type=\"wp-page\" data-elementor-id=\"7213\" class=\"elementor elementor-7213\" data-elementor-post-type=\"page\">\n\t\t\t\t\r\n        <section class=\"elementor-section elementor-top-section elementor-element elementor-element-157c839 elementor-section-boxed elementor-section-height-default elementor-section-height-default ct-header-fixed-none ct-row-max-none\" data-id=\"157c839\" data-element_type=\"section\" data-e-type=\"section\">\n            \n                        <div class=\"elementor-container elementor-column-gap-default \">\n                    <div class=\"elementor-column elementor-col-100 elementor-top-column elementor-element elementor-element-286073b\" data-id=\"286073b\" data-element_type=\"column\" data-e-type=\"column\">\n        <div class=\"elementor-widget-wrap elementor-element-populated\">\n                    \n        \t\t<div class=\"elementor-element elementor-element-d49d08b elementor-widget elementor-widget-text-editor\" data-id=\"d49d08b\" data-element_type=\"widget\" data-e-type=\"widget\" data-widget_type=\"text-editor.default\">\n\t\t\t\t\t\t\t\t\t<p><strong>2012.g.<\/strong><\/p><p><a href=\"http:\/\/jml.test\/1\/doc\/koncentracije\/2012\/Lazine-Zora%20Berane-Simsic%20Mintmilk%20Danilovgrad.pdf\" target=\"_blank\" rel=\"noopener noreferrer\">SGL Carbon Beteiligung GmbH-Lindner Aktiengesellschaft Decken-Boden-Trennwandsysteme<\/a><\/p><p><a href=\"http:\/\/jml.test\/1\/doc\/koncentracije\/2012\/RWE%20Innogy%20GmbH-Mjesoviti%20Holding%20Elektroprivreda%20Republike%20Srpske%20Maticno%20preduzece.pdf\" target=\"_blank\" rel=\"noopener noreferrer\">Lazine-Zora Berane-\u0160im\u0161i\u0107 Montmilk Danilovgrad<\/a><\/p><p><a href=\"http:\/\/jml.test\/1\/doc\/koncentracije\/2012\/Boka%20Property%20Holding%20Services%20Jersey%20Limited-Lenley%20Holding%20Limited.pdf\" target=\"_blank\" rel=\"noopener noreferrer\">RWE Innogy GmbH-Mje\u0161oviti Holding Elektroprivreda Republike Srpske Mati\u010dno preduze\u0107e<\/a><\/p><p><a href=\"http:\/\/jml.test\/1\/doc\/koncentracije\/2012\/Vita%20Central%20Europe%20B.V.,Aternus-Walmark.pdf\" target=\"_blank\" rel=\"noopener noreferrer\">Boka Property Holding Services Jersey Limited-Lenley Holding Limited<\/a><\/p><p><a href=\"http:\/\/jml.test\/1\/doc\/koncentracije\/2012\/Saint-Gobain%20Gradjevinski%20Proizvodi%20d.o.o.-Karbon%20Gradjevinski%20Materijali%20d.o.o.%20Topola.pdf\" target=\"_blank\" rel=\"noopener noreferrer\">Vita Central Europe B.V., Aternus &#8211; Walmark<\/a><\/p><p><a href=\"http:\/\/jml.test\/1\/doc\/koncentracije\/2012\/TOSCELIK%20-Zeljezara%20PROFIL%20VE%20SAC%20ENDUSTRISI%20A.S.-Zeljezara%20Niksic%20AD.pdf\" target=\"_blank\" rel=\"noopener noreferrer\">Saint-Gobain Gra\u0111evinski Proizvodi d.o.o. &#8211; Karbon Gra\u0111evinski Materijali d.o.o. Topola<\/a><\/p><p><a href=\"http:\/\/jml.test\/1\/doc\/koncentracije\/2012\/Consulteam-Career%20Team.pdf\" target=\"_blank\" rel=\"noopener noreferrer\">TO\u0160\u010cELIK &#8211; \u017deljezara PROFIL VE SAC ENDUSTRISI A.S. &#8211; \u017deljezara Nik\u0161i\u0107 AD.<\/a><\/p><p><a href=\"http:\/\/jml.test\/1\/doc\/koncentracije\/2012\/Molson%20Coors%20Holdco-2%20Inc-%20Trebjesa%20AD%20Niksic.pdf\" target=\"_blank\" rel=\"noopener noreferrer\">Consulteam &#8211; Career Team<\/a><\/p><p><a href=\"http:\/\/jml.test\/1\/doc\/koncentracije\/2012\/Voli%20d.o.o-Novito%20d.o.o..pdf\" target=\"_blank\" rel=\"noopener noreferrer\">Molson Coors Holdco-2 Inc &#8211; Trebjesa AD Nik\u0161i\u0107<\/a><\/p><p><a href=\"http:\/\/jml.test\/1\/doc\/koncentracije\/2012\/Voli%20d.o.o-Novito%20d.o.o..pdf\" target=\"_blank\" rel=\"noopener noreferrer\">Voli d.o.o. &#8211; Novito d.o.o.<\/a><\/p><p>\u00a0<\/p><hr \/><p><strong>2011.g.<\/strong><\/p><p><a href=\"http:\/\/jml.test\/1\/doc\/koncentracije\/2011\/See%20Media%20Holding%20Amsterdam-AST%20DOO%20Podgorica.pdf\" target=\"_blank\" rel=\"noopener noreferrer\">Marks and Spenser<\/a><\/p><p><a href=\"http:\/\/jml.test\/1\/doc\/koncentracije\/2011\/Direct%20Group%20Beograd-Falcon%20DOO%20Podgorica.pdf\" target=\"_blank\" rel=\"noopener noreferrer\">See Media Holding Amsterdam &#8211; AST d.o.o. Podgorica<\/a><\/p><p><a href=\"http:\/\/jml.test\/1\/doc\/koncentracije\/2011\/Fruktal-Nectar%20DOO%20Beograd-Fructal%20DD%20Slovenija.pdf\" target=\"_blank\" rel=\"noopener noreferrer\">Direct Group Beograd &#8211; Falcon d.o.o. Podgorica<\/a><\/p><p><a href=\"http:\/\/jml.test\/1\/doc\/koncentracije\/2011\/Telenor%20Norge%20AS%20Norveska%20-%20Agder%20energy%20AS.pdf\" target=\"_blank\" rel=\"noopener noreferrer\">Fruktal-Nectar d.o.o. Beograd &#8211; Fructal d.d. Slovenija<\/a><\/p><p><a href=\"http:\/\/jml.test\/1\/doc\/koncentracije\/2011\/Go%20Daddy-KKR&amp;Co%20LP%20SAD,%20Silver%20Lake%20Group%20LLC%20SAD-The%20Go%20Daddy,%20Inc%20SAD.pdf\" target=\"_blank\" rel=\"noopener noreferrer\">Telenor Norge AS Norve\u0161ka &#8211; Agder energy AS<\/a><\/p><p><a href=\"http:\/\/jml.test\/1\/doc\/koncentracije\/2011\/Petrol%20DD%20Ljubljana-Petrol%20Bonus%20DOO%20Cetinje.pdf\">Go Daddy-KKR&amp;Co LP SAD, Silver Lake Group LLC SAD-The Go Daddy, Inc SAD<\/a><\/p><p><a href=\"http:\/\/jml.test\/1\/doc\/koncentracije\/2011\/Nestle%20SA%20Svajcarska-Centro%20Spice%20DOO%20Beograd.pdf\">Petrol DD Ljubljana &#8211; Petrol Bonus d.o.o. Cetinje<\/a><\/p><p><a href=\"http:\/\/jml.test\/1\/doc\/koncentracije\/2011\/Wolkswagen%20AG%20Njemacka-MAN%20SE%20Njemacka.pdf\">Nestle SA \u0160vajcarska &#8211; Centro Spice d.o.o. Beograd<\/a><\/p><p><a href=\"http:\/\/jml.test\/1\/doc\/koncentracije\/2011\/Trenkwalder%20Privatastiftung-Droege%20Internacional.pdf\">Wolkswagen AG Njema\u010dka &#8211; MAN SE Njema\u010dka<\/a><\/p><p><a href=\"http:\/\/jml.test\/1\/doc\/koncentracije\/2011\/Affichage%20Holding%20SA%20Zeneva-Europlakat%20International%20Werbegs%20Bec.pdf\">Trenkwalder Privatastiftung &#8211; Droege Internacional<\/a><\/p><p><a href=\"http:\/\/jml.test\/1\/doc\/koncentracije\/2011\/Delhaize%20the%20Lion%20Roterdam-Delta%20Maxi%20DOO%20Beograd,%20Delta%20Maxi%20DOO%20Podgorica.pdf\">Affichage Holding SA \u017deneva &#8211; Europlakat International Werbegs Bec<\/a><\/p><p><a href=\"http:\/\/jml.test\/1\/doc\/koncentracije\/2011\/Industria%20de%20Diseno%20Textil%20SA%20Spanija-Moda%20Mond%20DOO%20Podgorica.pdf\">Delhaize the Lion Roterdam &#8211; Delta Maxi d.o.o. Beograd, Delta Maxi d.o.o. Podgorica<\/a><\/p><p><a href=\"http:\/\/jml.test\/1\/doc\/koncentracije\/2011\/Valeant%20Pharmaceuticals%20International%20Inc%20Kanada-PharmaSwiss%20Svajcarska.pdf\">Industria de Diseno Textil SA \u0160panija &#8211; Moda Mond d.o.o. Podgorica<\/a><\/p><p><a href=\"http:\/\/jml.test\/1\/doc\/koncentracije\/2011\/Valeant%20Pharmaceuticals%20International%20Inc%20Kanada-PharmaSwiss%20Svajcarska.pdf\">Valeant Pharmaceuticals International Inc Kanada &#8211; PharmaSwiss \u0160vajcarska<\/a><\/p><p>\u00a0<\/p><hr \/><p><strong>2010.g.<\/strong><\/p><p><a href=\"http:\/\/jml.test\/1\/doc\/koncentracije\/2010\/Petrol%20Invest%20DOO%20Cetinje-Euro%20Petrol%20DOO%20Podgorica.pdf\">EPCG Podgorica, NTE Montenegro AS Norve\u0161ka &#8211; Zeta Energy d.o.o. Danilovgrad<\/a><\/p><p><a href=\"http:\/\/jml.test\/1\/doc\/koncentracije\/2010\/Evropa%20lek%20DOO%20Beograd-Evropa%20lek%20DOO%20Podgorica.pdf\">Petrol Invest d.o.o. Cetinje &#8211; Euro Petrol d.o.o. Podgorica<\/a><\/p><p><a href=\"http:\/\/jml.test\/1\/doc\/koncentracije\/2010\/Hewlett%20Packard%20Company%20A.D.%20SAD-ArcSight%20Inc%20SAD.pdf\">Evropa lek d.o.o. Beograd &#8211; Evropa lek d.o.o. Podgorica<\/a><\/p><p><a href=\"http:\/\/jml.test\/1\/doc\/koncentracije\/2010\/Montenegroberza-Nex%20Montenegro%20A.D.%20Podgorica-Montenegroberza%20A.D.%20Podgorica.pdf\">Hewlett Packard Company A.D. SAD &#8211; ArcSight Inc SAD<\/a><\/p><p><a href=\"http:\/\/jml.test\/1\/doc\/koncentracije\/2010\/Styria%20Media%20International%20AG%20A.D.%20Austrija-Jumedia%20Mont%20DOO%20Podgorica.pdf\">Montenegroberza-Nex Montenegro A.D. Podgorica &#8211; Montenegroberza A.D. Podgorica<\/a><\/p><p><a href=\"http:\/\/jml.test\/1\/doc\/koncentracije\/2010\/Drzava%20Austrija-Hypo%20Alpe%20Adria%20Bank%20International%20Austria-Hypo%20Alpe%20Adria%20Bank%20A.D.%20Podgorica.pdf\">Styria Media International AG A.D. Austrija &#8211; Jumedia Mont d.o.o. Podgorica<\/a><\/p><p><a href=\"http:\/\/jml.test\/1\/doc\/koncentracije\/2010\/Atlantic%20Nalozbe%20DOO%20Ljubljana-Droga%20Kolinska%20DD%20Ljubljana,%20DK%20Mont%20DOO%20Podgorica.pdf\">Dr\u017eava Austrija-Hypo Alpe Adria Bank International Austria &#8211; Hypo Alpe Adria Bank A.D. Podgorica<\/a><\/p><p><a href=\"http:\/\/jml.test\/1\/doc\/koncentracije\/2010\/Securitas%20AB%20Stokholm-Guardian%20DOO%20Niksic.pdf\">Atlantic Nalozbe d.o.o. Ljubljana &#8211; Droga Kolinska d.d. Ljubljana, DK Mont d.o.o. Podgorica<\/a><\/p><p><a href=\"http:\/\/jml.test\/1\/doc\/koncentracije\/2010\/Mecator%20S%20DOO%20Novi%20Sad-Pantomarket%20DOO%20Herceg%20Novi,%20Plus%20commerce%20A.D.%20Niksic.pdf\">Securitas AB Stokholm &#8211; Guardian d.o.o. Nik\u0161i\u0107<\/a><\/p><p><a href=\"http:\/\/jml.test\/1\/doc\/koncentracije\/2010\/Marina%20Bar-Latvijas%20Kraj%20banka%20A.D.%20Latvija,%20SIA%20Multikapitals%20DOO%20Latvija-Marina%20A.D.%20Bar.pdf\">Mecator S d.o.o. Novi Sad &#8211; Pantomarket d.o.o. Herceg Novi, Plus commerce a.d. Nik\u0161i\u0107<\/a><\/p><p><a href=\"http:\/\/jml.test\/1\/doc\/koncentracije\/2010\/MTEL-Telekomunikacije%20Republike%20Srpske%20A.D.%20Banja%20Luka-%20Mtel%20DOO%20Podgorica.pdf\">Marina Bar-Latvijas Kraj banka A.D. Latvija, SIA Multikapitals DOO Latvija-Marina A.D. Bar<\/a><\/p><p><a href=\"http:\/\/jml.test\/1\/doc\/koncentracije\/2010\/MTEL-Telekomunikacije%20Republike%20Srpske%20A.D.%20Banja%20Luka-%20Mtel%20DOO%20Podgorica.pdf\">MTEL-Telekomunikacije Republike Srpske A.D. Banja Luka &#8211; Mtel d.o.o. Podgorica<\/a><\/p>\t\t\t\t\t\t\t\t<\/div>\n\t\t            <\/div>\n        <\/div>\n                    <\/div>\n        <\/section>\n        \t\t<\/div>\n\t\t","protected":false},"excerpt":{"rendered":"<p>2012.g. SGL Carbon Beteiligung GmbH-Lindner Aktiengesellschaft Decken-Boden-Trennwandsysteme Lazine-Zora Berane-\u0160im\u0161i\u0107 Montmilk Danilovgrad RWE Innogy GmbH-Mje\u0161oviti Holding Elektroprivreda Republike Srpske Mati\u010dno preduze\u0107e Boka Property Holding Services Jersey Limited-Lenley Holding Limited Vita Central Europe B.V., Aternus &#8211; Walmark Saint-Gobain Gra\u0111evinski Proizvodi d.o.o. &#8211; Karbon Gra\u0111evinski Materijali d.o.o. Topola TO\u0160\u010cELIK &#8211; \u017deljezara PROFIL VE SAC ENDUSTRISI A.S. &#8211; \u017deljezara [&hellip;]<\/p>\n","protected":false},"author":1,"featured_media":0,"parent":0,"menu_order":0,"comment_status":"closed","ping_status":"closed","template":"","meta":{"footnotes":""},"class_list":["post-7213","page","type-page","status-publish","hentry"],"_links":{"self":[{"href":"https:\/\/azzk.me\/en\/wp-json\/wp\/v2\/pages\/7213","targetHints":{"allow":["GET"]}}],"collection":[{"href":"https:\/\/azzk.me\/en\/wp-json\/wp\/v2\/pages"}],"about":[{"href":"https:\/\/azzk.me\/en\/wp-json\/wp\/v2\/types\/page"}],"author":[{"embeddable":true,"href":"https:\/\/azzk.me\/en\/wp-json\/wp\/v2\/users\/1"}],"replies":[{"embeddable":true,"href":"https:\/\/azzk.me\/en\/wp-json\/wp\/v2\/comments?post=7213"}],"version-history":[{"count":1,"href":"https:\/\/azzk.me\/en\/wp-json\/wp\/v2\/pages\/7213\/revisions"}],"predecessor-version":[{"id":7214,"href":"https:\/\/azzk.me\/en\/wp-json\/wp\/v2\/pages\/7213\/revisions\/7214"}],"wp:attachment":[{"href":"https:\/\/azzk.me\/en\/wp-json\/wp\/v2\/media?parent=7213"}],"curies":[{"name":"wp","href":"https:\/\/api.w.org\/{rel}","templated":true}]}}