{"id":7215,"date":"2022-08-31T16:19:34","date_gmt":"2022-08-31T16:19:34","guid":{"rendered":"https:\/\/mawebdesign.me\/rjesenja-2006-2009-godina\/"},"modified":"2022-11-07T10:33:41","modified_gmt":"2022-11-07T10:33:41","slug":"solutions-for-2006-2009","status":"publish","type":"page","link":"https:\/\/azzk.me\/en\/solutions-for-2006-2009\/","title":{"rendered":"Solutions for 2006-2009"},"content":{"rendered":"\t\t<div data-elementor-type=\"wp-page\" data-elementor-id=\"7215\" class=\"elementor elementor-7215\" data-elementor-post-type=\"page\">\n\t\t\t\t        <section class=\"elementor-section elementor-top-section elementor-element elementor-element-0d86506 elementor-section-boxed elementor-section-height-default elementor-section-height-default ct-header-fixed-none ct-row-max-none\" data-id=\"0d86506\" data-element_type=\"section\" data-e-type=\"section\">\n            \n                        <div class=\"elementor-container elementor-column-gap-default \">\n                    <div class=\"elementor-column elementor-col-100 elementor-top-column elementor-element elementor-element-8635bd4\" data-id=\"8635bd4\" data-element_type=\"column\" data-e-type=\"column\">\n        <div class=\"elementor-widget-wrap elementor-element-populated\">\n                    \n        \r\n\t\t<div class=\"elementor-element elementor-element-6b87f49 elementor-widget elementor-widget-text-editor\" data-id=\"6b87f49\" data-element_type=\"widget\" data-e-type=\"widget\" data-widget_type=\"text-editor.default\">\n\t\t\t\t\t\t\t\t\t<p><strong>2009.g.<\/strong><\/p><p><a href=\"http:\/\/jml.test\/1\/doc\/koncentracije\/2009\/A2A%20Italija-Elektroprivreda%20Crne%20Gore%20A.D.%20Niksic.pdf\" target=\"_blank\" rel=\"noopener noreferrer\">Black See-Strabev Sarl Luksemburg-Black Sea Montenegro DOO Podgorica, Trebjesa A.D. Nik\u0161i\u0107<\/a><\/p><p><a href=\"http:\/\/jml.test\/1\/doc\/koncentracije\/2009\/New%20Forntier%20South%20East%20DOO%20Bratislava-SAGA%20DOO%20Beograd,%20SAGA%20CG%20DOO%20Podgorica.pdf\" target=\"_blank\" rel=\"noopener noreferrer\">A2A Italija &#8211; Elektroprivreda Crne Gore A.D. Nik\u0161i\u0107<\/a><\/p><p><a href=\"http:\/\/jml.test\/1\/doc\/koncentracije\/2009\/Roksped%20DOO%20Podgorica-Stampa%20A.D.%20Podgorica.pdf\" target=\"_blank\" rel=\"noopener noreferrer\">New Forntier South East DOO Bratislava &#8211; SAGA DOO Beograd, SAGA CG DOO Podgorica<\/a><\/p><p><a href=\"http:\/\/jml.test\/1\/doc\/koncentracije\/2009\/Norking%20As%20i%20Vilaamse%20Radio-en%20Televisieomroep%20NV.pdf\" target=\"_blank\" rel=\"noopener noreferrer\">Rok\u0161ped DOO Podgorica &#8211; \u0160tampa A.D. Podgorica<\/a><\/p><p><a href=\"http:\/\/jml.test\/1\/doc\/koncentracije\/2009\/Styria%20Media%20International%20AG%20A.D.%20Austrija-Daily%20Press%20DOO%20Podgorica.pdf\" target=\"_blank\" rel=\"noopener noreferrer\">Norking As i Vilaamse Radio-en Televisieomroep NV<\/a><\/p><p><a href=\"http:\/\/jml.test\/1\/doc\/koncentracije\/2009\/Deutsche%20Lufthansa%20AG%20A.D.%20Keln-Austrian%20Airlines%20AG%20Bec.pdf\" target=\"_blank\" rel=\"noopener noreferrer\">Styria Media International AG A.D. Austrija &#8211; Daily Press DOO Podgorica<\/a><\/p><p><a href=\"http:\/\/jml.test\/1\/doc\/koncentracije\/2009\/Ost%20Holding%20Sudosteuropa%20GmbH%20Bec-Novosti%20A.D.%20Beograd,%20Novosti%20Press%20Podgorica.pdf\" target=\"_blank\" rel=\"noopener noreferrer\">Deutsche Lufthansa AG A.D. Keln &#8211; Austrian Airlines AG Be\u010d<\/a><\/p><p><a href=\"http:\/\/jml.test\/1\/doc\/koncentracije\/2009\/Ost%20Holding%20Sudosteuropa%20GmbH%20Bec-Novosti%20A.D.%20Beograd,%20Novosti%20Press%20Podgorica.pdf\" target=\"_blank\" rel=\"noopener noreferrer\">Ost Holding Sudosteuropa GmbH Be\u010d &#8211; Novosti A.D. Beograd, Novosti Press Podgorica<\/a><\/p><p>\u00a0<\/p><hr \/><p><strong>2008.g.<\/strong><\/p><p><a href=\"http:\/\/jml.test\/1\/doc\/koncentracije\/2008\/Delta%20Generali%20Osiguranje%20A.D.-DC%20Holding%20Podgorica.pdf\" target=\"_blank\" rel=\"noopener noreferrer\">Asseco South Eastern Europe Poljska &#8211; Pexim DOO Beograd, E mon DOO Podgorica<\/a><\/p><p><a href=\"http:\/\/jml.test\/1\/doc\/koncentracije\/2008\/Savezna%20Drzava%20Bavarska-Bayern%20LB%20Holding%20Bavarska-Hypo%20Group.pdf\" target=\"_blank\" rel=\"noopener noreferrer\">Delta Generali Osiguranje A.D. &#8211; DC Holding Podgorica<\/a><\/p><p><a href=\"http:\/\/jml.test\/1\/doc\/koncentracije\/2008\/Erste%20&amp;%20Steiermarkische%20Bank%20DD%20Rijeka-Oppprtunity%20Bank%20A.D.%20Podgorica.pdf\" target=\"_blank\" rel=\"noopener noreferrer\">Savezna Dr\u017eava Bavarska-Bayern LB Holding Bavarska-Hypo Group<\/a><\/p><p><a href=\"http:\/\/jml.test\/1\/doc\/koncentracije\/2008\/Delta%20Maxi%20DOO%20Beograd-Ela%20DOO%20Kotor.pdf\" target=\"_blank\" rel=\"noopener noreferrer\">Erste &amp; Steiermarkische Bank DD Rijeka &#8211; Opportunity Bank A.D. Podgorica<\/a><\/p><p><a href=\"http:\/\/jml.test\/1\/doc\/koncentracije\/2008\/Inbev%20SA%20A.D.%20Brisel-Anheuser%20Busch%20Cmpanies%20SAD.pdf\" target=\"_blank\" rel=\"noopener noreferrer\">Delta Maxi DOO Beograd &#8211; Ela DOO Kotor<\/a><\/p><p><a href=\"http:\/\/jml.test\/1\/doc\/koncentracije\/2008\/Deutshe%20Telekom%20AG%20Bon%20-Hellenic%20Telecommunication%20Organization%20Grcka.pdf\" target=\"_blank\" rel=\"noopener noreferrer\">Inbev SA A.D. Brisel &#8211; Anheuser Busch Companies SAD<\/a><\/p><p><a href=\"http:\/\/jml.test\/1\/doc\/koncentracije\/2008\/Telenor%20Networks%20Holding%20AS-Datametrix%20AS%20Norveska.pdf\" target=\"_blank\" rel=\"noopener noreferrer\">Deutshe Telekom AG Bon &#8211; Hellenic Telecommunication Organization Gr\u010dka<\/a><\/p><p><a href=\"http:\/\/jml.test\/1\/doc\/koncentracije\/2008\/Agrokor%20DD%20Zagreb-Stampa%20A.D.%20Podgorica,%20Trgopress%20A.D.%20Podgorica.pdf\" target=\"_blank\" rel=\"noopener noreferrer\">Telenor Networks Holding AS &#8211; Datametrix AS Norve\u0161ka<\/a><\/p><p><a href=\"http:\/\/jml.test\/1\/doc\/koncentracije\/2008\/Mars-Wrigly%20Jr.Company%20SAD%20-Mars%20Icorporated%20SAD.pdf\" target=\"_blank\" rel=\"noopener noreferrer\">Agrokor DD Zagreb &#8211; \u0160tampa A.D. Podgorica, Trgopress A.D. Podgorica<\/a><\/p><p><a href=\"http:\/\/jml.test\/1\/doc\/koncentracije\/2008\/Telenor%20DOO%20Beograd-Telenor%20Direct%20DOO%20Beograd.pdf\" target=\"_blank\" rel=\"noopener noreferrer\">Mars-Wrigly Jr.Company SAD &#8211; Mars Incorporated SAD<\/a><\/p><p><a href=\"http:\/\/jml.test\/1\/doc\/koncentracije\/2008\/Strabag%20SE%20Austria-Montmontaza%20Hidroinzenjering%20DOO%20Split,%20Montmontaza%20Hidroinzenjering%20Tivat.pdf\" target=\"_blank\" rel=\"noopener noreferrer\">Telenor DOO Beograd &#8211; Telenor Direct DOO Beograd<\/a><\/p><p><a href=\"http:\/\/jml.test\/1\/doc\/koncentracije\/2008\/G4S%20International%20Holdings%20Limited-Progard%20Securitas%20d.o.o.Beograd%20Engleska.pdf\" target=\"_blank\" rel=\"noopener noreferrer\">Strabag SE Austria &#8211; Montmonta\u017ea Hidroinzenjering DOO Split, Montmonta\u017ea Hidroinzenjering Tivat<\/a><\/p><p><a href=\"http:\/\/jml.test\/1\/doc\/koncentracije\/2008\/Cerere%20SpA%20Trst-Knjaz%20Tobacco%20Niksic.pdf\" target=\"_blank\" rel=\"noopener noreferrer\">G4S International Holdings Limited &#8211; Progard Securitas d.o.o.Beograd Engleska<\/a><\/p><p><a href=\"http:\/\/jml.test\/1\/doc\/koncentracije\/2008\/ComTrade%20Group%20Amsterdam-Hermes%20SoftLab%20Ljubljana.pdf\" target=\"_blank\" rel=\"noopener noreferrer\">Cerere SpA Trst &#8211; Knjaz Tobacco Nik\u0161i\u0107<\/a><\/p><p><a href=\"http:\/\/jml.test\/1\/doc\/koncentracije\/2008\/Hemslade%20Trading%20Limited-Celebic%20d.o.o.Podgorica%20-%20Kipar.pdf\" target=\"_blank\" rel=\"noopener noreferrer\">ComTrade Group Amsterdam &#8211; Hermes SoftLab Ljubljana<\/a><\/p><p><a href=\"http:\/\/jml.test\/1\/doc\/koncentracije\/2007\/Telenor%20Communication%20II%20AS%20Norveska-AeroMobile%20Limited.pdf\" target=\"_blank\" rel=\"noopener noreferrer\">Hemslade Trading Limited &#8211; \u010celebi\u0107 d.o.o.Podgorica &#8211; Kipar<\/a><\/p><p><a href=\"http:\/\/jml.test\/1\/doc\/koncentracije\/2007\/Telenor%20Communication%20II%20AS%20Norveska-AeroMobile%20Limited.pdf\" target=\"_blank\" rel=\"noopener noreferrer\">Telenor Communication II AS Norve\u0161ka &#8211; AeroMobile Limited<\/a><\/p><p>\u00a0<\/p><hr \/><p><strong>2007.g.<\/strong><\/p><p><a href=\"http:\/\/jml.test\/1\/doc\/koncentracije\/2007\/Pantomarket%20DOO%20Herceg%20Novi-Plus%20Commerce%20A.D.%20Niksic.pdf\" target=\"_blank\" rel=\"noopener noreferrer\">Asseco South Eastern Europe Poljska &#8211; Pexim DOO Beograd, E mon DOO Podgorica<\/a><\/p><p><a href=\"http:\/\/jml.test\/1\/doc\/koncentracije\/2007\/HVB%20Capital%20Partners%20A.G.%20i%20Comtrade%20Holding%20N.V.-Cometrade%20Group%20B.V.-TradeCom%20MN.%20d.o.o.Podgorica.pdf\" target=\"_blank\" rel=\"noopener noreferrer\">Pantomarket DOO Herceg Novi &#8211; Plus Commerce A.D. Nik\u0161i\u0107<\/a><\/p><p><a href=\"http:\/\/jml.test\/1\/doc\/koncentracije\/2007\/Mercator%20DD%20Slovenija-Mex%20DOO%20Podgorica.pdf\" target=\"_blank\" rel=\"noopener noreferrer\">HVB Capital Partners AG, ComTrade Holding N.V. ComTrade Group BV Roterdam &#8211; TradeCom MN Podgorica<\/a><\/p><p><a href=\"http:\/\/jml.test\/1\/doc\/koncentracije\/2007\/Intereuropa%20DD%20Slovenija-Zetatrans%20A.D.%20Podgorica.pdf\" target=\"_blank\" rel=\"noopener noreferrer\">Mercator DD Slovenija &#8211; Mex DOO Podgorica<\/a><\/p><p><a href=\"http:\/\/jml.test\/1\/doc\/koncentracije\/2007\/Cerere%20SpA-stampa%20DD%20Trst.pdf\" target=\"_blank\" rel=\"noopener noreferrer\">Intereuropa DD Slovenija &#8211; Zetatrans A.D. Podgorica<\/a><\/p><p><a href=\"http:\/\/jml.test\/1\/doc\/koncentracije\/2007\/Pozavarovalnica%20Sava%20A.D.%20Ljubljana-Montenegro%20osiguranje%20A.D.%20Podgorica.pdf\" target=\"_blank\" rel=\"noopener noreferrer\">Cerere SpA DD Trst &#8211; Srna Press DOO, \u0160tampa Plus A.D., \u0160tampa A.D. i Trgopress A.D. Podgorica<\/a><\/p><p><a href=\"http:\/\/jml.test\/1\/doc\/koncentracije\/2007\/Austrian%20Post%20Intenational%20Hungary%20Vagyonkezelo.pdf\" target=\"_blank\" rel=\"noopener noreferrer\">Pozavarovalnica Sava A.D. Ljubljana &#8211; Montenegro osiguranje A.D. Podgorica<\/a><\/p><p><a href=\"http:\/\/jml.test\/1\/doc\/koncentracije\/2007\/Bayerisch%20Landsbank%20Minhen-Hypo%20Alpe%20Adria%20Bank.pdf\" target=\"_blank\" rel=\"noopener noreferrer\">Austrian Post Intenational Hungary Vagyonkezelo es Tanacsado Korlatolt Felelossegu Tarsasag DOO Budimpe\u0161ta &#8211; City Express DOO Beograd-City Express DOO Podgorica<\/a><\/p><p><a href=\"http:\/\/jml.test\/1\/doc\/koncentracije\/2007\/Mesopromet%20DOO%20Bijelo%20Polje%20-%20Prehrana%20A.D.%20Pljevlja.pdf\" target=\"_blank\" rel=\"noopener noreferrer\">Bayerisch Landsbank Minhen-Hypo Alpe Adria Bank International AG Austria-Hypo Alpe Adria Bank Podgorica<\/a><\/p><p><a href=\"http:\/\/jml.test\/1\/doc\/koncentracije\/2007\/Veleron%20Holding%20B.V.%20Amsterdam%20-%20Magna%20International%20INC%20Kanada.pdf\" target=\"_blank\" rel=\"noopener noreferrer\">Mesopromet DOO Bijelo Polje &#8211; Prehrana A.D. Pljevlja<\/a><\/p><p><a href=\"http:\/\/jml.test\/1\/doc\/koncentracije\/2007\/Rasperia%20Trading%20Limited,%20Raiffeisen-Holding%20Niederosterreich-Wien%20i%20UNIQA%20Kipar.pdf\" target=\"_blank\" rel=\"noopener noreferrer\">Veleron Holding B.V. Amsterdam &#8211; Magna International INC Kanada<\/a><\/p><p><a href=\"http:\/\/jml.test\/1\/doc\/koncentracije\/2007\/KBC%20Securites%20N.V.%20DOO%20Brisel-Senzal%20A.D.%20Podgorica.pdf\" target=\"_blank\" rel=\"noopener noreferrer\">Rasperia Trading Limited Kipar &#8211; Raiffeisen Holding Niederosterreich Wien Austria &#8211; UNIQA Austria Strabag AG Podgorica<\/a><\/p><p><a href=\"http:\/\/jml.test\/1\/doc\/koncentracije\/2007\/Knjaz%20DOO%20Niksic-Trgopress%20A.D.%20Podgorica.pdf\" target=\"_blank\" rel=\"noopener noreferrer\">KBC Securites N.V. DOO Brisel &#8211; Senzal A.D. Podgorica<\/a><\/p><p><a href=\"http:\/\/jml.test\/1\/doc\/koncentracije\/2007\/Zavarovalnica%20Triglav%20DD%20Ljubljana-Lovcen%20osiguranje%20A.D.%20Podgorica.pdf\" target=\"_blank\" rel=\"noopener noreferrer\">Knjaz DOO Nik\u0161i\u0107 &#8211; Trgopress A.D. Podgorica<\/a><\/p><p><a href=\"http:\/\/jml.test\/1\/doc\/koncentracije\/2007\/Zavarovalnica%20Triglav%20DD%20Ljubljana-Lovcen%20osiguranje%20A.D.%20Podgorica.pdf\" target=\"_blank\" rel=\"noopener noreferrer\">Zavarovalnica Triglav DD Ljubljana &#8211; Lov\u0107en osiguranje A.D. Podgorica<\/a><\/p><hr \/><p><strong>2006.g.<\/strong><\/p><p><a href=\"http:\/\/jml.test\/1\/doc\/koncentracije\/2006\/OTP%20Bank%20Nyrt%20Budimpesta-CKB%20A.D.%20Podgorica.pdf\" target=\"_blank\" rel=\"noopener noreferrer\">En+Group Limited Jersy &#8211; Saul Partners Limited Bahami- Glencore International AG Svajcarska-United Company Rusal Limited<\/a><\/p><p><a href=\"http:\/\/jml.test\/1\/doc\/koncentracije\/2006\/Telenor%20Communication%20II%20AS%20Norveska-Arinc%20Incorporated%20SAD.pdf\" target=\"_blank\" rel=\"noopener noreferrer\">OTP Bank Nyrt Budimpe\u0161ta &#8211; CKB A.D. Podgorica<\/a><\/p><p><a href=\"http:\/\/jml.test\/1\/doc\/koncentracije\/2006\/FCC%20CONSTRUCCION-Alpine%20DOO%20Podgorica.pdf\" target=\"_blank\" rel=\"noopener noreferrer\">Telenor Communication II AS Norve\u0161ka &#8211; Arinc Incorporated SAD<\/a><\/p><p><a href=\"http:\/\/jml.test\/1\/doc\/koncentracije\/2006\/UNIQUA%20iNTERNACIONAL%20BETEILIGUNGS-VERWALTUNGS%20GmbH%20AUSTRIJA-Zepter%20osiguranje%20a.d.%20Podgorica.pdf\" target=\"_blank\" rel=\"noopener noreferrer\">FCC \u0160panija &#8211; Alpine d.o.o. Podgorica<\/a><\/p><p><a href=\"http:\/\/jml.test\/1\/doc\/koncentracije\/2006\/Messer%20Tehnogas%20A.D.%20Beograd-ProGas%20A.D.%20Podgorica.pdf\" target=\"_blank\" rel=\"noopener noreferrer\">UNIQA International Beteiligungs Verwaltungs GmbH Austria &#8211; Zapter osiguranje A.D. Beograd-Zepter osiguranje A.D. Podgorica<\/a><\/p><p><a href=\"http:\/\/jml.test\/1\/doc\/koncentracije\/2006\/Messer%20Tehnogas%20A.D.%20Beograd-ProGas%20A.D.%20Podgorica.pdf\" target=\"_blank\" rel=\"noopener noreferrer\">Messer Tehnogas A.D. Beograd &#8211; ProGas A.D. Podgorica<\/a><\/p>\t\t\t\t\t\t\t\t<\/div>\n\t\t            <\/div>\n        <\/div>\n                    <\/div>\n        <\/section>\n        \t\t<\/div>\n\t\t","protected":false},"excerpt":{"rendered":"<p>2009.g. Black See-Strabev Sarl Luksemburg-Black Sea Montenegro DOO Podgorica, Trebjesa A.D. Nik\u0161i\u0107 A2A Italija &#8211; Elektroprivreda Crne Gore A.D. Nik\u0161i\u0107 New Forntier South East DOO Bratislava &#8211; SAGA DOO Beograd, SAGA CG DOO Podgorica Rok\u0161ped DOO Podgorica &#8211; \u0160tampa A.D. Podgorica Norking As i Vilaamse Radio-en Televisieomroep NV Styria Media International AG A.D. Austrija &#8211; [&hellip;]<\/p>\n","protected":false},"author":1,"featured_media":0,"parent":0,"menu_order":0,"comment_status":"closed","ping_status":"closed","template":"","meta":{"footnotes":""},"class_list":["post-7215","page","type-page","status-publish","hentry"],"_links":{"self":[{"href":"https:\/\/azzk.me\/en\/wp-json\/wp\/v2\/pages\/7215","targetHints":{"allow":["GET"]}}],"collection":[{"href":"https:\/\/azzk.me\/en\/wp-json\/wp\/v2\/pages"}],"about":[{"href":"https:\/\/azzk.me\/en\/wp-json\/wp\/v2\/types\/page"}],"author":[{"embeddable":true,"href":"https:\/\/azzk.me\/en\/wp-json\/wp\/v2\/users\/1"}],"replies":[{"embeddable":true,"href":"https:\/\/azzk.me\/en\/wp-json\/wp\/v2\/comments?post=7215"}],"version-history":[{"count":1,"href":"https:\/\/azzk.me\/en\/wp-json\/wp\/v2\/pages\/7215\/revisions"}],"predecessor-version":[{"id":7216,"href":"https:\/\/azzk.me\/en\/wp-json\/wp\/v2\/pages\/7215\/revisions\/7216"}],"wp:attachment":[{"href":"https:\/\/azzk.me\/en\/wp-json\/wp\/v2\/media?parent=7215"}],"curies":[{"name":"wp","href":"https:\/\/api.w.org\/{rel}","templated":true}]}}