{"id":7234,"date":"2022-08-30T18:49:48","date_gmt":"2022-08-30T18:49:48","guid":{"rendered":"https:\/\/mawebdesign.me\/nacrti-prijedlozi-i-konacni-tekstovi-strateskih-dokumenata-i-planova-i-programa-za-njihovo-sprovodenje\/"},"modified":"2022-11-07T10:28:05","modified_gmt":"2022-11-07T10:28:05","slug":"drafts-proposals-and-final-texts-of-strategic-documents-and-plans-and-programs-for-their-implementation","status":"publish","type":"page","link":"https:\/\/azzk.me\/en\/drafts-proposals-and-final-texts-of-strategic-documents-and-plans-and-programs-for-their-implementation\/","title":{"rendered":"Drafts, proposals and final texts of strategic documents and plans and programs for their implementation"},"content":{"rendered":"\t\t<div data-elementor-type=\"wp-page\" data-elementor-id=\"7234\" class=\"elementor elementor-7234\" data-elementor-post-type=\"page\">\n\t\t\t\t        <section class=\"elementor-section elementor-top-section elementor-element elementor-element-8c742df elementor-section-boxed elementor-section-height-default elementor-section-height-default ct-header-fixed-none ct-row-max-none\" data-id=\"8c742df\" data-element_type=\"section\" data-e-type=\"section\">\n            \n                        <div class=\"elementor-container elementor-column-gap-default \">\n                    <div class=\"elementor-column elementor-col-100 elementor-top-column elementor-element elementor-element-00fbd37\" data-id=\"00fbd37\" data-element_type=\"column\" data-e-type=\"column\">\n        <div class=\"elementor-widget-wrap elementor-element-populated\">\n                    \n        \r\n\t\t<div class=\"elementor-element elementor-element-5aa32d4 elementor-widget elementor-widget-text-editor\" data-id=\"5aa32d4\" data-element_type=\"widget\" data-e-type=\"widget\" data-widget_type=\"text-editor.default\">\n\t\t\t\t\t\t\t\t\t<p><a href=\"\/wp-content\/uploads\/2022\/08\/2015-09-15_Akcioni-plan.pdf\">Akcioni plan AZZK<\/a><\/p><p><a href=\"\/wp-content\/uploads\/2022\/08\/2015-09-15_Rjesenje-Radna-grupa-za-budzetsko-planiranje-interne-finansijske-procedure.pdf\">Rje\u0161enje o obrazovanju radne grupe za bud\u017eetsko planiranje i interne finansijske procedure<\/a><\/p><p><a href=\"\/wp-content\/uploads\/2022\/08\/RR_AZZK_azuriran_2020_FINAL.pdf\">Registar rizika AZZK (2020. godina)<\/a><\/p><p><a href=\"\/wp-content\/uploads\/2022\/08\/2015-09-14_Registar-Rizika-AZZK-2015.pdf\">Registar rizika AZZK (2015. godina)<\/a><\/p><p><a href=\"\/wp-content\/uploads\/2022\/08\/2015-09-14_Rjesenje-lice-zaduzeno-za-upravljanje-rizicima.pdf\">Rje\u0161enje o odre\u0111ivanju lica zadu\u017eenog za koordinaciju uspostavljanja i sprovo\u0111enja procesa upravljanja rizicima<\/a><\/p><p><a href=\"\/wp-content\/uploads\/2022\/08\/2013-06-18_Rjesenje-lice-zaduzeno-za-uspostavljanje-sprovodjenje-i-razvoj-finansijskog-upravljanja-i-kontrola-u-AZZK.pdf\">Rje\u0161enje o odre\u0111ivanju lica zadu\u017eenog za uspostavljanje, sprovo\u0111enje i razvoj finansijskog upravljanja i kontrola u AZZK<\/a><\/p><p><a href=\"\/wp-content\/uploads\/2022\/08\/2014-04-02_Sporazum-o-povjeravanju-poslova-unutrasnje-revizije.pdf\">Sporazum AZZK i Ministarstva ekonomije o povjeravanju poslova unutra\u0161nje revizije<\/a><\/p><p><a href=\"\/wp-content\/uploads\/2022\/08\/2014-07-21_Pravilnik-sluzbena-vozila-AZZK.pdf\">Pravilnik o uslovima i na\u010dinu kori\u0161\u0107enja slu\u017ebenih vozila Agencije za za\u0161titu konkurencije<\/a><\/p>\t\t\t\t\t\t\t\t<\/div>\n\t\t            <\/div>\n        <\/div>\n                    <\/div>\n        <\/section>\n        \t\t<\/div>\n\t\t","protected":false},"excerpt":{"rendered":"<p>Akcioni plan AZZK Rje\u0161enje o obrazovanju radne grupe za bud\u017eetsko planiranje i interne finansijske procedure Registar rizika AZZK (2020. godina) Registar rizika AZZK (2015. godina) Rje\u0161enje o odre\u0111ivanju lica zadu\u017eenog za koordinaciju uspostavljanja i sprovo\u0111enja procesa upravljanja rizicima Rje\u0161enje o odre\u0111ivanju lica zadu\u017eenog za uspostavljanje, sprovo\u0111enje i razvoj finansijskog upravljanja i kontrola u AZZK Sporazum [&hellip;]<\/p>\n","protected":false},"author":1,"featured_media":0,"parent":0,"menu_order":0,"comment_status":"closed","ping_status":"closed","template":"","meta":{"footnotes":""},"class_list":["post-7234","page","type-page","status-publish","hentry"],"_links":{"self":[{"href":"https:\/\/azzk.me\/en\/wp-json\/wp\/v2\/pages\/7234","targetHints":{"allow":["GET"]}}],"collection":[{"href":"https:\/\/azzk.me\/en\/wp-json\/wp\/v2\/pages"}],"about":[{"href":"https:\/\/azzk.me\/en\/wp-json\/wp\/v2\/types\/page"}],"author":[{"embeddable":true,"href":"https:\/\/azzk.me\/en\/wp-json\/wp\/v2\/users\/1"}],"replies":[{"embeddable":true,"href":"https:\/\/azzk.me\/en\/wp-json\/wp\/v2\/comments?post=7234"}],"version-history":[{"count":3,"href":"https:\/\/azzk.me\/en\/wp-json\/wp\/v2\/pages\/7234\/revisions"}],"predecessor-version":[{"id":8166,"href":"https:\/\/azzk.me\/en\/wp-json\/wp\/v2\/pages\/7234\/revisions\/8166"}],"wp:attachment":[{"href":"https:\/\/azzk.me\/en\/wp-json\/wp\/v2\/media?parent=7234"}],"curies":[{"name":"wp","href":"https:\/\/api.w.org\/{rel}","templated":true}]}}