{"id":7339,"date":"2022-09-25T21:22:16","date_gmt":"2022-09-25T21:22:16","guid":{"rendered":"https:\/\/mawebdesign.me\/?page_id=7339"},"modified":"2025-08-08T09:13:04","modified_gmt":"2025-08-08T09:13:04","slug":"info-vodici","status":"publish","type":"page","link":"https:\/\/azzk.me\/en\/info-vodici\/","title":{"rendered":"Info\/vodi\u010di"},"content":{"rendered":"\t\t<div data-elementor-type=\"wp-page\" data-elementor-id=\"7339\" class=\"elementor elementor-7339\" data-elementor-post-type=\"page\">\n\t\t\t\t        <section class=\"elementor-section elementor-top-section elementor-element elementor-element-1cbe8ea elementor-section-boxed elementor-section-height-default elementor-section-height-default ct-header-fixed-none ct-row-max-none\" data-id=\"1cbe8ea\" data-element_type=\"section\" data-e-type=\"section\">\n            \n                        <div class=\"elementor-container elementor-column-gap-default \">\n                    <div class=\"elementor-column elementor-col-100 elementor-top-column elementor-element elementor-element-b406fb9\" data-id=\"b406fb9\" data-element_type=\"column\" data-e-type=\"column\">\n        <div class=\"elementor-widget-wrap elementor-element-populated\">\n                    \n        \r\n\t\t<div class=\"elementor-element elementor-element-232b04d elementor-widget elementor-widget-text-editor\" data-id=\"232b04d\" data-element_type=\"widget\" data-e-type=\"widget\" data-widget_type=\"text-editor.default\">\n\t\t\t\t\t\t\t\t\t<p><a href=\"https:\/\/azzk.me\/wp-content\/uploads\/2025\/08\/Drzavna-pomoc-Smjernice-za-davaoce-i-korisnike-28.07.2025.pdf\">Dr\u017eavna pomo\u0107 &#8211; Smjernice za davaoce i korisnike (28.07.2025)<\/a><\/p><p><a href=\"\/wp-content\/uploads\/2022\/09\/Vodic-kroz-drzavne-pomoci.pdf\">Vodi\u010d kroz dr\u017eavne pomo\u0107i<\/a><\/p><p><a href=\"\/wp-content\/uploads\/2022\/09\/Prirucnik-o-primjeni-pravila-DP-za-biznis-zone-1.pdf\">Priru\u010dnik o primjeni pravila dr\u017eavne pomo\u0107i za biznis zone<\/a><\/p><p><a href=\"\/wp-content\/uploads\/2022\/09\/Prirucnik-o-uslugama-od-opsteg-ekonomskog-interesa-i-DP.pdf\">Priru\u010dnik o uslugama od op\u0161teg ekonomskog interesa i dr\u017eavnoj pomo\u0107i<\/a><\/p><p><a href=\"\/wp-content\/uploads\/2022\/09\/Prirucnik-o-primjeni-pravila-o-DP.pdf\">Priru\u010dnik o primjeni pravila o dr\u017eavnoj pomo\u0107i<\/a><\/p><p><a href=\"\/wp-content\/uploads\/2022\/09\/Prirucnik-o-iskustvu-u-pristupnim-pregovorima.pdf\">Priru\u010dnik o iskustvu u pristupnim pregovorima<\/a><\/p><p><a href=\"\/wp-content\/uploads\/2022\/09\/Prirucnik-o-de-minimis-pomocima.pdf\">Priru\u010dnik o de minimis pomo\u0107ima<\/a><\/p>\t\t\t\t\t\t\t\t<\/div>\n\t\t            <\/div>\n        <\/div>\n                    <\/div>\n        <\/section>\n        \t\t<\/div>\n\t\t","protected":false},"excerpt":{"rendered":"<p>Dr\u017eavna pomo\u0107 &#8211; Smjernice za davaoce i korisnike (28.07.2025) Vodi\u010d kroz dr\u017eavne pomo\u0107i Priru\u010dnik o primjeni pravila dr\u017eavne pomo\u0107i za biznis zone Priru\u010dnik o uslugama od op\u0161teg ekonomskog interesa i dr\u017eavnoj pomo\u0107i Priru\u010dnik o primjeni pravila o dr\u017eavnoj pomo\u0107i Priru\u010dnik o iskustvu u pristupnim pregovorima Priru\u010dnik o de minimis pomo\u0107ima<\/p>\n","protected":false},"author":1,"featured_media":0,"parent":0,"menu_order":0,"comment_status":"closed","ping_status":"closed","template":"","meta":{"footnotes":""},"class_list":["post-7339","page","type-page","status-publish","hentry"],"_links":{"self":[{"href":"https:\/\/azzk.me\/en\/wp-json\/wp\/v2\/pages\/7339","targetHints":{"allow":["GET"]}}],"collection":[{"href":"https:\/\/azzk.me\/en\/wp-json\/wp\/v2\/pages"}],"about":[{"href":"https:\/\/azzk.me\/en\/wp-json\/wp\/v2\/types\/page"}],"author":[{"embeddable":true,"href":"https:\/\/azzk.me\/en\/wp-json\/wp\/v2\/users\/1"}],"replies":[{"embeddable":true,"href":"https:\/\/azzk.me\/en\/wp-json\/wp\/v2\/comments?post=7339"}],"version-history":[{"count":14,"href":"https:\/\/azzk.me\/en\/wp-json\/wp\/v2\/pages\/7339\/revisions"}],"predecessor-version":[{"id":13143,"href":"https:\/\/azzk.me\/en\/wp-json\/wp\/v2\/pages\/7339\/revisions\/13143"}],"wp:attachment":[{"href":"https:\/\/azzk.me\/en\/wp-json\/wp\/v2\/media?parent=7339"}],"curies":[{"name":"wp","href":"https:\/\/api.w.org\/{rel}","templated":true}]}}