{"id":7475,"date":"2022-09-25T23:25:38","date_gmt":"2022-09-25T23:25:38","guid":{"rendered":"https:\/\/mawebdesign.me\/?page_id=7475"},"modified":"2026-02-26T15:02:27","modified_gmt":"2026-02-26T15:02:27","slug":"uredbe-dp","status":"publish","type":"page","link":"https:\/\/azzk.me\/en\/uredbe-dp\/","title":{"rendered":"Uredbe"},"content":{"rendered":"\t\t<div data-elementor-type=\"wp-page\" data-elementor-id=\"7475\" class=\"elementor elementor-7475\" data-elementor-post-type=\"page\">\n\t\t\t\t        <section class=\"elementor-section elementor-top-section elementor-element elementor-element-d8ef922 elementor-section-boxed elementor-section-height-default elementor-section-height-default ct-header-fixed-none ct-row-max-none\" data-id=\"d8ef922\" data-element_type=\"section\" data-e-type=\"section\">\n            \n                        <div class=\"elementor-container elementor-column-gap-default \">\n                    <div class=\"elementor-column elementor-col-100 elementor-top-column elementor-element elementor-element-9b3d23c\" data-id=\"9b3d23c\" data-element_type=\"column\" data-e-type=\"column\">\n        <div class=\"elementor-widget-wrap elementor-element-populated\">\n                    \n        \r\n\t\t<div class=\"elementor-element elementor-element-e739454 elementor-widget elementor-widget-text-editor\" data-id=\"e739454\" data-element_type=\"widget\" data-e-type=\"widget\" data-widget_type=\"text-editor.default\">\n\t\t\t\t\t\t\t\t\t<p><a href=\"https:\/\/azzk.me\/wp-content\/uploads\/2026\/02\/Uredba-o-blizim-uslovima-za-dodjelu-drzavne-pomoci.pdf\"><i>Uredba o bli\u017eim uslovima za dodjelu dr\u017eavne pomo\u0107i (&#8220;Slu\u017ebeni list CG&#8221;, br. 158\/2025)<\/i><\/a><\/p><p>\u00a0<\/p>\t\t\t\t\t\t\t\t<\/div>\n\t\t            <\/div>\n        <\/div>\n                    <\/div>\n        <\/section>\n        \t\t<\/div>\n\t\t","protected":false},"excerpt":{"rendered":"<p>Uredba o bli\u017eim uslovima za dodjelu dr\u017eavne pomo\u0107i (&#8220;Slu\u017ebeni list CG&#8221;, br. 158\/2025) \u00a0<\/p>\n","protected":false},"author":1,"featured_media":0,"parent":0,"menu_order":0,"comment_status":"closed","ping_status":"closed","template":"","meta":{"footnotes":""},"class_list":["post-7475","page","type-page","status-publish","hentry"],"_links":{"self":[{"href":"https:\/\/azzk.me\/en\/wp-json\/wp\/v2\/pages\/7475","targetHints":{"allow":["GET"]}}],"collection":[{"href":"https:\/\/azzk.me\/en\/wp-json\/wp\/v2\/pages"}],"about":[{"href":"https:\/\/azzk.me\/en\/wp-json\/wp\/v2\/types\/page"}],"author":[{"embeddable":true,"href":"https:\/\/azzk.me\/en\/wp-json\/wp\/v2\/users\/1"}],"replies":[{"embeddable":true,"href":"https:\/\/azzk.me\/en\/wp-json\/wp\/v2\/comments?post=7475"}],"version-history":[{"count":11,"href":"https:\/\/azzk.me\/en\/wp-json\/wp\/v2\/pages\/7475\/revisions"}],"predecessor-version":[{"id":13859,"href":"https:\/\/azzk.me\/en\/wp-json\/wp\/v2\/pages\/7475\/revisions\/13859"}],"wp:attachment":[{"href":"https:\/\/azzk.me\/en\/wp-json\/wp\/v2\/media?parent=7475"}],"curies":[{"name":"wp","href":"https:\/\/api.w.org\/{rel}","templated":true}]}}