{"id":7523,"date":"2022-11-01T08:21:48","date_gmt":"2022-11-01T08:21:48","guid":{"rendered":"https:\/\/mawebdesign.me\/?page_id=7523"},"modified":"2026-01-21T16:34:11","modified_gmt":"2026-01-21T16:34:11","slug":"biblioteka-dp","status":"publish","type":"page","link":"https:\/\/azzk.me\/en\/biblioteka-dp\/","title":{"rendered":"Odluke"},"content":{"rendered":"\t\t<div data-elementor-type=\"wp-page\" data-elementor-id=\"7523\" class=\"elementor elementor-7523\" data-elementor-post-type=\"page\">\n\t\t\t\t        <section class=\"elementor-section elementor-top-section elementor-element elementor-element-1515eda elementor-section-boxed elementor-section-height-default elementor-section-height-default ct-header-fixed-none ct-row-max-none\" data-id=\"1515eda\" data-element_type=\"section\" data-e-type=\"section\">\n            \n                        <div class=\"elementor-container elementor-column-gap-default \">\n                    <div class=\"elementor-column elementor-col-100 elementor-top-column elementor-element elementor-element-f7d0b2c\" data-id=\"f7d0b2c\" data-element_type=\"column\" data-e-type=\"column\">\n        <div class=\"elementor-widget-wrap elementor-element-populated\">\n                    \n        \r\n\t\t<div class=\"elementor-element elementor-element-e02b28e elementor-widget elementor-widget-text-editor\" data-id=\"e02b28e\" data-element_type=\"widget\" data-e-type=\"widget\" data-widget_type=\"text-editor.default\">\n\t\t\t\t\t\t\t\t\t<h5 style=\"text-align: center;\">Rje\u0161enja i mi\u0161ljenja dr\u017eavne pomo\u0107i<\/h5><p style=\"text-align: center;\"><a href=\"https:\/\/azzk.me\/rjesenja-drzavna-pomoc-2026\/\"><strong>\u00a0 \u00a0 \u00a0 \u00a0 \u00a0 \u00a0<\/strong><strong>2026.godina<\/strong><\/a><\/p><p style=\"text-align: center;\"><strong><em>\u00a0 \u00a0 \u00a0 \u00a0 \u00a0 \u00a0 \u00a0 \u00a0 \u00a0<a href=\"https:\/\/azzk.me\/rjesenja-drzavna-pomoc-2025\/\"> 2025.godina\u00a0<\/a> \u00a0 \u00a0 \u00a0\u00a0<\/em><\/strong><\/p><p style=\"text-align: center;\"><strong><em>\u00a0 \u00a0 \u00a0 \u00a0 \u00a0 \u00a0<\/em><\/strong><a href=\"https:\/\/azzk.me\/rjesenja-drzavna-pomoc-2024\/\"><span style=\"text-decoration: underline;\"><strong><em>2024.godina<\/em><\/strong><\/span><\/a><\/p><p style=\"text-align: center; padding-left: 40px;\"><a href=\"\/odluke-drzavna-pomoc-2023-godina\/\"><span style=\"text-decoration: underline;\"><em><strong>2023. godina<\/strong><\/em><\/span><\/a><\/p><p style=\"text-align: center; padding-left: 40px;\"><span style=\"text-decoration: underline;\"><em><strong><a style=\"text-decoration: underline;\" href=\"\/rjesenja-2022-godina-2\/\">2022. godina<\/a><\/strong><\/em><\/span><\/p><p style=\"text-align: center; padding-left: 40px;\"><span style=\"text-decoration: underline;\"><em><strong><a style=\"text-decoration: underline;\" href=\"\/rjesenja-2021-godina-2\/\">2021. godina<\/a><\/strong><\/em><\/span><\/p><p style=\"text-align: center; padding-left: 40px;\"><span style=\"text-decoration: underline;\"><em><strong><a style=\"text-decoration: underline;\" href=\"\/rjesenja-2020-godina-2\/\">2020. godina<\/a><\/strong><\/em><\/span><\/p><p style=\"text-align: center; padding-left: 40px;\"><span style=\"text-decoration: underline;\"><em><strong><a style=\"text-decoration: underline;\" href=\"\/rjesenja-2019-godina\/\">2019. godina<\/a><\/strong><\/em><\/span><\/p><p style=\"text-align: center; padding-left: 40px;\"><span style=\"text-decoration: underline;\"><em><strong><a style=\"text-decoration: underline;\" href=\"\/rjesenja-2018-godina\/\">2018. godina<\/a><\/strong><\/em><\/span><\/p><p style=\"text-align: center; padding-left: 40px;\"><span style=\"text-decoration: underline;\"><em><strong><a style=\"text-decoration: underline;\" href=\"\/rjesenja-2017-godina\/\">2017. godina<\/a><\/strong><\/em><\/span><\/p><p style=\"text-align: center; padding-left: 40px;\"><span style=\"text-decoration: underline;\"><em><strong><a style=\"text-decoration: underline;\" href=\"\/rjesenja-2016-godina\/\">2016. godina<\/a><\/strong><\/em><\/span><\/p><p style=\"text-align: center; padding-left: 40px;\"><span style=\"text-decoration: underline;\"><em><strong><a style=\"text-decoration: underline;\" href=\"https:\/\/azzk.me\/rjesenja-2015-dp\/\">2015. godina<\/a><\/strong><\/em><\/span><\/p><p style=\"text-align: center; padding-left: 40px;\"><span style=\"text-decoration: underline;\"><em><strong><a style=\"text-decoration: underline;\" href=\"https:\/\/azzk.me\/rjesenja-2014-dp\/\">2014. godina<\/a><\/strong><\/em><\/span><\/p><p style=\"text-align: center; padding-left: 40px;\"><span style=\"text-decoration: underline;\"><em><strong><a style=\"text-decoration: underline;\" href=\"\/rjesenja-2013-godina\/\">2013. godina<\/a><\/strong><\/em><\/span><\/p><p style=\"text-align: center; padding-left: 40px;\"><span style=\"text-decoration: underline;\"><em><strong><a style=\"text-decoration: underline;\" href=\"\/rjesenja-2012-dp\/\">2012. godina<\/a><\/strong><\/em><\/span><\/p><p style=\"text-align: center; padding-left: 40px;\"><span style=\"text-decoration: underline;\"><em><strong><a style=\"text-decoration: underline;\" href=\"\/rjesenja-2011-dp\/\">2011. godina<\/a><\/strong><\/em><\/span><\/p>\t\t\t\t\t\t\t\t<\/div>\n\t\t            <\/div>\n        <\/div>\n                    <\/div>\n        <\/section>\n        \t\t<\/div>\n\t\t","protected":false},"excerpt":{"rendered":"<p>Rje\u0161enja i mi\u0161ljenja dr\u017eavne pomo\u0107i \u00a0 \u00a0 \u00a0 \u00a0 \u00a0 \u00a02026.godina \u00a0 \u00a0 \u00a0 \u00a0 \u00a0 \u00a0 \u00a0 \u00a0 \u00a0 2025.godina\u00a0 \u00a0 \u00a0 \u00a0\u00a0 \u00a0 \u00a0 \u00a0 \u00a0 \u00a0 \u00a02024.godina 2023. godina 2022. godina 2021. godina 2020. godina 2019. godina 2018. godina 2017. godina 2016. godina 2015. godina 2014. godina 2013. godina 2012. godina 2011. [&hellip;]<\/p>\n","protected":false},"author":1,"featured_media":0,"parent":0,"menu_order":0,"comment_status":"closed","ping_status":"closed","template":"","meta":{"footnotes":""},"class_list":["post-7523","page","type-page","status-publish","hentry"],"_links":{"self":[{"href":"https:\/\/azzk.me\/en\/wp-json\/wp\/v2\/pages\/7523","targetHints":{"allow":["GET"]}}],"collection":[{"href":"https:\/\/azzk.me\/en\/wp-json\/wp\/v2\/pages"}],"about":[{"href":"https:\/\/azzk.me\/en\/wp-json\/wp\/v2\/types\/page"}],"author":[{"embeddable":true,"href":"https:\/\/azzk.me\/en\/wp-json\/wp\/v2\/users\/1"}],"replies":[{"embeddable":true,"href":"https:\/\/azzk.me\/en\/wp-json\/wp\/v2\/comments?post=7523"}],"version-history":[{"count":67,"href":"https:\/\/azzk.me\/en\/wp-json\/wp\/v2\/pages\/7523\/revisions"}],"predecessor-version":[{"id":13695,"href":"https:\/\/azzk.me\/en\/wp-json\/wp\/v2\/pages\/7523\/revisions\/13695"}],"wp:attachment":[{"href":"https:\/\/azzk.me\/en\/wp-json\/wp\/v2\/media?parent=7523"}],"curies":[{"name":"wp","href":"https:\/\/api.w.org\/{rel}","templated":true}]}}