{"id":7532,"date":"2022-11-01T09:08:42","date_gmt":"2022-11-01T09:08:42","guid":{"rendered":"https:\/\/mawebdesign.me\/?page_id=7532"},"modified":"2022-12-12T18:13:56","modified_gmt":"2022-12-12T18:13:56","slug":"rjesenja-2011-dp","status":"publish","type":"page","link":"https:\/\/azzk.me\/en\/rjesenja-2011-dp\/","title":{"rendered":"Rjesenja 2011 DP"},"content":{"rendered":"\t\t<div data-elementor-type=\"wp-page\" data-elementor-id=\"7532\" class=\"elementor elementor-7532\" data-elementor-post-type=\"page\">\n\t\t\t\t        <section class=\"elementor-section elementor-top-section elementor-element elementor-element-0df7869 elementor-section-boxed elementor-section-height-default elementor-section-height-default ct-header-fixed-none ct-row-max-none\" data-id=\"0df7869\" data-element_type=\"section\" data-e-type=\"section\">\n            \n                        <div class=\"elementor-container elementor-column-gap-default \">\n                    <div class=\"elementor-column elementor-col-100 elementor-top-column elementor-element elementor-element-5872513\" data-id=\"5872513\" data-element_type=\"column\" data-e-type=\"column\">\n        <div class=\"elementor-widget-wrap elementor-element-populated\">\n                    \n        \r\n\t\t<div class=\"elementor-element elementor-element-96abac4 elementor-widget elementor-widget-text-editor\" data-id=\"96abac4\" data-element_type=\"widget\" data-e-type=\"widget\" data-widget_type=\"text-editor.default\">\n\t\t\t\t\t\t\t\t\t<p><a href=\"https:\/\/azzk.me\/wp-content\/uploads\/2022\/11\/2011-01-25_MEK-Plan-restrukturiranja-Bega-Press-u-stecaju.pdf\">Ministarstvo ekonomije &#8211; Plan restrukturiranja Bega Press u stecaju (25.01.2011)<\/a><\/p><p><a href=\"https:\/\/azzk.me\/wp-content\/uploads\/2022\/11\/2011-02-23_MK-Program-pomoci-emiterima-elektr-medijima.pdf\">Ministarstvo Kulture\u00a0 &#8211; Program pomoci emiterima\/elektronskim medijima (23.02.2011)<\/a><\/p><p><a href=\"https:\/\/azzk.me\/wp-content\/uploads\/2022\/11\/2011-03-02_IRF-Godisnji-plan-za-2011.pdf\">Investiciono-razvojni fond &#8211; Godi\u0161nji plan za 2011.godinu (02.03.2011)<\/a><\/p><p><a href=\"https:\/\/azzk.me\/wp-content\/uploads\/2022\/11\/2011-03-29_Zakljucak-MSaobracaja-garancije-za-MA.pdf\">Ministarstvo saobra\u0107aja i pomorstva &#8211; Garancije za Montenegro Airlines (29.03.2011)<\/a><\/p><p><a href=\"https:\/\/azzk.me\/wp-content\/uploads\/2022\/11\/2011-04-15_Zakljucak-Prijava-Jugopetrol.pdf\">Jugopetrol AD Kotor &#8211; Prijava Montenegro Bonus (15.04.2011)<\/a><\/p><p><a href=\"https:\/\/azzk.me\/wp-content\/uploads\/2022\/11\/2011-05-25_MEK-Plan-restrukturiranja-AD-Lenka-BP.pdf\">Ministarstvo ekonomije &#8211; Plan restrukturiranja dru\u0161tva AD \u201eLenka\u201c Bijelo Polje (25.05.2011)<\/a><\/p><p><a href=\"https:\/\/azzk.me\/wp-content\/uploads\/2022\/11\/2011-05-27_MK-Prijavljena-DP-za-2011.pdf\">Ministarstvo ekonomije &#8211; Plan restrukturiranja Fabrike elektroda PIVA AD Plu\u017eine (27.05.2011)s<\/a><\/p><p><a href=\"https:\/\/azzk.me\/wp-content\/uploads\/2022\/11\/2011-05-27_MK-Prijavljena-DP-za-2011.pdf\">Ministarstvo kulture &#8211; Program dr\u017eavne pomo\u0107i Ministarstva kulture za 2011. godinu (27.05.2011)<\/a><\/p><p><a href=\"https:\/\/azzk.me\/wp-content\/uploads\/2022\/11\/2011-05-27_Zakljucak-MSaobracaja-garancije-za-Zeljeznicki-prevoz.pdf\">\u017deljezni\u010dki prevoz Crne Gore AD &#8211; Prijava za izdavanje garancije dr\u017eaveza investiciono odr\u017eavanje voznih sredstava \u017deljezni\u010dkog prevoza AD (27.05.2011)<\/a><\/p><p><a href=\"https:\/\/azzk.me\/wp-content\/uploads\/2022\/11\/2011-05-27_ZZZCG-Program-subvenc-zaposlj-mladih-za-2011.pdf\">Zavod za zapo\u0161ljavanje Crne Gore &#8211; Programu subvencionisanog zapo\u0161ljavanja mladih za 2011. godinu (27.05.2011)<\/a><\/p><p><a href=\"https:\/\/azzk.me\/wp-content\/uploads\/2022\/11\/2011-11-14_MSaobracaja-Program-obnove-voznog-parka-cg-prevoznika.pdf\">Ministarstvo saobra\u0107aja i pomorstva &#8211; Programu obnove voznog parka crnogorskih prevoznika ekolo\u0161ki naprednijim vozilima (14.11.2011)<\/a><\/p><p><a href=\"https:\/\/azzk.me\/wp-content\/uploads\/2022\/11\/2011-12-12_Zakljucak-MSaobracaja-Prijava-DP-ZICG.pdf\">\u017deljezni\u010dka infrastruktura Crne Gore AD &#8211; Prijava dr\u017eavne pomo\u0107i \u017deljezni\u010dkoj infrastrukturi Crne Gore AD Podgorica (12.12.2011)<\/a><\/p>\t\t\t\t\t\t\t\t<\/div>\n\t\t            <\/div>\n        <\/div>\n                    <\/div>\n        <\/section>\n        \t\t<\/div>\n\t\t","protected":false},"excerpt":{"rendered":"<p>Ministarstvo ekonomije &#8211; Plan restrukturiranja Bega Press u stecaju (25.01.2011) Ministarstvo Kulture\u00a0 &#8211; Program pomoci emiterima\/elektronskim medijima (23.02.2011) Investiciono-razvojni fond &#8211; Godi\u0161nji plan za 2011.godinu (02.03.2011) Ministarstvo saobra\u0107aja i pomorstva &#8211; Garancije za Montenegro Airlines (29.03.2011) Jugopetrol AD Kotor &#8211; Prijava Montenegro Bonus (15.04.2011) Ministarstvo ekonomije &#8211; Plan restrukturiranja dru\u0161tva AD \u201eLenka\u201c Bijelo Polje (25.05.2011) [&hellip;]<\/p>\n","protected":false},"author":1,"featured_media":0,"parent":0,"menu_order":0,"comment_status":"closed","ping_status":"closed","template":"","meta":{"footnotes":""},"class_list":["post-7532","page","type-page","status-publish","hentry"],"_links":{"self":[{"href":"https:\/\/azzk.me\/en\/wp-json\/wp\/v2\/pages\/7532","targetHints":{"allow":["GET"]}}],"collection":[{"href":"https:\/\/azzk.me\/en\/wp-json\/wp\/v2\/pages"}],"about":[{"href":"https:\/\/azzk.me\/en\/wp-json\/wp\/v2\/types\/page"}],"author":[{"embeddable":true,"href":"https:\/\/azzk.me\/en\/wp-json\/wp\/v2\/users\/1"}],"replies":[{"embeddable":true,"href":"https:\/\/azzk.me\/en\/wp-json\/wp\/v2\/comments?post=7532"}],"version-history":[{"count":41,"href":"https:\/\/azzk.me\/en\/wp-json\/wp\/v2\/pages\/7532\/revisions"}],"predecessor-version":[{"id":8661,"href":"https:\/\/azzk.me\/en\/wp-json\/wp\/v2\/pages\/7532\/revisions\/8661"}],"wp:attachment":[{"href":"https:\/\/azzk.me\/en\/wp-json\/wp\/v2\/media?parent=7532"}],"curies":[{"name":"wp","href":"https:\/\/api.w.org\/{rel}","templated":true}]}}