{"id":7594,"date":"2022-11-01T09:40:55","date_gmt":"2022-11-01T09:40:55","guid":{"rendered":"https:\/\/mawebdesign.me\/?page_id=7594"},"modified":"2022-12-12T18:32:11","modified_gmt":"2022-12-12T18:32:11","slug":"rjesenja-2012-dp","status":"publish","type":"page","link":"https:\/\/azzk.me\/en\/rjesenja-2012-dp\/","title":{"rendered":"Rjesenja 2012 DP"},"content":{"rendered":"\t\t<div data-elementor-type=\"wp-page\" data-elementor-id=\"7594\" class=\"elementor elementor-7594\" data-elementor-post-type=\"page\">\n\t\t\t\t        <section class=\"elementor-section elementor-top-section elementor-element elementor-element-144c281 elementor-section-boxed elementor-section-height-default elementor-section-height-default ct-header-fixed-none ct-row-max-none\" data-id=\"144c281\" data-element_type=\"section\" data-e-type=\"section\">\n            \n                        <div class=\"elementor-container elementor-column-gap-default \">\n                    <div class=\"elementor-column elementor-col-100 elementor-top-column elementor-element elementor-element-e6c8fe1\" data-id=\"e6c8fe1\" data-element_type=\"column\" data-e-type=\"column\">\n        <div class=\"elementor-widget-wrap elementor-element-populated\">\n                    \n        \r\n\t\t<div class=\"elementor-element elementor-element-4b43830 elementor-widget elementor-widget-text-editor\" data-id=\"4b43830\" data-element_type=\"widget\" data-e-type=\"widget\" data-widget_type=\"text-editor.default\">\n\t\t\t\t\t\t\t\t\t<p><a href=\"https:\/\/azzk.me\/wp-content\/uploads\/2022\/11\/2012-02-17_MEK-razvoj-konkurentnosti-MSP-Sjeverni-region.pdf\">Ministarstvo ekonomije &#8211; Programu podsticanja razvoja konkurentnosti preduzetnika, mikro, malih i srednjih preduze\u0107a u Sjevernom regionu Crne Gore i manje razvijenim op\u0161tinama (17.02.2012)<\/a><\/p><p><a href=\"https:\/\/azzk.me\/wp-content\/uploads\/2022\/11\/2012-02-17_IRF-Godisnji-plan-za-2012.pdf\">Investiciono-razvojni fond &#8211; Godi\u0161nji\u00a0 plan rada za 2012. godinu (17.02.2012)<\/a><\/p><p><a href=\"https:\/\/azzk.me\/wp-content\/uploads\/2022\/11\/2012-02-27_MK-Program-DP-za-2012.pdf\">Ministarstvo kulture &#8211; Nacrt programa dr\u017eavne pomo\u0107i Ministarstva kulture za 2012. godinu (27.02.2012)<\/a><\/p><p><a href=\"https:\/\/azzk.me\/wp-content\/uploads\/2022\/11\/2012-02-27_Zakljucak-MF-Davanje-hipoteke-MNE-Bonus.pdf\">Ministarstvo finasija &#8211; Davanje hipoteke kao oblika dr\u017eavne garancije (27.02.2012)<\/a><\/p><p><a href=\"https:\/\/azzk.me\/wp-content\/uploads\/2022\/11\/2012-05-18_DMSP-DP-MSP-za-2012-projekat-Vaucerske-seme.pdf\">Direkcija za mala i srednja preduze\u0107a &#8211; projekat \u201eVau\u010derske \u0161eme\u201c (18.05.2012)<\/a><\/p><p><a href=\"https:\/\/azzk.me\/wp-content\/uploads\/2022\/11\/2012-05-18_ZZZCG-Projekat-Radna-praksa-za-visokoskolce.pdf\">Zavod za zapo\u0161ljavanje Crne Gore &#8211; projekat Radna praksa za\u00a0 visoko\u0161kolce (18.05.2012)<\/a><\/p><p><a href=\"https:\/\/azzk.me\/wp-content\/uploads\/2022\/11\/2012-05-18_ZZZCG-subv-zaposlj-mladih-na-sezonskim-poslovima-2011-dopuna.pdf\">Zavod za zapo\u0161ljavanje Crne Gore &#8211; Program subvencionisanog zapo\u0161ljavanja mladih za 2011. godinu (18.05.2012)<\/a><\/p><p><a href=\"https:\/\/azzk.me\/wp-content\/uploads\/2022\/11\/2012-05-18_ZZZCG-subvencionirano-zaposlj-mladih-na-sezonskim-poslovima-2012.pdf\">Zavod za zapo\u0161ljavanje Crne Gore &#8211; Program subvencionirano zapo\u0161ljavanje mladih na sezonskim poslovima \u2013 2012 (18.05.2012)<\/a><\/p><p><a href=\"https:\/\/azzk.me\/wp-content\/uploads\/2022\/11\/2012-06-01_MEK-Povracaj-neuskladjene-pomoci-KAP.pdf\">Kombinat Aluminijuma Podgorica &#8211; povra\u0107aja neuskla\u0111ene dodijeljene dr\u017eavne pomo\u0107i (01.06.2012)<\/a><\/p><p><a href=\"https:\/\/azzk.me\/wp-content\/uploads\/2022\/11\/2012-06-01_MEK-razvoj-konkurentnosti-MSP-Sjeverni-region.pdf\">Ministarstvo ekonomije &#8211; Programu podsticanja razvoja konkurentnosti preduzetnika, mikro, malih i srednjih preduze\u0107a u Sjevernom regionu Crne Gore i manje razvijenim op\u0161tinama za 2012. godinu (01.06.2012)<\/a><\/p><p><a href=\"https:\/\/azzk.me\/wp-content\/uploads\/2022\/11\/2012-06-20_MSaobracaja-Plan-restrukturiranja-MNE-Airlines.pdf\">Ministarstvo pomorstva i saobra\u0107aja &#8211; Plan restrukturiranja Montenegro Airlines-a AD Podgorica (20.06.2012)<\/a><\/p><p><a href=\"https:\/\/azzk.me\/wp-content\/uploads\/2022\/11\/2012-09-14_IRF-Godisnji-plan-za-2012-izmjene.pdf\">Investiciono-razvojni fond &#8211; Godi\u0161nji plan rada Investiciono-razvojnog fonda Crne Gore (14.09.2012)<\/a><\/p><p><a href=\"https:\/\/azzk.me\/wp-content\/uploads\/2022\/11\/2012-09-14_MEK-razvoj-klastera-u-Sjevernom-regionu.pdf\">Ministarstvo ekonomije &#8211; Programu podsticanja razvoja klastera u Sjevernom regionu i manje razvijenim op\u0161tinama Crne Gore za 2012. \u2013 2016 (14.09.2012)<\/a><\/p>\t\t\t\t\t\t\t\t<\/div>\n\t\t            <\/div>\n        <\/div>\n                    <\/div>\n        <\/section>\n        \t\t<\/div>\n\t\t","protected":false},"excerpt":{"rendered":"<p>Ministarstvo ekonomije &#8211; Programu podsticanja razvoja konkurentnosti preduzetnika, mikro, malih i srednjih preduze\u0107a u Sjevernom regionu Crne Gore i manje razvijenim op\u0161tinama (17.02.2012) Investiciono-razvojni fond &#8211; Godi\u0161nji\u00a0 plan rada za 2012. godinu (17.02.2012) Ministarstvo kulture &#8211; Nacrt programa dr\u017eavne pomo\u0107i Ministarstva kulture za 2012. godinu (27.02.2012) Ministarstvo finasija &#8211; Davanje hipoteke kao oblika dr\u017eavne garancije [&hellip;]<\/p>\n","protected":false},"author":1,"featured_media":0,"parent":0,"menu_order":0,"comment_status":"closed","ping_status":"closed","template":"","meta":{"footnotes":""},"class_list":["post-7594","page","type-page","status-publish","hentry"],"_links":{"self":[{"href":"https:\/\/azzk.me\/en\/wp-json\/wp\/v2\/pages\/7594","targetHints":{"allow":["GET"]}}],"collection":[{"href":"https:\/\/azzk.me\/en\/wp-json\/wp\/v2\/pages"}],"about":[{"href":"https:\/\/azzk.me\/en\/wp-json\/wp\/v2\/types\/page"}],"author":[{"embeddable":true,"href":"https:\/\/azzk.me\/en\/wp-json\/wp\/v2\/users\/1"}],"replies":[{"embeddable":true,"href":"https:\/\/azzk.me\/en\/wp-json\/wp\/v2\/comments?post=7594"}],"version-history":[{"count":29,"href":"https:\/\/azzk.me\/en\/wp-json\/wp\/v2\/pages\/7594\/revisions"}],"predecessor-version":[{"id":8679,"href":"https:\/\/azzk.me\/en\/wp-json\/wp\/v2\/pages\/7594\/revisions\/8679"}],"wp:attachment":[{"href":"https:\/\/azzk.me\/en\/wp-json\/wp\/v2\/media?parent=7594"}],"curies":[{"name":"wp","href":"https:\/\/api.w.org\/{rel}","templated":true}]}}