{"id":7640,"date":"2022-11-02T08:20:53","date_gmt":"2022-11-02T08:20:53","guid":{"rendered":"https:\/\/mawebdesign.me\/?page_id=7640"},"modified":"2022-11-04T11:29:20","modified_gmt":"2022-11-04T11:29:20","slug":"rjesenja-2013","status":"publish","type":"page","link":"https:\/\/azzk.me\/en\/rjesenja-2013\/","title":{"rendered":"Rjesenja 2013"},"content":{"rendered":"\t\t<div data-elementor-type=\"wp-page\" data-elementor-id=\"7640\" class=\"elementor elementor-7640\" data-elementor-post-type=\"page\">\n\t\t\t\t        <section class=\"elementor-section elementor-top-section elementor-element elementor-element-ca6a3a9 elementor-section-boxed elementor-section-height-default elementor-section-height-default ct-header-fixed-none ct-row-max-none\" data-id=\"ca6a3a9\" data-element_type=\"section\" data-e-type=\"section\">\n            \n                        <div class=\"elementor-container elementor-column-gap-default \">\n                    <div class=\"elementor-column elementor-col-100 elementor-top-column elementor-element elementor-element-2f4f3fd\" data-id=\"2f4f3fd\" data-element_type=\"column\" data-e-type=\"column\">\n        <div class=\"elementor-widget-wrap elementor-element-populated\">\n                    \n        \r\n\t\t<div class=\"elementor-element elementor-element-4c5c6a3 elementor-widget elementor-widget-text-editor\" data-id=\"4c5c6a3\" data-element_type=\"widget\" data-e-type=\"widget\" data-widget_type=\"text-editor.default\">\n\t\t\t\t\t\t\t\t\t<p><a href=\"https:\/\/mawebdesign.me\/wp-content\/uploads\/2022\/11\/2013-01-23_IRF-Godisnji-plan-za-2013_compressed.pdf\">Investiciono-razvojni fond &#8211; Godi\u0161nji plan rada Investiciono-razvojnog fonda Crne Gore (23.01.2013)<\/a><\/p><p><a href=\"https:\/\/mawebdesign.me\/wp-content\/uploads\/2022\/11\/2013-01-24_MK-Program-DP-za-2013_compressed.pdf\">Ministarstvo kulture &#8211; Nacrt programa dr\u017eavne pomo\u0107i Ministarstva kulture za 2013 (24.01.2013)<\/a><\/p><p>Ministarstvo ekonomije &#8211; Projekat izdavanje garancije za kreditno zadu\u017eenje Crnogorskog elektroprenosnog sistema AD Podgorica (05.02.2013)<\/p><p>\u00a0<\/p><p>\u00a0<\/p>\t\t\t\t\t\t\t\t<\/div>\n\t\t            <\/div>\n        <\/div>\n                    <\/div>\n        <\/section>\n        \t\t<\/div>\n\t\t","protected":false},"excerpt":{"rendered":"<p>Investiciono-razvojni fond &#8211; Godi\u0161nji plan rada Investiciono-razvojnog fonda Crne Gore (23.01.2013) Ministarstvo kulture &#8211; Nacrt programa dr\u017eavne pomo\u0107i Ministarstva kulture za 2013 (24.01.2013) Ministarstvo ekonomije &#8211; Projekat izdavanje garancije za kreditno zadu\u017eenje Crnogorskog elektroprenosnog sistema AD Podgorica (05.02.2013)<\/p>\n","protected":false},"author":1,"featured_media":0,"parent":0,"menu_order":0,"comment_status":"closed","ping_status":"closed","template":"","meta":{"footnotes":""},"class_list":["post-7640","page","type-page","status-publish","hentry"],"_links":{"self":[{"href":"https:\/\/azzk.me\/en\/wp-json\/wp\/v2\/pages\/7640","targetHints":{"allow":["GET"]}}],"collection":[{"href":"https:\/\/azzk.me\/en\/wp-json\/wp\/v2\/pages"}],"about":[{"href":"https:\/\/azzk.me\/en\/wp-json\/wp\/v2\/types\/page"}],"author":[{"embeddable":true,"href":"https:\/\/azzk.me\/en\/wp-json\/wp\/v2\/users\/1"}],"replies":[{"embeddable":true,"href":"https:\/\/azzk.me\/en\/wp-json\/wp\/v2\/comments?post=7640"}],"version-history":[{"count":5,"href":"https:\/\/azzk.me\/en\/wp-json\/wp\/v2\/pages\/7640\/revisions"}],"predecessor-version":[{"id":7673,"href":"https:\/\/azzk.me\/en\/wp-json\/wp\/v2\/pages\/7640\/revisions\/7673"}],"wp:attachment":[{"href":"https:\/\/azzk.me\/en\/wp-json\/wp\/v2\/media?parent=7640"}],"curies":[{"name":"wp","href":"https:\/\/api.w.org\/{rel}","templated":true}]}}