{"id":7684,"date":"2022-11-04T03:14:03","date_gmt":"2022-11-04T03:14:03","guid":{"rendered":"https:\/\/azzk.me\/?page_id=7684"},"modified":"2022-11-04T11:30:17","modified_gmt":"2022-11-04T11:30:17","slug":"rjesenja-2013-godina","status":"publish","type":"page","link":"https:\/\/azzk.me\/en\/rjesenja-2013-godina\/","title":{"rendered":"Rje\u0161enja 2013. godina"},"content":{"rendered":"\t\t<div data-elementor-type=\"wp-page\" data-elementor-id=\"7684\" class=\"elementor elementor-7684\" data-elementor-post-type=\"page\">\n\t\t\t\t        <section class=\"elementor-section elementor-top-section elementor-element elementor-element-6c3dfe8 elementor-section-boxed elementor-section-height-default elementor-section-height-default ct-header-fixed-none ct-row-max-none\" data-id=\"6c3dfe8\" data-element_type=\"section\" data-e-type=\"section\">\n            \n                        <div class=\"elementor-container elementor-column-gap-default \">\n                    <div class=\"elementor-column elementor-col-100 elementor-top-column elementor-element elementor-element-11e0829\" data-id=\"11e0829\" data-element_type=\"column\" data-e-type=\"column\">\n        <div class=\"elementor-widget-wrap elementor-element-populated\">\n                    \n        \r\n\t\t<div class=\"elementor-element elementor-element-332d73e elementor-widget elementor-widget-text-editor\" data-id=\"332d73e\" data-element_type=\"widget\" data-e-type=\"widget\" data-widget_type=\"text-editor.default\">\n\t\t\t\t\t\t\t\t\t<p><a href=\"https:\/\/azzk.me\/wp-content\/uploads\/2022\/11\/2013-01-23_IRF-Godisnji-plan-za-2013.pdf\">IRF &#8211; Godi\u0161nji plan za 2013.g. (23.01.2013.)<\/a><br \/><a href=\"https:\/\/azzk.me\/wp-content\/uploads\/2022\/11\/2013-01-24_MK-Program-DP-za-2013.pdf\">MK &#8211; Program DP za 2013.g. (24.01.2013.)<\/a><br \/><a href=\"https:\/\/azzk.me\/wp-content\/uploads\/2022\/11\/2013-02-05_MEK-garancije-za-kreditno-zaduzenje-CGES-AD.pdf\">MEK &#8211; Garancije za kreditno zadu\u017eenje CGES (05.02.2013.)<\/a><br \/><a href=\"https:\/\/azzk.me\/wp-content\/uploads\/2022\/11\/2013-02-20_MEK-Plan-restrukturiranja-Montavar-Metalac-NK.pdf\">MEK &#8211; Plan restrukturiranja &#8220;Montavar Metalac&#8221; Nik\u0161i\u0107<\/a> <a href=\"https:\/\/azzk.me\/wp-content\/uploads\/2022\/11\/2013-02-20_MEK-Plan-restrukturiranja-Montavar-Metalac-NK.pdf\">(20.02.2013.)<\/a><br \/><a href=\"https:\/\/azzk.me\/wp-content\/uploads\/2022\/11\/2013-04-02_Zakljucak-MSaobracaja-ispravka-Rjesenja-DP-za-restrukturiranje.pdf\">MSaobra\u0107aja &#8211; Ispravka Rje\u0161enja DP za restrukturiranje (02.04.2013.)<\/a><br \/><a href=\"https:\/\/azzk.me\/wp-content\/uploads\/2022\/11\/2013-05-17_ZZZCG-Subvencionirano-zaposlj-mladih-na-sezonskim-poslovima-2013.pdf\">ZZZCG &#8211; Subvencionirano zapo\u0161ljavanje mladih na sez. poslovima (17.05.2013.)<\/a><br \/><a href=\"https:\/\/azzk.me\/wp-content\/uploads\/2022\/11\/2013-09-23_MORT-Regionalna-pomoc-Ski-Resortu-KL-1450.pdf\">MORT &#8211; Regionalna pomo\u0107 Ski Resortu Kola\u0161in 1450 (23.08.2013.)<\/a><br \/><a href=\"https:\/\/azzk.me\/wp-content\/uploads\/2022\/11\/2013-11-20_Glavni-grad-PG-stimulisanje-preduzetnistva-u-2013.pdf\">Glavni grad PG &#8211; Stimulisanje preduzetni\u0161tva u 2013.g. (20.11.2013.)<\/a><br \/><a href=\"https:\/\/azzk.me\/wp-content\/uploads\/2022\/11\/2013-11-20_Zakljucak-Preuzimanje-obaveza-kredita-ZICG-AD.pdf\">Zaklju\u010dak: Preuzimanje obaveza kredita \u017dICG AD (20.11.2013.)<\/a><br \/><a href=\"https:\/\/azzk.me\/wp-content\/uploads\/2022\/11\/2013-12-24_IRF-Godisnji-plan-za-2014.pdf\">IRF &#8211; Godi\u0161nji plan za 2014.g. (24.12.2013.)<\/a><\/p>\t\t\t\t\t\t\t\t<\/div>\n\t\t            <\/div>\n        <\/div>\n                    <\/div>\n        <\/section>\n        \t\t<\/div>\n\t\t","protected":false},"excerpt":{"rendered":"<p>IRF &#8211; Godi\u0161nji plan za 2013.g. (23.01.2013.) MK &#8211; Program DP za 2013.g. (24.01.2013.) MEK &#8211; Garancije za kreditno zadu\u017eenje CGES (05.02.2013.) MEK &#8211; Plan restrukturiranja &#8220;Montavar Metalac&#8221; Nik\u0161i\u0107 (20.02.2013.) MSaobra\u0107aja &#8211; Ispravka Rje\u0161enja DP za restrukturiranje (02.04.2013.) ZZZCG &#8211; Subvencionirano zapo\u0161ljavanje mladih na sez. poslovima (17.05.2013.) MORT &#8211; Regionalna pomo\u0107 Ski Resortu Kola\u0161in 1450 [&hellip;]<\/p>\n","protected":false},"author":1,"featured_media":0,"parent":0,"menu_order":0,"comment_status":"closed","ping_status":"closed","template":"","meta":{"footnotes":""},"class_list":["post-7684","page","type-page","status-publish","hentry"],"_links":{"self":[{"href":"https:\/\/azzk.me\/en\/wp-json\/wp\/v2\/pages\/7684","targetHints":{"allow":["GET"]}}],"collection":[{"href":"https:\/\/azzk.me\/en\/wp-json\/wp\/v2\/pages"}],"about":[{"href":"https:\/\/azzk.me\/en\/wp-json\/wp\/v2\/types\/page"}],"author":[{"embeddable":true,"href":"https:\/\/azzk.me\/en\/wp-json\/wp\/v2\/users\/1"}],"replies":[{"embeddable":true,"href":"https:\/\/azzk.me\/en\/wp-json\/wp\/v2\/comments?post=7684"}],"version-history":[{"count":8,"href":"https:\/\/azzk.me\/en\/wp-json\/wp\/v2\/pages\/7684\/revisions"}],"predecessor-version":[{"id":7840,"href":"https:\/\/azzk.me\/en\/wp-json\/wp\/v2\/pages\/7684\/revisions\/7840"}],"wp:attachment":[{"href":"https:\/\/azzk.me\/en\/wp-json\/wp\/v2\/media?parent=7684"}],"curies":[{"name":"wp","href":"https:\/\/api.w.org\/{rel}","templated":true}]}}