{"id":7847,"date":"2022-11-04T21:00:01","date_gmt":"2022-11-04T21:00:01","guid":{"rendered":"https:\/\/azzk.me\/?page_id=7847"},"modified":"2022-11-07T08:18:06","modified_gmt":"2022-11-07T08:18:06","slug":"rjesenja-2016-godina","status":"publish","type":"page","link":"https:\/\/azzk.me\/en\/rjesenja-2016-godina\/","title":{"rendered":"Rje\u0161enja 2016. godina"},"content":{"rendered":"\t\t<div data-elementor-type=\"wp-page\" data-elementor-id=\"7847\" class=\"elementor elementor-7847\" data-elementor-post-type=\"page\">\n\t\t\t\t        <section class=\"elementor-section elementor-top-section elementor-element elementor-element-b7c97a4 elementor-section-boxed elementor-section-height-default elementor-section-height-default ct-header-fixed-none ct-row-max-none\" data-id=\"b7c97a4\" data-element_type=\"section\" data-e-type=\"section\">\n            \n                        <div class=\"elementor-container elementor-column-gap-default \">\n                    <div class=\"elementor-column elementor-col-100 elementor-top-column elementor-element elementor-element-1b1dc28\" data-id=\"1b1dc28\" data-element_type=\"column\" data-e-type=\"column\">\n        <div class=\"elementor-widget-wrap elementor-element-populated\">\n                    \n        \r\n\t\t<div class=\"elementor-element elementor-element-283aefb elementor-widget elementor-widget-text-editor\" data-id=\"283aefb\" data-element_type=\"widget\" data-e-type=\"widget\" data-widget_type=\"text-editor.default\">\n\t\t\t\t\t\t\t\t\t<p><a title=\"MEK-Pove\u0107anje regionalne i lokalne konkurentnosti 2014.-2016. (01.03.2016.)\" href=\"\/dp\/doc\/Rjesenja\/2016\/2016-03-01_MEK%20povecanje%20reg%20i%20lok%20konkurentnosti.pdf\" target=\"_blank\" rel=\"noopener noreferrer\">MEK &#8211; Pove\u0107anje regionalne i lokalne konkurentnosti 2014-2016. (01.03.2016.)<\/a><br \/><a title=\"MEK - Razvoj klastera u CG za 2016.g. (11.03.2016.)\" href=\"\/dp\/doc\/Rjesenja\/2016\/2016-03-11_MEK%20klasteri%202016.pdf\" target=\"_blank\" rel=\"noopener noreferrer\">MEK &#8211; Razvoj klastera u CG za 2016.g. (11.03.2016.)<\/a><br \/><a title=\"Program dr\u017eavne pomo\u0107i Ministarstva kulture za 2016. (11.03.2016.)\" href=\"\/dp\/doc\/Rjesenja\/2016\/2016-03-11_MK%20drzavna%20pomoc%202016.pdf\" target=\"_blank\" rel=\"noopener noreferrer\">Program dr\u017eavne pomo\u0107i Ministarstva kulture za 2016. (11.03.2016.)<\/a><br \/><a title=\"MEK - Zaklju\u010dak: KAP ekonomski kontinuitet (11.03.2016.)\" href=\"\/dp\/doc\/Rjesenja\/2016\/2016-03-11_Zakljucak%20MEK%20KAP%20ekonomski%20kontinuitet.pdf\" target=\"_blank\" rel=\"noopener noreferrer\">MEK &#8211; Zaklju\u010dak: KAP ekonomski kontinuitet (11.03.2016.)<\/a><br \/><a title=\"ZZZCG - osposobljavanje za rad kod poslodavca (11.03.2016.)\" href=\"\/dp\/doc\/Rjesenja\/2016\/2016-03-11_ZZZCG%20osposoblj%20za%20rad%20kod%20poslodavca.pdf\" target=\"_blank\" rel=\"noopener noreferrer\">ZZZCG &#8211; Osposobljavanje za rad kod poslodavca (11.03.2016.)<\/a><br \/><a title=\"ZZZCG - osposobljavanje za samostalan rad (11.03.2016.)\" href=\"\/dp\/doc\/Rjesenja\/2016\/2016-03-11_ZZZCG%20osposoblj%20za%20samostalan%20rad.pdf\" target=\"_blank\" rel=\"noopener noreferrer\">ZZZCG &#8211; Osposobljavanje za samostalan rad (11.03.2016.)<\/a><br \/><a title=\"MEK - Projekta izgradnje malih hidroelektrana na vodotoku Bistrica - pritoka Ljubovi\u0111e (25.03.2016.)\" href=\"\/dp\/doc\/Rjesenja\/2016\/2016-03-25_MEK%20male%20hidroelektrane%20Bistrica.pdf\" target=\"_blank\" rel=\"noopener noreferrer\">MEK &#8211; Izgradnja malih hidroelektrana na vodotoku Bistrica-pritoka Ljubovi\u0111e (25.03.2016.)<\/a><br \/><a title=\"Glavni grad - Stimulisanje preduzetni\u0161tva u 2016.g. (20.05.2016.)\" href=\"\/dp\/doc\/Rjesenja\/2016\/2016-05-20_Glavni%20grad-stimulisanje%20preduzetnistva.pdf\" target=\"_blank\" rel=\"noopener noreferrer\">Glavni grad &#8211; Stimulisanje preduzetni\u0161tva u 2016.g. (20.05.2016.)<\/a><br \/><a title=\"MEK - Modernizacija industrije (20.05.2016.)\" href=\"\/dp\/doc\/Rjesenja\/2016\/2016-05-20_MEK%20modernizacija%20industrije.pdf\" target=\"_blank\" rel=\"noopener noreferrer\">MEK &#8211; Modernizacija industrije (20.05.2016.)<\/a><br \/><a title=\"MEK - Unaprije\u0111enje inovativnosti u malim i srednjim preduze\u0107ima (20.05.2016.)\" href=\"\/dp\/doc\/Rjesenja\/2016\/2016-05-20_MEK%20unapredjenje%20inovativnosti%20MSP.pdf\" target=\"_blank\" rel=\"noopener noreferrer\">MEK &#8211; Unaprije\u0111enje inovativnosti u malim i srednjim preduze\u0107ima (20.05.2016.)<\/a><br \/><a title=\"MEK - Zaklju\u010dak: ispravka Rje\u0161enja Projekat podr\u0161ke MSP (30.05.2016.)\" href=\"\/dp\/doc\/Rjesenja\/2016\/2016-05-30_Zakljucak%20MEK%20preradjivacka%20industrija.pdf\" target=\"_blank\" rel=\"noopener noreferrer\">MEK &#8211; Zaklju\u010dak: ispravka Rje\u0161enja Projekat podr\u0161ke MSP (30.05.2016.)<\/a><br \/><a title=\"MEK - Plan investicija privrednog dru\u0161tva &quot;Mermer&quot; AD Danilovrad (04.07.2016.)\" href=\"\/dp\/doc\/Rjesenja\/2016\/2016-07-04_MEK%20plan%20investicija%20Mermer%20AD.pdf\" target=\"_blank\" rel=\"noopener noreferrer\">MEK &#8211; Plan investicija privrednog dru\u0161tva &#8220;Mermer&#8221; AD Danilovrad (04.07.2016.)<\/a><br \/><a title=\"MEK - Uredba o biznis zonama (27.09.2016.)\" href=\"\/dp\/doc\/Rjesenja\/2016\/2016-09-27_MEK%20Uredba%20o%20biznis%20zonama.pdf\" target=\"_blank\" rel=\"noopener noreferrer\">MEK &#8211; Uredba o biznis zonama (27.09.2016.)<\/a><br \/><a title=\"MID - Zakon o elektronskim komunikacijama (27.09.2016.)\" href=\"\/dp\/doc\/Rjesenja\/2016\/2016-09-27_MID%20Zakon%20o%20elektr%20komunikacijma.pdf\" target=\"_blank\" rel=\"noopener noreferrer\">MID &#8211; Zakon o elektronskim komunikacijama (27.09.2016.)<\/a><br \/><a title=\"MORT - Zakon o turizmu (27.09.2016.)\" href=\"\/dp\/doc\/Rjesenja\/2016\/2016-09-27_MORT%20Zakon%20o%20turizmu.pdf\" target=\"_blank\" rel=\"noopener noreferrer\">MORT &#8211; Zakon o turizmu (27.09.2016.)<\/a><br \/><a title=\"MORT - Subvencionisanje kamatne stope (07.10.2016.)\" href=\"\/dp\/doc\/Rjesenja\/2016\/2016-10-07_MORT%20subvencionisanje%20kamatne%20stope.pdf\" target=\"_blank\" rel=\"noopener noreferrer\">MORT &#8211; Subvencionisanje kamatne stope (07.10.2016.)<\/a><br \/><a title=\"MEK - Uredba o biznis zonama (15.11.2016.)\" href=\"\/dp\/doc\/Rjesenja\/2016\/2016-11-15_MEK%20Uredba%20o%20biznis%20zonama.pdf\" target=\"_blank\" rel=\"noopener noreferrer\">MEK &#8211; Uredba o biznis zonama (15.11.2016.)<\/a><br \/><a title=\"IRF - Godi\u0161nji plan za 2017.g. (12.12.2016.)\" href=\"\/dp\/doc\/Rjesenja\/2016\/2016-12-12_IRF-godisnji%20plan%202017.pdf\" target=\"_blank\" rel=\"noopener noreferrer\">IRF &#8211; Godi\u0161nji plan za 2017.g. (12.12.2016.)<\/a><br \/><a title=\"Zaklju\u010dak: MF - Reprogram poreskog potra\u017eivanja (16.12.2016.)\" href=\"\/dp\/doc\/Rjesenja\/2016\/2016-12-16_Zakljucak%20Zakona%20o%20reprogramu%20poreskog%20potrazivanja.pdf\" target=\"_blank\" rel=\"noopener noreferrer\">Zaklju\u010dak: MF &#8211; Reprogram poreskog potra\u017eivanja (16.12.2016.)<\/a><\/p>\t\t\t\t\t\t\t\t<\/div>\n\t\t            <\/div>\n        <\/div>\n                    <\/div>\n        <\/section>\n        \t\t<\/div>\n\t\t","protected":false},"excerpt":{"rendered":"<p>MEK &#8211; Pove\u0107anje regionalne i lokalne konkurentnosti 2014-2016. (01.03.2016.) MEK &#8211; Razvoj klastera u CG za 2016.g. (11.03.2016.) Program dr\u017eavne pomo\u0107i Ministarstva kulture za 2016. (11.03.2016.) MEK &#8211; Zaklju\u010dak: KAP ekonomski kontinuitet (11.03.2016.) ZZZCG &#8211; Osposobljavanje za rad kod poslodavca (11.03.2016.) ZZZCG &#8211; Osposobljavanje za samostalan rad (11.03.2016.) MEK &#8211; Izgradnja malih hidroelektrana na vodotoku [&hellip;]<\/p>\n","protected":false},"author":1,"featured_media":0,"parent":0,"menu_order":0,"comment_status":"closed","ping_status":"closed","template":"","meta":{"footnotes":""},"class_list":["post-7847","page","type-page","status-publish","hentry"],"_links":{"self":[{"href":"https:\/\/azzk.me\/en\/wp-json\/wp\/v2\/pages\/7847","targetHints":{"allow":["GET"]}}],"collection":[{"href":"https:\/\/azzk.me\/en\/wp-json\/wp\/v2\/pages"}],"about":[{"href":"https:\/\/azzk.me\/en\/wp-json\/wp\/v2\/types\/page"}],"author":[{"embeddable":true,"href":"https:\/\/azzk.me\/en\/wp-json\/wp\/v2\/users\/1"}],"replies":[{"embeddable":true,"href":"https:\/\/azzk.me\/en\/wp-json\/wp\/v2\/comments?post=7847"}],"version-history":[{"count":5,"href":"https:\/\/azzk.me\/en\/wp-json\/wp\/v2\/pages\/7847\/revisions"}],"predecessor-version":[{"id":8085,"href":"https:\/\/azzk.me\/en\/wp-json\/wp\/v2\/pages\/7847\/revisions\/8085"}],"wp:attachment":[{"href":"https:\/\/azzk.me\/en\/wp-json\/wp\/v2\/media?parent=7847"}],"curies":[{"name":"wp","href":"https:\/\/api.w.org\/{rel}","templated":true}]}}