{"id":7856,"date":"2022-11-04T21:05:48","date_gmt":"2022-11-04T21:05:48","guid":{"rendered":"https:\/\/azzk.me\/?page_id=7856"},"modified":"2022-11-07T08:18:11","modified_gmt":"2022-11-07T08:18:11","slug":"rjesenja-2017-godina","status":"publish","type":"page","link":"https:\/\/azzk.me\/en\/rjesenja-2017-godina\/","title":{"rendered":"Rje\u0161enja 2017. godina"},"content":{"rendered":"\t\t<div data-elementor-type=\"wp-page\" data-elementor-id=\"7856\" class=\"elementor elementor-7856\" data-elementor-post-type=\"page\">\n\t\t\t\t        <section class=\"elementor-section elementor-top-section elementor-element elementor-element-32002a0 elementor-section-boxed elementor-section-height-default elementor-section-height-default ct-header-fixed-none ct-row-max-none\" data-id=\"32002a0\" data-element_type=\"section\" data-e-type=\"section\">\n            \n                        <div class=\"elementor-container elementor-column-gap-default \">\n                    <div class=\"elementor-column elementor-col-100 elementor-top-column elementor-element elementor-element-f39a699\" data-id=\"f39a699\" data-element_type=\"column\" data-e-type=\"column\">\n        <div class=\"elementor-widget-wrap elementor-element-populated\">\n                    \n        \r\n\t\t<div class=\"elementor-element elementor-element-48a472e elementor-widget elementor-widget-text-editor\" data-id=\"48a472e\" data-element_type=\"widget\" data-e-type=\"widget\" data-widget_type=\"text-editor.default\">\n\t\t\t\t\t\t\t\t\t<p><a title=\"MEK - Program podsticanja razvoja klastera u CG za period 2017-2020.g. (17.02.2017.)\" href=\"\/dp\/doc\/Rjesenja\/2017\/2017-02-17_MEK_klasteri%202017.pdf\" target=\"_blank\" rel=\"noopener noreferrer\">MEK &#8211; Program podsticanja razvoja klastera u CG za period 2017-2020.g. (17.02.2017.)<\/a><br \/><a title=\"MK - Nacrt Programa dr\u017eavne pomo\u0107i Ministarstva kulture za 2017. (17.02.2017.)\" href=\"\/dp\/doc\/Rjesenja\/2017\/2017-02-17_MK%20Program%20kulture%202017.pdf\" target=\"_blank\" rel=\"noopener noreferrer\">MK &#8211; Nacrt Programa dr\u017eavne pomo\u0107i Ministarstva kulture za 2017. (17.02.2017.)<\/a><br \/><a title=\"MEK - modernizacija prera\u0111iva\u010dke industrije\" href=\"\/dp\/doc\/Rjesenja\/2017\/2017-03-03_MEK%20modernizacija%20preradjivacke%20ind.pdf\" target=\"_blank\" rel=\"noopener noreferrer\">MEK &#8211; Modernizacija prera\u0111iva\u010dke industrije (03.03.2017.)<\/a><br \/><a title=\"MEK - biznis zone \u201eBabi\u0107a Polje\u201d Mojkovac (13.03.2017.)\" href=\"\/dp\/doc\/Rjesenja\/2017\/2017-03-13_biznis%20zona%20Mojkovac.pdf\" target=\"_blank\" rel=\"noopener noreferrer\">MEK &#8211; Biznis zona \u201eBabi\u0107a Polje\u201d Mojkovac (13.03.2017.)<\/a><br \/><a title=\"MEK - Unaprije\u0111enje inovativnosti umalim i srednjim preduze\u0107ima (20.03.2017.)\" href=\"\/dp\/doc\/Rjesenja\/2017\/2017-03-20_MEK%20Program%20inovativnosti%20MSP.pdf\" target=\"_blank\" rel=\"noopener noreferrer\">MEK &#8211; Unaprije\u0111enje inovativnosti u malim i srednjim preduze\u0107ima (20.03.2017.)<\/a><br \/><a title=\"Zaklju\u010dak - Op\u0161tina Berane - op\u0161tinske garancije &quot;Benergo&quot; (20.03.2017.)\" href=\"\/dp\/doc\/Rjesenja\/2017\/2017-03-20_Zakljucak%20Benergo%20opstinska%20garancija%20BA.pdf\" target=\"_blank\" rel=\"noopener noreferrer\">Zaklju\u010dak &#8211; Op\u0161tina Berane &#8211; op\u0161tinske garancije &#8220;Benergo&#8221; (20.03.2017.)<br \/><\/a><a title=\"ZZZCG - osposobljavanje za rad kod poslodavca (20.03.2017.)\" href=\"\/dp\/doc\/Rjesenja\/2017\/2017-03-20_ZZZCG%20osposoblj%20za%20rad%20kod%20poslodavca.pdf\" target=\"_blank\" rel=\"noopener noreferrer\">ZZZCG &#8211; osposobljavanje za rad kod poslodavca (20.03.2017.)<\/a><a title=\"ZZZCG - osposobljavanje za samostalan rad (20.03.2017.)\" href=\"\/dp\/doc\/Rjesenja\/2017\/2017-03-20_ZZZCG%20osposobljavanje%20za%20samostalan%20rad.pdf\" target=\"_blank\" rel=\"noopener noreferrer\">ZZZCG &#8211; osposobljavanje za samostalan rad (20.03.2017.)<\/a><br \/><a title=\"Op\u0161tina Berane - Biznis zona &quot;Rude\u0161&quot; (03.05.2017.)\" href=\"\/dp\/doc\/Rjesenja\/2017\/2017-05-03_Biznis%20zona%20Rudes%20BA.pdf\" target=\"_blank\" rel=\"noopener noreferrer\">Op\u0161tina Berane &#8211; Biznis zona &#8220;Rude\u0161&#8221; (03.05.2017.)<\/a><br \/><a title=\"Ministarstvo nauZaklju\u010dak - Solidarno Budva (02.08.2017.)ke - Prijedlog Programa za dodjelu grantova za inovativne projekte 2018-2020.\" href=\"\/dp\/doc\/Rjesenja\/2017\/2017-08-02_Zakljucak%20Solidarno%20Budva.pdf\" target=\"_blank\" rel=\"noopener noreferrer\">Zaklju\u010dak &#8211; Solidarno Budva (02.08.2017.)<\/a><br \/><a title=\"MEK - Pove\u0107anja regionalne i lokalne konkurentnosti 2017.-2020. (16.10.2017.)\" href=\"\/dp\/doc\/Rjesenja\/2017\/2017-10-16_MEK%20povecanje%20reg%20i%20lokalne%20konkurentnosti.pdf\" target=\"_blank\" rel=\"noopener noreferrer\">MEK &#8211; Pove\u0107anja regionalne i lokalne konkurentnosti 2017.-2020. (16.10.2017.)<\/a><br \/><a title=\"MORT - Subvencionisanje kamatne stope privrednim dru\u0161tvima i preduzetnicima iz oblasti turizma i ugostiteljstva za 2017. (05.12.2017.)\" href=\"\/dp\/doc\/Rjesenja\/2017\/2017-12-05_MORT%20subvenc%20kamatne%20stope.pdf\" target=\"_blank\" rel=\"noopener noreferrer\">MORT &#8211; Subvencionisanje kamatne stope privrednim dru\u0161tvima i preduzetnicima iz oblasti turizma i ugostiteljstva za 2017. (05.12.2017.)<\/a><br \/><a title=\"Op\u0161tina Nik\u0161i\u0107 - Biznis zona &quot;Istok&quot; (15.12.2017.)\" href=\"\/dp\/doc\/Rjesenja\/2017\/2017-12-15_Biznis%20zona%20Istok%20NK.pdf\" target=\"_blank\" rel=\"noopener noreferrer\">Op\u0161tina Nik\u0161i\u0107 &#8211; Biznis zona &#8220;Istok&#8221; (15.12.2017.)<\/a><br \/><a title=\"IRF - Godi\u0161nji plan za 2018.g. (22.12.2017.)\" href=\"\/dp\/doc\/Rjesenja\/2017\/2017-12-22_IRF%20godisnji%20plan2018.pdf\" target=\"_blank\" rel=\"noopener noreferrer\">IRF &#8211; Godi\u0161nji plan za 2018.g. (22.12.2017.)<\/a><\/p>\t\t\t\t\t\t\t\t<\/div>\n\t\t            <\/div>\n        <\/div>\n                    <\/div>\n        <\/section>\n        \t\t<\/div>\n\t\t","protected":false},"excerpt":{"rendered":"<p>MEK &#8211; Program podsticanja razvoja klastera u CG za period 2017-2020.g. (17.02.2017.) MK &#8211; Nacrt Programa dr\u017eavne pomo\u0107i Ministarstva kulture za 2017. (17.02.2017.) MEK &#8211; Modernizacija prera\u0111iva\u010dke industrije (03.03.2017.) MEK &#8211; Biznis zona \u201eBabi\u0107a Polje\u201d Mojkovac (13.03.2017.) MEK &#8211; Unaprije\u0111enje inovativnosti u malim i srednjim preduze\u0107ima (20.03.2017.) Zaklju\u010dak &#8211; Op\u0161tina Berane &#8211; op\u0161tinske garancije &#8220;Benergo&#8221; [&hellip;]<\/p>\n","protected":false},"author":1,"featured_media":0,"parent":0,"menu_order":0,"comment_status":"closed","ping_status":"closed","template":"","meta":{"footnotes":""},"class_list":["post-7856","page","type-page","status-publish","hentry"],"_links":{"self":[{"href":"https:\/\/azzk.me\/en\/wp-json\/wp\/v2\/pages\/7856","targetHints":{"allow":["GET"]}}],"collection":[{"href":"https:\/\/azzk.me\/en\/wp-json\/wp\/v2\/pages"}],"about":[{"href":"https:\/\/azzk.me\/en\/wp-json\/wp\/v2\/types\/page"}],"author":[{"embeddable":true,"href":"https:\/\/azzk.me\/en\/wp-json\/wp\/v2\/users\/1"}],"replies":[{"embeddable":true,"href":"https:\/\/azzk.me\/en\/wp-json\/wp\/v2\/comments?post=7856"}],"version-history":[{"count":5,"href":"https:\/\/azzk.me\/en\/wp-json\/wp\/v2\/pages\/7856\/revisions"}],"predecessor-version":[{"id":8086,"href":"https:\/\/azzk.me\/en\/wp-json\/wp\/v2\/pages\/7856\/revisions\/8086"}],"wp:attachment":[{"href":"https:\/\/azzk.me\/en\/wp-json\/wp\/v2\/media?parent=7856"}],"curies":[{"name":"wp","href":"https:\/\/api.w.org\/{rel}","templated":true}]}}