{"id":7864,"date":"2022-11-04T21:10:42","date_gmt":"2022-11-04T21:10:42","guid":{"rendered":"https:\/\/azzk.me\/?page_id=7864"},"modified":"2022-11-07T08:18:16","modified_gmt":"2022-11-07T08:18:16","slug":"rjesenja-2018-godina","status":"publish","type":"page","link":"https:\/\/azzk.me\/en\/rjesenja-2018-godina\/","title":{"rendered":"Rje\u0161enja 2018. godina"},"content":{"rendered":"\t\t<div data-elementor-type=\"wp-page\" data-elementor-id=\"7864\" class=\"elementor elementor-7864\" data-elementor-post-type=\"page\">\n\t\t\t\t        <section class=\"elementor-section elementor-top-section elementor-element elementor-element-82211fb elementor-section-boxed elementor-section-height-default elementor-section-height-default ct-header-fixed-none ct-row-max-none\" data-id=\"82211fb\" data-element_type=\"section\" data-e-type=\"section\">\n            \n                        <div class=\"elementor-container elementor-column-gap-default \">\n                    <div class=\"elementor-column elementor-col-100 elementor-top-column elementor-element elementor-element-fe4aea2\" data-id=\"fe4aea2\" data-element_type=\"column\" data-e-type=\"column\">\n        <div class=\"elementor-widget-wrap elementor-element-populated\">\n                    \n        \r\n\t\t<div class=\"elementor-element elementor-element-26e45e0 elementor-widget elementor-widget-text-editor\" data-id=\"26e45e0\" data-element_type=\"widget\" data-e-type=\"widget\" data-widget_type=\"text-editor.default\">\n\t\t\t\t\t\t\t\t\t<p><a title=\"MEK - Prijedlog Programa podr\u0161ke za modernizaciju prera\u0111iva\u010dke industrije 2018-2020.\" href=\"\/dp\/doc\/Rjesenja\/2018\/2018-02-01_MEK-modernizacija%20preradjivacke%20ind.pdf\" target=\"_blank\" rel=\"noopener noreferrer\">MEK &#8211; Prijedlog Programa podr\u0161ke za modernizaciju prera\u0111iva\u010dke industrije 2018-2020. (01.02.2018.)<\/a><br \/><a title=\"MK_Nacrt Programa dr\u017eavne pomo\u0107i Ministarstva kulture za 2018.\" href=\"\/dp\/doc\/Rjesenja\/2018\/2018-02-27_MK_Program%20kulture%202018.pdf\" target=\"_blank\" rel=\"noopener noreferrer\">MK &#8211; Nacrt Programa dr\u017eavne pomo\u0107i Ministarstva kulture za 2018. (27.02.2018.)<\/a><br \/><a title=\"Prijavljena dr\u017eavna pomo\u0107 Ministarstva ekonomije po Predlogu o izmjenama i dopunama Programa pove\u0107anja regionalne i lokalne konkurentnosti kroz usagla\u0161avanje sa zahtjevima me\u0111unarodnih standarda poslovanja za period 2017-2020.godine\" href=\"\/dp\/doc\/Rjesenja\/2018\/2018-03-16_MEK%20Povecanje%20konkurentnosti.pdf\" target=\"_blank\" rel=\"noopener noreferrer\">MEK &#8211; Program pove\u0107anja regionalne i lokalne konkurentnosti za period 2017-2020.godine (16.03.2018.)<\/a><br \/><a title=\"MEK - Prijavljena dr\u017eavna pomo\u0107 po prijedlogu Programa za unaprje\u0111enje inovativnosti u malim i srednjim preduze\u0107ima za 2018. godinu \u2013 Projekat finansijske podr\u0161ke mikro, malim i srednjim preduze\u0107ima (MMSP)\" href=\"\/dp\/doc\/Rjesenja\/2018\/2018-03-16_MEK%20Program%20inovativnosti%202018.pdf\" target=\"_blank\" rel=\"noopener noreferrer\">MEK &#8211; Program za unaprje\u0111enje inovativnosti u malim i srednjim preduze\u0107ima za 2018.g. (16.03.2018.)<\/a><br \/><a title=\"MEK - Prijedlog Programa promocije doma\u0107ih proizvoda i usluga \u2013 \u201cDobro iz Crne Gore\u201d\" href=\"\/dp\/doc\/Rjesenja\/2018\/2018-03-20_MEK_promocija%20domacih%20prizvoda.pdf\" target=\"_blank\" rel=\"noopener noreferrer\">MEK &#8211; Prijedlog Programa promocije doma\u0107ih proizvoda i usluga \u2013 \u201cDobro iz Crne Gore\u201d (20.03.2018.)<\/a><br \/><a title=\"MEK - Prijedlog o izmjenama i dopunama Programa podsticanja razvoja klastera u Crnoj Gori za period 2017\u20132020.\" href=\"\/dp\/doc\/Rjesenja\/2018\/2018-03-23_MEK_klasteri%202018.pdf\" target=\"_blank\" rel=\"noopener noreferrer\">MEK &#8211; Program podsticanja razvoja klastera u Crnoj Gori za period 2017\u20132020. (23.03.2018.)<\/a><br \/><a title=\"Op\u0161tina Bijelo Polje - Prijedlog Odluke o osnivanju biznis zona \u201cNedakusi\u201d, \u201cCerovo\u201d, \u201cVrane\u0161ka dolina\u201d, \u201cBistri\u010dka dolina\u201d, \u201cRakonje \u2013 Ravna Rijeka\u201d i \u201cRibarevine \u2013 Poda\u201d u Op\u0161tini Bijelo Polje\" href=\"\/dp\/doc\/Rjesenja\/2018\/2018-05-07_Biznis%20zone%20BP.pdf\" target=\"_blank\" rel=\"noopener noreferrer\">Op\u0161tina Bijelo Polje &#8211; Prijedlog Odluke o osnivanju biznis zona u Op\u0161tini Bijelo Polje (07.05.2018.)<\/a><br \/><a title=\"JU Filmski centar CG - Prijedlog Programa dr\u017eavne pomo\u0107i za sufinansiranje proizvodnje kinematografskih djela i komplementarnih djelatnosti za 2018.g.\" href=\"\/dp\/doc\/Rjesenja\/2018\/2018-06-25_JU_Filmski%20centar%20CG.pdf\" target=\"_blank\" rel=\"noopener noreferrer\">JU Filmski centar CG &#8211; Sufinansiranje proizvodnje kinematografskih djela i komplementarnih djelatnosti za 2018.g. (25.06.2018.)<\/a><br \/><a title=\"MEK - Prijedlog Programa podr\u0161ke razvoju zanatstva za 2018.g.\" href=\"\/dp\/doc\/Rjesenja\/2018\/2018-06-25_MEK_program%20podrske%20zanatstvu.pdf\" target=\"_blank\" rel=\"noopener noreferrer\">MEK &#8211; Prijedlog Programa podr\u0161ke razvoju zanatstva za 2018.g. (25.06.2018.)<\/a><br \/><a title=\"Ministarstvo nauke - Prijedlog Programa za dodjelu grantova za inovativne projekte 2018-2020.\" href=\"\/dp\/doc\/Rjesenja\/2018\/2018-07-11_MN_grantovi_za_inovativne_projekte.pdf\" target=\"_blank\" rel=\"noopener noreferrer\">Ministarstvo nauke &#8211; Prijedlog Programa za dodjelu grantova za inovativne projekte 2018-2020. (11.07.2018.)<\/a><br \/><a title=\"MEK - Izdavanje garancija CGES (23.10.2018.)\" href=\"\/dp\/doc\/Rjesenja\/2018\/2018-10-23_MEK-Izdavanje%20garancije%20CGES.pdf\" target=\"_blank\" rel=\"noopener noreferrer\">MEK &#8211; Izdavanje garancije CGES (23.10.2018.)<\/a><br \/><a title=\"Op\u0161tina Bijelo Polje - Biznis zone (08.11.2018.)\" href=\"\/dp\/doc\/Rjesenja\/2018\/2018-11-08_Opstina%20BP%20-%20Biznis%20zone.pdf\" target=\"_blank\" rel=\"noopener noreferrer\">Op\u0161tina Bijelo Polje &#8211; Biznis zone (08.11.2018.)<\/a><br \/><a title=\"MK - Mi\u0161ljenje-Pravilnik o finansiranju progr. sadr\u017eaja (28.11.2018.)\" href=\"\/dp\/doc\/Rjesenja\/2018\/2018-11-28_MK_Mi%C5%A1ljenje%20-%20Pravilnik%20o%20fin%20progr%20sadr.pdf\" target=\"_blank\" rel=\"noopener noreferrer\">Ministarstvo kulture &#8211; Mi\u0161ljenje-Pravilnik o finansiranju progr. sadr\u017eaja (28.11.2018.)<\/a><br \/><a title=\"MP - Produ\u017eenje garancije SZ Solidarno (05.12.2018.)\" href=\"\/dp\/doc\/Rjesenja\/2018\/2018-12-05_MP-Produzenje%20garancije%20SZ%20Solidarno.pdf\" target=\"_blank\" rel=\"noopener noreferrer\">Ministarstvo prosvjete &#8211; Produ\u017eenje garancije SZ Solidarno (05.12.2018.)<\/a><br \/><a title=\"MORT - Izdavanje garancije JP Regionalni vodovod (17.12.2018.)\" href=\"\/dp\/doc\/Rjesenja\/2018\/2018-12-17_MORT%20-%20Izdavanje%20garancije%20JP%20Regionalni%20vodovod.pdf\" target=\"_blank\" rel=\"noopener noreferrer\">MORT &#8211; Izdavanje garancije JP Regionalni vodovod (17.12.2018.)<\/a><br \/><a title=\"IRF - Godi\u0161nji plan za 2019.g. (18.12.2018.)\" href=\"\/dp\/doc\/Rjesenja\/2018\/2018-12-18_IRF%20-%20Godisnji%20plan%20za%202019.pdf\" target=\"_blank\" rel=\"noopener noreferrer\">IRF &#8211; Godi\u0161nji plan za 2019.g. (18.12.2018.)<\/a><br \/><a title=\"Ministarstvo kulture - Pravilnik o finansiranju progr. sadr\u017eaja (18.12.2018.)\" href=\"\/dp\/doc\/Rjesenja\/2018\/2018-12-18_MK_Pravilnik%20o%20fin%20progr%20sadr%C5%BEaja.pdf\" target=\"_blank\" rel=\"noopener noreferrer\">Ministarstvo kulture &#8211; Pravilnik o finansiranju progr. sadr\u017eaja (18.12.2018.)<\/a><br \/><a title=\"Op\u0161tina Ro\u017eaje - Biznis zona &quot;Zeleni&quot; (18.12.2018.)\" href=\"\/dp\/doc\/Rjesenja\/2018\/2018-12-18_Opstina%20Rozaje%20-Biznis%20zona%20Zeleni.pdf\" target=\"_blank\" rel=\"noopener noreferrer\">Op\u0161tina Ro\u017eaje &#8211; Biznis zona &#8220;Zeleni&#8221; (18.12.2018.)<\/a><br \/><a title=\"Op\u0161tina \u0160avnik - Biznis zona &quot;Boan&quot; (18.12.2018.)\" href=\"\/dp\/doc\/Rjesenja\/2018\/2018-12-18_Opstina%20Savnik%20-%20Biznis%20zona%20Boan.pdf\" target=\"_blank\" rel=\"noopener noreferrer\">Op\u0161tina \u0160avnik &#8211; Biznis zona &#8220;Boan&#8221; (18.12.2018.)<\/a><br \/><a title=\"Op\u0161tina \u0160avnik - Mi\u0161ljenje-Lokalni energetski plan (18.12.2018.)\" href=\"\/dp\/doc\/Rjesenja\/2018\/2018-12-18_Opstina%20Savnik_Misljenje%20-%20Lokalni%20energetski%20plan.pdf\" target=\"_blank\" rel=\"noopener noreferrer\">Op\u0161tina \u0160avnik &#8211; Mi\u0161ljenje-Lokalni energetski plan (18.12.2018.)<\/a><br \/><a title=\"MORT - Mi\u0161ljenje-Uredba Nacionalni parkovi (21.12.2018.)\" href=\"\/dp\/doc\/Rjesenja\/2018\/2018-12-21_MORT_Misljenje%20-%20Uredba%20nacionalni%20parkovi.pdf\" target=\"_blank\" rel=\"noopener noreferrer\">MORT &#8211; Mi\u0161ljenje-Uredba Nacionalni parkovi (21.12.2018.)<\/a><br \/><a title=\"Op\u0161tina Andrijevica - Izdavanje garancije Vodovodu Andrijevica (21.12.2018.)\" href=\"\/dp\/doc\/Rjesenja\/2018\/2018-12-21_Opstina%20Andrijevica%20-%20Izdavanje%20garancije%20Vodovodu.pdf\" target=\"_blank\" rel=\"noopener noreferrer\">Op\u0161tina Andrijevica &#8211; Izdavanje garancije Vodovodu Andrijevica (21.12.2018.)<\/a><\/p>\t\t\t\t\t\t\t\t<\/div>\n\t\t            <\/div>\n        <\/div>\n                    <\/div>\n        <\/section>\n        \t\t<\/div>\n\t\t","protected":false},"excerpt":{"rendered":"<p>MEK &#8211; Prijedlog Programa podr\u0161ke za modernizaciju prera\u0111iva\u010dke industrije 2018-2020. (01.02.2018.) MK &#8211; Nacrt Programa dr\u017eavne pomo\u0107i Ministarstva kulture za 2018. (27.02.2018.) MEK &#8211; Program pove\u0107anja regionalne i lokalne konkurentnosti za period 2017-2020.godine (16.03.2018.) MEK &#8211; Program za unaprje\u0111enje inovativnosti u malim i srednjim preduze\u0107ima za 2018.g. (16.03.2018.) MEK &#8211; Prijedlog Programa promocije doma\u0107ih proizvoda [&hellip;]<\/p>\n","protected":false},"author":1,"featured_media":0,"parent":0,"menu_order":0,"comment_status":"closed","ping_status":"closed","template":"","meta":{"footnotes":""},"class_list":["post-7864","page","type-page","status-publish","hentry"],"_links":{"self":[{"href":"https:\/\/azzk.me\/en\/wp-json\/wp\/v2\/pages\/7864","targetHints":{"allow":["GET"]}}],"collection":[{"href":"https:\/\/azzk.me\/en\/wp-json\/wp\/v2\/pages"}],"about":[{"href":"https:\/\/azzk.me\/en\/wp-json\/wp\/v2\/types\/page"}],"author":[{"embeddable":true,"href":"https:\/\/azzk.me\/en\/wp-json\/wp\/v2\/users\/1"}],"replies":[{"embeddable":true,"href":"https:\/\/azzk.me\/en\/wp-json\/wp\/v2\/comments?post=7864"}],"version-history":[{"count":5,"href":"https:\/\/azzk.me\/en\/wp-json\/wp\/v2\/pages\/7864\/revisions"}],"predecessor-version":[{"id":8087,"href":"https:\/\/azzk.me\/en\/wp-json\/wp\/v2\/pages\/7864\/revisions\/8087"}],"wp:attachment":[{"href":"https:\/\/azzk.me\/en\/wp-json\/wp\/v2\/media?parent=7864"}],"curies":[{"name":"wp","href":"https:\/\/api.w.org\/{rel}","templated":true}]}}