{"id":7872,"date":"2022-11-04T21:13:28","date_gmt":"2022-11-04T21:13:28","guid":{"rendered":"https:\/\/azzk.me\/?page_id=7872"},"modified":"2022-11-07T08:18:20","modified_gmt":"2022-11-07T08:18:20","slug":"rjesenja-2019-godina","status":"publish","type":"page","link":"https:\/\/azzk.me\/en\/rjesenja-2019-godina\/","title":{"rendered":"Rje\u0161enja 2019. godina"},"content":{"rendered":"\t\t<div data-elementor-type=\"wp-page\" data-elementor-id=\"7872\" class=\"elementor elementor-7872\" data-elementor-post-type=\"page\">\n\t\t\t\t        <section class=\"elementor-section elementor-top-section elementor-element elementor-element-c197e4c elementor-section-boxed elementor-section-height-default elementor-section-height-default ct-header-fixed-none ct-row-max-none\" data-id=\"c197e4c\" data-element_type=\"section\" data-e-type=\"section\">\n            \n                        <div class=\"elementor-container elementor-column-gap-default \">\n                    <div class=\"elementor-column elementor-col-100 elementor-top-column elementor-element elementor-element-668da8f\" data-id=\"668da8f\" data-element_type=\"column\" data-e-type=\"column\">\n        <div class=\"elementor-widget-wrap elementor-element-populated\">\n                    \n        \t\t<div class=\"elementor-element elementor-element-7d1906b elementor-widget elementor-widget-heading\" data-id=\"7d1906b\" data-element_type=\"widget\" data-e-type=\"widget\" data-widget_type=\"heading.default\">\n\t\t\t\t\t<h5 class=\"elementor-heading-title elementor-size-default\">POKRENUTI POSTUPCI<\/h5>\t\t\t\t<\/div>\n\t\t\r\n\t\t<div class=\"elementor-element elementor-element-44e1652 elementor-widget elementor-widget-text-editor\" data-id=\"44e1652\" data-element_type=\"widget\" data-e-type=\"widget\" data-widget_type=\"text-editor.default\">\n\t\t\t\t\t\t\t\t\t<p><a href=\"https:\/\/azzk.me\/wp-content\/uploads\/2022\/11\/AZZK_rjesenje_pokretanje_ispitnog_postupka_Tivat.pdf\">Op\u0161tina Tivat &#8211; Rje\u0161enje o pokretanju ispitnog postupka utvr\u0111ivanja uskla\u0111enosti dr\u017eavne pomo\u0107i dodijeljene preduze\u0107u Adriatic Marinas d.o.o Tivat (21.10.2019)<\/a><\/p><p><a href=\"https:\/\/azzk.me\/wp-content\/uploads\/2022\/11\/Rjeenje_pokretanje_ispitnog_postupka_MA.pdf\">MSP &#8211; Rje\u0161enje o pokretanju ispitnog postupka utvr\u0111ivanja uskla\u0111enosti dr\u017eavne pomo\u0107i dodijeljene preduze\u0107u Montenegro Airlines AD Podgorica (18.10.2019)<\/a><\/p>\t\t\t\t\t\t\t\t<\/div>\n\t\t\t\t<div class=\"elementor-element elementor-element-61467fb elementor-widget-divider--view-line elementor-widget elementor-widget-divider\" data-id=\"61467fb\" data-element_type=\"widget\" data-e-type=\"widget\" data-widget_type=\"divider.default\">\n\t\t\t\t\t\t\t<div class=\"elementor-divider\">\n\t\t\t<span class=\"elementor-divider-separator\">\n\t\t\t\t\t\t<\/span>\n\t\t<\/div>\n\t\t\t\t\t\t<\/div>\n\t\t            <\/div>\n        <\/div>\n                    <\/div>\n        <\/section>\n                <section class=\"elementor-section elementor-top-section elementor-element elementor-element-a70830f elementor-section-boxed elementor-section-height-default elementor-section-height-default ct-header-fixed-none ct-row-max-none\" data-id=\"a70830f\" data-element_type=\"section\" data-e-type=\"section\">\n            \n                        <div class=\"elementor-container elementor-column-gap-default \">\n                    <div class=\"elementor-column elementor-col-100 elementor-top-column elementor-element elementor-element-1f40210\" data-id=\"1f40210\" data-element_type=\"column\" data-e-type=\"column\">\n        <div class=\"elementor-widget-wrap elementor-element-populated\">\n                    \n        \t\t<div class=\"elementor-element elementor-element-8b1a935 elementor-widget elementor-widget-text-editor\" data-id=\"8b1a935\" data-element_type=\"widget\" data-e-type=\"widget\" data-widget_type=\"text-editor.default\">\n\t\t\t\t\t\t\t\t\t<p><a href=\"\/dp\/images\/docs\/MORT-_Izmirenje_duga_CFSI.pdf\">MORT &#8211; Izmirenje duga CFSSI (21.01.2019.)<\/a><br \/><a href=\"\/dp\/images\/docs\/Ministasrtvo_ekonomije_-_Program_unaprijeenja_konkurentnosti_privrede_2019_godine.pdf\">MEK &#8211; Program unaprije\u0111enja konkur. privrede za 2019.g.(22.02.2019.)<\/a><br \/><a href=\"\/dp\/images\/docs\/Optina_Berane_-_Biznis_zona_Rude.pdf\">Op\u0161tina Berane &#8211; Biznis zona Rude\u0161 (26.02.2019.)<\/a><br \/><a href=\"\/dp\/images\/docs\/Ministasrtvo_ekonomije_Miljenje_-_Uredba_o_podsticaju_direktnih_investicija.pdf\">MEK_Mi\u0161ljenje &#8211; Uredba o podsticaju direktnih investicija (14.03.2019.)<\/a><br \/><a href=\"\/dp\/images\/docs\/Optina_BIjelo_Polje_Miljenje_-_Refinansiranje_kredita_uzetih_uz_dravnu_garanciju.pdf\">Op\u0161tina Bijelo Polje_Mi\u0161ljenje &#8211; Refinansiranje kredita (27.03.2019.)<\/a><br \/><a href=\"\/dp\/images\/docs\/Ministasrtvo_kulture_-_Program_dravne_pomoi_za_2019.pdf\">MK &#8211; Program dr\u017eavne pomo\u0107i za 2019.g. (27.03.2019.)<\/a><br \/><a href=\"\/dp\/images\/docs\/Optina_Kolain_-_Podrka_enskom_preduzetnitvu.pdf\">Op\u0161tina Kola\u0161in &#8211; \u017densko preduzetni\u0161tvo (23.04.2019.)<\/a><br \/><a href=\"\/dp\/images\/docs\/Ministarstvo_kulture_Miljenje_-_Predlog_zakona_o_medijima_Nije_u_skladu.pdf\">MK_Mi\u0161ljenje &#8211; Predlog Zakona o medijima (13.05.2019.)<\/a><br \/><a href=\"\/dp\/images\/docs\/Ministasrtvo_finansija_Miljenje_-_Privatno-javno_partnerstvo.pdf\">MF_Mi\u0161ljenje &#8211; Privatno javno partnerstvo (28.05.2019.)<\/a><br \/><a href=\"\/dp\/images\/docs\/Ministasrtvo_Poljoprivrede_Miljenje_-_Zakon_o_strukturnim_mjerama_i_i_dravnoj_pomoi_u_ribarstvu_i_akvakulturi.pdf\">MP Mi\u0161ljenje &#8211; Zakon o strukturnim mjerama i dr\u017eavnoj pomo\u0107i u ribarstvu i akvakulturi (07.06.2019.)<\/a><br \/><a href=\"\/dp\/images\/docs\/JU_Filmski_Centar_-_Program_dravne_pomoi_za_sufinansiranje_proizvodnje_kinematografskih_djela.pdf\">JU Filmski centar (19.06.2019.)<\/a><br \/><a href=\"\/dp\/images\/docs\/Ministasrtvo_nauke_-_Kolaborativni_program_za_inovacije.pdf\">Min. nauke-kolaborativni program za inovacije (26.06.2019.)<\/a><br \/><a href=\"\/dp\/images\/docs\/Glavni_grad_-_Program_aktivnosti_na_stimulisanje_preduzetnitva_u_2019.pdf\">Glavni grad PG &#8211; stimulisanje preduzetnistva u 2019.g. (18.07.2019.)<\/a><br \/><a href=\"\/dp\/images\/docs\/Ministasrtvo_kulture_Miljenje_-_Predlog_zakona_o_medijima_u_skladu.pdf\">MK_Misljenje &#8211; Predlog zakona o medijima (18.07.2019.)<\/a><br \/><a href=\"\/dp\/images\/docs\/Ministarstvo_kulture_Miljenje_-_Predlog_Zakona_o_nacionalnom_javnom_emiteru_radio_i_televiziji_Crne_Gore.pdf\">MK_Mi\u0161ljenje-RTCG (18.07.2019.)<\/a><br \/><a href=\"\/dp\/images\/docs\/MEK_Miljenje_Peruica.pdf\">MEK &#8211; Mi\u0161ljenje Peru\u0107ica(26.07.2019.)<\/a><br \/><a href=\"\/dp\/images\/docs\/Optina_Berane_Rjeenje_-_DOO_Benergo_Berane.pdf\">Op\u0161tina Berane rje\u0161enje &#8211;\u00a0DOO Benergo Berane(31.07.2019)\u00a0<\/a><br \/><a href=\"\/dp\/images\/docs\/AZZK_Misljenje_MF_-_Nacrt_koncesionog_akta.pdf\">Mi\u0161ljenje MF &#8211; Nacrt koncesionog akta(26.08.2019.)<\/a><br \/><a href=\"\/dp\/images\/docs\/Ministasrtvo_finansija_Misljenje_-_Predlog_zakona_o_Javnim_nabavkama.pdf\">Mi\u0161ljenje MF &#8211; Predlog zakona o javnim nabavkama(13.09.2019)<\/a><br \/><a href=\"\/dp\/images\/docs\/AZZK_Misljenje_MF_Zakon_o_PDV.pdf\">Mi\u0161ljenje MF &#8211; Zakon o PDV(02.10.2019.)<\/a><br \/><a href=\"\/dp\/images\/docs\/AZZK_misljenje_MORT_jonizujuce_zracenje.pdf\">Mi\u0161ljenje MORT &#8211; Jonizuju\u0107e zra\u010denje(03.10.2019.)<\/a><br \/><a href=\"\/dp\/images\/docs\/MEK_Miljenje_-_Zakon_o_koncesijama.pdf\">MEK Mi\u0161ljenje &#8211; Zakon o koncesijama(04.10.2019)<\/a><br \/><a href=\"\/dp\/images\/docs\/AZZK_misljenje_ME_Program_i_Odluka.pdf\">ME Mi\u0161ljenje &#8211; Program i odluka (30.10.2019)<\/a><br \/><a href=\"\/dp\/images\/docs\/AZZK_Miljenje_MS_-_Zakon_o_putevima.pdf\">MS Mi\u0161ljenje &#8211; Zakon o putevima (30.10.2019)<\/a><br \/><a href=\"\/dp\/images\/docs\/AZZK_Rjeenje_-_Glavni_Grad_Biznis_zone.pdf\">Glavni_grad Rje\u0161enje\u00a0&#8211; Biznis zone (05.11.2019)<\/a><br \/><a href=\"\/dp\/images\/docs\/MK_Miljenje_-_Predlog_zakona_o_audiovizuelnim_medijskim_uslugama.pdf\">MK Mi\u0161ljenje &#8211; Predlog zakona o audiovizuelnim medijskim uslugama (29.11.2019)<\/a><br \/><a href=\"\/dp\/images\/docs\/MF_Reprogram_optina_Roaje_savjet.pdf\">MF Mi\u0161ljenje &#8211; Reprogram op\u0161tine Ro\u017eaje (12.12.2019)<\/a><br \/><a href=\"\/dp\/images\/docs\/AZZK_Rjeenje_-_MORT_Regionalni_vodovod_2019.pdf\">MORT Rje\u0161enje &#8211; Regionalni vodovod 2019 (16.12.2019)<\/a><br \/><a href=\"\/dp\/images\/docs\/AZZK_Rjeenje_IRF_-_Godinji_plan_za_2020_godinu.pdf\">IRF Rje\u0161enje &#8211; Godi\u0161nji plan za 2020 godinu (16.12.2019)<\/a><br \/><a href=\"\/dp\/images\/docs\/Milsjenje_nacrt_2312_Fin.pdf\">AZZK Mi\u0161ljenje &#8211; MA (23.12.2019)<\/a><br \/><a href=\"\/dp\/images\/docs\/AZZK_MF_Zakon_o_porezu_na_dobit_pravnih_lica_decembar_2019.pdf\">MF Mi\u0161ljenje &#8211; Zakon o porezu na dobit pravnih lica (25.12.2019)<\/a><br \/><a href=\"\/dp\/images\/docs\/AZZK_misljenje_ME_Program_i_Odluka.pdf\">ME Mi\u0161ljenje &#8211; Program i Odluka (25.12.2019)<\/a><br \/><a href=\"\/dp\/images\/docs\/AZZK_Rjeenje_-_Ministarstvo_prosvjete_26122019_konanoSavjet.pdf\">MP Rje\u0161enje &#8211; SZ &#8220;Solidarno&#8221; (26.12.2019)<\/a><\/p>\t\t\t\t\t\t\t\t<\/div>\n\t\t            <\/div>\n        <\/div>\n                    <\/div>\n        <\/section>\n        \t\t<\/div>\n\t\t","protected":false},"excerpt":{"rendered":"<p>POKRENUTI POSTUPCI Op\u0161tina Tivat &#8211; Rje\u0161enje o pokretanju ispitnog postupka utvr\u0111ivanja uskla\u0111enosti dr\u017eavne pomo\u0107i dodijeljene preduze\u0107u Adriatic Marinas d.o.o Tivat (21.10.2019) MSP &#8211; Rje\u0161enje o pokretanju ispitnog postupka utvr\u0111ivanja uskla\u0111enosti dr\u017eavne pomo\u0107i dodijeljene preduze\u0107u Montenegro Airlines AD Podgorica (18.10.2019) MORT &#8211; Izmirenje duga CFSSI (21.01.2019.) MEK &#8211; Program unaprije\u0111enja konkur. privrede za 2019.g.(22.02.2019.) Op\u0161tina Berane [&hellip;]<\/p>\n","protected":false},"author":1,"featured_media":0,"parent":0,"menu_order":0,"comment_status":"closed","ping_status":"closed","template":"","meta":{"footnotes":""},"class_list":["post-7872","page","type-page","status-publish","hentry"],"_links":{"self":[{"href":"https:\/\/azzk.me\/en\/wp-json\/wp\/v2\/pages\/7872","targetHints":{"allow":["GET"]}}],"collection":[{"href":"https:\/\/azzk.me\/en\/wp-json\/wp\/v2\/pages"}],"about":[{"href":"https:\/\/azzk.me\/en\/wp-json\/wp\/v2\/types\/page"}],"author":[{"embeddable":true,"href":"https:\/\/azzk.me\/en\/wp-json\/wp\/v2\/users\/1"}],"replies":[{"embeddable":true,"href":"https:\/\/azzk.me\/en\/wp-json\/wp\/v2\/comments?post=7872"}],"version-history":[{"count":17,"href":"https:\/\/azzk.me\/en\/wp-json\/wp\/v2\/pages\/7872\/revisions"}],"predecessor-version":[{"id":8088,"href":"https:\/\/azzk.me\/en\/wp-json\/wp\/v2\/pages\/7872\/revisions\/8088"}],"wp:attachment":[{"href":"https:\/\/azzk.me\/en\/wp-json\/wp\/v2\/media?parent=7872"}],"curies":[{"name":"wp","href":"https:\/\/api.w.org\/{rel}","templated":true}]}}