{"id":7896,"date":"2022-11-04T21:20:21","date_gmt":"2022-11-04T21:20:21","guid":{"rendered":"https:\/\/azzk.me\/?page_id=7896"},"modified":"2022-11-07T08:18:25","modified_gmt":"2022-11-07T08:18:25","slug":"rjesenja-2020-godina-2","status":"publish","type":"page","link":"https:\/\/azzk.me\/en\/rjesenja-2020-godina-2\/","title":{"rendered":"Rje\u0161enja 2020. godina"},"content":{"rendered":"\t\t<div data-elementor-type=\"wp-page\" data-elementor-id=\"7896\" class=\"elementor elementor-7896\" data-elementor-post-type=\"page\">\n\t\t\t\t        <section class=\"elementor-section elementor-top-section elementor-element elementor-element-4478e96 elementor-section-boxed elementor-section-height-default elementor-section-height-default ct-header-fixed-none ct-row-max-none\" data-id=\"4478e96\" data-element_type=\"section\" data-e-type=\"section\">\n            \n                        <div class=\"elementor-container elementor-column-gap-default \">\n                    <div class=\"elementor-column elementor-col-100 elementor-top-column elementor-element elementor-element-60be2dc\" data-id=\"60be2dc\" data-element_type=\"column\" data-e-type=\"column\">\n        <div class=\"elementor-widget-wrap elementor-element-populated\">\n                    \n        \t\t<div class=\"elementor-element elementor-element-d7bbd8d elementor-widget elementor-widget-heading\" data-id=\"d7bbd8d\" data-element_type=\"widget\" data-e-type=\"widget\" data-widget_type=\"heading.default\">\n\t\t\t\t\t<h5 class=\"elementor-heading-title elementor-size-default\">POKRENUTI POSTUPCI<\/h5>\t\t\t\t<\/div>\n\t\t\r\n\t\t<div class=\"elementor-element elementor-element-1e45bde elementor-widget elementor-widget-text-editor\" data-id=\"1e45bde\" data-element_type=\"widget\" data-e-type=\"widget\" data-widget_type=\"text-editor.default\">\n\t\t\t\t\t\t\t\t\t<ul><li><a href=\"\/dp\/images\/docs\/Rjesenje_o_pokretanju_ispitnog_postupka_-_Ministarstvo_nauke_-_Tehnopolis.pdf\">Ministarstvo nauke &#8211;\u00a0rje\u0161enje o pokretanju ispitnog postupka utvr\u0111ivanja uskla\u0111enosti dr\u017eavne pomo\u0107i dodijeljene privrednom dru\u0161tvu &#8220;Tehnopolis&#8221;<\/a>\u00a0<a href=\"\/dp\/images\/docs\/Rjesenje_o_pokretanju_ispitnog_postupka_-_Ministarstvo_nauke_-_Tehnopolis.pdf\">(03.12.2020)<\/a><\/li><li><a href=\"\/dp\/images\/docs\/Rjesenje_ministarstvo_saobracaja_-_Crnogorska_plovidba.pdf\">Ministarstvo saobra\u0107aja i pomorstva(Min. kapitalnih investicija) &#8211; rje\u0161enje o pokretanju ispitnog postupka utvr\u0111ivanja uskla\u0111enosti dr\u017eavne pomo\u0107i dodijeljene preduze\u0107u &#8220;Crnogorska plovidba&#8221; (10.12.2020)<\/a><\/li><li><a href=\"\/dp\/images\/docs\/64AZZK_Rjeenje_Ministarstvo_sporta_ispitni_postupak_26112020_.pdf\">Ministarstvo sporta(Ministarstvu prosvjete, nauke, kulture i sporta) &#8211; rje\u0161enje o pokretanju ispitnog postupka utvr\u0111ivanja uskla\u0111enosti dr\u017eavne pomo\u0107i dodijeljene\u00a0za podr\u0161ku organizaciji velikih me\u0111unarodnih takmi\u010denja i u\u010de\u0161\u0107e na me\u0111unarodnim takmi\u010denjima (10.12.2020)<\/a><\/li><li><a href=\"\/dp\/images\/docs\/64ispitni_postupak-mort.pdf\">Ministarstvo odr\u017eivog razvoja i turizma(Ministarstvu ekologije, prostornog planiranja i urbanizma) &#8211; rje\u0161enje o pokretanju ispitnog postupka utvr\u0111ivanja uskla\u0111enosti dr\u017eavne pomo\u0107i dodijeljene\u00a0preduze\u0107u Skijali\u0161ta Crne Gore doo za pripremu zimske turisti\u010dke sezone (10.12.2020)<\/a><\/li><li><a href=\"\/dp\/images\/docs\/64prijestonica_Cetinje_ispitni_postupak.pdf\">Prijestonica Cetinje &#8211; rje\u0161enje o pokretanju ispitnog postupka utvr\u0111ivanja uskla\u0111enosti dr\u017eavne pomo\u0107i dodijeljene\u00a0za realizaciju sportskih aktivnosti i sportskih de\u0161avanja u Prijestonici Cetinje (10.12.2020)<\/a><\/li><\/ul>\t\t\t\t\t\t\t\t<\/div>\n\t\t\t\t<div class=\"elementor-element elementor-element-9e6a4c0 elementor-widget-divider--view-line elementor-widget elementor-widget-divider\" data-id=\"9e6a4c0\" data-element_type=\"widget\" data-e-type=\"widget\" data-widget_type=\"divider.default\">\n\t\t\t\t\t\t\t<div class=\"elementor-divider\">\n\t\t\t<span class=\"elementor-divider-separator\">\n\t\t\t\t\t\t<\/span>\n\t\t<\/div>\n\t\t\t\t\t\t<\/div>\n\t\t\t\t<div class=\"elementor-element elementor-element-1eae1b7 elementor-widget elementor-widget-text-editor\" data-id=\"1eae1b7\" data-element_type=\"widget\" data-e-type=\"widget\" data-widget_type=\"text-editor.default\">\n\t\t\t\t\t\t\t\t\t<p><a href=\"\/dp\/images\/docs\/Miljenje_ZZZCG.pdf\">ZZZCG Mi\u0161ljenje &#8211; Program grantova za samozapo\u0161ljavanje (28.01.2020)<\/a><br \/><a href=\"\/dp\/images\/docs\/ZZZCG__Miljenje_-_Program_Direktno_otvaranje_radnih_mjesta.pdf\">ZZZCG Mi\u0161ljenje &#8211; Program \u201eDirektno otvaranje radnih mjesta\u201c (10.02.2020)<\/a><br \/><a href=\"\/dp\/images\/docs\/MEK_-_Program_i_odluka.pdf\">MEK &#8211; Program i odluka (27.02.2020)<\/a><br \/><a href=\"\/dp\/images\/docs\/Ministarstvo_kulture_-_Program_drzavne_pomoci_Ministarstva_kulture_za_2020.pdf\">Ministarstvo kulture &#8211; Program dr\u017eavne pomo\u0107i Ministarstva kulture za 2020 (27.02.2020)<\/a><br \/><a href=\"\/dp\/images\/docs\/Glavni_Grad_-_Izmjena_odluke_o_biznis_zonama_Podgorica.pdf\">Glavni Grad &#8211; Izmjena odluke o biznis zonama Podgorica (27.02.2020)<\/a><br \/><a href=\"\/dp\/images\/docs\/Filmski_Centar_-_Program_drzavne_pomoci_za_sufinansiranje_proizvodnje_kinematografskih_djela_za_2020.pdf\">Filmski Centar &#8211; Program dr\u017eavne pomo\u0107i za sufinansiranje proizvodnje kinematografskih djela za 2020 (27.02.2020)<\/a><br \/><a href=\"\/dp\/images\/docs\/AZZK_Misljenje_-_UZ_anuiteti.pdf\">Uprava za \u017eeljeznice &#8211; kreditni ugovor AD &#8220;\u017deljezni\u010dka infrastruktura&#8221; i AD &#8220;\u017deljezni\u010dki prevoz&#8221;<\/a><br \/><a href=\"\/dp\/images\/docs\/rozajebiznis.pdf\">Savjet Rje\u0161enje &#8211; Biznis zone Ro\u017eaje (16.03.2020)<\/a><br \/><a href=\"\/dp\/images\/docs\/AZZK_Rjeenje_-_MEK_Veliki_program_konkurentnostiSavjet.pdf\">MEK &#8211; Veliki program konkurentnosti (07.04.2020)<\/a><br \/><a href=\"\/dp\/images\/docs\/AZZK_ZZZ_CG_-_Miljenje_Osposobljavanje_za_rad_kod_poslodavca_savjet.pdf\">ZZZCG Mi\u0161ljenje &#8211; Osposobljavanje za rad kod poslodavca (07.04.2020)<\/a><br \/><a href=\"\/dp\/images\/docs\/AZZK_ZZZ_CG_-_Miljenje_Osposobljavanje_za_samostalan_rad_Savjet.pdf\">ZZZCG Mi\u0161ljenje &#8211; Osposobljavanje za samostalan rad (07.04.2020)<\/a><br \/><a href=\"\/dp\/images\/docs\/Miljenje_ZZZCG_StopsivojekonomijiS.pdf\">ZZZCG Mi\u0161ljenje &#8211; Stop sivoj ekonomiji (07.04.2020)<\/a><br \/><a href=\"\/dp\/images\/docs\/AZZKSavjet_Rjeenje_-_MEK_COVID_19clear.pdf\">Savjet Rje\u0161enje &#8211; MEK_COVID (22.04.2020)<\/a><br \/><a href=\"\/dp\/images\/docs\/Rjesenje_o_stavljanju__rjesenja_van_snage.pdf\">Rje\u0161enje o stavljanju rje\u0161enja van snage (24.04.2020)<\/a><br \/><a href=\"\/dp\/images\/docs\/resenje.pdf\">Savjet Rje\u0161enje &#8211; MEK_COVID19 (24.04.2020)<\/a><br \/><a href=\"\/dp\/images\/docs\/Ministartvo_nauke_-_Zakon_o_podsticajnim_mjerama_za_razvoj_IR.pdf\">Ministarstvo nauke &#8211; Zakon o podsticajnim mjerama za razvoj IR (04.06.2020)<\/a><br \/><a href=\"\/dp\/images\/docs\/Ministartvo_nauke_-_Zakon_o_inovacionoj_djelatnosti.pdf\">Ministarstvo nauke &#8211; Zakon o inovacionoj djelatnosti (04.06.2020)<\/a><br \/><a href=\"\/dp\/images\/docs\/AZZK_-_Rjesenje_SZ_Solidarno_2.pdf\">Savjet Rje\u0161enje &#8211; SZ Solidarno (10.06.2020)<\/a><br \/><a href=\"\/dp\/images\/docs\/Savjet_rjesenje_-_Glavni_grad_COVID_19.pdf\">Savjet rje\u0161enje &#8211; Glavni grad COVID 19 (30.07.2020)<\/a><br \/><a href=\"\/dp\/images\/docs\/Savjet_rjesenje_-_Tuzi_COVID_19.pdf\">Savjet rje\u0161enje &#8211; Tuzi COVID 19 (30.07.2020)<\/a><br \/><a href=\"\/dp\/images\/docs\/Savjet_Misljenje_-_IPA_MEK.pdf\">Savjet mi\u0161ljenje &#8211; IPA 2014 (MEK) (03.09.2020)<\/a><br \/><a href=\"\/dp\/images\/docs\/Savjet_AZZK_Rjesenje_-_Tehnopolis.pdf\">Savjet rje\u0161enje &#8211; Tehnopolis (03.09.2020)<\/a><br \/><a href=\"\/dp\/images\/docs\/Savjet_Rjesenje_-_MA.pdf\">Savjet rje\u0161enje &#8211; Montenegro Airlines (03.09.2020)<\/a><br \/><a href=\"\/dp\/images\/docs\/AZZK_Savjet_-_Misljenje_Zajednica_Opstina_Crne_Gore.pdf\">Savjet mi\u0161ljenje &#8211; Zajednica Op\u0161tina Crne Gore (28.09.2020)<\/a><br \/><a href=\"\/dp\/images\/docs\/MEK_-_energet_domain.pdf\">Savjet mi\u0161ljenje &#8211; MEK Energetski efikasan dom (06.10.2020)<\/a><br \/><a href=\"\/dp\/images\/docs\/Misljenje_Monteput_4.pdf\">Savjet mi\u0161ljenje &#8211; MSP Monteput (06.10.2020)<\/a><br \/><a href=\"\/dp\/images\/docs\/Pedlog_Rjesenja_Pljevlja.pdf\">Savjet rje\u0161enje &#8211; Op\u0161tina Pljevlja COVID 19 (22.10.2020)<\/a><br \/><a href=\"\/dp\/images\/docs\/Predlog_Opstina_Mojkovac.pdf\">Savjet rje\u0161enje &#8211; Op\u0161tina Mojkovac COVID 19 (22.10.2020)<\/a><br \/><a href=\"\/dp\/images\/docs\/pREDLOG_rJESENJA_cETINJE.pdf\">Savjet rje\u0161enje &#8211; Op\u0161tina Cetinje COVID 19 (22.10.2020)<\/a><br \/><a href=\"\/dp\/images\/docs\/Savjet_misljene_-_MORT.pdf\">Savjet mi\u0161ljenje &#8211; MORT Javni poziv (29.10.2020)<\/a><br \/><a href=\"\/dp\/images\/docs\/Savjet_rjesenje_-_MN.pdf\">Savjet rje\u0161enje &#8211; Ministarstvo nauke (29.10.2020)<\/a><br \/><a href=\"\/dp\/images\/docs\/Savjet_rjesenje_-_Biznis_zone_glavni_grad_Podgorica.pdf\">Savjet rje\u0161enje &#8211; Biznis zone Podgorica (04.11.2020)<\/a><br \/><a href=\"\/dp\/images\/docs\/Savjet_Misljenje_DjTara_MSP.pdf\">Savjet mi\u0161ljenje &#8211; MSP Tara (04.11.2020)<\/a><br \/><a href=\"\/dp\/images\/docs\/PREDLOG_MIsLjENjA_IRF.pdf\">Savjet mi\u0161ljenje &#8211; IRF (19.11.2020)<\/a><br \/><a href=\"\/dp\/images\/docs\/Rjesenje_-_Obustava_postupka_Glavni_grad_PG.pdf\">Savjet rje\u0161enje &#8211; Obustava postupka glavni grad Podgorica (19.11.2020)<\/a><br \/><a href=\"\/dp\/images\/docs\/Savjet_rjesenje_-_Opstina_Tivat_Covid19.pdf\">Savjet rje\u0161enje &#8211; Op\u0161tina Tivat COVID 19 (03.12.2020)<\/a><br \/><a href=\"\/dp\/images\/docs\/Misljenje_dp_Gl_grad_NVO.pdf\">Savjet mi\u0161ljenje &#8211; Glavni grad NVO (24.12.2020)<\/a><br \/><a href=\"\/dp\/images\/docs\/Rjeenje_dp_-_Berane_COVID19_Savjet.pdf\">Savjet rje\u0161enje &#8211; Op\u0161tina Berane COVID 19 (24.12.2020)<\/a><br \/><a href=\"\/dp\/images\/docs\/Rjeenje_dp_optina_abljak.pdf\">Savjet rje\u0161enje &#8211; Op\u0161tina \u017dabljak COVID 19 (24.12.2020)<\/a><br \/><a href=\"\/dp\/images\/docs\/RJEENJE_dp_ZA_COVID_OPTINA_NIKSI.pdf\">Savjet rje\u0161enje &#8211; Op\u0161tina Nik\u0161i\u0107 COVID 19 (24.12.2020)<\/a><br \/><a href=\"\/dp\/images\/docs\/Rjesenje_-_MEK_Program_za_unapredjenje_konkurentnosti_privrede_za_2020.pdf\">Savjet rje\u0161enje &#8211; MEK Program za unapre\u0111enje konkurentnosti privrede za 2020.god. (29.12.2020)<\/a><\/p>\t\t\t\t\t\t\t\t<\/div>\n\t\t            <\/div>\n        <\/div>\n                    <\/div>\n        <\/section>\n        \t\t<\/div>\n\t\t","protected":false},"excerpt":{"rendered":"<p>POKRENUTI POSTUPCI Ministarstvo nauke &#8211;\u00a0rje\u0161enje o pokretanju ispitnog postupka utvr\u0111ivanja uskla\u0111enosti dr\u017eavne pomo\u0107i dodijeljene privrednom dru\u0161tvu &#8220;Tehnopolis&#8221;\u00a0(03.12.2020) Ministarstvo saobra\u0107aja i pomorstva(Min. kapitalnih investicija) &#8211; rje\u0161enje o pokretanju ispitnog postupka utvr\u0111ivanja uskla\u0111enosti dr\u017eavne pomo\u0107i dodijeljene preduze\u0107u &#8220;Crnogorska plovidba&#8221; (10.12.2020) Ministarstvo sporta(Ministarstvu prosvjete, nauke, kulture i sporta) &#8211; rje\u0161enje o pokretanju ispitnog postupka utvr\u0111ivanja uskla\u0111enosti dr\u017eavne pomo\u0107i [&hellip;]<\/p>\n","protected":false},"author":1,"featured_media":0,"parent":0,"menu_order":0,"comment_status":"closed","ping_status":"closed","template":"","meta":{"footnotes":""},"class_list":["post-7896","page","type-page","status-publish","hentry"],"_links":{"self":[{"href":"https:\/\/azzk.me\/en\/wp-json\/wp\/v2\/pages\/7896","targetHints":{"allow":["GET"]}}],"collection":[{"href":"https:\/\/azzk.me\/en\/wp-json\/wp\/v2\/pages"}],"about":[{"href":"https:\/\/azzk.me\/en\/wp-json\/wp\/v2\/types\/page"}],"author":[{"embeddable":true,"href":"https:\/\/azzk.me\/en\/wp-json\/wp\/v2\/users\/1"}],"replies":[{"embeddable":true,"href":"https:\/\/azzk.me\/en\/wp-json\/wp\/v2\/comments?post=7896"}],"version-history":[{"count":11,"href":"https:\/\/azzk.me\/en\/wp-json\/wp\/v2\/pages\/7896\/revisions"}],"predecessor-version":[{"id":8089,"href":"https:\/\/azzk.me\/en\/wp-json\/wp\/v2\/pages\/7896\/revisions\/8089"}],"wp:attachment":[{"href":"https:\/\/azzk.me\/en\/wp-json\/wp\/v2\/media?parent=7896"}],"curies":[{"name":"wp","href":"https:\/\/api.w.org\/{rel}","templated":true}]}}