{"id":7925,"date":"2022-11-04T21:29:08","date_gmt":"2022-11-04T21:29:08","guid":{"rendered":"https:\/\/azzk.me\/?page_id=7925"},"modified":"2023-04-07T19:10:35","modified_gmt":"2023-04-07T19:10:35","slug":"rjesenja-2022-godina-2","status":"publish","type":"page","link":"https:\/\/azzk.me\/en\/rjesenja-2022-godina-2\/","title":{"rendered":"Rje\u0161enja 2022. godina"},"content":{"rendered":"\t\t<div data-elementor-type=\"wp-page\" data-elementor-id=\"7925\" class=\"elementor elementor-7925\" data-elementor-post-type=\"page\">\n\t\t\t\t        <section class=\"elementor-section elementor-top-section elementor-element elementor-element-28dc15a elementor-section-boxed elementor-section-height-default elementor-section-height-default ct-header-fixed-none ct-row-max-none\" data-id=\"28dc15a\" data-element_type=\"section\" data-e-type=\"section\">\n            \n                        <div class=\"elementor-container elementor-column-gap-default \">\n                    <div class=\"elementor-column elementor-col-33 elementor-top-column elementor-element elementor-element-726f94b\" data-id=\"726f94b\" data-element_type=\"column\" data-e-type=\"column\">\n        <div class=\"elementor-widget-wrap elementor-element-populated\">\n                    \n        \r\n\t\t<div class=\"elementor-element elementor-element-c7431b0 elementor-widget elementor-widget-text-editor\" data-id=\"c7431b0\" data-element_type=\"widget\" data-e-type=\"widget\" data-widget_type=\"text-editor.default\">\n\t\t\t\t\t\t\t\t\t<h5 style=\"text-align: center;\">POKRENUTI POSTUPCI<\/h5><hr \/><p style=\"text-align: center;\"><a href=\"https:\/\/azzk.me\/wp-content\/uploads\/2022\/11\/115Tuzi__-_Rjesenje_o_pokretanju_ispitnog_postupka.pdf\">Op\u0161tina Tuzi &#8211; rje\u0161enje o pokretanju ispitnog postupka utvr\u0111jivanja uskla\u0111enosti dr\u017eavne pomo\u0107i COVID-19(01.04.2022)<\/a><\/p><p style=\"text-align: center;\"><a href=\"https:\/\/azzk.me\/wp-content\/uploads\/2022\/11\/Rjesenja-o-pokretanju-ispitnog-postupka-Filmski-centar-07.11.2022..pdf\">Filmski centar &#8211; rje\u0161enja o pokretanju ispitnog postupka (07.11.2022)<\/a><\/p>\t\t\t\t\t\t\t\t<\/div>\n\t\t            <\/div>\n        <\/div>\n                <div class=\"elementor-column elementor-col-33 elementor-top-column elementor-element elementor-element-8b7ecdc\" data-id=\"8b7ecdc\" data-element_type=\"column\" data-e-type=\"column\">\n        <div class=\"elementor-widget-wrap elementor-element-populated\">\n                    \n        \t\t<div class=\"elementor-element elementor-element-777c3df elementor-widget elementor-widget-text-editor\" data-id=\"777c3df\" data-element_type=\"widget\" data-e-type=\"widget\" data-widget_type=\"text-editor.default\">\n\t\t\t\t\t\t\t\t\t<h5 style=\"text-align: center;\">RJE\u0160ENJA<\/h5><hr \/><p style=\"text-align: center;\"><a href=\"\/dp\/images\/docs\/Ministarstvo_ekonomskog_razvoja_-_Program_za_razvoj_i_promociju_zanatstva_16022022.pdf\">Ministarstvo ekonomskog razvoja &#8211; Program za razvoj i promociju zanatstva (16.02.2022)<\/a><\/p><p style=\"text-align: center;\"><a href=\"\/dp\/images\/docs\/Ministarstvo_ekonomskog_razvoja_-_Program_za_unapreenje_konkurentnosti_privrede_2022_1604.pdf\">Ministarstvo ekonomskog razvoja &#8211; Program za unapre\u0111enje konkurentnosti privrede 2022 (16.02.2022)<\/a><\/p><p style=\"text-align: center;\"><a href=\"\/dp\/images\/docs\/Ministarstvo_ekoomskog_razvoja_-_Program_za_razvoj_preraivake_industrije_16022022.pdf\">Ministarstvo ekoomskog razvoja &#8211; Program za razvoj prera\u0111iva\u010dke industrije (16.02.2022)<\/a><\/p><p style=\"text-align: center;\"><a href=\"\/dp\/images\/docs\/Optina_Ulcinj_COVID-19_16032022.pdf\">Op\u0161tina Ulcinj COVID-19 (16.03.2022)<\/a><\/p><p style=\"text-align: center;\"><a href=\"\/dp\/images\/docs\/JU_Filmski_centar_Crne_Gore_-_Prijedlog_programa_za_2022_godinu_16032022.pdf\">JU Filmski centar Crne Gore &#8211; Prijedlog programa za 2022. godinu (16.03.2022)<\/a><\/p><p style=\"text-align: center;\"><a href=\"\/dp\/images\/docs\/Ministarstvo_prosvjete_nauke_kulture_i_sporta_-_Nacrt_Programa_dravne_pomoi_za_2022_godinu_22032022.pdf\">Ministarstvo prosvjete nauke kulture i sporta &#8211; Nacrt Programa dr\u017eavne pomo\u0107i za 2022. godinu (22.03.2022)<\/a><\/p><p style=\"text-align: center;\"><a href=\"\/dp\/images\/docs\/114final_final_rjenje_o_usklaenosti_dr_OTivat_za_covid_final_verz.pdf\">Op\u0161tina Tivat COVID-19 (29.03.2022)<\/a><\/p><p style=\"text-align: center;\"><a href=\"\/dp\/images\/docs\/115Rjesenje_-_Optina_Niksic_u_ispitnom.pdf\">Op\u0161tina Nik\u0161i\u0107 COVID-19 (01.04.2022)<\/a><\/p><p style=\"text-align: center;\"><a href=\"\/dp\/images\/docs\/115rjeenje_za_usklaenost-Herceg_Novi_u_ispitnom.pdf\">Op\u0161tina Herceg Novi COVID-19 (01.04.2022)<\/a><\/p><p style=\"text-align: center;\"><a href=\"\/dp\/images\/docs\/116Rjeenje_u_ispitnom_o_uskladjenosti_Tuzi_002.pdf\">Op\u0161tina Tuzi COVID-19 (07.04.2022)<\/a><\/p><p style=\"text-align: center;\"><a href=\"\/dp\/images\/docs\/Obustava_postupka_Sekretarijat_za_finansije_i_ekonomski_razvoj_Optine_Roaje17062022.pdf\">Obustava postupka Sekretarijat za finansije i ekonomski razvoj Op\u0161tine Ro\u017eaje (17.06.2022)<\/a><\/p><p style=\"text-align: center;\"><a href=\"\/dp\/images\/docs\/Rjesenje_Opstine_Kotor_27072022_Covid_19.pdf\">Op\u0161tina Kotor COVID-19 (27.07.2022)<\/a><\/p><p style=\"text-align: center;\"><a href=\"https:\/\/azzk.me\/wp-content\/uploads\/2022\/12\/MINIST_1.pdf\">Ministarstvo kapitalnih investicija &#8211; Dru\u0161tvo za transport putnika i robe u vazdu\u0161nom saobra\u0107aju Montenegro Airlines (05.08.2022)<\/a><\/p><p style=\"text-align: center;\"><a href=\"https:\/\/azzk.me\/wp-content\/uploads\/2022\/12\/Rjesenje-Savjeta-MKI-Barska-plovidba-17.08.pdf\">Ministarstvo kapitalnih investicija &#8211; Barska plovidba a.d. Bar (17.08.2022)<\/a><\/p><p style=\"text-align: center;\"><a href=\"https:\/\/azzk.me\/wp-content\/uploads\/2023\/01\/Ministarstvo-kapitalnih-investicija-Crnogorska-plovidba-AD-Kotor-17.08.2022.pdf\">Ministarstvo kapitalnih investicija &#8211; Crnogorska plovidba AD Kotor (17.08.2022)<\/a><\/p><p style=\"text-align: center;\"><a href=\"https:\/\/azzk.me\/wp-content\/uploads\/2022\/12\/Opstina-Budva-COVID-19-13.10.2022.pdf\">Op\u0161tina Budva COVID-19 (13.10.2022)<\/a><\/p><p style=\"text-align: center;\"><a href=\"https:\/\/azzk.me\/wp-content\/uploads\/2022\/12\/JU-Filmski-centar-Crne-Gore-COVID-19-01.12.2022.pdf\">JU Filmski centar Crne Gore COVID-19 (01.12.2022)<\/a><\/p><p style=\"text-align: center;\"><a href=\"https:\/\/azzk.me\/wp-content\/uploads\/2022\/12\/Rjesenje-o-uskladenosti-IRF-Program-rada-za-2023.-godinu-16.12.2022..pdf\">IRF Program rada za 2023. godinu (16.12.2022)<\/a><\/p><p style=\"text-align: center;\"><a href=\"https:\/\/azzk.me\/wp-content\/uploads\/2022\/12\/Prijestonica-Cetinje-realizacija-sportskih-aktivnosti-i-sportskih-desavanja-26.12.2022.pdf\">Prijestonica Cetinje &#8211; realizacija sportskih aktivnosti i sportskih de\u0161avanja (26.12.2022)<\/a><\/p>\t\t\t\t\t\t\t\t<\/div>\n\t\t            <\/div>\n        <\/div>\n                <div class=\"elementor-column elementor-col-33 elementor-top-column elementor-element elementor-element-6e0d6e1\" data-id=\"6e0d6e1\" data-element_type=\"column\" data-e-type=\"column\">\n        <div class=\"elementor-widget-wrap elementor-element-populated\">\n                    \n        \t\t<div class=\"elementor-element elementor-element-807e93e elementor-widget elementor-widget-text-editor\" data-id=\"807e93e\" data-element_type=\"widget\" data-e-type=\"widget\" data-widget_type=\"text-editor.default\">\n\t\t\t\t\t\t\t\t\t<h5 style=\"text-align: center;\">MI\u0160LJENJA<\/h5><hr \/><p style=\"text-align: center;\"><a href=\"\/dp\/images\/docs\/Savjet_miljenje_-_Ministarstvo_finansija_i_socijalnog_staranja_Predlog_Carinskog_zakona_14012022.pdf\">Ministarstvo finansija i socijalnog staranja &#8211; Predlog Carinskog zakona (14.01.2022)<\/a><\/p><p style=\"text-align: center;\"><a href=\"\/dp\/images\/docs\/Ministarstvo_ekologije_prostornog_planiranja_i_urbanizma_Javno_preduzee_za_nacionalne_parkove_-_Podgorica_22032022.pdf\">Ministarstvo ekologije prostornog planiranja i urbanizma (Javno preduze\u0107e za nacionalne parkove &#8211; Podgorica) (22.03.2022)<\/a><\/p><p style=\"text-align: center;\"><a href=\"\/dp\/images\/docs\/Optina_Bijelo_Polje_Predlog_Odluke_o_izmjenama_i_dopunama_Odluke_13052022.pdf\">Op\u0161tina Bijelo Polje &#8211; Predlog Odluke o izmjenama i dopunama Odluke o osnivanju biznis zona \u201eNedakusi\u201c, \u201eCerovo\u201c, \u201eVrane\u0161ka dolina\u201c, \u201eBistri\u010dka dolina\u201c, \u201eRakonje-Ravna Rijeka\u201c i \u201eRibarevine-Poda\u201c (13.05.2022)<\/a><\/p><p style=\"text-align: center;\"><a href=\"\/dp\/images\/docs\/Most_na_Tari_17062022.pdf\">Ministarstva kapitalnih investicija &#8211; Most na Tari (<i>Predlog Zakona o potvr\u0111ivanju sporazuma izme\u0111u Vlade Crne Gore i Vije\u0107a Ministara Bosne i Hercegovine o izgradnji mosta preko rijeke Tare na spoju magistralnog puta M3 na lokaciji \u0160\u0107epan Polje (Crna Gora) i magistralnog puta M-18 na lokaciji Hum (Bosna i Hercegovina) i priklju\u010dnih grani\u010dnih dionica)<\/i>\u00a0(17.06.2022)<\/a><\/p><p style=\"text-align: center;\"><a href=\"\/dp\/images\/docs\/Luka_Kotor_koncesije_17062022.pdf\">Uprava pomorske sigurnosti i upravljanja lukama &#8211; Koncesije (17.06.2022)<\/a><\/p><p style=\"text-align: center;\"><a href=\"\/dp\/images\/docs\/Predlog_zakona_o_Crnogorskoj_razvojnoj_banci_06072022.pdf\">Ministarstvo finansija &#8211;\u00a0Predlog zakona o Crnogorskoj razvojnoj banci (06.07.2022)<\/a><\/p><p style=\"text-align: center;\"><a href=\"\/dp\/images\/docs\/Miljenje_-_Ministarstvo_zdravlja-_Meljine_002.pdf\">Ministarstvo zdravlja &#8211;\u00a0Privatno zdravstvena ustanova Op\u0161ta bolnica &#8220;Meljine&#8221; &#8211; Herceg Novi (22.07.2022)<\/a><\/p><p style=\"text-align: center;\"><a href=\"\/dp\/images\/docs\/Ministarstvo_kapitalnih_investicija__-_PCG.pdf\">Ministarstvo kapitalnih investicija &#8211;\u00a0\u017deljezni\u010dki prevoz Crne Gore (22.07.2022)<\/a><\/p><p style=\"text-align: center;\"><a href=\"\/dp\/images\/docs\/Fond_za_inovacije_05082022.pdf\">Fond za inovacije (05.08.2022)<\/a><\/p><p style=\"text-align: center;\"><a href=\"https:\/\/azzk.me\/wp-content\/uploads\/2022\/11\/Ministarstvo-kapitalnih-investicija-Zeljeznicka-infrastruktura-28.10.22..pdf\">Ministarstvo kapitalnih investicija &#8211; Z\u030celjeznic\u030cka infrastruktura (28.10.2022)<\/a><\/p><p style=\"text-align: center;\"><a href=\"https:\/\/azzk.me\/wp-content\/uploads\/2022\/11\/Ministarstvo-poljoprivrede-sumarstva-i-vodoprivrede-predlog-zakona-o-strukturnim-mjerama-i-drzavnoj-pomoci-u-ribarstvu-i-akvakulturi-07.11.2022.pdf\">Ministarstvo poljoprivrede \u0161umarstva i vodoprivrede -predlog zakona o strukturnim mjerama i dr\u017eavnoj pomo\u0107i u ribarstvu i akvakulturi (07.11.2022)<\/a><\/p><p style=\"text-align: center;\"><a href=\"https:\/\/azzk.me\/wp-content\/uploads\/2022\/11\/Opstina-Bijelo-Polje-biznis-zone-07.11.2022..pdf\">Op\u0161tina Bijelo Polje &#8211; biznis zone (07.11.2022)<\/a><\/p><p style=\"text-align: center;\"><a href=\"https:\/\/azzk.me\/wp-content\/uploads\/2022\/11\/Opstina-Mojkovac-13.10.2022..pdf\">Op\u0161tina Mojkovac &#8211; izdavanja garancija za otplatu kreditnih sredstava stanara stambenih zgrada za kolektivno stanovanje i ispunjenosti uslova izdavanja garancije sa pravilima dr\u017eavne pomo\u0107i (13.10.2022)<\/a><\/p><p style=\"text-align: center;\"><a href=\"https:\/\/azzk.me\/wp-content\/uploads\/2022\/11\/Ministarstvo-prosvjete-SZ-Solidarno-27.10.2022..pdf\">Ministarstvo prosvjete &#8211; SZ Solidarno (27.10.2022)<\/a><\/p><p style=\"text-align: center;\"><a href=\"https:\/\/azzk.me\/wp-content\/uploads\/2022\/11\/Opstina-Pljevlja-07.11.2022..pdf\">Op\u0161tina Pljevlja &#8211; DOO \u201eVodovod\u201c Pljevlja (07.11.2022)<\/a><\/p><p style=\"text-align: center;\"><a href=\"https:\/\/azzk.me\/wp-content\/uploads\/2022\/11\/Zavod-za-geoloska-istrazivanja-07.11.22..pdf\">Zavod za geolo\u0161ka istra\u017eivanja (07.11.2022)<\/a><\/p><p style=\"text-align: center;\"><a href=\"https:\/\/azzk.me\/wp-content\/uploads\/2022\/11\/Ministarstvo-kapitalnih-investicija-Zakon-o-zeljeznici-07.11.22..pdf\">Ministarstvo kapitalnih investicija &#8211; Zakon o z\u030celjeznici (07.11.2022)<\/a><\/p><p style=\"text-align: center;\"><a href=\"https:\/\/azzk.me\/wp-content\/uploads\/2022\/11\/Ministarstvo-sporta-i-mladih-11.11.2022..pdf\">Ministarstvo sporta i mladih (11.11.2022)<\/a><\/p><p style=\"text-align: center;\"><a href=\"https:\/\/azzk.me\/wp-content\/uploads\/2022\/11\/MKI-ZPCG-11.11.2022..pdf\">Ministarstvo kapitalnih investicija &#8211; \u017dPCG (11.11.2022)<\/a><\/p><p style=\"text-align: center;\"><a href=\"https:\/\/azzk.me\/wp-content\/uploads\/2022\/12\/IRF-Program-rada-za-2023.-godinu-13.12.2022..pdf\">IRF Program rada za 2023. godinu (13.12.2022)<\/a><\/p><p style=\"text-align: center;\"><a href=\"https:\/\/azzk.me\/wp-content\/uploads\/2022\/12\/Misljenja-Min.-prosvjete-Solidarno-II-13.12.22..pdf\">Ministarstvo prosvjete (Solidarno II) (13.12.2022)<\/a><\/p><p style=\"text-align: center;\"><a href=\"https:\/\/azzk.me\/wp-content\/uploads\/2022\/12\/Zavod-za-geoloska-misljenje-16.12.2022..pdf\">Ministarstvo kapitalnih investicija &#8211; JU zavod za geolo\u0161ka istra\u017eivanja (16.12.2022)<\/a><\/p><p style=\"text-align: center;\"><a href=\"https:\/\/azzk.me\/wp-content\/uploads\/2022\/12\/Ministarstvo-kapitalnih-investicija-Montenegro-Bonus-d.o.o.pdf\">Ministarstvo kapitalnih investicija &#8211; Montenegro Bonus d.o.o (26.12.2022)<\/a><\/p><p style=\"text-align: center;\"><a href=\"https:\/\/azzk.me\/wp-content\/uploads\/2023\/01\/Agencije-za-elektronske-medije-29.12.22..pdf\">Agencija za elektronske medije (29.12.2022)<\/a><\/p>\t\t\t\t\t\t\t\t<\/div>\n\t\t            <\/div>\n        <\/div>\n                    <\/div>\n        <\/section>\n        \t\t<\/div>\n\t\t","protected":false},"excerpt":{"rendered":"<p>POKRENUTI POSTUPCI Op\u0161tina Tuzi &#8211; rje\u0161enje o pokretanju ispitnog postupka utvr\u0111jivanja uskla\u0111enosti dr\u017eavne pomo\u0107i COVID-19(01.04.2022) Filmski centar &#8211; rje\u0161enja o pokretanju ispitnog postupka (07.11.2022) RJE\u0160ENJA Ministarstvo ekonomskog razvoja &#8211; Program za razvoj i promociju zanatstva (16.02.2022) Ministarstvo ekonomskog razvoja &#8211; Program za unapre\u0111enje konkurentnosti privrede 2022 (16.02.2022) Ministarstvo ekoomskog razvoja &#8211; Program za razvoj prera\u0111iva\u010dke [&hellip;]<\/p>\n","protected":false},"author":1,"featured_media":0,"parent":0,"menu_order":0,"comment_status":"closed","ping_status":"closed","template":"","meta":{"footnotes":""},"class_list":["post-7925","page","type-page","status-publish","hentry"],"_links":{"self":[{"href":"https:\/\/azzk.me\/en\/wp-json\/wp\/v2\/pages\/7925","targetHints":{"allow":["GET"]}}],"collection":[{"href":"https:\/\/azzk.me\/en\/wp-json\/wp\/v2\/pages"}],"about":[{"href":"https:\/\/azzk.me\/en\/wp-json\/wp\/v2\/types\/page"}],"author":[{"embeddable":true,"href":"https:\/\/azzk.me\/en\/wp-json\/wp\/v2\/users\/1"}],"replies":[{"embeddable":true,"href":"https:\/\/azzk.me\/en\/wp-json\/wp\/v2\/comments?post=7925"}],"version-history":[{"count":60,"href":"https:\/\/azzk.me\/en\/wp-json\/wp\/v2\/pages\/7925\/revisions"}],"predecessor-version":[{"id":10931,"href":"https:\/\/azzk.me\/en\/wp-json\/wp\/v2\/pages\/7925\/revisions\/10931"}],"wp:attachment":[{"href":"https:\/\/azzk.me\/en\/wp-json\/wp\/v2\/media?parent=7925"}],"curies":[{"name":"wp","href":"https:\/\/api.w.org\/{rel}","templated":true}]}}