{"id":8893,"date":"2022-12-29T14:41:52","date_gmt":"2022-12-29T14:41:52","guid":{"rendered":"https:\/\/azzk.me\/?page_id=8893"},"modified":"2025-12-29T22:33:02","modified_gmt":"2025-12-29T22:33:02","slug":"program-rada","status":"publish","type":"page","link":"https:\/\/azzk.me\/en\/program-rada\/","title":{"rendered":"Program rada"},"content":{"rendered":"\t\t<div data-elementor-type=\"wp-page\" data-elementor-id=\"8893\" class=\"elementor elementor-8893\" data-elementor-post-type=\"page\">\n\t\t\t\t        <section class=\"elementor-section elementor-top-section elementor-element elementor-element-a711894 elementor-section-boxed elementor-section-height-default elementor-section-height-default ct-header-fixed-none ct-row-max-none\" data-id=\"a711894\" data-element_type=\"section\" data-e-type=\"section\">\n            \n                        <div class=\"elementor-container elementor-column-gap-default \">\n                    <div class=\"elementor-column elementor-col-100 elementor-top-column elementor-element elementor-element-478e24a\" data-id=\"478e24a\" data-element_type=\"column\" data-e-type=\"column\">\n        <div class=\"elementor-widget-wrap elementor-element-populated\">\n                    \n        \r\n\t\t<div class=\"elementor-element elementor-element-765ad31 elementor-widget elementor-widget-text-editor\" data-id=\"765ad31\" data-element_type=\"widget\" data-e-type=\"widget\" data-widget_type=\"text-editor.default\">\n\t\t\t\t\t\t\t\t\t<p><a href=\"https:\/\/azzk.me\/wp-content\/uploads\/2025\/12\/PROGRAM-RADA-AGENCIJE-ZA-ZASTITU-KONKURENCIJE-za-2026god.pdf\">Program rada Agencije za za\u0161titu konkurencije za 2026.godinu<\/a><\/p><p><a href=\"https:\/\/azzk.me\/wp-content\/uploads\/2024\/12\/Program-rada-Agencije-za-zastitu-konkurencije-za-2025.-godine.pdf\">Program rada Agencije za za\u0161titu konkurencije za 2025. godinu<\/a><\/p><p><a href=\"https:\/\/azzk.me\/wp-content\/uploads\/2024\/01\/Program-rada-Agencije-za-zastitu-konkurencije-za-2024.-godine-2.pdf\">Program rada Agencije za za\u0161titu konkurencije za 2024. godine<\/a><\/p><p><a href=\"https:\/\/azzk.me\/wp-content\/uploads\/2022\/12\/Program-rada-Agencije-za-zastitu-konkurencije-za-2023.-godinu.pdf\">Program rada Agencije za za\u0161titu konkurencije za 2023. godinu<\/a><\/p>\t\t\t\t\t\t\t\t<\/div>\n\t\t            <\/div>\n        <\/div>\n                    <\/div>\n        <\/section>\n        \t\t<\/div>\n\t\t","protected":false},"excerpt":{"rendered":"<p>Program rada Agencije za za\u0161titu konkurencije za 2026.godinu Program rada Agencije za za\u0161titu konkurencije za 2025. godinu Program rada Agencije za za\u0161titu konkurencije za 2024. godine Program rada Agencije za za\u0161titu konkurencije za 2023. godinu<\/p>\n","protected":false},"author":1,"featured_media":0,"parent":0,"menu_order":0,"comment_status":"closed","ping_status":"closed","template":"","meta":{"footnotes":""},"class_list":["post-8893","page","type-page","status-publish","hentry"],"_links":{"self":[{"href":"https:\/\/azzk.me\/en\/wp-json\/wp\/v2\/pages\/8893","targetHints":{"allow":["GET"]}}],"collection":[{"href":"https:\/\/azzk.me\/en\/wp-json\/wp\/v2\/pages"}],"about":[{"href":"https:\/\/azzk.me\/en\/wp-json\/wp\/v2\/types\/page"}],"author":[{"embeddable":true,"href":"https:\/\/azzk.me\/en\/wp-json\/wp\/v2\/users\/1"}],"replies":[{"embeddable":true,"href":"https:\/\/azzk.me\/en\/wp-json\/wp\/v2\/comments?post=8893"}],"version-history":[{"count":19,"href":"https:\/\/azzk.me\/en\/wp-json\/wp\/v2\/pages\/8893\/revisions"}],"predecessor-version":[{"id":13650,"href":"https:\/\/azzk.me\/en\/wp-json\/wp\/v2\/pages\/8893\/revisions\/13650"}],"wp:attachment":[{"href":"https:\/\/azzk.me\/en\/wp-json\/wp\/v2\/media?parent=8893"}],"curies":[{"name":"wp","href":"https:\/\/api.w.org\/{rel}","templated":true}]}}