{"id":8995,"date":"2023-01-12T17:34:01","date_gmt":"2023-01-12T17:34:01","guid":{"rendered":"https:\/\/azzk.me\/?page_id=8995"},"modified":"2026-03-18T13:55:37","modified_gmt":"2026-03-18T13:55:37","slug":"obrasci-drzavne-pomoci","status":"publish","type":"page","link":"https:\/\/azzk.me\/en\/obrasci-drzavne-pomoci\/","title":{"rendered":"Obrasci"},"content":{"rendered":"\t\t<div data-elementor-type=\"wp-page\" data-elementor-id=\"8995\" class=\"elementor elementor-8995\" data-elementor-post-type=\"page\">\n\t\t\t\t        <section class=\"elementor-section elementor-top-section elementor-element elementor-element-0f9f19e elementor-section-boxed elementor-section-height-default elementor-section-height-default ct-header-fixed-none ct-row-max-none\" data-id=\"0f9f19e\" data-element_type=\"section\" data-e-type=\"section\">\n            \n                        <div class=\"elementor-container elementor-column-gap-default \">\n                    <div class=\"elementor-column elementor-col-100 elementor-top-column elementor-element elementor-element-bc9d818\" data-id=\"bc9d818\" data-element_type=\"column\" data-e-type=\"column\">\n        <div class=\"elementor-widget-wrap\">\n                    \n                    <\/div>\n        <\/div>\n                    <\/div>\n        <\/section>\n                <section class=\"elementor-section elementor-top-section elementor-element elementor-element-8cb24e2 elementor-section-boxed elementor-section-height-default elementor-section-height-default ct-header-fixed-none ct-row-max-none\" data-id=\"8cb24e2\" data-element_type=\"section\" data-e-type=\"section\">\n            \n                        <div class=\"elementor-container elementor-column-gap-default \">\n                    <div class=\"elementor-column elementor-col-100 elementor-top-column elementor-element elementor-element-47ea1f6\" data-id=\"47ea1f6\" data-element_type=\"column\" data-e-type=\"column\">\n        <div class=\"elementor-widget-wrap elementor-element-populated\">\n                    \n        \r\n\t\t<div class=\"elementor-element elementor-element-3664fe6 elementor-widget elementor-widget-text-editor\" data-id=\"3664fe6\" data-element_type=\"widget\" data-e-type=\"widget\" data-widget_type=\"text-editor.default\">\n\t\t\t\t\t\t\t\t\t<ul><li><a href=\"https:\/\/azzk.me\/wp-content\/uploads\/2026\/03\/Obrazac-Zahtjeva-za-dodjeljivanje-identifikacionog-koda.docx\">Obrazac zahtjeva za dodjeljivanje identifikacionog koda<\/a><\/li><li><a href=\"https:\/\/azzk.me\/wp-content\/uploads\/2026\/03\/Obrazac-Izjave-za-pomoc-male-vrijednosti-de-minimis-pomoci.docx\">Obrazac izjave za pomo\u0107 male vrijednosti (de minimis pomo\u0107i)<\/a><\/li><li><a href=\"https:\/\/azzk.me\/wp-content\/uploads\/2026\/03\/Obrazac-Potvrde-o-dodijeljenoj-drzavnoj-pomoci-male-vrijednosti-de-minimis-pomoci.docx\">Obrazac potvrde o dodijeljenoj dr\u017eavnoj pomo\u0107i male vrijednosti (de minimis pomo\u0107i)<\/a><\/li><li><a href=\"https:\/\/azzk.me\/wp-content\/uploads\/2026\/03\/Obrazac-Prijave-o-sumnji-da-se-radi-o-nezakonitoj-ili-neuskladenoj-dodijeljenoj-drzavnoj-pomoci-ili-da-se-dodijeljena-drzavna-pomoc-nenamjenski.docx\">Obrazac prijave o sumnji da se radi o nezakonitoj ili neuskla\u0111enoj dodijeljenoj dr\u017eavnoj pomo\u0107i ili da se dodijeljena dr\u017eavna pomo\u0107 nenamjenski tro\u0161i<\/a><\/li><\/ul>\t\t\t\t\t\t\t\t<\/div>\n\t\t            <\/div>\n        <\/div>\n                    <\/div>\n        <\/section>\n        \t\t<\/div>\n\t\t","protected":false},"excerpt":{"rendered":"<p>Obrazac zahtjeva za dodjeljivanje identifikacionog koda Obrazac izjave za pomo\u0107 male vrijednosti (de minimis pomo\u0107i) Obrazac potvrde o dodijeljenoj dr\u017eavnoj pomo\u0107i male vrijednosti (de minimis pomo\u0107i) Obrazac prijave o sumnji da se radi o nezakonitoj ili neuskla\u0111enoj dodijeljenoj dr\u017eavnoj pomo\u0107i ili da se dodijeljena dr\u017eavna pomo\u0107 nenamjenski tro\u0161i<\/p>\n","protected":false},"author":1,"featured_media":0,"parent":0,"menu_order":0,"comment_status":"closed","ping_status":"closed","template":"","meta":{"footnotes":""},"class_list":["post-8995","page","type-page","status-publish","hentry"],"_links":{"self":[{"href":"https:\/\/azzk.me\/en\/wp-json\/wp\/v2\/pages\/8995","targetHints":{"allow":["GET"]}}],"collection":[{"href":"https:\/\/azzk.me\/en\/wp-json\/wp\/v2\/pages"}],"about":[{"href":"https:\/\/azzk.me\/en\/wp-json\/wp\/v2\/types\/page"}],"author":[{"embeddable":true,"href":"https:\/\/azzk.me\/en\/wp-json\/wp\/v2\/users\/1"}],"replies":[{"embeddable":true,"href":"https:\/\/azzk.me\/en\/wp-json\/wp\/v2\/comments?post=8995"}],"version-history":[{"count":58,"href":"https:\/\/azzk.me\/en\/wp-json\/wp\/v2\/pages\/8995\/revisions"}],"predecessor-version":[{"id":13969,"href":"https:\/\/azzk.me\/en\/wp-json\/wp\/v2\/pages\/8995\/revisions\/13969"}],"wp:attachment":[{"href":"https:\/\/azzk.me\/en\/wp-json\/wp\/v2\/media?parent=8995"}],"curies":[{"name":"wp","href":"https:\/\/api.w.org\/{rel}","templated":true}]}}