{"id":9181,"date":"2023-01-26T13:12:36","date_gmt":"2023-01-26T13:12:36","guid":{"rendered":"https:\/\/azzk.me\/?page_id=9181"},"modified":"2024-03-28T17:36:45","modified_gmt":"2024-03-28T17:36:45","slug":"odluke-drzavna-pomoc-2023-godina","status":"publish","type":"page","link":"https:\/\/azzk.me\/en\/odluke-drzavna-pomoc-2023-godina\/","title":{"rendered":"Rjesenja dr\u017eavna pomo\u0107 2023.godina"},"content":{"rendered":"\t\t<div data-elementor-type=\"wp-page\" data-elementor-id=\"9181\" class=\"elementor elementor-9181\" data-elementor-post-type=\"page\">\n\t\t\t\t        <section class=\"elementor-section elementor-top-section elementor-element elementor-element-d580b65 elementor-section-boxed elementor-section-height-default elementor-section-height-default ct-header-fixed-none ct-row-max-none\" data-id=\"d580b65\" data-element_type=\"section\" data-e-type=\"section\">\n            \n                        <div class=\"elementor-container elementor-column-gap-default \">\n                    <div class=\"elementor-column elementor-col-33 elementor-top-column elementor-element elementor-element-375fd62\" data-id=\"375fd62\" data-element_type=\"column\" data-e-type=\"column\">\n        <div class=\"elementor-widget-wrap elementor-element-populated\">\n                    \n        \r\n\t\t<div class=\"elementor-element elementor-element-8f44782 elementor-widget elementor-widget-text-editor\" data-id=\"8f44782\" data-element_type=\"widget\" data-e-type=\"widget\" data-widget_type=\"text-editor.default\">\n\t\t\t\t\t\t\t\t\t<h4 style=\"text-align: center;\"><strong>POKRENUTI POSTUPCI<\/strong><\/h4><p style=\"text-align: center;\"><a href=\"https:\/\/azzk.me\/wp-content\/uploads\/2023\/01\/Ministarstvo-kapitalnih-investicija-i-Ministarstvo-finansija-ToMontenegro-20.01.2023.pdf\">Ministarstvo kapitalnih investicija i Ministarstvo finansija (ToMontenegro) (20.01.2023)<\/a><\/p><p style=\"text-align: center;\"><a href=\"https:\/\/azzk.me\/wp-content\/uploads\/2023\/03\/Nacionalna-turisticka-organizacija-Crne-Gore-Montenegro-Airlines-10.02.2023.pdf\">Nacionalna turisti\u010dka organizacija Crne Gore (Montenegro Airlines) (10.02.2023)&#8221;Montenegro Airlines&#8221; a.d (10.02.2023)<\/a><\/p><p style=\"text-align: center;\"><a href=\"https:\/\/azzk.me\/wp-content\/uploads\/2023\/03\/Ministarstvo-ekonomskog-razvoja-i-turizma-i-Ministarstvo-kulture-i-medija-AST-d.o.o.-Podgorica-10.03.2023.pdf\">Ministarstvo ekonomskog razvoja i turizma i Ministarstvo kulture i medija (AST d.o.o. &#8211; Podgorica) (10.03.2023)<\/a><\/p><p style=\"text-align: center;\"><a href=\"https:\/\/azzk.me\/wp-content\/uploads\/2023\/05\/Rjesenje-o-pokretanju-ispitnog-postupka-Sea-dance-05.04.2023.pdf\">Ministarstvo ekonomskog razvoja i turizma, Nacionalna turisti\u010dka organizacija Crne Gore, Op\u0161tina Budva i Turisti\u010dka organizacija Op\u0161tine Budva &#8211; MYEXIT ADVENTURE DRU\u0160TVO SA OGRANI\u010cENOM ODGOVORNO\u0160\u0106U NOVI SAD (05.04.2023).<\/a><\/p><p style=\"text-align: center;\"><a href=\"https:\/\/azzk.me\/wp-content\/uploads\/2023\/10\/Elektroprivreda-Crne-Gore-AD-Niksic-TOSCELIK-22.09.2023-1.pdf\"><span lang=\"sr-Latn-ME\" data-ogsc=\"black\">Elektroprivreda Crne Gore AD &#8211; Nik\u0161i\u0107 (\u201dTOSCELIK PROFIL VE SAC ENDRUSTRISI&#8221; A.S. i TOSCELIK ALLOYED ENGENEERING STEEL NIK\u0160I\u0106 DOO) (22.09.2023<\/span>)<\/a><\/p><p style=\"text-align: center;\"><a href=\"https:\/\/azzk.me\/wp-content\/uploads\/2023\/12\/Opstina-Niksic-COVID-19-22.11.2023.docx\">Op\u0161tina Nik\u0161i\u0107 COVID-19 (22.11.2023)<\/a><\/p><p style=\"text-align: center;\"><a href=\"https:\/\/azzk.me\/wp-content\/uploads\/2023\/12\/Ministarstvo-finansija-28.11.2023.docx\">Ministarstvo finansija (28.11.2023)<\/a><\/p>\t\t\t\t\t\t\t\t<\/div>\n\t\t            <\/div>\n        <\/div>\n                <div class=\"elementor-column elementor-col-33 elementor-top-column elementor-element elementor-element-00e3e10\" data-id=\"00e3e10\" data-element_type=\"column\" data-e-type=\"column\">\n        <div class=\"elementor-widget-wrap elementor-element-populated\">\n                    \n        \t\t<div class=\"elementor-element elementor-element-5940281 elementor-widget elementor-widget-text-editor\" data-id=\"5940281\" data-element_type=\"widget\" data-e-type=\"widget\" data-widget_type=\"text-editor.default\">\n\t\t\t\t\t\t\t\t\t<h4 style=\"text-align: center;\">RJE\u0160ENJA<\/h4><hr \/><p style=\"text-align: center;\"><a href=\"https:\/\/azzk.me\/wp-content\/uploads\/2023\/01\/Ministarstva-poljoprivrede-sumarstva-i-vodoprivrede-\u201e13-Jul-Plantaze-AD-Podgorica-25.01.2023..pdf\">Ministarstva poljoprivrede, \u0161umarstva i vodoprivrede-\u201e13 Jul Planta\u017ee\u201c AD Podgorica (25.01.2023)<\/a><\/p><p style=\"text-align: center;\"><a href=\"https:\/\/azzk.me\/wp-content\/uploads\/2023\/03\/Ministarstvo-kulture-i-medija-Nacrt-Programa-drzavne-pomoci-za-2023.-godinu-27.02.2023..pdf\">Ministarstvo kulture i medija- Nacrt Programa dr\u017eavne pomo\u0107i za 2023. godinu (27.02.2023)<\/a><\/p><p style=\"text-align: center;\"><a href=\"https:\/\/azzk.me\/wp-content\/uploads\/2023\/03\/Ministarstvo-ekonomskog-razvoja-i-turizma-Program-za-razvoj-i-promociju-zanatstva-20.03.2023..pdf\">Ministarstvo ekonomskog razvoja i turizma-Program za razvoj i promociju zana<\/a><a href=\"https:\/\/azzk.me\/wp-content\/uploads\/2023\/03\/Ministarstvo-ekonomskog-razvoja-i-turizma-Program-za-razvoj-i-promociju-zanatstva-20.03.2023..pdf\">tstva (20.03.2023)<\/a><\/p><p style=\"text-align: center;\"><a href=\"https:\/\/azzk.me\/wp-content\/uploads\/2023\/03\/Ministarstvo-ekonomskog-razvoja-i-turizma-Program-za-unapredenje-konkurentnosti-privrede-za-2023.-godinu-20.03.2023..pdf\">Ministarstvo ekonomskog razvoja i turizma Program za unapre\u0111enje konkurentnosti privrede za 2023. godinu (20.03.2023)<\/a><\/p><p style=\"text-align: center;\"><a href=\"https:\/\/azzk.me\/wp-content\/uploads\/2023\/03\/Opstine-Kolasin-obustava-postupka-20.03.2023.godine.pdf\">Op\u0161tina Kola\u0161in-obustava postupka (20.03.2023)<\/a><\/p><p style=\"text-align: center;\"><a href=\"https:\/\/azzk.me\/wp-content\/uploads\/2023\/04\/JU-Filmskog-centra-Crne-Gore-Predlog-programa-drzavne-pomoci-za-sufinansiranje-proizvodnje-kinematografskih-djela-za-2023.-godinu28.03.2023.pdf\">JU Filmskog centra Crne Gore -Predlog programa dr\u017eavne pomo\u0107i za sufinansiranje proizvodnje kinematografskih djela za 2023. godinu(28.03.2023)<\/a><\/p><p style=\"text-align: center;\"><a href=\"https:\/\/azzk.me\/wp-content\/uploads\/2023\/06\/Fond-za-inovacije-Program-POC-23.06.23.pdf\">Fond za inovacije-Program POC (23.06.2023)<\/a><\/p><p style=\"text-align: center;\"><a href=\"https:\/\/azzk.me\/wp-content\/uploads\/2023\/09\/Ministarstvo-ekonomskog-razvoja-i-turizma-Drustvo-sa-ogranicenom-odgovornoscu-Skijalista-Crne-Gore-Mojkovac-28.07.2023.pdf\">Ministarstvo ekonomskog razvoja i turizma &#8211; Dru\u0161tvo sa ograni\u010denom odgovorno\u0161\u0107u Skijali\u0161ta Crne Gore Mojkovac (28.07.2023)<\/a><\/p><p style=\"text-align: center;\"><a href=\"https:\/\/azzk.me\/wp-content\/uploads\/2023\/12\/Ministarstvo-ekonomskog-razvoja-i-turizma-i-Ministarstvo-kulture-i-medija-AST-d.o.o.-Podgorica-28.07.2023-1.pdf\">Ministarstvo ekonomskog razvoja i turizma i Ministarstvo kulture i medija &#8211; AST d.o.o. Podgorica (28.07.2023)<\/a><\/p><p style=\"text-align: center;\"><a href=\"https:\/\/azzk.me\/wp-content\/uploads\/2024\/01\/Godisnji-plan-rada-Investiciono-razvojnog-fonda-za-2024.-godinu-11.12.2023.pdf\">Godi\u0161nji plan rada Investiciono-razvojnog fonda za 2024. godinu (11.12.2023.)<\/a><\/p><p style=\"text-align: center;\"><a href=\"https:\/\/azzk.me\/wp-content\/uploads\/2024\/01\/Fond-za-zastitu-zivotne-sredine-Pravilnik-o-nacinu-pracenja-namjenskog-koriscenja-sredstava-Fonda-za-zastitu-zivotne-sredine-20.12.2023.pdf\">Fond za za\u0161titu \u017eivotne sredine &#8211; Pravilnik o na\u010dinu pra\u0107enja namjenskog kori\u0161\u0107enja sredstava Fonda za za\u0161titu \u017eivotne sredine (20.12.2023.)<\/a><\/p><p style=\"text-align: center;\"><a href=\"https:\/\/azzk.me\/wp-content\/uploads\/2024\/01\/Ministarstvo-energetike-i-rudarstva-Evropska-banka-za-obnovu-i-razvoj20.12.2023.pdf\">Ministarstvo energetike i rudarstva &#8211; Evropska banka za obnovu i razvoj(20.12.2023.)<\/a><\/p><p style=\"text-align: center;\"><a href=\"https:\/\/azzk.me\/wp-content\/uploads\/2024\/01\/Ministarstvo-prosvjete-nauke-i-inovacija-Solidarno-20.12.2023.pdf\">Ministarstvo prosvjete, nauke i inovacija &#8211; Solidarno (20.12.2023.)<\/a><\/p><p style=\"text-align: center;\">\u00a0<\/p><p style=\"text-align: center;\">\u00a0<\/p><p style=\"text-align: center;\">\u00a0<\/p>\t\t\t\t\t\t\t\t<\/div>\n\t\t            <\/div>\n        <\/div>\n                <div class=\"elementor-column elementor-col-33 elementor-top-column elementor-element elementor-element-80ae5ee\" data-id=\"80ae5ee\" data-element_type=\"column\" data-e-type=\"column\">\n        <div class=\"elementor-widget-wrap elementor-element-populated\">\n                    \n        \t\t<div class=\"elementor-element elementor-element-a36d712 elementor-widget elementor-widget-text-editor\" data-id=\"a36d712\" data-element_type=\"widget\" data-e-type=\"widget\" data-widget_type=\"text-editor.default\">\n\t\t\t\t\t\t\t\t\t<h4 style=\"text-align: center;\">MI\u0160LJENJA<\/h4><hr \/><p style=\"text-align: center;\"><a href=\"https:\/\/azzk.me\/wp-content\/uploads\/2023\/02\/INSTITUT-IGALO-10.02.2023..pdf\">Ministarstvo zdravlja &#8211; Institut za fizikalnu <\/a><a href=\"https:\/\/azzk.me\/wp-content\/uploads\/2023\/02\/INSTITUT-IGALO-10.02.2023..pdf\">medicinu, rehabilitaciju i reumatologiju \u201eDr. Simo Milo\u0161evi\u0107\u201c AD Igalo (10.02.2023)<\/a><\/p><p style=\"text-align: center;\"><a href=\"https:\/\/azzk.me\/wp-content\/uploads\/2023\/02\/Benergo-10.02.2023..pdf\">Op\u0161tina Berane &#8211; DOO Benergo (10.02.2023)<\/a><\/p><p style=\"text-align: center;\"><a href=\"https:\/\/azzk.me\/wp-content\/uploads\/2023\/03\/Ministarstvo-kulture-i-medija-Pravilnik-o-raspodjeli-sredstava-za-stampane-medije-i-internetske-publikacije-27.02.2023..pdf\">Ministarstvo kulture i medija-Pravilnik o raspodjeli sredstava za \u0161tampane medije i internetske publikacije (27.02.2023)<\/a><\/p><p style=\"text-align: center;\"><a href=\"https:\/\/azzk.me\/wp-content\/uploads\/2023\/03\/Ministarstva-nauke-i-tehnoloskog-razvoja-Drustvo-sa-ogranicenom-odgovornoscu-Inovaciono-preduzetnicki-centar-\u201eTehnopolis-Niksic-20.03.2023.god_..pdf\">Ministarstvo nauke i tehnolo\u0161kog razvoja -Dru\u0161tvo sa ograni\u010denom odgovorno\u0161\u0107u Inovaciono-preduzetni\u010dki centar \u201eTehnopolis\u201c Nik\u0161i\u0107 (20.03.2023)<\/a><\/p><p style=\"text-align: center;\"><a href=\"https:\/\/azzk.me\/wp-content\/uploads\/2023\/04\/Prijestonica-Cetinje-28.03.2023.pdf\">Prijestonica Cetinje (28.03.2023)<\/a><\/p><p style=\"text-align: center;\"><a href=\"https:\/\/azzk.me\/wp-content\/uploads\/2023\/04\/Ministarstva-kapitalnih-investicija-Predlog-Programa-privremene-hitne-podrske-transportnom-sektoru-28.03.2023.pdf\">Ministarstva kapitalnih investicija, Predlog Programa privremene hitne podr\u0161ke transportnom sektoru (28.03.2023)<\/a><\/p><p style=\"text-align: center;\"><a href=\"https:\/\/azzk.me\/wp-content\/uploads\/2023\/04\/Glavni-grad-Podgorica-05.04.2023.pdf\">Glavni grad Podgorica (05.04.2023)<\/a><\/p><p style=\"text-align: center;\"><a href=\"https:\/\/azzk.me\/wp-content\/uploads\/2023\/04\/Ministarstvo-kulture-i-medija-Predlog-Pravilnika-o-raspodjeli-sredstava-za-stampane-neprofitne-medije-05.04.2023.pdf\">Ministarstvo kulture i medija-Predlog Pravilnika o raspodjeli sredstava za \u0161tampane neprofitne medije (05.04.2023)<\/a><\/p><p style=\"text-align: center;\"><a href=\"https:\/\/azzk.me\/wp-content\/uploads\/2023\/04\/Opstina-Kolasin-Plan-sema-drzavne-pomoci-za-2023.-godinu-Opstine-Kolasin-21.04.2023.pdf\">Op\u0161tina Kola\u0161in-Plan \u0161ema dr\u017eavne pomo\u0107i za 2023. godinu Op\u0161tine Kola\u0161in (21.04.2023)<\/a><\/p><p style=\"text-align: center;\"><a href=\"https:\/\/azzk.me\/wp-content\/uploads\/2023\/06\/Fond-za-inovacije-de-minimis-energetska-efikasnost-30.05.2023_.pdf\">Fond za inovacije &#8211; De minimis energetska efikasnost (30.05.2023)<\/a><\/p><p style=\"text-align: center;\"><a href=\"https:\/\/azzk.me\/wp-content\/uploads\/2023\/06\/Ministarstvo-ekologije-prostornog-planiranja-i-urbanizma-regionalni-vodovod-prirodni-monopol-30.05.23_.pdf\">Ministarstvo ekologije, prostornog planiranja i urbanizma &#8211; Regionalni vodovod prirodni monopol (30.05.2023)<\/a><\/p><p style=\"text-align: center;\"><a href=\"https:\/\/azzk.me\/wp-content\/uploads\/2023\/06\/Ministarstvo-finansija-Predlog-Uredbe-o-osiguranju-izvoza-od-netrzisnih-rizika-30.05.23.pdf\">Ministarstvo finansija -Predlog Uredbe o osiguranju izvoza od netr\u017ei\u0161nih rizika (30.05.2023)<\/a><\/p><p style=\"text-align: center;\"><a href=\"https:\/\/azzk.me\/wp-content\/uploads\/2023\/06\/Ministarstvo-kapitalnih-investicija-Montecargo-3-miliona-30.05.23.pdf\">Ministarstvo kapitalnih investicija &#8211; Montecargo 3 miliona (30.05.2023)<\/a><\/p><p style=\"text-align: center;\"><a href=\"https:\/\/azzk.me\/wp-content\/uploads\/2023\/06\/Ministarstvo-kapitalnih-investicijaZPCG-garancije-2-miliona-30.05.2023_.docx\">Ministarstvo kapitalnih investicija(ZPCG) garancije (30.05.2023)<\/a><\/p><p style=\"text-align: center;\"><a href=\"https:\/\/azzk.me\/wp-content\/uploads\/2023\/06\/Ministarstvo-kapitalnih-investicija-Okvir-za-Ukrajinu-23.06.23.pdf\">Ministarstvo kapitalnih investicija-Okvir za Ukrajinu (23.06.2023)<\/a><\/p><p style=\"text-align: center;\"><a href=\"https:\/\/azzk.me\/wp-content\/uploads\/2023\/06\/Ministarsvo-nauke-i-tehnoloskog-razvoja-Program-za-inovacije-2023-2027-23.06.23.pdf\">Ministarsvo nauke i tehnolo\u0161kog razvoja- Program za inovacije 2023-2027 (23.06.2023)<\/a><\/p><p style=\"text-align: center;\"><a href=\"https:\/\/azzk.me\/wp-content\/uploads\/2023\/06\/Ministarstvo-kapitalnih-investicija-CGES-9-miliona-23.06.2023-final.pdf\">Ministarstvo kapitalnih investicija &#8211; CGES (23.06.2023)<\/a><\/p><p style=\"text-align: center;\"><a href=\"https:\/\/azzk.me\/wp-content\/uploads\/2024\/01\/Ministarstvo-ekonomskog-razvoja-i-turizma-Predlog-programa-za-podsticanje-direktnih-investicija-u-turizmu-11.07.2023.pdf\">Ministarstvo ekonomskog razvoja i turizma &#8211; Predlog programa za podsticanje direktnih investicija u turizmu (11.07.2023.)<\/a><\/p><p style=\"text-align: center;\"><a href=\"https:\/\/azzk.me\/wp-content\/uploads\/2024\/01\/Ministarstvo-ekologije-prostornog-planiranja-i-urbanizma-Solidarno-28.07.2023.pdf\">Ministarstvo ekologije, prostornog planiranja i urbanizma &#8211; Solidarno (28.07.2023.)<\/a><\/p><p style=\"text-align: center;\"><a href=\"https:\/\/azzk.me\/wp-content\/uploads\/2024\/01\/Ministarstvo-prosvjete-Solidarno-28.07.2023.pdf\">Ministarstvo prosvjete &#8211; Solidarno (28.07.2023.)<\/a><\/p><p style=\"text-align: center;\"><a href=\"https:\/\/azzk.me\/wp-content\/uploads\/2024\/01\/Ministarstvo-kapitalnih-investicija-EUROFIME-05.09.2023.pdf\">Ministarstvo kapitalnih investicija -EUROFIME (05.09.2023.)<\/a><\/p><p style=\"text-align: center;\"><a href=\"https:\/\/azzk.me\/wp-content\/uploads\/2024\/01\/Ministarstvo-kulture-i-medija-Predlog-zakona-o-audiovizuelnim-medijskim-uslugama-22.09.2023.pdf\">Ministarstvo kulture i medija &#8211; Predlog zakona o audiovizuelnim medijskim uslugama (22.09.2023.)<\/a><\/p><p style=\"text-align: center;\"><a href=\"https:\/\/azzk.me\/wp-content\/uploads\/2024\/01\/Ministarstvo-poljoprivrede-sumarstva-i-vodoprivrede-Zakon-o-izmjenama-i-dopunama-Zakona-o-sumama-22.09.2023.pdf\">Ministarstvo poljoprivrede, \u0161umarstva i vodoprivrede &#8211; Zakon o izmjenama i dopunama Zakona o \u0161umama (22.09.2023.)<\/a><\/p><p style=\"text-align: center;\"><a href=\"https:\/\/azzk.me\/wp-content\/uploads\/2024\/01\/Ministarstvo-prosvjete-Solidarno-25.10.2023.pdf\">Ministarstvo prosvjete &#8211; Solidarno (25.10.2023.)<\/a><\/p><p style=\"text-align: center;\"><a href=\"https:\/\/azzk.me\/wp-content\/uploads\/2024\/01\/Ministarstvo-kapitalnih-investicija-BELEN-11.12.2023.pdf\">Ministarstvo kapitalnih investicija &#8211; BELEN (11.12.2023.)<\/a><\/p><p style=\"text-align: center;\"><a href=\"https:\/\/azzk.me\/wp-content\/uploads\/2024\/01\/Ministarstvo-kapitalnih-investicija-COTEE-11.12.2023.pdf\">Ministarstvo kapitalnih investicija &#8211; COTEE (11.12.2023.)<\/a><\/p><p style=\"text-align: center;\"><a href=\"https:\/\/azzk.me\/wp-content\/uploads\/2024\/01\/Ministarstvo-prosvjete-Andre-Navarra-20.12.2023.pdf\">Ministarstvo prosvjete &#8211; Andre Navarra (20.12.2023.)<\/a><\/p><p style=\"text-align: center;\"><a href=\"https:\/\/azzk.me\/wp-content\/uploads\/2024\/01\/Ministarstvo-ekonomskog-razvoja-Kreditno-garantni-fond-20.12.2023.pdf\">Ministarstvo ekonomskog razvoja -Kreditno-garantni fond (20.12.2023.)<\/a><\/p><p style=\"text-align: center;\"><a href=\"https:\/\/azzk.me\/wp-content\/uploads\/2024\/01\/Ministarstvo-finansija-Komora-poreskih-savjetnika-25.12.2023.pdf\">Ministarstvo finansija &#8211; Komora poreskih savjetnika (25.12.2023.)<\/a><\/p><p style=\"text-align: center;\"><a href=\"https:\/\/azzk.me\/wp-content\/uploads\/2024\/01\/Ministarstvo-saobracaja-i-pomorstva-ZPCG-28.12.2023.pdf\">Ministarstvo saobra\u0107aja i pomorstva &#8211; \u017dPCG (28.12.2023.)<\/a><\/p>\t\t\t\t\t\t\t\t<\/div>\n\t\t            <\/div>\n        <\/div>\n                    <\/div>\n        <\/section>\n        \t\t<\/div>\n\t\t","protected":false},"excerpt":{"rendered":"<p>POKRENUTI POSTUPCI Ministarstvo kapitalnih investicija i Ministarstvo finansija (ToMontenegro) (20.01.2023) Nacionalna turisti\u010dka organizacija Crne Gore (Montenegro Airlines) (10.02.2023)&#8221;Montenegro Airlines&#8221; a.d (10.02.2023) Ministarstvo ekonomskog razvoja i turizma i Ministarstvo kulture i medija (AST d.o.o. &#8211; Podgorica) (10.03.2023) Ministarstvo ekonomskog razvoja i turizma, Nacionalna turisti\u010dka organizacija Crne Gore, Op\u0161tina Budva i Turisti\u010dka organizacija Op\u0161tine Budva &#8211; MYEXIT [&hellip;]<\/p>\n","protected":false},"author":1,"featured_media":0,"parent":0,"menu_order":0,"comment_status":"closed","ping_status":"closed","template":"","meta":{"footnotes":""},"class_list":["post-9181","page","type-page","status-publish","hentry"],"_links":{"self":[{"href":"https:\/\/azzk.me\/en\/wp-json\/wp\/v2\/pages\/9181","targetHints":{"allow":["GET"]}}],"collection":[{"href":"https:\/\/azzk.me\/en\/wp-json\/wp\/v2\/pages"}],"about":[{"href":"https:\/\/azzk.me\/en\/wp-json\/wp\/v2\/types\/page"}],"author":[{"embeddable":true,"href":"https:\/\/azzk.me\/en\/wp-json\/wp\/v2\/users\/1"}],"replies":[{"embeddable":true,"href":"https:\/\/azzk.me\/en\/wp-json\/wp\/v2\/comments?post=9181"}],"version-history":[{"count":114,"href":"https:\/\/azzk.me\/en\/wp-json\/wp\/v2\/pages\/9181\/revisions"}],"predecessor-version":[{"id":11117,"href":"https:\/\/azzk.me\/en\/wp-json\/wp\/v2\/pages\/9181\/revisions\/11117"}],"wp:attachment":[{"href":"https:\/\/azzk.me\/en\/wp-json\/wp\/v2\/media?parent=9181"}],"curies":[{"name":"wp","href":"https:\/\/api.w.org\/{rel}","templated":true}]}}